{"id":9722,"date":"2024-01-05T02:00:36","date_gmt":"2024-01-05T05:00:36","guid":{"rendered":"https:\/\/saintandrews.com.br\/?post_type=product&#038;p=9631"},"modified":"2026-04-06T11:17:02","modified_gmt":"2026-04-06T14:17:02","slug":"fondue-suisse","status":"publish","type":"product","link":"https:\/\/saintandrews.com.br\/fr\/produto\/fondue-suisse\/","title":{"rendered":"Fondue Suisse"},"content":{"rendered":"<p><strong>Une exp\u00e9rience gastronomique inoubliable au ch\u00e2teau de Saint Andrews.<\/strong><\/p>\n<p>C\u00e9l\u00e9brez le charme et le romantisme de notre fondue lors d&#039;une soir\u00e9e d&#039;exception mettant \u00e0 l&#039;honneur la richesse de la gastronomie r\u00e9gionale. Le ch\u00e2teau de Saint Andrews vous propose un menu exclusif compos\u00e9 de quatre fondues servies dans notre restaurant prim\u00e9, le Primrose. Chaque fondue est pr\u00e9par\u00e9e avec des ingr\u00e9dients de choix, tels que des fruits de mer, des fromages import\u00e9s, du filet mignon et du chocolat belge, pour une exp\u00e9rience gastronomique romantique et raffin\u00e9e.<\/p>\n<ul>\n<li><strong>Fondue au Bord de la Mer :<\/strong> Crevettes, coquilles Saint-Jacques, calamars, moules et sole d\u00e9licatement pr\u00e9par\u00e9s au court-bouillon, accompagn\u00e9s d&#039;une sauce \u00e0 l&#039;aneth, d&#039;une tapenade proven\u00e7ale, d&#039;une sauce aux c\u00e2pres et d&#039;une \u00e9mulsion au citron.<\/li>\n<li><strong>Fondue au fromage:<\/strong> Un m\u00e9lange onctueux de fromages import\u00e9s, id\u00e9al pour tremper baguettes, pains vari\u00e9s, pommes de terre, champignons, brocolis et tomates.<\/li>\n<li><strong><span dir=\"auto\" style=\"vertical-align: inherit;\"><span dir=\"auto\" style=\"vertical-align: inherit;\"><span dir=\"auto\" style=\"vertical-align: inherit;\"><span dir=\"auto\" style=\"vertical-align: inherit;\"><span dir=\"auto\" style=\"vertical-align: inherit;\"><span dir=\"auto\" style=\"vertical-align: inherit;\"><span dir=\"auto\" style=\"vertical-align: inherit;\"><span dir=\"auto\" style=\"vertical-align: inherit;\">Fondue au boeuf :<\/span><\/span><\/span><\/span><\/span><\/span><\/span><\/span><\/strong><span dir=\"auto\" style=\"vertical-align: inherit;\"><span dir=\"auto\" style=\"vertical-align: inherit;\"><span dir=\"auto\" style=\"vertical-align: inherit;\"><span dir=\"auto\" style=\"vertical-align: inherit;\"><span dir=\"auto\" style=\"vertical-align: inherit;\"><span dir=\"auto\" style=\"vertical-align: inherit;\"><span dir=\"auto\" style=\"vertical-align: inherit;\"><span dir=\"auto\" style=\"vertical-align: inherit;\"> Filet mignon de b\u0153uf Red Angus \u00e0 pr\u00e9parer en sauce bourguignonne, servi avec une sauce \u00e0 la truffe noire, un p\u00e2t\u00e9 \u00e0 la moutarde de Dijon et une sauce au gorgonzola.<\/span><\/span><\/span><\/span><\/span><\/span><\/span><\/span><\/li>\n<li><strong><span dir=\"auto\" style=\"vertical-align: inherit;\"><span dir=\"auto\" style=\"vertical-align: inherit;\">Fondue au chocolat:<\/span><\/span><\/strong><span dir=\"auto\" style=\"vertical-align: inherit;\"><span dir=\"auto\" style=\"vertical-align: inherit;\"> Sauce au chocolat belge avec une touche de cognac, accompagn\u00e9e d&#039;abricots turcs, de fruits de saison et d&#039;amandes effil\u00e9es.<\/span><\/span><\/li>\n<\/ul>\n<p>&nbsp;<\/p>\n<p><strong>Les boissons sont factur\u00e9es s\u00e9par\u00e9ment.<\/strong><\/p>\n<p><strong>Dur\u00e9e:<\/strong> Ce service dure 2 heures.<\/p>\n<p><strong>Quand:<\/strong> Tous les jours \u00e0 partir de 19h30.<\/p>\n<p>&nbsp;<\/p>\n<p><span dir=\"auto\" style=\"vertical-align: inherit;\"><span dir=\"auto\" style=\"vertical-align: inherit;\"><span dir=\"auto\" style=\"vertical-align: inherit;\"><span dir=\"auto\" style=\"vertical-align: inherit;\"><span dir=\"auto\" style=\"vertical-align: inherit;\"><span dir=\"auto\" style=\"vertical-align: inherit;\"><span dir=\"auto\" style=\"vertical-align: inherit;\"><span dir=\"auto\" style=\"vertical-align: inherit;\">Vivez une soir\u00e9e plac\u00e9e sous le signe des saveurs uniques, du raffinement et d&#039;une atmosph\u00e8re enchanteresse au ch\u00e2teau de Saint Andrews.<\/span><\/span><\/span><\/span><\/span><\/span><\/span><\/span><\/p>\n<p>&nbsp;<\/p>\n<p><span dir=\"auto\" style=\"vertical-align: inherit;\"><span dir=\"auto\" style=\"vertical-align: inherit;\"><span dir=\"auto\" style=\"vertical-align: inherit;\"><span dir=\"auto\" style=\"vertical-align: inherit;\"><span dir=\"auto\" style=\"vertical-align: inherit;\"><span dir=\"auto\" style=\"vertical-align: inherit;\"><span dir=\"auto\" style=\"vertical-align: inherit;\"><span dir=\"auto\" style=\"vertical-align: inherit;\">***<\/span><\/span><\/span><\/span><\/span><\/span><\/span><\/span><\/p>\n<p><span style=\"font-size: 10pt;\"><em><span style=\"color: #993300;\">\u2022 Apr\u00e8s avoir achet\u00e9 un service aupr\u00e8s de Saint Andrews et confirm\u00e9 le paiement, l&#039;un de nos concierges d\u00e9di\u00e9s vous contactera par t\u00e9l\u00e9phone pour vous informer des cr\u00e9neaux horaires disponibles \u00e0 la date choisie, vous assurant ainsi une r\u00e9servation avec un maximum de confort et d&#039;exclusivit\u00e9.<br \/>\n\u2022 \u00c0 la fin de la prestation, nous vous serions reconnaissants de bien vouloir prendre en consid\u00e9ration nos frais de service.<\/span><\/em><\/span><\/p>","protected":false},"excerpt":{"rendered":"<div class=\"flex-shrink-0 flex flex-col relative items-end\">\n<div class=\"pt-0\">\n<div class=\"gizmo-bot-avatar flex h-8 w-8 items-center justify-center overflow-hidden rounded-full\">\n<div class=\"relative p-1 rounded-sm flex items-center justify-center bg-token-main-surface-primary text-token-text-primary h-8 w-8\">Le ch\u00e2teau de Saint Andrews propose une s\u00e9lection raffin\u00e9e de fondues, notamment aux fruits de mer, aux fromages import\u00e9s, au filet mignon et au chocolat belge, pour une exp\u00e9rience gastronomique romantique et exclusive.<\/div>\n<\/div>\n<\/div>\n<\/div>","protected":false},"featured_media":11318,"template":"","meta":{"_acf_changed":false},"product_brand":[],"product_cat":[229],"product_tag":[],"class_list":{"0":"post-9722","1":"product","2":"type-product","3":"status-publish","4":"has-post-thumbnail","6":"product_cat-gastronomia","8":"first","9":"instock","10":"virtual","11":"sold-individually","12":"taxable","13":"purchasable","14":"product-type-booking"},"acf":[],"yoast_head":"<!-- This site is optimized with the Yoast SEO plugin v27.2 - https:\/\/yoast.com\/product\/yoast-seo-wordpress\/ -->\n<title>Fondue Suisse - Castelo Saint Andrews<\/title>\n<meta name=\"description\" content=\"O Castelo Saint Andrews oferece uma sofisticada sequ\u00eancia de fondues, proporcionando uma experi\u00eancia gastron\u00f4mica rom\u00e2ntica e exclusiva.\" \/>\n<meta name=\"robots\" content=\"index, follow, max-snippet:-1, max-image-preview:large, max-video-preview:-1\" \/>\n<link rel=\"canonical\" href=\"https:\/\/saintandrews.com.br\/fr\/produit\/fondue-suisse\/\" \/>\n<meta property=\"og:locale\" content=\"fr_FR\" \/>\n<meta property=\"og:type\" content=\"article\" \/>\n<meta property=\"og:title\" content=\"Fondue Suisse - Castelo Saint Andrews\" \/>\n<meta property=\"og:description\" content=\"O Castelo Saint Andrews oferece uma sofisticada sequ\u00eancia de fondues, proporcionando uma experi\u00eancia gastron\u00f4mica rom\u00e2ntica e exclusiva.\" \/>\n<meta property=\"og:url\" content=\"https:\/\/saintandrews.com.br\/fr\/produit\/fondue-suisse\/\" \/>\n<meta property=\"og:site_name\" content=\"Castelo Saint Andrews\" \/>\n<meta property=\"article:modified_time\" content=\"2026-04-06T14:17:02+00:00\" \/>\n<meta property=\"og:image\" content=\"https:\/\/saintandrews.com.br\/wp-content\/uploads\/2024\/04\/fondue-1.webp\" \/>\n\t<meta property=\"og:image:width\" content=\"1000\" \/>\n\t<meta property=\"og:image:height\" content=\"1000\" \/>\n\t<meta property=\"og:image:type\" content=\"image\/webp\" \/>\n<meta name=\"twitter:card\" content=\"summary_large_image\" \/>\n<meta name=\"twitter:label1\" content=\"Dur\u00e9e de lecture estim\u00e9e\" \/>\n\t<meta name=\"twitter:data1\" content=\"2 minutes\" \/>\n<script type=\"application\/ld+json\" class=\"yoast-schema-graph\">{\"@context\":\"https:\/\/schema.org\",\"@graph\":[{\"@type\":\"WebPage\",\"@id\":\"https:\/\/saintandrews.com.br\/produto\/fondue-suisse\/\",\"url\":\"https:\/\/saintandrews.com.br\/produto\/fondue-suisse\/\",\"name\":\"Fondue Suisse - Castelo Saint Andrews\",\"isPartOf\":{\"@id\":\"https:\/\/saintandrews.com.br\/#website\"},\"primaryImageOfPage\":{\"@id\":\"https:\/\/saintandrews.com.br\/produto\/fondue-suisse\/#primaryimage\"},\"image\":{\"@id\":\"https:\/\/saintandrews.com.br\/produto\/fondue-suisse\/#primaryimage\"},\"thumbnailUrl\":\"https:\/\/saintandrews.com.br\/wp-content\/uploads\/2024\/04\/fondue-1.webp\",\"datePublished\":\"2024-01-05T05:00:36+00:00\",\"dateModified\":\"2026-04-06T14:17:02+00:00\",\"description\":\"O Castelo Saint Andrews oferece uma sofisticada sequ\u00eancia de fondues, proporcionando uma experi\u00eancia gastron\u00f4mica rom\u00e2ntica e exclusiva.\",\"breadcrumb\":{\"@id\":\"https:\/\/saintandrews.com.br\/produto\/fondue-suisse\/#breadcrumb\"},\"inLanguage\":\"fr-FR\",\"potentialAction\":[{\"@type\":\"ReadAction\",\"target\":[\"https:\/\/saintandrews.com.br\/produto\/fondue-suisse\/\"]}]},{\"@type\":\"ImageObject\",\"inLanguage\":\"fr-FR\",\"@id\":\"https:\/\/saintandrews.com.br\/produto\/fondue-suisse\/#primaryimage\",\"url\":\"https:\/\/saintandrews.com.br\/wp-content\/uploads\/2024\/04\/fondue-1.webp\",\"contentUrl\":\"https:\/\/saintandrews.com.br\/wp-content\/uploads\/2024\/04\/fondue-1.webp\",\"width\":1000,\"height\":1000},{\"@type\":\"BreadcrumbList\",\"@id\":\"https:\/\/saintandrews.com.br\/produto\/fondue-suisse\/#breadcrumb\",\"itemListElement\":[{\"@type\":\"ListItem\",\"position\":1,\"name\":\"In\u00edcio\",\"item\":\"https:\/\/saintandrews.com.br\/\"},{\"@type\":\"ListItem\",\"position\":2,\"name\":\"Experi\u00eancias\",\"item\":\"https:\/\/saintandrews.com.br\/experiencias\/\"},{\"@type\":\"ListItem\",\"position\":3,\"name\":\"Fondue Suisse\"}]},{\"@type\":\"WebSite\",\"@id\":\"https:\/\/saintandrews.com.br\/#website\",\"url\":\"https:\/\/saintandrews.com.br\/\",\"name\":\"Castelo Saint Andrews\",\"description\":\"Seu hotel\u00a0em\u00a0Gramado\",\"publisher\":{\"@id\":\"https:\/\/saintandrews.com.br\/#organization\"},\"potentialAction\":[{\"@type\":\"SearchAction\",\"target\":{\"@type\":\"EntryPoint\",\"urlTemplate\":\"https:\/\/saintandrews.com.br\/?s={search_term_string}\"},\"query-input\":{\"@type\":\"PropertyValueSpecification\",\"valueRequired\":true,\"valueName\":\"search_term_string\"}}],\"inLanguage\":\"fr-FR\"},{\"@type\":\"Organization\",\"@id\":\"https:\/\/saintandrews.com.br\/#organization\",\"name\":\"Castelo Saint Andrews\",\"url\":\"https:\/\/saintandrews.com.br\/\",\"logo\":{\"@type\":\"ImageObject\",\"inLanguage\":\"fr-FR\",\"@id\":\"https:\/\/saintandrews.com.br\/#\/schema\/logo\/image\/\",\"url\":\"https:\/\/saintandrews.com.br\/wp-content\/uploads\/2024\/04\/Logo-SaintAndrews-Cabecalho-01-01.svg\",\"contentUrl\":\"https:\/\/saintandrews.com.br\/wp-content\/uploads\/2024\/04\/Logo-SaintAndrews-Cabecalho-01-01.svg\",\"width\":612.8999999999999772626324556767940521240234375,\"height\":167.5,\"caption\":\"Castelo Saint Andrews\"},\"image\":{\"@id\":\"https:\/\/saintandrews.com.br\/#\/schema\/logo\/image\/\"}}]}<\/script>\n<!-- \/ Yoast SEO plugin. -->","yoast_head_json":{"title":"Fondue Suisse - Ch\u00e2teau Saint Andrews","description":"Le ch\u00e2teau de Saint Andrews propose un menu de fondue raffin\u00e9, offrant une exp\u00e9rience gastronomique romantique et exclusive.","robots":{"index":"index","follow":"follow","max-snippet":"max-snippet:-1","max-image-preview":"max-image-preview:large","max-video-preview":"max-video-preview:-1"},"canonical":"https:\/\/saintandrews.com.br\/fr\/produit\/fondue-suisse\/","og_locale":"fr_FR","og_type":"article","og_title":"Fondue Suisse - Castelo Saint Andrews","og_description":"O Castelo Saint Andrews oferece uma sofisticada sequ\u00eancia de fondues, proporcionando uma experi\u00eancia gastron\u00f4mica rom\u00e2ntica e exclusiva.","og_url":"https:\/\/saintandrews.com.br\/fr\/produit\/fondue-suisse\/","og_site_name":"Castelo Saint Andrews","article_modified_time":"2026-04-06T14:17:02+00:00","og_image":[{"width":1000,"height":1000,"url":"https:\/\/saintandrews.com.br\/wp-content\/uploads\/2024\/04\/fondue-1.webp","type":"image\/webp"}],"twitter_card":"summary_large_image","twitter_misc":{"Dur\u00e9e de lecture estim\u00e9e":"2 minutes"},"schema":{"@context":"https:\/\/schema.org","@graph":[{"@type":"WebPage","@id":"https:\/\/saintandrews.com.br\/produto\/fondue-suisse\/","url":"https:\/\/saintandrews.com.br\/produto\/fondue-suisse\/","name":"Fondue Suisse - Ch\u00e2teau Saint Andrews","isPartOf":{"@id":"https:\/\/saintandrews.com.br\/#website"},"primaryImageOfPage":{"@id":"https:\/\/saintandrews.com.br\/produto\/fondue-suisse\/#primaryimage"},"image":{"@id":"https:\/\/saintandrews.com.br\/produto\/fondue-suisse\/#primaryimage"},"thumbnailUrl":"https:\/\/saintandrews.com.br\/wp-content\/uploads\/2024\/04\/fondue-1.webp","datePublished":"2024-01-05T05:00:36+00:00","dateModified":"2026-04-06T14:17:02+00:00","description":"Le ch\u00e2teau de Saint Andrews propose un menu de fondue raffin\u00e9, offrant une exp\u00e9rience gastronomique romantique et exclusive.","breadcrumb":{"@id":"https:\/\/saintandrews.com.br\/produto\/fondue-suisse\/#breadcrumb"},"inLanguage":"fr-FR","potentialAction":[{"@type":"ReadAction","target":["https:\/\/saintandrews.com.br\/produto\/fondue-suisse\/"]}]},{"@type":"ImageObject","inLanguage":"fr-FR","@id":"https:\/\/saintandrews.com.br\/produto\/fondue-suisse\/#primaryimage","url":"https:\/\/saintandrews.com.br\/wp-content\/uploads\/2024\/04\/fondue-1.webp","contentUrl":"https:\/\/saintandrews.com.br\/wp-content\/uploads\/2024\/04\/fondue-1.webp","width":1000,"height":1000},{"@type":"BreadcrumbList","@id":"https:\/\/saintandrews.com.br\/produto\/fondue-suisse\/#breadcrumb","itemListElement":[{"@type":"ListItem","position":1,"name":"In\u00edcio","item":"https:\/\/saintandrews.com.br\/"},{"@type":"ListItem","position":2,"name":"Experi\u00eancias","item":"https:\/\/saintandrews.com.br\/experiencias\/"},{"@type":"ListItem","position":3,"name":"Fondue Suisse"}]},{"@type":"WebSite","@id":"https:\/\/saintandrews.com.br\/#website","url":"https:\/\/saintandrews.com.br\/","name":"Ch\u00e2teau de Saint Andrews","description":"Votre h\u00f4tel \u00e0 Gramado","publisher":{"@id":"https:\/\/saintandrews.com.br\/#organization"},"potentialAction":[{"@type":"SearchAction","target":{"@type":"EntryPoint","urlTemplate":"https:\/\/saintandrews.com.br\/?s={search_term_string}"},"query-input":{"@type":"PropertyValueSpecification","valueRequired":true,"valueName":"search_term_string"}}],"inLanguage":"fr-FR"},{"@type":"Organization","@id":"https:\/\/saintandrews.com.br\/#organization","name":"Ch\u00e2teau de Saint Andrews","url":"https:\/\/saintandrews.com.br\/","logo":{"@type":"ImageObject","inLanguage":"fr-FR","@id":"https:\/\/saintandrews.com.br\/#\/schema\/logo\/image\/","url":"https:\/\/saintandrews.com.br\/wp-content\/uploads\/2024\/04\/Logo-SaintAndrews-Cabecalho-01-01.svg","contentUrl":"https:\/\/saintandrews.com.br\/wp-content\/uploads\/2024\/04\/Logo-SaintAndrews-Cabecalho-01-01.svg","width":612.8999999999999772626324556767940521240234375,"height":167.5,"caption":"Castelo Saint Andrews"},"image":{"@id":"https:\/\/saintandrews.com.br\/#\/schema\/logo\/image\/"}}]}},"publishpress_future_action":{"enabled":false,"date":"2026-04-26 20:31:17","action":"change-status","newStatus":"draft","terms":[],"taxonomy":"product_brand","extraData":[]},"publishpress_future_workflow_manual_trigger":{"enabledWorkflows":[]},"_links":{"self":[{"href":"https:\/\/saintandrews.com.br\/fr\/wp-json\/wp\/v2\/product\/9722","targetHints":{"allow":["GET"]}}],"collection":[{"href":"https:\/\/saintandrews.com.br\/fr\/wp-json\/wp\/v2\/product"}],"about":[{"href":"https:\/\/saintandrews.com.br\/fr\/wp-json\/wp\/v2\/types\/product"}],"wp:featuredmedia":[{"embeddable":true,"href":"https:\/\/saintandrews.com.br\/fr\/wp-json\/wp\/v2\/media\/11318"}],"wp:attachment":[{"href":"https:\/\/saintandrews.com.br\/fr\/wp-json\/wp\/v2\/media?parent=9722"}],"wp:term":[{"taxonomy":"product_brand","embeddable":true,"href":"https:\/\/saintandrews.com.br\/fr\/wp-json\/wp\/v2\/product_brand?post=9722"},{"taxonomy":"product_cat","embeddable":true,"href":"https:\/\/saintandrews.com.br\/fr\/wp-json\/wp\/v2\/product_cat?post=9722"},{"taxonomy":"product_tag","embeddable":true,"href":"https:\/\/saintandrews.com.br\/fr\/wp-json\/wp\/v2\/product_tag?post=9722"}],"curies":[{"name":"wp","href":"https:\/\/api.w.org\/{rel}","templated":true}]}}