{"id":9721,"date":"2024-01-06T01:00:39","date_gmt":"2024-01-06T04:00:39","guid":{"rendered":"https:\/\/saintandrews.com.br\/?post_type=product&#038;p=6609"},"modified":"2026-04-07T12:08:22","modified_gmt":"2026-04-07T15:08:22","slug":"menu-a-la-bougie","status":"publish","type":"product","link":"https:\/\/saintandrews.com.br\/fr\/produto\/menu-candle-light\/","title":{"rendered":"Menu aux chandelles"},"content":{"rendered":"<p><strong>Une nuit magique pour les couples amoureux au ch\u00e2teau de Saint Andrews.<\/strong><\/p>\n<p>Surprenez votre bien-aim\u00e9(e) avec une exp\u00e9rience gastronomique et \u0153nologique inoubliable\u00a0: un d\u00eener aux chandelles alliant raffinement, romantisme et excellence de la haute cuisine. Chaque d\u00e9tail a \u00e9t\u00e9 soigneusement pens\u00e9 pour cr\u00e9er des moments uniques et c\u00e9l\u00e9brer l\u2019amour avec \u00e9l\u00e9gance.<\/p>\n<p><strong>Menu exclusif :<\/strong><\/p>\n<ul>\n<li>\u0152ufs de capelan et gravlax de saumon \u00e0 la cr\u00e8me fra\u00eeche<\/li>\n<li><span dir=\"auto\" style=\"vertical-align: inherit;\"><span dir=\"auto\" style=\"vertical-align: inherit;\"><span dir=\"auto\" style=\"vertical-align: inherit;\"><span dir=\"auto\" style=\"vertical-align: inherit;\"><span dir=\"auto\" style=\"vertical-align: inherit;\"><span dir=\"auto\" style=\"vertical-align: inherit;\">Brandade de morue et tapenade proven\u00e7ale<\/span><\/span><\/span><\/span><\/span><\/span><\/li>\n<li>Coquilles Saint-Jacques grill\u00e9es au beurre \u00e0 l&#039;orange et un bouquet de l\u00e9gumes verts de saison.<\/li>\n<li>Sole dor\u00e9e sauce champagne et asperges vertes<\/li>\n<li>Verrine au sorbet citron et crumble chocolat-amande.<\/li>\n<li>Fraises confites avec sabayon au champagne et glace \u00e0 la vanille<\/li>\n<li>S\u00e9lection de caf\u00e9s et th\u00e9s biologiques<\/li>\n<li><span dir=\"auto\" style=\"vertical-align: inherit;\"><span dir=\"auto\" style=\"vertical-align: inherit;\"><span dir=\"auto\" style=\"vertical-align: inherit;\"><span dir=\"auto\" style=\"vertical-align: inherit;\"><span dir=\"auto\" style=\"vertical-align: inherit;\"><span dir=\"auto\" style=\"vertical-align: inherit;\">Petit-four maison<\/span><\/span><\/span><\/span><\/span><\/span><\/li>\n<\/ul>\n<p>&nbsp;<\/p>\n<p><strong>Comprend une bouteille de champagne Mo\u00ebt &amp; Chandon Imp\u00e9rial Ros\u00e9 par couple.<\/strong><\/p>\n<p>Une exp\u00e9rience cr\u00e9\u00e9e pour enchanter et immortaliser des moments \u00e0 deux.<\/p>\n<p>Vivez la magie de l&#039;amour dans le cadre enchanteur du ch\u00e2teau de Saint Andrews.<\/p>\n<p>&nbsp;<\/p>\n<p><strong>Dur\u00e9e:<\/strong> Ce service dure 2 heures.<\/p>\n<p><strong>Quand:<\/strong> Tous les jours.<\/p>\n<p><strong>Valeur:<\/strong> R$ 1\u00a0300 pour le couple<\/p>\n<p>&nbsp;<\/p>\n<p><span dir=\"auto\" style=\"vertical-align: inherit;\"><span dir=\"auto\" style=\"vertical-align: inherit;\"><span dir=\"auto\" style=\"vertical-align: inherit;\"><span dir=\"auto\" style=\"vertical-align: inherit;\"><span dir=\"auto\" style=\"vertical-align: inherit;\"><span dir=\"auto\" style=\"vertical-align: inherit;\">***<\/span><\/span><\/span><\/span><\/span><\/span><\/p>\n<p><span style=\"font-size: 10pt;\"><em><span style=\"color: #993300;\">\u2022 Apr\u00e8s avoir achet\u00e9 un service aupr\u00e8s de Saint Andrews et confirm\u00e9 le paiement, l&#039;un de nos concierges d\u00e9di\u00e9s vous contactera par t\u00e9l\u00e9phone pour vous informer des cr\u00e9neaux horaires disponibles \u00e0 la date choisie, vous assurant ainsi une r\u00e9servation avec un maximum de confort et d&#039;exclusivit\u00e9.<br \/>\n\u2022 \u00c0 la fin de la prestation, nous vous serions reconnaissants de bien vouloir prendre en consid\u00e9ration nos frais de service.<\/span><\/em><\/span><\/p>","protected":false},"excerpt":{"rendered":"<p>Le menu \u00ab\u00a0D\u00eener aux chandelles\u00a0\u00bb offre une exp\u00e9rience gastronomique inoubliable aux amoureux au ch\u00e2teau de Saint Andrews. Savourez un d\u00eener aux chandelles compos\u00e9 de mets raffin\u00e9s, tels que du saumon gravlax, des coquilles Saint-Jacques grill\u00e9es et de la sole sauce champagne, le tout couronn\u00e9 de desserts \u00e9l\u00e9gants et d&#039;une s\u00e9lection de caf\u00e9s et th\u00e9s bio. Une bouteille de champagne Mo\u00ebt &amp; Chandon est offerte aux deux convives, pour une soir\u00e9e encore plus magique. <strong>Prix pour le couple.<\/strong><\/p>","protected":false},"featured_media":10082,"template":"","meta":{"_acf_changed":false},"product_brand":[],"product_cat":[229],"product_tag":[],"class_list":{"0":"post-9721","1":"product","2":"type-product","3":"status-publish","4":"has-post-thumbnail","6":"product_cat-gastronomia","8":"first","9":"instock","10":"virtual","11":"sold-individually","12":"taxable","13":"purchasable","14":"product-type-booking"},"acf":[],"yoast_head":"<!-- This site is optimized with the Yoast SEO plugin v27.2 - https:\/\/yoast.com\/product\/yoast-seo-wordpress\/ -->\n<title>Menu Candle Light - Castelo Saint Andrews<\/title>\n<meta name=\"description\" content=\"O Menu Candle Light oferece uma experi\u00eancia enogastron\u00f4mica inesquec\u00edvel para casais apaixonados no Castelo Saint Andrews.\" \/>\n<meta name=\"robots\" content=\"index, follow, max-snippet:-1, max-image-preview:large, max-video-preview:-1\" \/>\n<link rel=\"canonical\" href=\"https:\/\/saintandrews.com.br\/fr\/produit\/menu-a-la-bougie\/\" \/>\n<meta property=\"og:locale\" content=\"fr_FR\" \/>\n<meta property=\"og:type\" content=\"article\" \/>\n<meta property=\"og:title\" content=\"Menu Candle Light - Castelo Saint Andrews\" \/>\n<meta property=\"og:description\" content=\"O Menu Candle Light oferece uma experi\u00eancia enogastron\u00f4mica inesquec\u00edvel para casais apaixonados no Castelo Saint Andrews.\" \/>\n<meta property=\"og:url\" content=\"https:\/\/saintandrews.com.br\/fr\/produit\/menu-a-la-bougie\/\" \/>\n<meta property=\"og:site_name\" content=\"Castelo Saint Andrews\" \/>\n<meta property=\"article:modified_time\" content=\"2026-04-07T15:08:22+00:00\" \/>\n<meta property=\"og:image\" content=\"https:\/\/saintandrews.com.br\/wp-content\/uploads\/2024\/03\/candle-light-768x768-1.webp\" \/>\n\t<meta property=\"og:image:width\" content=\"768\" \/>\n\t<meta property=\"og:image:height\" content=\"768\" \/>\n\t<meta property=\"og:image:type\" content=\"image\/webp\" \/>\n<meta name=\"twitter:card\" content=\"summary_large_image\" \/>\n<meta name=\"twitter:label1\" content=\"Dur\u00e9e de lecture estim\u00e9e\" \/>\n\t<meta name=\"twitter:data1\" content=\"2 minutes\" \/>\n<script type=\"application\/ld+json\" class=\"yoast-schema-graph\">{\"@context\":\"https:\/\/schema.org\",\"@graph\":[{\"@type\":\"WebPage\",\"@id\":\"https:\/\/saintandrews.com.br\/produto\/menu-candle-light\/\",\"url\":\"https:\/\/saintandrews.com.br\/produto\/menu-candle-light\/\",\"name\":\"Menu Candle Light - Castelo Saint Andrews\",\"isPartOf\":{\"@id\":\"https:\/\/saintandrews.com.br\/#website\"},\"primaryImageOfPage\":{\"@id\":\"https:\/\/saintandrews.com.br\/produto\/menu-candle-light\/#primaryimage\"},\"image\":{\"@id\":\"https:\/\/saintandrews.com.br\/produto\/menu-candle-light\/#primaryimage\"},\"thumbnailUrl\":\"https:\/\/saintandrews.com.br\/wp-content\/uploads\/2024\/03\/candle-light-768x768-1.webp\",\"datePublished\":\"2024-01-06T04:00:39+00:00\",\"dateModified\":\"2026-04-07T15:08:22+00:00\",\"description\":\"O Menu Candle Light oferece uma experi\u00eancia enogastron\u00f4mica inesquec\u00edvel para casais apaixonados no Castelo Saint Andrews.\",\"breadcrumb\":{\"@id\":\"https:\/\/saintandrews.com.br\/produto\/menu-candle-light\/#breadcrumb\"},\"inLanguage\":\"fr-FR\",\"potentialAction\":[{\"@type\":\"ReadAction\",\"target\":[\"https:\/\/saintandrews.com.br\/produto\/menu-candle-light\/\"]}]},{\"@type\":\"ImageObject\",\"inLanguage\":\"fr-FR\",\"@id\":\"https:\/\/saintandrews.com.br\/produto\/menu-candle-light\/#primaryimage\",\"url\":\"https:\/\/saintandrews.com.br\/wp-content\/uploads\/2024\/03\/candle-light-768x768-1.webp\",\"contentUrl\":\"https:\/\/saintandrews.com.br\/wp-content\/uploads\/2024\/03\/candle-light-768x768-1.webp\",\"width\":768,\"height\":768},{\"@type\":\"BreadcrumbList\",\"@id\":\"https:\/\/saintandrews.com.br\/produto\/menu-candle-light\/#breadcrumb\",\"itemListElement\":[{\"@type\":\"ListItem\",\"position\":1,\"name\":\"In\u00edcio\",\"item\":\"https:\/\/saintandrews.com.br\/\"},{\"@type\":\"ListItem\",\"position\":2,\"name\":\"Experi\u00eancias\",\"item\":\"https:\/\/saintandrews.com.br\/experiencias\/\"},{\"@type\":\"ListItem\",\"position\":3,\"name\":\"Menu Candle Light\"}]},{\"@type\":\"WebSite\",\"@id\":\"https:\/\/saintandrews.com.br\/#website\",\"url\":\"https:\/\/saintandrews.com.br\/\",\"name\":\"Castelo Saint Andrews\",\"description\":\"Seu hotel\u00a0em\u00a0Gramado\",\"publisher\":{\"@id\":\"https:\/\/saintandrews.com.br\/#organization\"},\"potentialAction\":[{\"@type\":\"SearchAction\",\"target\":{\"@type\":\"EntryPoint\",\"urlTemplate\":\"https:\/\/saintandrews.com.br\/?s={search_term_string}\"},\"query-input\":{\"@type\":\"PropertyValueSpecification\",\"valueRequired\":true,\"valueName\":\"search_term_string\"}}],\"inLanguage\":\"fr-FR\"},{\"@type\":\"Organization\",\"@id\":\"https:\/\/saintandrews.com.br\/#organization\",\"name\":\"Castelo Saint Andrews\",\"url\":\"https:\/\/saintandrews.com.br\/\",\"logo\":{\"@type\":\"ImageObject\",\"inLanguage\":\"fr-FR\",\"@id\":\"https:\/\/saintandrews.com.br\/#\/schema\/logo\/image\/\",\"url\":\"https:\/\/saintandrews.com.br\/wp-content\/uploads\/2024\/04\/Logo-SaintAndrews-Cabecalho-01-01.svg\",\"contentUrl\":\"https:\/\/saintandrews.com.br\/wp-content\/uploads\/2024\/04\/Logo-SaintAndrews-Cabecalho-01-01.svg\",\"width\":612.8999999999999772626324556767940521240234375,\"height\":167.5,\"caption\":\"Castelo Saint Andrews\"},\"image\":{\"@id\":\"https:\/\/saintandrews.com.br\/#\/schema\/logo\/image\/\"}}]}<\/script>\n<!-- \/ Yoast SEO plugin. -->","yoast_head_json":{"title":"Menu aux chandelles - Ch\u00e2teau de Saint Andrews","description":"Le menu \u00ab\u00a0D\u00eener aux chandelles\u00a0\u00bb propose une exp\u00e9rience gastronomique et \u0153nologique inoubliable aux couples amoureux au ch\u00e2teau de Saint Andrews.","robots":{"index":"index","follow":"follow","max-snippet":"max-snippet:-1","max-image-preview":"max-image-preview:large","max-video-preview":"max-video-preview:-1"},"canonical":"https:\/\/saintandrews.com.br\/fr\/produit\/menu-a-la-bougie\/","og_locale":"fr_FR","og_type":"article","og_title":"Menu Candle Light - Castelo Saint Andrews","og_description":"O Menu Candle Light oferece uma experi\u00eancia enogastron\u00f4mica inesquec\u00edvel para casais apaixonados no Castelo Saint Andrews.","og_url":"https:\/\/saintandrews.com.br\/fr\/produit\/menu-a-la-bougie\/","og_site_name":"Castelo Saint Andrews","article_modified_time":"2026-04-07T15:08:22+00:00","og_image":[{"width":768,"height":768,"url":"https:\/\/saintandrews.com.br\/wp-content\/uploads\/2024\/03\/candle-light-768x768-1.webp","type":"image\/webp"}],"twitter_card":"summary_large_image","twitter_misc":{"Dur\u00e9e de lecture estim\u00e9e":"2 minutes"},"schema":{"@context":"https:\/\/schema.org","@graph":[{"@type":"WebPage","@id":"https:\/\/saintandrews.com.br\/produto\/menu-candle-light\/","url":"https:\/\/saintandrews.com.br\/produto\/menu-candle-light\/","name":"Menu aux chandelles - Ch\u00e2teau de Saint Andrews","isPartOf":{"@id":"https:\/\/saintandrews.com.br\/#website"},"primaryImageOfPage":{"@id":"https:\/\/saintandrews.com.br\/produto\/menu-candle-light\/#primaryimage"},"image":{"@id":"https:\/\/saintandrews.com.br\/produto\/menu-candle-light\/#primaryimage"},"thumbnailUrl":"https:\/\/saintandrews.com.br\/wp-content\/uploads\/2024\/03\/candle-light-768x768-1.webp","datePublished":"2024-01-06T04:00:39+00:00","dateModified":"2026-04-07T15:08:22+00:00","description":"Le menu \u00ab\u00a0D\u00eener aux chandelles\u00a0\u00bb propose une exp\u00e9rience gastronomique et \u0153nologique inoubliable aux couples amoureux au ch\u00e2teau de Saint Andrews.","breadcrumb":{"@id":"https:\/\/saintandrews.com.br\/produto\/menu-candle-light\/#breadcrumb"},"inLanguage":"fr-FR","potentialAction":[{"@type":"ReadAction","target":["https:\/\/saintandrews.com.br\/produto\/menu-candle-light\/"]}]},{"@type":"ImageObject","inLanguage":"fr-FR","@id":"https:\/\/saintandrews.com.br\/produto\/menu-candle-light\/#primaryimage","url":"https:\/\/saintandrews.com.br\/wp-content\/uploads\/2024\/03\/candle-light-768x768-1.webp","contentUrl":"https:\/\/saintandrews.com.br\/wp-content\/uploads\/2024\/03\/candle-light-768x768-1.webp","width":768,"height":768},{"@type":"BreadcrumbList","@id":"https:\/\/saintandrews.com.br\/produto\/menu-candle-light\/#breadcrumb","itemListElement":[{"@type":"ListItem","position":1,"name":"In\u00edcio","item":"https:\/\/saintandrews.com.br\/"},{"@type":"ListItem","position":2,"name":"Experi\u00eancias","item":"https:\/\/saintandrews.com.br\/experiencias\/"},{"@type":"ListItem","position":3,"name":"Menu Candle Light"}]},{"@type":"WebSite","@id":"https:\/\/saintandrews.com.br\/#website","url":"https:\/\/saintandrews.com.br\/","name":"Ch\u00e2teau de Saint Andrews","description":"Votre h\u00f4tel \u00e0 Gramado","publisher":{"@id":"https:\/\/saintandrews.com.br\/#organization"},"potentialAction":[{"@type":"SearchAction","target":{"@type":"EntryPoint","urlTemplate":"https:\/\/saintandrews.com.br\/?s={search_term_string}"},"query-input":{"@type":"PropertyValueSpecification","valueRequired":true,"valueName":"search_term_string"}}],"inLanguage":"fr-FR"},{"@type":"Organization","@id":"https:\/\/saintandrews.com.br\/#organization","name":"Ch\u00e2teau de Saint Andrews","url":"https:\/\/saintandrews.com.br\/","logo":{"@type":"ImageObject","inLanguage":"fr-FR","@id":"https:\/\/saintandrews.com.br\/#\/schema\/logo\/image\/","url":"https:\/\/saintandrews.com.br\/wp-content\/uploads\/2024\/04\/Logo-SaintAndrews-Cabecalho-01-01.svg","contentUrl":"https:\/\/saintandrews.com.br\/wp-content\/uploads\/2024\/04\/Logo-SaintAndrews-Cabecalho-01-01.svg","width":612.8999999999999772626324556767940521240234375,"height":167.5,"caption":"Castelo Saint Andrews"},"image":{"@id":"https:\/\/saintandrews.com.br\/#\/schema\/logo\/image\/"}}]}},"publishpress_future_action":{"enabled":false,"date":"2026-04-27 01:21:12","action":"change-status","newStatus":"draft","terms":[],"taxonomy":"product_brand","extraData":[]},"publishpress_future_workflow_manual_trigger":{"enabledWorkflows":[]},"_links":{"self":[{"href":"https:\/\/saintandrews.com.br\/fr\/wp-json\/wp\/v2\/product\/9721","targetHints":{"allow":["GET"]}}],"collection":[{"href":"https:\/\/saintandrews.com.br\/fr\/wp-json\/wp\/v2\/product"}],"about":[{"href":"https:\/\/saintandrews.com.br\/fr\/wp-json\/wp\/v2\/types\/product"}],"wp:featuredmedia":[{"embeddable":true,"href":"https:\/\/saintandrews.com.br\/fr\/wp-json\/wp\/v2\/media\/10082"}],"wp:attachment":[{"href":"https:\/\/saintandrews.com.br\/fr\/wp-json\/wp\/v2\/media?parent=9721"}],"wp:term":[{"taxonomy":"product_brand","embeddable":true,"href":"https:\/\/saintandrews.com.br\/fr\/wp-json\/wp\/v2\/product_brand?post=9721"},{"taxonomy":"product_cat","embeddable":true,"href":"https:\/\/saintandrews.com.br\/fr\/wp-json\/wp\/v2\/product_cat?post=9721"},{"taxonomy":"product_tag","embeddable":true,"href":"https:\/\/saintandrews.com.br\/fr\/wp-json\/wp\/v2\/product_tag?post=9721"}],"curies":[{"name":"wp","href":"https:\/\/api.w.org\/{rel}","templated":true}]}}