{"id":9720,"date":"2024-01-10T16:53:39","date_gmt":"2024-01-10T19:53:39","guid":{"rendered":"https:\/\/saintandrews.com.br\/?post_type=product&#038;p=6604"},"modified":"2026-04-06T16:04:08","modified_gmt":"2026-04-06T19:04:08","slug":"diner-oenologique","status":"publish","type":"product","link":"https:\/\/saintandrews.com.br\/fr\/produto\/wine-experience-jantar\/","title":{"rendered":"Exp\u00e9rience \u0153nologique + d\u00eener"},"content":{"rendered":"<p>Vivez une soir\u00e9e m\u00e9morable au ch\u00e2teau de Saint Andrews, alliant vin et gastronomie.<\/p>\n<p>Les amateurs de vin sont invit\u00e9s \u00e0 participer \u00e0 l&#039;exp\u00e9rience \u0153nologique exclusive, organis\u00e9e les samedis \u00e0 18h. Cet \u00e9v\u00e9nement a \u00e9t\u00e9 cr\u00e9\u00e9 pour offrir des moments de convivialit\u00e9 et de d\u00e9couverte, o\u00f9 vous pourrez d\u00e9guster une s\u00e9lection de vins et explorer de nouvelles saveurs et de nouveaux ar\u00f4mes.<\/p>\n<p>R\u00e9servez votre place pour cette c\u00e9l\u00e9bration de saveurs et de moments uniques.<\/p>\n<p>L&#039;exp\u00e9rience comprend :<\/p>\n<p><strong>Exp\u00e9rience \u0153nologique :<\/strong> Une d\u00e9gustation comment\u00e9e de vins exclusifs, accompagn\u00e9s d&#039;une s\u00e9lection de charcuterie et de fromages soigneusement choisis pour mettre en valeur le caract\u00e8re de chaque cuv\u00e9e. Chaque participant recevra un verre de 125 ml de chaque vin servi.<\/p>\n<p><img fetchpriority=\"high\" decoding=\"async\" class=\"alignnone wp-image-14970 size-medium\" src=\"https:\/\/saintandrews.com.br\/wp-content\/uploads\/2024\/03\/wine-experience-2-300x183.webp\" alt=\"\" width=\"300\" height=\"183\" srcset=\"https:\/\/saintandrews.com.br\/wp-content\/uploads\/2024\/03\/wine-experience-2-300x183.webp 300w, https:\/\/saintandrews.com.br\/wp-content\/uploads\/2024\/03\/wine-experience-2-1024x624.webp 1024w, https:\/\/saintandrews.com.br\/wp-content\/uploads\/2024\/03\/wine-experience-2-768x468.webp 768w, https:\/\/saintandrews.com.br\/wp-content\/uploads\/2024\/03\/wine-experience-2-18x12.webp 18w, https:\/\/saintandrews.com.br\/wp-content\/uploads\/2024\/03\/wine-experience-2-600x366.webp 600w, https:\/\/saintandrews.com.br\/wp-content\/uploads\/2024\/03\/wine-experience-2.webp 1337w\" sizes=\"(max-width: 300px) 100vw, 300px\" \/><br \/>\n<span style=\"font-size: 8pt;\">Photo illustrative<\/span><\/p>\n<p><strong>Dur\u00e9e:<\/strong> Ce service dure entre 1 heure 30 minutes et 2 heures.<\/p>\n<p>&nbsp;<\/p>\n<p><strong>D\u00eener au restaurant Primrose : <\/strong>Savourez les d\u00e9lices de la haute cuisine gr\u00e2ce \u00e0 notre menu sp\u00e9cial d\u00eener et laissez-vous guider par les suggestions de notre sommelier pour les accords mets et vins des plus grands crus du Br\u00e9sil et du monde entier. Composez votre menu gastronomique, compos\u00e9 d&#039;une entr\u00e9e, d&#039;un plat et d&#039;un dessert, parmi les cr\u00e9ations du Ch\u00e2teau.<br \/>\n<strong>Attention:<\/strong> Les boissons pour le d\u00eener doivent \u00eatre achet\u00e9es s\u00e9par\u00e9ment.<\/p>\n<p><img decoding=\"async\" class=\"alignnone wp-image-14968 size-medium\" src=\"https:\/\/saintandrews.com.br\/wp-content\/uploads\/2024\/03\/jantar2-300x183.webp\" alt=\"\" width=\"300\" height=\"183\" srcset=\"https:\/\/saintandrews.com.br\/wp-content\/uploads\/2024\/03\/jantar2-300x183.webp 300w, https:\/\/saintandrews.com.br\/wp-content\/uploads\/2024\/03\/jantar2-1024x624.webp 1024w, https:\/\/saintandrews.com.br\/wp-content\/uploads\/2024\/03\/jantar2-768x468.webp 768w, https:\/\/saintandrews.com.br\/wp-content\/uploads\/2024\/03\/jantar2-18x12.webp 18w, https:\/\/saintandrews.com.br\/wp-content\/uploads\/2024\/03\/jantar2-600x366.webp 600w, https:\/\/saintandrews.com.br\/wp-content\/uploads\/2024\/03\/jantar2.webp 1337w\" sizes=\"(max-width: 300px) 100vw, 300px\" \/><br \/>\n<span style=\"font-size: 8pt;\">Photo illustrative<\/span><\/p>\n<p><strong>Important:<\/strong> Cette exp\u00e9rience doit \u00eatre achet\u00e9e au moins 6 heures \u00e0 l&#039;avance.<\/p>\n<p><strong>Dur\u00e9e:<\/strong> Ce service dure 2 heures.<br \/>\n<strong>Quand:<\/strong> Samedi, \u00e0 partir de 18h.<\/p>\n<p>&nbsp;<\/p>\n<p>&nbsp;<\/p>\n<p>***<\/p>\n<p><span style=\"font-size: 10pt;\"><em><span style=\"color: #993300;\">\u2022 Apr\u00e8s avoir achet\u00e9 un service aupr\u00e8s de Saint Andrews et confirm\u00e9 le paiement, l&#039;un de nos concierges d\u00e9di\u00e9s vous contactera par t\u00e9l\u00e9phone pour vous informer des cr\u00e9neaux horaires disponibles \u00e0 la date choisie, vous assurant ainsi une r\u00e9servation avec un maximum de confort et d&#039;exclusivit\u00e9.<br \/>\n\u2022 \u00c0 la fin de la prestation, nous vous serions reconnaissants de bien vouloir prendre en consid\u00e9ration nos frais de service.<\/span><\/em><\/span><\/p>","protected":false},"excerpt":{"rendered":"<p>Rejoignez-nous pour une exp\u00e9rience \u0153nologique exclusive \u00e0 la cave, tous les samedis \u00e0 18h. Au programme\u00a0: une d\u00e9gustation de vins s\u00e9lectionn\u00e9s, accompagn\u00e9s de charcuterie et de fromages d&#039;exception. Cette exp\u00e9rience comprend \u00e9galement un d\u00eener complet dans notre restaurant prim\u00e9 Primrose, avec entr\u00e9e, plat et dessert. R\u00e9servez d\u00e8s maintenant et vivez des moments uniques\u00a0!<\/p>","protected":false},"featured_media":11324,"template":"","meta":{"_acf_changed":false},"product_brand":[],"product_cat":[229],"product_tag":[],"class_list":{"0":"post-9720","1":"product","2":"type-product","3":"status-publish","4":"has-post-thumbnail","6":"product_cat-gastronomia","8":"first","9":"instock","10":"virtual","11":"sold-individually","12":"taxable","13":"purchasable","14":"product-type-booking"},"acf":[],"yoast_head":"<!-- This site is optimized with the Yoast SEO plugin v27.2 - https:\/\/yoast.com\/product\/yoast-seo-wordpress\/ -->\n<title>Wine Experience + Jantar - Castelo Saint Andrews<\/title>\n<meta name=\"description\" content=\"Os amantes de vinhos podem desfrutar do exclusivo Wine O\u2019Clock no Castelo Saint Andrews, aos s\u00e1bados \u00e0s 18h. Saiba Mais.\" \/>\n<meta name=\"robots\" content=\"index, follow, max-snippet:-1, max-image-preview:large, max-video-preview:-1\" \/>\n<link rel=\"canonical\" href=\"https:\/\/saintandrews.com.br\/fr\/produit\/diner-oenologique\/\" \/>\n<meta property=\"og:locale\" content=\"fr_FR\" \/>\n<meta property=\"og:type\" content=\"article\" \/>\n<meta property=\"og:title\" content=\"Wine Experience + Jantar - Castelo Saint Andrews\" \/>\n<meta property=\"og:description\" content=\"Os amantes de vinhos podem desfrutar do exclusivo Wine O\u2019Clock no Castelo Saint Andrews, aos s\u00e1bados \u00e0s 18h. Saiba Mais.\" \/>\n<meta property=\"og:url\" content=\"https:\/\/saintandrews.com.br\/fr\/produit\/diner-oenologique\/\" \/>\n<meta property=\"og:site_name\" content=\"Castelo Saint Andrews\" \/>\n<meta property=\"article:modified_time\" content=\"2026-04-06T19:04:08+00:00\" \/>\n<meta property=\"og:image\" content=\"https:\/\/saintandrews.com.br\/wp-content\/uploads\/2024\/03\/wine-adega-jantar3.webp\" \/>\n\t<meta property=\"og:image:width\" content=\"1000\" \/>\n\t<meta property=\"og:image:height\" content=\"1000\" \/>\n\t<meta property=\"og:image:type\" content=\"image\/webp\" \/>\n<meta name=\"twitter:card\" content=\"summary_large_image\" \/>\n<meta name=\"twitter:label1\" content=\"Dur\u00e9e de lecture estim\u00e9e\" \/>\n\t<meta name=\"twitter:data1\" content=\"3 minutes\" \/>\n<script type=\"application\/ld+json\" class=\"yoast-schema-graph\">{\"@context\":\"https:\/\/schema.org\",\"@graph\":[{\"@type\":\"WebPage\",\"@id\":\"https:\/\/saintandrews.com.br\/produto\/wine-experience-jantar\/\",\"url\":\"https:\/\/saintandrews.com.br\/produto\/wine-experience-jantar\/\",\"name\":\"Wine Experience + Jantar - Castelo Saint Andrews\",\"isPartOf\":{\"@id\":\"https:\/\/saintandrews.com.br\/#website\"},\"primaryImageOfPage\":{\"@id\":\"https:\/\/saintandrews.com.br\/produto\/wine-experience-jantar\/#primaryimage\"},\"image\":{\"@id\":\"https:\/\/saintandrews.com.br\/produto\/wine-experience-jantar\/#primaryimage\"},\"thumbnailUrl\":\"https:\/\/saintandrews.com.br\/wp-content\/uploads\/2024\/03\/wine-adega-jantar3.webp\",\"datePublished\":\"2024-01-10T19:53:39+00:00\",\"dateModified\":\"2026-04-06T19:04:08+00:00\",\"description\":\"Os amantes de vinhos podem desfrutar do exclusivo Wine O\u2019Clock no Castelo Saint Andrews, aos s\u00e1bados \u00e0s 18h. Saiba Mais.\",\"breadcrumb\":{\"@id\":\"https:\/\/saintandrews.com.br\/produto\/wine-experience-jantar\/#breadcrumb\"},\"inLanguage\":\"fr-FR\",\"potentialAction\":[{\"@type\":\"ReadAction\",\"target\":[\"https:\/\/saintandrews.com.br\/produto\/wine-experience-jantar\/\"]}]},{\"@type\":\"ImageObject\",\"inLanguage\":\"fr-FR\",\"@id\":\"https:\/\/saintandrews.com.br\/produto\/wine-experience-jantar\/#primaryimage\",\"url\":\"https:\/\/saintandrews.com.br\/wp-content\/uploads\/2024\/03\/wine-adega-jantar3.webp\",\"contentUrl\":\"https:\/\/saintandrews.com.br\/wp-content\/uploads\/2024\/03\/wine-adega-jantar3.webp\",\"width\":1000,\"height\":1000},{\"@type\":\"BreadcrumbList\",\"@id\":\"https:\/\/saintandrews.com.br\/produto\/wine-experience-jantar\/#breadcrumb\",\"itemListElement\":[{\"@type\":\"ListItem\",\"position\":1,\"name\":\"In\u00edcio\",\"item\":\"https:\/\/saintandrews.com.br\/\"},{\"@type\":\"ListItem\",\"position\":2,\"name\":\"Experi\u00eancias\",\"item\":\"https:\/\/saintandrews.com.br\/experiencias\/\"},{\"@type\":\"ListItem\",\"position\":3,\"name\":\"Wine Experience + Jantar\"}]},{\"@type\":\"WebSite\",\"@id\":\"https:\/\/saintandrews.com.br\/#website\",\"url\":\"https:\/\/saintandrews.com.br\/\",\"name\":\"Castelo Saint Andrews\",\"description\":\"Seu hotel\u00a0em\u00a0Gramado\",\"publisher\":{\"@id\":\"https:\/\/saintandrews.com.br\/#organization\"},\"potentialAction\":[{\"@type\":\"SearchAction\",\"target\":{\"@type\":\"EntryPoint\",\"urlTemplate\":\"https:\/\/saintandrews.com.br\/?s={search_term_string}\"},\"query-input\":{\"@type\":\"PropertyValueSpecification\",\"valueRequired\":true,\"valueName\":\"search_term_string\"}}],\"inLanguage\":\"fr-FR\"},{\"@type\":\"Organization\",\"@id\":\"https:\/\/saintandrews.com.br\/#organization\",\"name\":\"Castelo Saint Andrews\",\"url\":\"https:\/\/saintandrews.com.br\/\",\"logo\":{\"@type\":\"ImageObject\",\"inLanguage\":\"fr-FR\",\"@id\":\"https:\/\/saintandrews.com.br\/#\/schema\/logo\/image\/\",\"url\":\"https:\/\/saintandrews.com.br\/wp-content\/uploads\/2024\/04\/Logo-SaintAndrews-Cabecalho-01-01.svg\",\"contentUrl\":\"https:\/\/saintandrews.com.br\/wp-content\/uploads\/2024\/04\/Logo-SaintAndrews-Cabecalho-01-01.svg\",\"width\":612.8999999999999772626324556767940521240234375,\"height\":167.5,\"caption\":\"Castelo Saint Andrews\"},\"image\":{\"@id\":\"https:\/\/saintandrews.com.br\/#\/schema\/logo\/image\/\"}}]}<\/script>\n<!-- \/ Yoast SEO plugin. -->","yoast_head_json":{"title":"Exp\u00e9rience \u0153nologique + d\u00eener - Ch\u00e2teau de Saint Andrews","description":"Les amateurs de vin peuvent profiter de l&#039;\u00e9v\u00e9nement exclusif Wine O&#039;Clock au ch\u00e2teau de Saint Andrews le samedi \u00e0 18h. En savoir plus.","robots":{"index":"index","follow":"follow","max-snippet":"max-snippet:-1","max-image-preview":"max-image-preview:large","max-video-preview":"max-video-preview:-1"},"canonical":"https:\/\/saintandrews.com.br\/fr\/produit\/diner-oenologique\/","og_locale":"fr_FR","og_type":"article","og_title":"Wine Experience + Jantar - Castelo Saint Andrews","og_description":"Os amantes de vinhos podem desfrutar do exclusivo Wine O\u2019Clock no Castelo Saint Andrews, aos s\u00e1bados \u00e0s 18h. Saiba Mais.","og_url":"https:\/\/saintandrews.com.br\/fr\/produit\/diner-oenologique\/","og_site_name":"Castelo Saint Andrews","article_modified_time":"2026-04-06T19:04:08+00:00","og_image":[{"width":1000,"height":1000,"url":"https:\/\/saintandrews.com.br\/wp-content\/uploads\/2024\/03\/wine-adega-jantar3.webp","type":"image\/webp"}],"twitter_card":"summary_large_image","twitter_misc":{"Dur\u00e9e de lecture estim\u00e9e":"3 minutes"},"schema":{"@context":"https:\/\/schema.org","@graph":[{"@type":"WebPage","@id":"https:\/\/saintandrews.com.br\/produto\/wine-experience-jantar\/","url":"https:\/\/saintandrews.com.br\/produto\/wine-experience-jantar\/","name":"Exp\u00e9rience \u0153nologique + d\u00eener - Ch\u00e2teau de Saint Andrews","isPartOf":{"@id":"https:\/\/saintandrews.com.br\/#website"},"primaryImageOfPage":{"@id":"https:\/\/saintandrews.com.br\/produto\/wine-experience-jantar\/#primaryimage"},"image":{"@id":"https:\/\/saintandrews.com.br\/produto\/wine-experience-jantar\/#primaryimage"},"thumbnailUrl":"https:\/\/saintandrews.com.br\/wp-content\/uploads\/2024\/03\/wine-adega-jantar3.webp","datePublished":"2024-01-10T19:53:39+00:00","dateModified":"2026-04-06T19:04:08+00:00","description":"Les amateurs de vin peuvent profiter de l&#039;\u00e9v\u00e9nement exclusif Wine O&#039;Clock au ch\u00e2teau de Saint Andrews le samedi \u00e0 18h. En savoir plus.","breadcrumb":{"@id":"https:\/\/saintandrews.com.br\/produto\/wine-experience-jantar\/#breadcrumb"},"inLanguage":"fr-FR","potentialAction":[{"@type":"ReadAction","target":["https:\/\/saintandrews.com.br\/produto\/wine-experience-jantar\/"]}]},{"@type":"ImageObject","inLanguage":"fr-FR","@id":"https:\/\/saintandrews.com.br\/produto\/wine-experience-jantar\/#primaryimage","url":"https:\/\/saintandrews.com.br\/wp-content\/uploads\/2024\/03\/wine-adega-jantar3.webp","contentUrl":"https:\/\/saintandrews.com.br\/wp-content\/uploads\/2024\/03\/wine-adega-jantar3.webp","width":1000,"height":1000},{"@type":"BreadcrumbList","@id":"https:\/\/saintandrews.com.br\/produto\/wine-experience-jantar\/#breadcrumb","itemListElement":[{"@type":"ListItem","position":1,"name":"In\u00edcio","item":"https:\/\/saintandrews.com.br\/"},{"@type":"ListItem","position":2,"name":"Experi\u00eancias","item":"https:\/\/saintandrews.com.br\/experiencias\/"},{"@type":"ListItem","position":3,"name":"Wine Experience + Jantar"}]},{"@type":"WebSite","@id":"https:\/\/saintandrews.com.br\/#website","url":"https:\/\/saintandrews.com.br\/","name":"Ch\u00e2teau de Saint Andrews","description":"Votre h\u00f4tel \u00e0 Gramado","publisher":{"@id":"https:\/\/saintandrews.com.br\/#organization"},"potentialAction":[{"@type":"SearchAction","target":{"@type":"EntryPoint","urlTemplate":"https:\/\/saintandrews.com.br\/?s={search_term_string}"},"query-input":{"@type":"PropertyValueSpecification","valueRequired":true,"valueName":"search_term_string"}}],"inLanguage":"fr-FR"},{"@type":"Organization","@id":"https:\/\/saintandrews.com.br\/#organization","name":"Ch\u00e2teau de Saint Andrews","url":"https:\/\/saintandrews.com.br\/","logo":{"@type":"ImageObject","inLanguage":"fr-FR","@id":"https:\/\/saintandrews.com.br\/#\/schema\/logo\/image\/","url":"https:\/\/saintandrews.com.br\/wp-content\/uploads\/2024\/04\/Logo-SaintAndrews-Cabecalho-01-01.svg","contentUrl":"https:\/\/saintandrews.com.br\/wp-content\/uploads\/2024\/04\/Logo-SaintAndrews-Cabecalho-01-01.svg","width":612.8999999999999772626324556767940521240234375,"height":167.5,"caption":"Castelo Saint Andrews"},"image":{"@id":"https:\/\/saintandrews.com.br\/#\/schema\/logo\/image\/"}}]}},"publishpress_future_action":{"enabled":false,"date":"2026-04-27 00:05:55","action":"change-status","newStatus":"draft","terms":[],"taxonomy":"product_brand","extraData":[]},"publishpress_future_workflow_manual_trigger":{"enabledWorkflows":[]},"_links":{"self":[{"href":"https:\/\/saintandrews.com.br\/fr\/wp-json\/wp\/v2\/product\/9720","targetHints":{"allow":["GET"]}}],"collection":[{"href":"https:\/\/saintandrews.com.br\/fr\/wp-json\/wp\/v2\/product"}],"about":[{"href":"https:\/\/saintandrews.com.br\/fr\/wp-json\/wp\/v2\/types\/product"}],"wp:featuredmedia":[{"embeddable":true,"href":"https:\/\/saintandrews.com.br\/fr\/wp-json\/wp\/v2\/media\/11324"}],"wp:attachment":[{"href":"https:\/\/saintandrews.com.br\/fr\/wp-json\/wp\/v2\/media?parent=9720"}],"wp:term":[{"taxonomy":"product_brand","embeddable":true,"href":"https:\/\/saintandrews.com.br\/fr\/wp-json\/wp\/v2\/product_brand?post=9720"},{"taxonomy":"product_cat","embeddable":true,"href":"https:\/\/saintandrews.com.br\/fr\/wp-json\/wp\/v2\/product_cat?post=9720"},{"taxonomy":"product_tag","embeddable":true,"href":"https:\/\/saintandrews.com.br\/fr\/wp-json\/wp\/v2\/product_tag?post=9720"}],"curies":[{"name":"wp","href":"https:\/\/api.w.org\/{rel}","templated":true}]}}