{"id":9717,"date":"2024-01-07T16:53:39","date_gmt":"2024-01-07T19:53:39","guid":{"rendered":"https:\/\/saintandrews.com.br\/?post_type=product&#038;p=6599"},"modified":"2026-04-06T16:38:47","modified_gmt":"2026-04-06T19:38:47","slug":"moment-vin","status":"publish","type":"product","link":"https:\/\/saintandrews.com.br\/fr\/produto\/wine-moment\/","title":{"rendered":"Moment vin"},"content":{"rendered":"<p>Partagez un bon vin avec vos proches dans le cadre enchanteur du ch\u00e2teau de Saint Andrews.<\/p>\n<p>Choisissez un vin parmi les diff\u00e9rentes suggestions de notre sommelier. L&#039;accord mets-vins est compos\u00e9 d&#039;une s\u00e9lection de fromages et charcuteries de qualit\u00e9, de fruits frais et secs, et de pains artisanaux.<\/p>\n<p>&nbsp;<\/p>\n<p><img fetchpriority=\"high\" decoding=\"async\" class=\"alignnone wp-image-14966\" src=\"https:\/\/saintandrews.com.br\/wp-content\/uploads\/2024\/03\/tabua-de-frios-300x183.webp\" alt=\"\" width=\"412\" height=\"252\" srcset=\"https:\/\/saintandrews.com.br\/wp-content\/uploads\/2024\/03\/tabua-de-frios-300x183.webp 300w, https:\/\/saintandrews.com.br\/wp-content\/uploads\/2024\/03\/tabua-de-frios-1024x624.webp 1024w, https:\/\/saintandrews.com.br\/wp-content\/uploads\/2024\/03\/tabua-de-frios-768x468.webp 768w, https:\/\/saintandrews.com.br\/wp-content\/uploads\/2024\/03\/tabua-de-frios-18x12.webp 18w, https:\/\/saintandrews.com.br\/wp-content\/uploads\/2024\/03\/tabua-de-frios-600x366.webp 600w, https:\/\/saintandrews.com.br\/wp-content\/uploads\/2024\/03\/tabua-de-frios.webp 1337w\" sizes=\"(max-width: 412px) 100vw, 412px\" \/><br \/>\n<span style=\"font-size: 8pt;\">Photo illustrative<\/span><\/p>\n<p>&nbsp;<\/p>\n<p><strong>Important:<\/strong> Cette exp\u00e9rience doit \u00eatre achet\u00e9e au moins 6 heures \u00e0 l&#039;avance.<\/p>\n<p><strong>Dur\u00e9e:<\/strong> Ce service dure 1 heure et 30 minutes.<br \/>\n<strong>Quand:<\/strong> Tous les jours \u00e0 partir de 15h.<br \/>\n<strong>Environnements :<\/strong> Pl\u00e1tanos et Belvedere \u2013 Sous r\u00e9serve de disponibilit\u00e9.<\/p>\n<p>&nbsp;<\/p>\n<p>***<\/p>\n<p><span style=\"font-size: 10pt;\"><em><span style=\"color: #993300;\">\u2022 Apr\u00e8s avoir achet\u00e9 un service aupr\u00e8s de Saint Andrews et confirm\u00e9 le paiement, l&#039;un de nos concierges d\u00e9di\u00e9s vous contactera par t\u00e9l\u00e9phone pour vous informer des cr\u00e9neaux horaires disponibles \u00e0 la date choisie, vous assurant ainsi une r\u00e9servation avec un maximum de confort et d&#039;exclusivit\u00e9.<br \/>\n\u2022 \u00c0 la fin de la prestation, nous vous serions reconnaissants de bien vouloir prendre en consid\u00e9ration nos frais de service.<\/span><\/em><\/span><\/p>","protected":false},"excerpt":{"rendered":"<p>Vivez des moments inoubliables au ch\u00e2teau de Saint Andrews avec un \u00ab\u00a0Wine Moment\u00a0\u00bb, une exp\u00e9rience gastronomique et \u0153nologique exclusive. Savourez un vin de votre choix parmi une s\u00e9lection, accompagn\u00e9 d&#039;une d\u00e9licieuse planche de charcuterie. Id\u00e9al pour c\u00e9l\u00e9brer l&#039;amour dans un cadre enchanteur.<\/p>","protected":false},"featured_media":10073,"template":"","meta":{"_acf_changed":false},"product_brand":[],"product_cat":[229],"product_tag":[],"class_list":{"0":"post-9717","1":"product","2":"type-product","3":"status-publish","4":"has-post-thumbnail","6":"product_cat-gastronomia","8":"first","9":"instock","10":"virtual","11":"sold-individually","12":"taxable","13":"purchasable","14":"product-type-booking"},"acf":[],"yoast_head":"<!-- This site is optimized with the Yoast SEO plugin v27.2 - https:\/\/yoast.com\/product\/yoast-seo-wordpress\/ -->\n<title>Wine Moment - Castelo Saint Andrews<\/title>\n<meta name=\"description\" content=\"Compartilhe momentos inesquec\u00edveis no Castelo Saint Andrews com a Wine Experience, uma experi\u00eancia enogastron\u00f4mica exclusiva.\" \/>\n<meta name=\"robots\" content=\"index, follow, max-snippet:-1, max-image-preview:large, max-video-preview:-1\" \/>\n<link rel=\"canonical\" href=\"https:\/\/saintandrews.com.br\/fr\/produit\/moment-vin\/\" \/>\n<meta property=\"og:locale\" content=\"fr_FR\" \/>\n<meta property=\"og:type\" content=\"article\" \/>\n<meta property=\"og:title\" content=\"Wine Moment - Castelo Saint Andrews\" \/>\n<meta property=\"og:description\" content=\"Compartilhe momentos inesquec\u00edveis no Castelo Saint Andrews com a Wine Experience, uma experi\u00eancia enogastron\u00f4mica exclusiva.\" \/>\n<meta property=\"og:url\" content=\"https:\/\/saintandrews.com.br\/fr\/produit\/moment-vin\/\" \/>\n<meta property=\"og:site_name\" content=\"Castelo Saint Andrews\" \/>\n<meta property=\"article:modified_time\" content=\"2026-04-06T19:38:47+00:00\" \/>\n<meta property=\"og:image\" content=\"https:\/\/saintandrews.com.br\/wp-content\/uploads\/2024\/03\/wine-experience-768x768-1.webp\" \/>\n\t<meta property=\"og:image:width\" content=\"768\" \/>\n\t<meta property=\"og:image:height\" content=\"768\" \/>\n\t<meta property=\"og:image:type\" content=\"image\/webp\" \/>\n<meta name=\"twitter:card\" content=\"summary_large_image\" \/>\n<meta name=\"twitter:label1\" content=\"Dur\u00e9e de lecture estim\u00e9e\" \/>\n\t<meta name=\"twitter:data1\" content=\"2 minutes\" \/>\n<script type=\"application\/ld+json\" class=\"yoast-schema-graph\">{\"@context\":\"https:\/\/schema.org\",\"@graph\":[{\"@type\":\"WebPage\",\"@id\":\"https:\/\/saintandrews.com.br\/produto\/wine-moment\/\",\"url\":\"https:\/\/saintandrews.com.br\/produto\/wine-moment\/\",\"name\":\"Wine Moment - Castelo Saint Andrews\",\"isPartOf\":{\"@id\":\"https:\/\/saintandrews.com.br\/#website\"},\"primaryImageOfPage\":{\"@id\":\"https:\/\/saintandrews.com.br\/produto\/wine-moment\/#primaryimage\"},\"image\":{\"@id\":\"https:\/\/saintandrews.com.br\/produto\/wine-moment\/#primaryimage\"},\"thumbnailUrl\":\"https:\/\/saintandrews.com.br\/wp-content\/uploads\/2024\/03\/wine-experience-768x768-1.webp\",\"datePublished\":\"2024-01-07T19:53:39+00:00\",\"dateModified\":\"2026-04-06T19:38:47+00:00\",\"description\":\"Compartilhe momentos inesquec\u00edveis no Castelo Saint Andrews com a Wine Experience, uma experi\u00eancia enogastron\u00f4mica exclusiva.\",\"breadcrumb\":{\"@id\":\"https:\/\/saintandrews.com.br\/produto\/wine-moment\/#breadcrumb\"},\"inLanguage\":\"fr-FR\",\"potentialAction\":[{\"@type\":\"ReadAction\",\"target\":[\"https:\/\/saintandrews.com.br\/produto\/wine-moment\/\"]}]},{\"@type\":\"ImageObject\",\"inLanguage\":\"fr-FR\",\"@id\":\"https:\/\/saintandrews.com.br\/produto\/wine-moment\/#primaryimage\",\"url\":\"https:\/\/saintandrews.com.br\/wp-content\/uploads\/2024\/03\/wine-experience-768x768-1.webp\",\"contentUrl\":\"https:\/\/saintandrews.com.br\/wp-content\/uploads\/2024\/03\/wine-experience-768x768-1.webp\",\"width\":768,\"height\":768},{\"@type\":\"BreadcrumbList\",\"@id\":\"https:\/\/saintandrews.com.br\/produto\/wine-moment\/#breadcrumb\",\"itemListElement\":[{\"@type\":\"ListItem\",\"position\":1,\"name\":\"In\u00edcio\",\"item\":\"https:\/\/saintandrews.com.br\/\"},{\"@type\":\"ListItem\",\"position\":2,\"name\":\"Experi\u00eancias\",\"item\":\"https:\/\/saintandrews.com.br\/experiencias\/\"},{\"@type\":\"ListItem\",\"position\":3,\"name\":\"Wine Moment\"}]},{\"@type\":\"WebSite\",\"@id\":\"https:\/\/saintandrews.com.br\/#website\",\"url\":\"https:\/\/saintandrews.com.br\/\",\"name\":\"Castelo Saint Andrews\",\"description\":\"Seu hotel\u00a0em\u00a0Gramado\",\"publisher\":{\"@id\":\"https:\/\/saintandrews.com.br\/#organization\"},\"potentialAction\":[{\"@type\":\"SearchAction\",\"target\":{\"@type\":\"EntryPoint\",\"urlTemplate\":\"https:\/\/saintandrews.com.br\/?s={search_term_string}\"},\"query-input\":{\"@type\":\"PropertyValueSpecification\",\"valueRequired\":true,\"valueName\":\"search_term_string\"}}],\"inLanguage\":\"fr-FR\"},{\"@type\":\"Organization\",\"@id\":\"https:\/\/saintandrews.com.br\/#organization\",\"name\":\"Castelo Saint Andrews\",\"url\":\"https:\/\/saintandrews.com.br\/\",\"logo\":{\"@type\":\"ImageObject\",\"inLanguage\":\"fr-FR\",\"@id\":\"https:\/\/saintandrews.com.br\/#\/schema\/logo\/image\/\",\"url\":\"https:\/\/saintandrews.com.br\/wp-content\/uploads\/2024\/04\/Logo-SaintAndrews-Cabecalho-01-01.svg\",\"contentUrl\":\"https:\/\/saintandrews.com.br\/wp-content\/uploads\/2024\/04\/Logo-SaintAndrews-Cabecalho-01-01.svg\",\"width\":612.8999999999999772626324556767940521240234375,\"height\":167.5,\"caption\":\"Castelo Saint Andrews\"},\"image\":{\"@id\":\"https:\/\/saintandrews.com.br\/#\/schema\/logo\/image\/\"}}]}<\/script>\n<!-- \/ Yoast SEO plugin. -->","yoast_head_json":{"title":"Moment Vin - Ch\u00e2teau de Saint Andrews","description":"Vivez des moments inoubliables au ch\u00e2teau de Saint Andrews gr\u00e2ce \u00e0 l&#039;Exp\u00e9rience Vin, une exp\u00e9rience exclusive d&#039;accords mets et vins.","robots":{"index":"index","follow":"follow","max-snippet":"max-snippet:-1","max-image-preview":"max-image-preview:large","max-video-preview":"max-video-preview:-1"},"canonical":"https:\/\/saintandrews.com.br\/fr\/produit\/moment-vin\/","og_locale":"fr_FR","og_type":"article","og_title":"Wine Moment - Castelo Saint Andrews","og_description":"Compartilhe momentos inesquec\u00edveis no Castelo Saint Andrews com a Wine Experience, uma experi\u00eancia enogastron\u00f4mica exclusiva.","og_url":"https:\/\/saintandrews.com.br\/fr\/produit\/moment-vin\/","og_site_name":"Castelo Saint Andrews","article_modified_time":"2026-04-06T19:38:47+00:00","og_image":[{"width":768,"height":768,"url":"https:\/\/saintandrews.com.br\/wp-content\/uploads\/2024\/03\/wine-experience-768x768-1.webp","type":"image\/webp"}],"twitter_card":"summary_large_image","twitter_misc":{"Dur\u00e9e de lecture estim\u00e9e":"2 minutes"},"schema":{"@context":"https:\/\/schema.org","@graph":[{"@type":"WebPage","@id":"https:\/\/saintandrews.com.br\/produto\/wine-moment\/","url":"https:\/\/saintandrews.com.br\/produto\/wine-moment\/","name":"Moment Vin - Ch\u00e2teau de Saint Andrews","isPartOf":{"@id":"https:\/\/saintandrews.com.br\/#website"},"primaryImageOfPage":{"@id":"https:\/\/saintandrews.com.br\/produto\/wine-moment\/#primaryimage"},"image":{"@id":"https:\/\/saintandrews.com.br\/produto\/wine-moment\/#primaryimage"},"thumbnailUrl":"https:\/\/saintandrews.com.br\/wp-content\/uploads\/2024\/03\/wine-experience-768x768-1.webp","datePublished":"2024-01-07T19:53:39+00:00","dateModified":"2026-04-06T19:38:47+00:00","description":"Vivez des moments inoubliables au ch\u00e2teau de Saint Andrews gr\u00e2ce \u00e0 l&#039;Exp\u00e9rience Vin, une exp\u00e9rience exclusive d&#039;accords mets et vins.","breadcrumb":{"@id":"https:\/\/saintandrews.com.br\/produto\/wine-moment\/#breadcrumb"},"inLanguage":"fr-FR","potentialAction":[{"@type":"ReadAction","target":["https:\/\/saintandrews.com.br\/produto\/wine-moment\/"]}]},{"@type":"ImageObject","inLanguage":"fr-FR","@id":"https:\/\/saintandrews.com.br\/produto\/wine-moment\/#primaryimage","url":"https:\/\/saintandrews.com.br\/wp-content\/uploads\/2024\/03\/wine-experience-768x768-1.webp","contentUrl":"https:\/\/saintandrews.com.br\/wp-content\/uploads\/2024\/03\/wine-experience-768x768-1.webp","width":768,"height":768},{"@type":"BreadcrumbList","@id":"https:\/\/saintandrews.com.br\/produto\/wine-moment\/#breadcrumb","itemListElement":[{"@type":"ListItem","position":1,"name":"In\u00edcio","item":"https:\/\/saintandrews.com.br\/"},{"@type":"ListItem","position":2,"name":"Experi\u00eancias","item":"https:\/\/saintandrews.com.br\/experiencias\/"},{"@type":"ListItem","position":3,"name":"Wine Moment"}]},{"@type":"WebSite","@id":"https:\/\/saintandrews.com.br\/#website","url":"https:\/\/saintandrews.com.br\/","name":"Ch\u00e2teau de Saint Andrews","description":"Votre h\u00f4tel \u00e0 Gramado","publisher":{"@id":"https:\/\/saintandrews.com.br\/#organization"},"potentialAction":[{"@type":"SearchAction","target":{"@type":"EntryPoint","urlTemplate":"https:\/\/saintandrews.com.br\/?s={search_term_string}"},"query-input":{"@type":"PropertyValueSpecification","valueRequired":true,"valueName":"search_term_string"}}],"inLanguage":"fr-FR"},{"@type":"Organization","@id":"https:\/\/saintandrews.com.br\/#organization","name":"Ch\u00e2teau de Saint Andrews","url":"https:\/\/saintandrews.com.br\/","logo":{"@type":"ImageObject","inLanguage":"fr-FR","@id":"https:\/\/saintandrews.com.br\/#\/schema\/logo\/image\/","url":"https:\/\/saintandrews.com.br\/wp-content\/uploads\/2024\/04\/Logo-SaintAndrews-Cabecalho-01-01.svg","contentUrl":"https:\/\/saintandrews.com.br\/wp-content\/uploads\/2024\/04\/Logo-SaintAndrews-Cabecalho-01-01.svg","width":612.8999999999999772626324556767940521240234375,"height":167.5,"caption":"Castelo Saint Andrews"},"image":{"@id":"https:\/\/saintandrews.com.br\/#\/schema\/logo\/image\/"}}]}},"publishpress_future_action":{"enabled":false,"date":"2026-04-26 23:45:30","action":"change-status","newStatus":"draft","terms":[],"taxonomy":"product_brand","extraData":[]},"publishpress_future_workflow_manual_trigger":{"enabledWorkflows":[]},"_links":{"self":[{"href":"https:\/\/saintandrews.com.br\/fr\/wp-json\/wp\/v2\/product\/9717","targetHints":{"allow":["GET"]}}],"collection":[{"href":"https:\/\/saintandrews.com.br\/fr\/wp-json\/wp\/v2\/product"}],"about":[{"href":"https:\/\/saintandrews.com.br\/fr\/wp-json\/wp\/v2\/types\/product"}],"wp:featuredmedia":[{"embeddable":true,"href":"https:\/\/saintandrews.com.br\/fr\/wp-json\/wp\/v2\/media\/10073"}],"wp:attachment":[{"href":"https:\/\/saintandrews.com.br\/fr\/wp-json\/wp\/v2\/media?parent=9717"}],"wp:term":[{"taxonomy":"product_brand","embeddable":true,"href":"https:\/\/saintandrews.com.br\/fr\/wp-json\/wp\/v2\/product_brand?post=9717"},{"taxonomy":"product_cat","embeddable":true,"href":"https:\/\/saintandrews.com.br\/fr\/wp-json\/wp\/v2\/product_cat?post=9717"},{"taxonomy":"product_tag","embeddable":true,"href":"https:\/\/saintandrews.com.br\/fr\/wp-json\/wp\/v2\/product_tag?post=9717"}],"curies":[{"name":"wp","href":"https:\/\/api.w.org\/{rel}","templated":true}]}}