{"id":9716,"date":"2024-01-03T01:00:39","date_gmt":"2024-01-03T04:00:39","guid":{"rendered":"https:\/\/saintandrews.com.br\/?post_type=product&#038;p=6597"},"modified":"2026-04-06T15:34:38","modified_gmt":"2026-04-06T18:34:38","slug":"the-royal-de-lapres-midi-the-anglais-de-lapres-midi","status":"publish","type":"product","link":"https:\/\/saintandrews.com.br\/fr\/produto\/royal-afternoon-tea-cha-da-tarde-ingles\/","title":{"rendered":"Th\u00e9 royal de l&#039;apr\u00e8s-midi"},"content":{"rendered":"<p><strong><span dir=\"auto\" style=\"vertical-align: inherit;\"><span dir=\"auto\" style=\"vertical-align: inherit;\">Une exp\u00e9rience inoubliable de raffinement et de saveurs au ch\u00e2teau de Saint Andrews.<\/span><\/span><\/strong><\/p>\n<p><span dir=\"auto\" style=\"vertical-align: inherit;\"><span dir=\"auto\" style=\"vertical-align: inherit;\">O <\/span><\/span><strong><span dir=\"auto\" style=\"vertical-align: inherit;\"><span dir=\"auto\" style=\"vertical-align: inherit;\">Ch\u00e2teau de Saint Andrews<\/span><\/span><\/strong><span dir=\"auto\" style=\"vertical-align: inherit;\"><span dir=\"auto\" style=\"vertical-align: inherit;\"> et le <\/span><\/span><strong><span dir=\"auto\" style=\"vertical-align: inherit;\"><span dir=\"auto\" style=\"vertical-align: inherit;\">Restaurant Primrose<\/span><\/span><\/strong><span dir=\"auto\" style=\"vertical-align: inherit;\"><span dir=\"auto\" style=\"vertical-align: inherit;\"> Nous vous invitons \u00e0 savourer un th\u00e9 de l&#039;apr\u00e8s-midi exclusif, alliant la tradition anglaise au charme des ingr\u00e9dients r\u00e9gionaux typiques. <\/span><\/span><strong><span dir=\"auto\" style=\"vertical-align: inherit;\"><span dir=\"auto\" style=\"vertical-align: inherit;\">Th\u00e9 royal de l&#039;apr\u00e8s-midi<\/span><\/span><\/strong><span dir=\"auto\" style=\"vertical-align: inherit;\"><span dir=\"auto\" style=\"vertical-align: inherit;\"> C&#039;est une c\u00e9l\u00e9bration des saveurs, soigneusement \u00e9labor\u00e9e pour ravir m\u00eame les palais les plus exigeants.<\/span><\/span><\/p>\n<p>Tout fut servi avec \u00e9l\u00e9gance et promptitude \u00e0 17 heures, comme le veut la tradition.<\/p>\n<p>Vivez cette exp\u00e9rience enchanteresse, o\u00f9 chaque d\u00e9tail a \u00e9t\u00e9 soigneusement pens\u00e9 pour transformer votre apr\u00e8s-midi en un moment inoubliable.<\/p>\n<p><strong>Le Royal Afternoon Tea comprend :<\/strong><\/p>\n<ul>\n<li>Une s\u00e9lection raffin\u00e9e de th\u00e9s en vrac.<\/li>\n<li><span dir=\"auto\" style=\"vertical-align: inherit;\"><span dir=\"auto\" style=\"vertical-align: inherit;\">Tartine ouverte au saumon, cornichons et p\u00e2te d&#039;aneth.<\/span><\/span><\/li>\n<li>Petit sandwich garni de tomate, de mozzarella de bufflonne et de pesto.<\/li>\n<li>assortiment de feuillet\u00e9s<\/li>\n<li><span dir=\"auto\" style=\"vertical-align: inherit;\"><span dir=\"auto\" style=\"vertical-align: inherit;\">Quiche de Santo Andr\u00e9<\/span><\/span><\/li>\n<li>Mignardises (petites p\u00e2tisseries fran\u00e7aises aux saveurs surprenantes)<\/li>\n<li>Croque Madame au jambon San Daniele, \u00e0 l&#039;emmental et \u00e0 l&#039;\u0153uf truff\u00e9.<\/li>\n<li>Dessert du chef \u2013 Une cr\u00e9ation sp\u00e9ciale du jour<\/li>\n<li>Un verre de vin mousseux local.<\/li>\n<\/ul>\n<p>&nbsp;<\/p>\n<p><img fetchpriority=\"high\" decoding=\"async\" class=\"alignnone size-medium wp-image-14978\" src=\"https:\/\/saintandrews.com.br\/wp-content\/uploads\/2024\/03\/cha-1-300x183.webp\" alt=\"\" width=\"300\" height=\"183\" srcset=\"https:\/\/saintandrews.com.br\/wp-content\/uploads\/2024\/03\/cha-1-300x183.webp 300w, https:\/\/saintandrews.com.br\/wp-content\/uploads\/2024\/03\/cha-1-1024x624.webp 1024w, https:\/\/saintandrews.com.br\/wp-content\/uploads\/2024\/03\/cha-1-768x468.webp 768w, https:\/\/saintandrews.com.br\/wp-content\/uploads\/2024\/03\/cha-1-18x12.webp 18w, https:\/\/saintandrews.com.br\/wp-content\/uploads\/2024\/03\/cha-1-600x366.webp 600w, https:\/\/saintandrews.com.br\/wp-content\/uploads\/2024\/03\/cha-1.webp 1337w\" sizes=\"(max-width: 300px) 100vw, 300px\" \/><br \/>\n<span style=\"font-size: 8pt;\">Photo illustrative<\/span><\/p>\n<p>&nbsp;<\/p>\n<p><strong>Dur\u00e9e:<\/strong> Ce service dure 1 heure et 30 minutes.<\/p>\n<p><strong>Quand:<\/strong> Servi tous les jours \u00e0 17h.<\/p>\n<p><strong data-start=\"78\" data-end=\"98\">Environnement standard :<\/strong> Restaurant Primrose<br data-start=\"119\" data-end=\"122\" \/><strong data-start=\"122\" data-end=\"140\">Autres options\u00a0:<\/strong> Pour une exp\u00e9rience encore plus sp\u00e9ciale, le th\u00e9 de l&#039;apr\u00e8s-midi peut \u00eatre d\u00e9gust\u00e9 dans les cadres Pl\u00e1tanos, Belvedere ou Mirante \u2014 sous r\u00e9serve de disponibilit\u00e9 et moyennant un suppl\u00e9ment.<\/p>\n<p>&nbsp;<\/p>\n<p><span dir=\"auto\" style=\"vertical-align: inherit;\"><span dir=\"auto\" style=\"vertical-align: inherit;\">***<\/span><\/span><\/p>\n<p><span style=\"font-size: 10pt;\"><em><span style=\"color: #993300;\">\u2022 Apr\u00e8s avoir achet\u00e9 un service aupr\u00e8s de Saint Andrews et confirm\u00e9 le paiement, l&#039;un de nos concierges d\u00e9di\u00e9s vous contactera par t\u00e9l\u00e9phone pour vous informer des cr\u00e9neaux horaires disponibles \u00e0 la date choisie, vous assurant ainsi une r\u00e9servation avec un maximum de confort et d&#039;exclusivit\u00e9.<br \/>\n\u2022 \u00c0 la fin de la prestation, nous vous serions reconnaissants de bien vouloir prendre en consid\u00e9ration nos frais de service.<\/span><\/em><\/span><\/p>","protected":false},"excerpt":{"rendered":"<p>Savourez un th\u00e9 raffin\u00e9 l&#039;apr\u00e8s-midi, alliant tradition anglaise et saveurs r\u00e9gionales typiques. Servi \u00e0 17h, ce moment gourmand comprend une s\u00e9lection de th\u00e9s, des douceurs telles que quiches, sandwichs, p\u00e2tisseries, mignardises et le dessert signature du chef.<\/p>","protected":false},"featured_media":10078,"template":"","meta":{"_acf_changed":false},"product_brand":[],"product_cat":[229],"product_tag":[],"class_list":{"0":"post-9716","1":"product","2":"type-product","3":"status-publish","4":"has-post-thumbnail","6":"product_cat-gastronomia","8":"first","9":"instock","10":"virtual","11":"sold-individually","12":"taxable","13":"purchasable","14":"product-type-booking"},"acf":[],"yoast_head":"<!-- This site is optimized with the Yoast SEO plugin v27.2 - https:\/\/yoast.com\/product\/yoast-seo-wordpress\/ -->\n<title>Royal Afternoon Tea - Ch\u00e1 da Tarde - Castelo Saint Andrews<\/title>\n<meta name=\"description\" content=\"O Castelo Saint Andrews e o Restaurante Primrose oferecem o elegante Royal Afternoon Tea, que combina a tradi\u00e7\u00e3o inglesa com sabores regionais.\" \/>\n<meta name=\"robots\" content=\"index, follow, max-snippet:-1, max-image-preview:large, max-video-preview:-1\" \/>\n<link rel=\"canonical\" href=\"https:\/\/saintandrews.com.br\/fr\/produit\/the-royal-de-lapres-midi-the-anglais-de-lapres-midi\/\" \/>\n<meta property=\"og:locale\" content=\"fr_FR\" \/>\n<meta property=\"og:type\" content=\"article\" \/>\n<meta property=\"og:title\" content=\"Royal Afternoon Tea - Ch\u00e1 da Tarde - Castelo Saint Andrews\" \/>\n<meta property=\"og:description\" content=\"O Castelo Saint Andrews e o Restaurante Primrose oferecem o elegante Royal Afternoon Tea, que combina a tradi\u00e7\u00e3o inglesa com sabores regionais.\" \/>\n<meta property=\"og:url\" content=\"https:\/\/saintandrews.com.br\/fr\/produit\/the-royal-de-lapres-midi-the-anglais-de-lapres-midi\/\" \/>\n<meta property=\"og:site_name\" content=\"Castelo Saint Andrews\" \/>\n<meta property=\"article:modified_time\" content=\"2026-04-06T18:34:38+00:00\" \/>\n<meta property=\"og:image\" content=\"https:\/\/saintandrews.com.br\/wp-content\/uploads\/2024\/03\/cha-768x768-1.webp\" \/>\n\t<meta property=\"og:image:width\" content=\"768\" \/>\n\t<meta property=\"og:image:height\" content=\"768\" \/>\n\t<meta property=\"og:image:type\" content=\"image\/webp\" \/>\n<meta name=\"twitter:card\" content=\"summary_large_image\" \/>\n<meta name=\"twitter:label1\" content=\"Dur\u00e9e de lecture estim\u00e9e\" \/>\n\t<meta name=\"twitter:data1\" content=\"2 minutes\" \/>\n<script type=\"application\/ld+json\" class=\"yoast-schema-graph\">{\"@context\":\"https:\/\/schema.org\",\"@graph\":[{\"@type\":\"WebPage\",\"@id\":\"https:\/\/saintandrews.com.br\/produto\/royal-afternoon-tea-cha-da-tarde-ingles\/\",\"url\":\"https:\/\/saintandrews.com.br\/produto\/royal-afternoon-tea-cha-da-tarde-ingles\/\",\"name\":\"Royal Afternoon Tea - Ch\u00e1 da Tarde - Castelo Saint Andrews\",\"isPartOf\":{\"@id\":\"https:\/\/saintandrews.com.br\/#website\"},\"primaryImageOfPage\":{\"@id\":\"https:\/\/saintandrews.com.br\/produto\/royal-afternoon-tea-cha-da-tarde-ingles\/#primaryimage\"},\"image\":{\"@id\":\"https:\/\/saintandrews.com.br\/produto\/royal-afternoon-tea-cha-da-tarde-ingles\/#primaryimage\"},\"thumbnailUrl\":\"https:\/\/saintandrews.com.br\/wp-content\/uploads\/2024\/03\/cha-768x768-1.webp\",\"datePublished\":\"2024-01-03T04:00:39+00:00\",\"dateModified\":\"2026-04-06T18:34:38+00:00\",\"description\":\"O Castelo Saint Andrews e o Restaurante Primrose oferecem o elegante Royal Afternoon Tea, que combina a tradi\u00e7\u00e3o inglesa com sabores regionais.\",\"breadcrumb\":{\"@id\":\"https:\/\/saintandrews.com.br\/produto\/royal-afternoon-tea-cha-da-tarde-ingles\/#breadcrumb\"},\"inLanguage\":\"fr-FR\",\"potentialAction\":[{\"@type\":\"ReadAction\",\"target\":[\"https:\/\/saintandrews.com.br\/produto\/royal-afternoon-tea-cha-da-tarde-ingles\/\"]}]},{\"@type\":\"ImageObject\",\"inLanguage\":\"fr-FR\",\"@id\":\"https:\/\/saintandrews.com.br\/produto\/royal-afternoon-tea-cha-da-tarde-ingles\/#primaryimage\",\"url\":\"https:\/\/saintandrews.com.br\/wp-content\/uploads\/2024\/03\/cha-768x768-1.webp\",\"contentUrl\":\"https:\/\/saintandrews.com.br\/wp-content\/uploads\/2024\/03\/cha-768x768-1.webp\",\"width\":768,\"height\":768},{\"@type\":\"BreadcrumbList\",\"@id\":\"https:\/\/saintandrews.com.br\/produto\/royal-afternoon-tea-cha-da-tarde-ingles\/#breadcrumb\",\"itemListElement\":[{\"@type\":\"ListItem\",\"position\":1,\"name\":\"In\u00edcio\",\"item\":\"https:\/\/saintandrews.com.br\/\"},{\"@type\":\"ListItem\",\"position\":2,\"name\":\"Experi\u00eancias\",\"item\":\"https:\/\/saintandrews.com.br\/experiencias\/\"},{\"@type\":\"ListItem\",\"position\":3,\"name\":\"Royal Afternoon Tea &#8211; Ch\u00e1 da Tarde\"}]},{\"@type\":\"WebSite\",\"@id\":\"https:\/\/saintandrews.com.br\/#website\",\"url\":\"https:\/\/saintandrews.com.br\/\",\"name\":\"Castelo Saint Andrews\",\"description\":\"Seu hotel\u00a0em\u00a0Gramado\",\"publisher\":{\"@id\":\"https:\/\/saintandrews.com.br\/#organization\"},\"potentialAction\":[{\"@type\":\"SearchAction\",\"target\":{\"@type\":\"EntryPoint\",\"urlTemplate\":\"https:\/\/saintandrews.com.br\/?s={search_term_string}\"},\"query-input\":{\"@type\":\"PropertyValueSpecification\",\"valueRequired\":true,\"valueName\":\"search_term_string\"}}],\"inLanguage\":\"fr-FR\"},{\"@type\":\"Organization\",\"@id\":\"https:\/\/saintandrews.com.br\/#organization\",\"name\":\"Castelo Saint Andrews\",\"url\":\"https:\/\/saintandrews.com.br\/\",\"logo\":{\"@type\":\"ImageObject\",\"inLanguage\":\"fr-FR\",\"@id\":\"https:\/\/saintandrews.com.br\/#\/schema\/logo\/image\/\",\"url\":\"https:\/\/saintandrews.com.br\/wp-content\/uploads\/2024\/04\/Logo-SaintAndrews-Cabecalho-01-01.svg\",\"contentUrl\":\"https:\/\/saintandrews.com.br\/wp-content\/uploads\/2024\/04\/Logo-SaintAndrews-Cabecalho-01-01.svg\",\"width\":612.8999999999999772626324556767940521240234375,\"height\":167.5,\"caption\":\"Castelo Saint Andrews\"},\"image\":{\"@id\":\"https:\/\/saintandrews.com.br\/#\/schema\/logo\/image\/\"}}]}<\/script>\n<!-- \/ Yoast SEO plugin. -->","yoast_head_json":{"title":"Th\u00e9 royal de l&#039;apr\u00e8s-midi - Ch\u00e2teau de Saint Andrews","description":"Le ch\u00e2teau de Saint Andrews et le restaurant Primrose proposent l&#039;\u00e9l\u00e9gant Royal Afternoon Tea, qui allie tradition anglaise et saveurs r\u00e9gionales.","robots":{"index":"index","follow":"follow","max-snippet":"max-snippet:-1","max-image-preview":"max-image-preview:large","max-video-preview":"max-video-preview:-1"},"canonical":"https:\/\/saintandrews.com.br\/fr\/produit\/the-royal-de-lapres-midi-the-anglais-de-lapres-midi\/","og_locale":"fr_FR","og_type":"article","og_title":"Royal Afternoon Tea - Ch\u00e1 da Tarde - Castelo Saint Andrews","og_description":"O Castelo Saint Andrews e o Restaurante Primrose oferecem o elegante Royal Afternoon Tea, que combina a tradi\u00e7\u00e3o inglesa com sabores regionais.","og_url":"https:\/\/saintandrews.com.br\/fr\/produit\/the-royal-de-lapres-midi-the-anglais-de-lapres-midi\/","og_site_name":"Castelo Saint Andrews","article_modified_time":"2026-04-06T18:34:38+00:00","og_image":[{"width":768,"height":768,"url":"https:\/\/saintandrews.com.br\/wp-content\/uploads\/2024\/03\/cha-768x768-1.webp","type":"image\/webp"}],"twitter_card":"summary_large_image","twitter_misc":{"Dur\u00e9e de lecture estim\u00e9e":"2 minutes"},"schema":{"@context":"https:\/\/schema.org","@graph":[{"@type":"WebPage","@id":"https:\/\/saintandrews.com.br\/produto\/royal-afternoon-tea-cha-da-tarde-ingles\/","url":"https:\/\/saintandrews.com.br\/produto\/royal-afternoon-tea-cha-da-tarde-ingles\/","name":"Th\u00e9 royal de l&#039;apr\u00e8s-midi - Ch\u00e2teau de Saint Andrews","isPartOf":{"@id":"https:\/\/saintandrews.com.br\/#website"},"primaryImageOfPage":{"@id":"https:\/\/saintandrews.com.br\/produto\/royal-afternoon-tea-cha-da-tarde-ingles\/#primaryimage"},"image":{"@id":"https:\/\/saintandrews.com.br\/produto\/royal-afternoon-tea-cha-da-tarde-ingles\/#primaryimage"},"thumbnailUrl":"https:\/\/saintandrews.com.br\/wp-content\/uploads\/2024\/03\/cha-768x768-1.webp","datePublished":"2024-01-03T04:00:39+00:00","dateModified":"2026-04-06T18:34:38+00:00","description":"Le ch\u00e2teau de Saint Andrews et le restaurant Primrose proposent l&#039;\u00e9l\u00e9gant Royal Afternoon Tea, qui allie tradition anglaise et saveurs r\u00e9gionales.","breadcrumb":{"@id":"https:\/\/saintandrews.com.br\/produto\/royal-afternoon-tea-cha-da-tarde-ingles\/#breadcrumb"},"inLanguage":"fr-FR","potentialAction":[{"@type":"ReadAction","target":["https:\/\/saintandrews.com.br\/produto\/royal-afternoon-tea-cha-da-tarde-ingles\/"]}]},{"@type":"ImageObject","inLanguage":"fr-FR","@id":"https:\/\/saintandrews.com.br\/produto\/royal-afternoon-tea-cha-da-tarde-ingles\/#primaryimage","url":"https:\/\/saintandrews.com.br\/wp-content\/uploads\/2024\/03\/cha-768x768-1.webp","contentUrl":"https:\/\/saintandrews.com.br\/wp-content\/uploads\/2024\/03\/cha-768x768-1.webp","width":768,"height":768},{"@type":"BreadcrumbList","@id":"https:\/\/saintandrews.com.br\/produto\/royal-afternoon-tea-cha-da-tarde-ingles\/#breadcrumb","itemListElement":[{"@type":"ListItem","position":1,"name":"In\u00edcio","item":"https:\/\/saintandrews.com.br\/"},{"@type":"ListItem","position":2,"name":"Experi\u00eancias","item":"https:\/\/saintandrews.com.br\/experiencias\/"},{"@type":"ListItem","position":3,"name":"Royal Afternoon Tea &#8211; Ch\u00e1 da Tarde"}]},{"@type":"WebSite","@id":"https:\/\/saintandrews.com.br\/#website","url":"https:\/\/saintandrews.com.br\/","name":"Ch\u00e2teau de Saint Andrews","description":"Votre h\u00f4tel \u00e0 Gramado","publisher":{"@id":"https:\/\/saintandrews.com.br\/#organization"},"potentialAction":[{"@type":"SearchAction","target":{"@type":"EntryPoint","urlTemplate":"https:\/\/saintandrews.com.br\/?s={search_term_string}"},"query-input":{"@type":"PropertyValueSpecification","valueRequired":true,"valueName":"search_term_string"}}],"inLanguage":"fr-FR"},{"@type":"Organization","@id":"https:\/\/saintandrews.com.br\/#organization","name":"Ch\u00e2teau de Saint Andrews","url":"https:\/\/saintandrews.com.br\/","logo":{"@type":"ImageObject","inLanguage":"fr-FR","@id":"https:\/\/saintandrews.com.br\/#\/schema\/logo\/image\/","url":"https:\/\/saintandrews.com.br\/wp-content\/uploads\/2024\/04\/Logo-SaintAndrews-Cabecalho-01-01.svg","contentUrl":"https:\/\/saintandrews.com.br\/wp-content\/uploads\/2024\/04\/Logo-SaintAndrews-Cabecalho-01-01.svg","width":612.8999999999999772626324556767940521240234375,"height":167.5,"caption":"Castelo Saint Andrews"},"image":{"@id":"https:\/\/saintandrews.com.br\/#\/schema\/logo\/image\/"}}]}},"publishpress_future_action":{"enabled":false,"date":"2026-04-26 22:12:31","action":"change-status","newStatus":"draft","terms":[],"taxonomy":"product_brand","extraData":[]},"publishpress_future_workflow_manual_trigger":{"enabledWorkflows":[]},"_links":{"self":[{"href":"https:\/\/saintandrews.com.br\/fr\/wp-json\/wp\/v2\/product\/9716","targetHints":{"allow":["GET"]}}],"collection":[{"href":"https:\/\/saintandrews.com.br\/fr\/wp-json\/wp\/v2\/product"}],"about":[{"href":"https:\/\/saintandrews.com.br\/fr\/wp-json\/wp\/v2\/types\/product"}],"wp:featuredmedia":[{"embeddable":true,"href":"https:\/\/saintandrews.com.br\/fr\/wp-json\/wp\/v2\/media\/10078"}],"wp:attachment":[{"href":"https:\/\/saintandrews.com.br\/fr\/wp-json\/wp\/v2\/media?parent=9716"}],"wp:term":[{"taxonomy":"product_brand","embeddable":true,"href":"https:\/\/saintandrews.com.br\/fr\/wp-json\/wp\/v2\/product_brand?post=9716"},{"taxonomy":"product_cat","embeddable":true,"href":"https:\/\/saintandrews.com.br\/fr\/wp-json\/wp\/v2\/product_cat?post=9716"},{"taxonomy":"product_tag","embeddable":true,"href":"https:\/\/saintandrews.com.br\/fr\/wp-json\/wp\/v2\/product_tag?post=9716"}],"curies":[{"name":"wp","href":"https:\/\/api.w.org\/{rel}","templated":true}]}}