{"id":6588,"date":"2024-01-01T01:00:40","date_gmt":"2024-01-01T04:00:40","guid":{"rendered":"https:\/\/saintandrews.com.br\/index.php\/produto\/cafe-da-manha\/"},"modified":"2026-04-06T17:22:03","modified_gmt":"2026-04-06T20:22:03","slug":"etapes-du-petit-dejeuner","status":"publish","type":"product","link":"https:\/\/saintandrews.com.br\/fr\/produto\/cafe-da-manha-etapas\/","title":{"rendered":"Petit-d\u00e9jeuner \u2013 4 plats"},"content":{"rendered":"<p><strong>Commencez votre journ\u00e9e avec style au ch\u00e2teau de Saint Andrews.<\/strong><\/p>\n<p>Savourez un petit-d\u00e9jeuner d\u00e9gustation soigneusement \u00e9labor\u00e9, con\u00e7u pour vous offrir une exp\u00e9rience unique et m\u00e9morable. Choisissez le cadre id\u00e9al au sein de notre restaurant Primrose et laissez-vous charmer par les vues imprenables sur l&#039;embl\u00e9matique vall\u00e9e de Quilombo, ou par notre magnifique jardin et son lac.<\/p>\n<p><strong>Une exp\u00e9rience en 4 \u00e9tapes, con\u00e7ue pour 45 minutes \u00e0 1 heure de pur plaisir\u00a0:<\/strong><\/p>\n<p><strong>\u00c9tape 1 :<\/strong><\/p>\n<ul>\n<li>jus frais<\/li>\n<li>Yaourt<\/li>\n<li>Ch\u00e9ri<\/li>\n<li>C\u00e9r\u00e9ales<\/li>\n<li>Fruits de saison<\/li>\n<\/ul>\n<p><strong><br \/>\n2e \u00e9tape :<\/strong><\/p>\n<ul>\n<li>Caf\u00e9, lait ou th\u00e9<\/li>\n<li>Chocolat chaud ou froid<\/li>\n<\/ul>\n<p><strong><br \/>\n\u00c9tape 3\u00a0:<\/strong><\/p>\n<ul>\n<li>S\u00e9lection de pains assortis, baguettes et croissants.<\/li>\n<li>G\u00e2teaux, mignardises et muffins<\/li>\n<li>Confitures, beurre et dulce de leche<\/li>\n<li>fromages locaux et import\u00e9s<\/li>\n<li>Charcuterie s\u00e9lectionn\u00e9e<\/li>\n<\/ul>\n<p><strong><br \/>\n\u00c9tape 4\u00a0:<\/strong><\/p>\n<ul>\n<li>Plat du jour \u00e0 base d&#039;\u0153ufs (omelette, \u0153ufs brouill\u00e9s, \u0153uf parfait, entre autres)<\/li>\n<li>Dessert du jour, comme des gaufres ou des pancakes am\u00e9ricains, avec des variations quotidiennes.<\/li>\n<\/ul>\n<p>&nbsp;<\/p>\n<p><strong>Dur\u00e9e:<\/strong> Ce service dure 1 heure et 30 minutes.<br \/>\n<strong>Quand:<\/strong> Tous les jours \u00e0 partir de 8h.<\/p>\n<p>&nbsp;<\/p>\n<p>Offrez-vous des moments sublimes et commencez votre journ\u00e9e avec le raffinement et l&#039;exclusivit\u00e9 du ch\u00e2teau de Saint Andrews.<\/p>\n<p>&nbsp;<\/p>\n<p>***<\/p>\n<p><span style=\"font-size: 10pt;\"><em><span style=\"color: #993300;\">\u2022 Apr\u00e8s avoir achet\u00e9 un service aupr\u00e8s de Saint Andrews et confirm\u00e9 le paiement, l&#039;un de nos concierges d\u00e9di\u00e9s vous contactera par t\u00e9l\u00e9phone pour vous informer des cr\u00e9neaux horaires disponibles \u00e0 la date choisie, vous assurant ainsi une r\u00e9servation avec un maximum de confort et d&#039;exclusivit\u00e9.<br \/>\n\u2022 \u00c0 la fin de la prestation, nous vous serions reconnaissants de bien vouloir prendre en consid\u00e9ration nos frais de service.<\/span><\/em><\/span><\/p>","protected":false},"excerpt":{"rendered":"<p>Le petit-d\u00e9jeuner au Saint Andrews est une exp\u00e9rience gastronomique exclusive, servie \u00e0 la carte dans un cadre raffin\u00e9. Des ingr\u00e9dients soigneusement s\u00e9lectionn\u00e9s et pr\u00e9par\u00e9s avec des produits frais composent un menu sophistiqu\u00e9, personnalis\u00e9 selon les pr\u00e9f\u00e9rences des convives, qui profitent d&#039;une vue imprenable sur Gramado.<\/p>","protected":false},"featured_media":10084,"template":"","meta":{"_acf_changed":false},"product_brand":[],"product_cat":[229],"product_tag":[],"class_list":{"0":"post-6588","1":"product","2":"type-product","3":"status-publish","4":"has-post-thumbnail","6":"product_cat-gastronomia","8":"first","9":"instock","10":"virtual","11":"sold-individually","12":"taxable","13":"purchasable","14":"product-type-booking"},"acf":[],"yoast_head":"<!-- This site is optimized with the Yoast SEO plugin v27.2 - https:\/\/yoast.com\/product\/yoast-seo-wordpress\/ -->\n<title>Caf\u00e9 da manh\u00e3 - 4 Etapas - Castelo Saint Andrews<\/title>\n<meta name=\"description\" content=\"O caf\u00e9 da manh\u00e3 do Saint Andrews \u00e9 uma experi\u00eancia gastron\u00f4mica exclusiva, servida \u00e0 la carte em um ambiente refinado. Saiba mais.\" \/>\n<meta name=\"robots\" content=\"index, follow, max-snippet:-1, max-image-preview:large, max-video-preview:-1\" \/>\n<link rel=\"canonical\" href=\"https:\/\/saintandrews.com.br\/fr\/produit\/etapes-du-petit-dejeuner\/\" \/>\n<meta property=\"og:locale\" content=\"fr_FR\" \/>\n<meta property=\"og:type\" content=\"article\" \/>\n<meta property=\"og:title\" content=\"Caf\u00e9 da manh\u00e3 - 4 Etapas - Castelo Saint Andrews\" \/>\n<meta property=\"og:description\" content=\"O caf\u00e9 da manh\u00e3 do Saint Andrews \u00e9 uma experi\u00eancia gastron\u00f4mica exclusiva, servida \u00e0 la carte em um ambiente refinado. Saiba mais.\" \/>\n<meta property=\"og:url\" content=\"https:\/\/saintandrews.com.br\/fr\/produit\/etapes-du-petit-dejeuner\/\" \/>\n<meta property=\"og:site_name\" content=\"Castelo Saint Andrews\" \/>\n<meta property=\"article:modified_time\" content=\"2026-04-06T20:22:03+00:00\" \/>\n<meta property=\"og:image\" content=\"https:\/\/saintandrews.com.br\/wp-content\/uploads\/2024\/03\/cafe-768x768-1.webp\" \/>\n\t<meta property=\"og:image:width\" content=\"768\" \/>\n\t<meta property=\"og:image:height\" content=\"768\" \/>\n\t<meta property=\"og:image:type\" content=\"image\/webp\" \/>\n<meta name=\"twitter:card\" content=\"summary_large_image\" \/>\n<meta name=\"twitter:label1\" content=\"Dur\u00e9e de lecture estim\u00e9e\" \/>\n\t<meta name=\"twitter:data1\" content=\"2 minutes\" \/>\n<script type=\"application\/ld+json\" class=\"yoast-schema-graph\">{\"@context\":\"https:\/\/schema.org\",\"@graph\":[{\"@type\":\"WebPage\",\"@id\":\"https:\/\/saintandrews.com.br\/produto\/cafe-da-manha-etapas\/\",\"url\":\"https:\/\/saintandrews.com.br\/produto\/cafe-da-manha-etapas\/\",\"name\":\"Caf\u00e9 da manh\u00e3 - 4 Etapas - Castelo Saint Andrews\",\"isPartOf\":{\"@id\":\"https:\/\/saintandrews.com.br\/#website\"},\"primaryImageOfPage\":{\"@id\":\"https:\/\/saintandrews.com.br\/produto\/cafe-da-manha-etapas\/#primaryimage\"},\"image\":{\"@id\":\"https:\/\/saintandrews.com.br\/produto\/cafe-da-manha-etapas\/#primaryimage\"},\"thumbnailUrl\":\"https:\/\/saintandrews.com.br\/wp-content\/uploads\/2024\/03\/cafe-768x768-1.webp\",\"datePublished\":\"2024-01-01T04:00:40+00:00\",\"dateModified\":\"2026-04-06T20:22:03+00:00\",\"description\":\"O caf\u00e9 da manh\u00e3 do Saint Andrews \u00e9 uma experi\u00eancia gastron\u00f4mica exclusiva, servida \u00e0 la carte em um ambiente refinado. Saiba mais.\",\"breadcrumb\":{\"@id\":\"https:\/\/saintandrews.com.br\/produto\/cafe-da-manha-etapas\/#breadcrumb\"},\"inLanguage\":\"fr-FR\",\"potentialAction\":[{\"@type\":\"ReadAction\",\"target\":[\"https:\/\/saintandrews.com.br\/produto\/cafe-da-manha-etapas\/\"]}]},{\"@type\":\"ImageObject\",\"inLanguage\":\"fr-FR\",\"@id\":\"https:\/\/saintandrews.com.br\/produto\/cafe-da-manha-etapas\/#primaryimage\",\"url\":\"https:\/\/saintandrews.com.br\/wp-content\/uploads\/2024\/03\/cafe-768x768-1.webp\",\"contentUrl\":\"https:\/\/saintandrews.com.br\/wp-content\/uploads\/2024\/03\/cafe-768x768-1.webp\",\"width\":768,\"height\":768},{\"@type\":\"BreadcrumbList\",\"@id\":\"https:\/\/saintandrews.com.br\/produto\/cafe-da-manha-etapas\/#breadcrumb\",\"itemListElement\":[{\"@type\":\"ListItem\",\"position\":1,\"name\":\"In\u00edcio\",\"item\":\"https:\/\/saintandrews.com.br\/\"},{\"@type\":\"ListItem\",\"position\":2,\"name\":\"Experi\u00eancias\",\"item\":\"https:\/\/saintandrews.com.br\/experiencias\/\"},{\"@type\":\"ListItem\",\"position\":3,\"name\":\"Caf\u00e9 da manh\u00e3 &#8211; 4 Etapas\"}]},{\"@type\":\"WebSite\",\"@id\":\"https:\/\/saintandrews.com.br\/#website\",\"url\":\"https:\/\/saintandrews.com.br\/\",\"name\":\"Castelo Saint Andrews\",\"description\":\"Seu hotel\u00a0em\u00a0Gramado\",\"publisher\":{\"@id\":\"https:\/\/saintandrews.com.br\/#organization\"},\"potentialAction\":[{\"@type\":\"SearchAction\",\"target\":{\"@type\":\"EntryPoint\",\"urlTemplate\":\"https:\/\/saintandrews.com.br\/?s={search_term_string}\"},\"query-input\":{\"@type\":\"PropertyValueSpecification\",\"valueRequired\":true,\"valueName\":\"search_term_string\"}}],\"inLanguage\":\"fr-FR\"},{\"@type\":\"Organization\",\"@id\":\"https:\/\/saintandrews.com.br\/#organization\",\"name\":\"Castelo Saint Andrews\",\"url\":\"https:\/\/saintandrews.com.br\/\",\"logo\":{\"@type\":\"ImageObject\",\"inLanguage\":\"fr-FR\",\"@id\":\"https:\/\/saintandrews.com.br\/#\/schema\/logo\/image\/\",\"url\":\"https:\/\/saintandrews.com.br\/wp-content\/uploads\/2024\/04\/Logo-SaintAndrews-Cabecalho-01-01.svg\",\"contentUrl\":\"https:\/\/saintandrews.com.br\/wp-content\/uploads\/2024\/04\/Logo-SaintAndrews-Cabecalho-01-01.svg\",\"width\":612.8999999999999772626324556767940521240234375,\"height\":167.5,\"caption\":\"Castelo Saint Andrews\"},\"image\":{\"@id\":\"https:\/\/saintandrews.com.br\/#\/schema\/logo\/image\/\"}}]}<\/script>\n<!-- \/ Yoast SEO plugin. -->","yoast_head_json":{"title":"Petit-d\u00e9jeuner - 4 plats - Ch\u00e2teau de Saint Andrews","description":"Le petit-d\u00e9jeuner au Saint Andrews est une exp\u00e9rience gastronomique exclusive, servie \u00e0 la carte dans un cadre raffin\u00e9. En savoir plus.","robots":{"index":"index","follow":"follow","max-snippet":"max-snippet:-1","max-image-preview":"max-image-preview:large","max-video-preview":"max-video-preview:-1"},"canonical":"https:\/\/saintandrews.com.br\/fr\/produit\/etapes-du-petit-dejeuner\/","og_locale":"fr_FR","og_type":"article","og_title":"Caf\u00e9 da manh\u00e3 - 4 Etapas - Castelo Saint Andrews","og_description":"O caf\u00e9 da manh\u00e3 do Saint Andrews \u00e9 uma experi\u00eancia gastron\u00f4mica exclusiva, servida \u00e0 la carte em um ambiente refinado. Saiba mais.","og_url":"https:\/\/saintandrews.com.br\/fr\/produit\/etapes-du-petit-dejeuner\/","og_site_name":"Castelo Saint Andrews","article_modified_time":"2026-04-06T20:22:03+00:00","og_image":[{"width":768,"height":768,"url":"https:\/\/saintandrews.com.br\/wp-content\/uploads\/2024\/03\/cafe-768x768-1.webp","type":"image\/webp"}],"twitter_card":"summary_large_image","twitter_misc":{"Dur\u00e9e de lecture estim\u00e9e":"2 minutes"},"schema":{"@context":"https:\/\/schema.org","@graph":[{"@type":"WebPage","@id":"https:\/\/saintandrews.com.br\/produto\/cafe-da-manha-etapas\/","url":"https:\/\/saintandrews.com.br\/produto\/cafe-da-manha-etapas\/","name":"Petit-d\u00e9jeuner - 4 plats - Ch\u00e2teau de Saint Andrews","isPartOf":{"@id":"https:\/\/saintandrews.com.br\/#website"},"primaryImageOfPage":{"@id":"https:\/\/saintandrews.com.br\/produto\/cafe-da-manha-etapas\/#primaryimage"},"image":{"@id":"https:\/\/saintandrews.com.br\/produto\/cafe-da-manha-etapas\/#primaryimage"},"thumbnailUrl":"https:\/\/saintandrews.com.br\/wp-content\/uploads\/2024\/03\/cafe-768x768-1.webp","datePublished":"2024-01-01T04:00:40+00:00","dateModified":"2026-04-06T20:22:03+00:00","description":"Le petit-d\u00e9jeuner au Saint Andrews est une exp\u00e9rience gastronomique exclusive, servie \u00e0 la carte dans un cadre raffin\u00e9. En savoir plus.","breadcrumb":{"@id":"https:\/\/saintandrews.com.br\/produto\/cafe-da-manha-etapas\/#breadcrumb"},"inLanguage":"fr-FR","potentialAction":[{"@type":"ReadAction","target":["https:\/\/saintandrews.com.br\/produto\/cafe-da-manha-etapas\/"]}]},{"@type":"ImageObject","inLanguage":"fr-FR","@id":"https:\/\/saintandrews.com.br\/produto\/cafe-da-manha-etapas\/#primaryimage","url":"https:\/\/saintandrews.com.br\/wp-content\/uploads\/2024\/03\/cafe-768x768-1.webp","contentUrl":"https:\/\/saintandrews.com.br\/wp-content\/uploads\/2024\/03\/cafe-768x768-1.webp","width":768,"height":768},{"@type":"BreadcrumbList","@id":"https:\/\/saintandrews.com.br\/produto\/cafe-da-manha-etapas\/#breadcrumb","itemListElement":[{"@type":"ListItem","position":1,"name":"In\u00edcio","item":"https:\/\/saintandrews.com.br\/"},{"@type":"ListItem","position":2,"name":"Experi\u00eancias","item":"https:\/\/saintandrews.com.br\/experiencias\/"},{"@type":"ListItem","position":3,"name":"Caf\u00e9 da manh\u00e3 &#8211; 4 Etapas"}]},{"@type":"WebSite","@id":"https:\/\/saintandrews.com.br\/#website","url":"https:\/\/saintandrews.com.br\/","name":"Ch\u00e2teau de Saint Andrews","description":"Votre h\u00f4tel \u00e0 Gramado","publisher":{"@id":"https:\/\/saintandrews.com.br\/#organization"},"potentialAction":[{"@type":"SearchAction","target":{"@type":"EntryPoint","urlTemplate":"https:\/\/saintandrews.com.br\/?s={search_term_string}"},"query-input":{"@type":"PropertyValueSpecification","valueRequired":true,"valueName":"search_term_string"}}],"inLanguage":"fr-FR"},{"@type":"Organization","@id":"https:\/\/saintandrews.com.br\/#organization","name":"Ch\u00e2teau de Saint Andrews","url":"https:\/\/saintandrews.com.br\/","logo":{"@type":"ImageObject","inLanguage":"fr-FR","@id":"https:\/\/saintandrews.com.br\/#\/schema\/logo\/image\/","url":"https:\/\/saintandrews.com.br\/wp-content\/uploads\/2024\/04\/Logo-SaintAndrews-Cabecalho-01-01.svg","contentUrl":"https:\/\/saintandrews.com.br\/wp-content\/uploads\/2024\/04\/Logo-SaintAndrews-Cabecalho-01-01.svg","width":612.8999999999999772626324556767940521240234375,"height":167.5,"caption":"Castelo Saint Andrews"},"image":{"@id":"https:\/\/saintandrews.com.br\/#\/schema\/logo\/image\/"}}]}},"publishpress_future_action":{"enabled":false,"date":"2026-04-28 10:32:23","action":"change-status","newStatus":"draft","terms":[],"taxonomy":"product_brand","extraData":[]},"publishpress_future_workflow_manual_trigger":{"enabledWorkflows":[]},"_links":{"self":[{"href":"https:\/\/saintandrews.com.br\/fr\/wp-json\/wp\/v2\/product\/6588","targetHints":{"allow":["GET"]}}],"collection":[{"href":"https:\/\/saintandrews.com.br\/fr\/wp-json\/wp\/v2\/product"}],"about":[{"href":"https:\/\/saintandrews.com.br\/fr\/wp-json\/wp\/v2\/types\/product"}],"wp:featuredmedia":[{"embeddable":true,"href":"https:\/\/saintandrews.com.br\/fr\/wp-json\/wp\/v2\/media\/10084"}],"wp:attachment":[{"href":"https:\/\/saintandrews.com.br\/fr\/wp-json\/wp\/v2\/media?parent=6588"}],"wp:term":[{"taxonomy":"product_brand","embeddable":true,"href":"https:\/\/saintandrews.com.br\/fr\/wp-json\/wp\/v2\/product_brand?post=6588"},{"taxonomy":"product_cat","embeddable":true,"href":"https:\/\/saintandrews.com.br\/fr\/wp-json\/wp\/v2\/product_cat?post=6588"},{"taxonomy":"product_tag","embeddable":true,"href":"https:\/\/saintandrews.com.br\/fr\/wp-json\/wp\/v2\/product_tag?post=6588"}],"curies":[{"name":"wp","href":"https:\/\/api.w.org\/{rel}","templated":true}]}}