{"id":24701,"date":"2026-04-03T09:13:30","date_gmt":"2026-04-03T12:13:30","guid":{"rendered":"https:\/\/saintandrews.com.br\/?post_type=product&#038;p=24701"},"modified":"2026-04-17T14:50:45","modified_gmt":"2026-04-17T17:50:45","slug":"diner-de-la-saint-valentin","status":"publish","type":"product","link":"https:\/\/saintandrews.com.br\/fr\/produto\/jantar-mes-dos-namorados\/","title":{"rendered":"Juin<br>D\u00eener harmonis\u00e9<br>Le mois de la Saint-Valentin"},"content":{"rendered":"<p>Uma experi\u00eancia pensada para celebrar o amor em sua forma mais delicada e envolvente. Durante todo o m\u00eas de junho, este jantar convida a momentos de conex\u00e3o, onde cada detalhe foi cuidadosamente elaborado para criar uma atmosfera acolhedora, intimista e memor\u00e1vel.<\/p>\n<p>Entre sabores harmoniosos e sutilezas que despertam os sentidos, a noite se transforma em um encontro especial \u2014 perfeito para brindar, compartilhar e viver o prazer de estar junto.<\/p>\n<p>&nbsp;<\/p>\n<p>MENU<\/p>\n<p><span style=\"font-size: 10pt;\"><strong>Amuse-bouche<\/strong><\/span><br \/>\n<span style=\"font-weight: 400; font-size: 12pt;\">Velout\u00e9 de pinh\u00e3o e crisps de presunto cru<\/span><\/p>\n<p>&nbsp;<\/p>\n<p><span style=\"font-size: 10pt;\"><strong>Entrada<\/strong><\/span><br \/>\n<span style=\"font-size: 14pt;\"><span style=\"font-size: 12pt;\">Buqu\u00ea de folhas da nossa horta com brie morno e geleia de pimenta dedo-de-mo\u00e7a, perfumada com especiarias<\/span><br \/>\n<strong><span style=\"font-size: 10pt;\">Harmoniza\u00e7\u00e3o: <\/span><\/strong><em><span style=\"font-size: 12pt;\">[FRA] Vinho branco Fichet Bourgogne Aligot\u00e9 2022<\/span><br \/>\n<\/em><br \/>\n<\/span><\/p>\n<p><span style=\"font-size: 10pt;\"><strong>Prato principal<\/strong><\/span><br \/>\n<span style=\"font-size: 14pt;\"><span style=\"font-size: 12pt;\">Camar\u00f5es com legumes em julienne ao molho de ostras<\/span><br \/>\n<strong><span style=\"font-size: 10pt;\">Harmoniza\u00e7\u00e3o: <\/span><\/strong><em><span style=\"font-size: 12pt;\">[ITA] Vinho branco Garofoli Verdicchio dei Castelli di Jesi Classico 2020<\/span><br \/>\n<\/em><br \/>\n<\/span><\/p>\n<p><strong><span style=\"font-size: 10pt;\">Sobremesa<\/span><\/strong><br \/>\n<span style=\"font-size: 14pt;\"><span style=\"font-size: 12pt;\">Brownie com sorvete de banana e coulis de maracuj\u00e1<\/span><br \/>\n<strong><span style=\"font-size: 10pt;\">Harmoniza\u00e7\u00e3o: <\/span><\/strong><span style=\"font-size: 12pt;\"><em>[POR] Vinho fortificado Taylor\u2019s Port Fine Ruby<\/em><\/span><br \/>\n<\/span><\/p>\n<p>&nbsp;<\/p>\n<p>Para finalizar a experi\u00eancia, ser\u00e3o servidos caf\u00e9, ch\u00e1s e mignardises Saint Andrews.<\/p>\n<p>&nbsp;<\/p>\n<p><strong>Pre\u00e7o do jantar por pessoa:<\/strong><\/p>\n<p><strong>Dura\u00e7\u00e3o:<\/strong> Esse servi\u00e7o tem dura\u00e7\u00e3o de 2h.<\/p>\n<p><strong>Quando:<\/strong> Todos os dias do m\u00eas de junho a partir das 19h30<\/p>\n<p>&nbsp;<\/p>\n<p><span style=\"font-size: 10pt;\">*O menu e o valor poder\u00e3o sofrer altera\u00e7\u00f5es sem aviso pr\u00e9vio.<br \/>\n*Imagem meramente ilustrativa.<\/span><\/p>\n<p>&nbsp;<\/p>\n<p><strong>Op\u00e7\u00e3o sem harmoniza\u00e7\u00e3o:<br \/>\n<\/strong>As harmoniza\u00e7\u00f5es poder\u00e3o ser escolhidas \u00e0 parte, permitindo que cada convidado personalize sua experi\u00eancia de acordo com suas prefer\u00eancias.<\/p>\n<p>&nbsp;<\/p>\n<p>***<\/p>\n<p><span style=\"font-size: 10pt;\"><em><span style=\"color: #993300;\">\u2022 Ap\u00f3s a aquisi\u00e7\u00e3o de qualquer servi\u00e7o do Saint Andrews e a confirma\u00e7\u00e3o do pagamento, um de nossos dedicados concierges entrar\u00e1 em contato por telefone para informar os hor\u00e1rios dispon\u00edveis na data selecionada, garantindo que seu agendamento seja realizado com a m\u00e1xima conveni\u00eancia e exclusividade.<br \/>\n\u2022 Ao final do atendimento, ficaremos agradecidos se considerar nossa taxa de servi\u00e7o.<\/span><\/em><\/span><\/p>\n","protected":false},"excerpt":{"rendered":"<p>Entre des saveurs harmonieuses et des subtilit\u00e9s qui \u00e9veillent les sens, la nuit se transforme en une rencontre privil\u00e9gi\u00e9e \u2013 id\u00e9ale pour trinquer, partager et savourer le plaisir d&#039;\u00eatre ensemble.<\/p>","protected":false},"featured_media":24702,"template":"","meta":{"_acf_changed":false},"product_brand":[],"product_cat":[228],"product_tag":[320],"class_list":{"0":"post-24701","1":"product","2":"type-product","3":"status-publish","4":"has-post-thumbnail","6":"product_cat-festivais","7":"product_tag-layout-gastronomia-especial","9":"first","10":"instock","11":"virtual","12":"sold-individually","13":"taxable","14":"purchasable","15":"product-type-booking"},"acf":[],"yoast_head":"<!-- This site is optimized with the Yoast SEO plugin v27.2 - https:\/\/yoast.com\/product\/yoast-seo-wordpress\/ -->\n<title>JunhoJantar HarmonizadoM\u00eas dos Namorados - Castelo Saint Andrews<\/title>\n<meta name=\"description\" content=\"O Menu Candle Light oferece uma experi\u00eancia enogastron\u00f4mica inesquec\u00edvel para casais apaixonados no Castelo Saint Andrews.\" \/>\n<meta name=\"robots\" content=\"index, follow, max-snippet:-1, max-image-preview:large, max-video-preview:-1\" \/>\n<link rel=\"canonical\" href=\"https:\/\/saintandrews.com.br\/fr\/produit\/diner-de-la-saint-valentin\/\" \/>\n<meta property=\"og:locale\" content=\"fr_FR\" \/>\n<meta property=\"og:type\" content=\"article\" \/>\n<meta property=\"og:title\" content=\"JunhoJantar HarmonizadoM\u00eas dos Namorados - Castelo Saint Andrews\" \/>\n<meta property=\"og:description\" content=\"O Menu Candle Light oferece uma experi\u00eancia enogastron\u00f4mica inesquec\u00edvel para casais apaixonados no Castelo Saint Andrews.\" \/>\n<meta property=\"og:url\" content=\"https:\/\/saintandrews.com.br\/fr\/produit\/diner-de-la-saint-valentin\/\" \/>\n<meta property=\"og:site_name\" content=\"Castelo Saint Andrews\" \/>\n<meta property=\"article:modified_time\" content=\"2026-04-17T17:50:45+00:00\" \/>\n<meta property=\"og:image\" content=\"https:\/\/saintandrews.com.br\/wp-content\/uploads\/2026\/04\/mes-namorados.webp\" \/>\n\t<meta property=\"og:image:width\" content=\"1000\" \/>\n\t<meta property=\"og:image:height\" content=\"1000\" \/>\n\t<meta property=\"og:image:type\" content=\"image\/webp\" \/>\n<meta name=\"twitter:card\" content=\"summary_large_image\" \/>\n<meta name=\"twitter:label1\" content=\"Dur\u00e9e de lecture estim\u00e9e\" \/>\n\t<meta name=\"twitter:data1\" content=\"2 minutes\" \/>\n<script type=\"application\/ld+json\" class=\"yoast-schema-graph\">{\"@context\":\"https:\/\/schema.org\",\"@graph\":[{\"@type\":\"WebPage\",\"@id\":\"https:\/\/saintandrews.com.br\/produto\/jantar-mes-dos-namorados\/\",\"url\":\"https:\/\/saintandrews.com.br\/produto\/jantar-mes-dos-namorados\/\",\"name\":\"Junho Jantar Harmonizado M\u00eas dos Namorados - Castelo Saint Andrews\",\"isPartOf\":{\"@id\":\"https:\/\/saintandrews.com.br\/#website\"},\"primaryImageOfPage\":{\"@id\":\"https:\/\/saintandrews.com.br\/produto\/jantar-mes-dos-namorados\/#primaryimage\"},\"image\":{\"@id\":\"https:\/\/saintandrews.com.br\/produto\/jantar-mes-dos-namorados\/#primaryimage\"},\"thumbnailUrl\":\"https:\/\/saintandrews.com.br\/wp-content\/uploads\/2026\/04\/mes-namorados.webp\",\"datePublished\":\"2026-04-03T12:13:30+00:00\",\"dateModified\":\"2026-04-17T17:50:45+00:00\",\"description\":\"O Menu Candle Light oferece uma experi\u00eancia enogastron\u00f4mica inesquec\u00edvel para casais apaixonados no Castelo Saint Andrews.\",\"breadcrumb\":{\"@id\":\"https:\/\/saintandrews.com.br\/produto\/jantar-mes-dos-namorados\/#breadcrumb\"},\"inLanguage\":\"fr-FR\",\"potentialAction\":[{\"@type\":\"ReadAction\",\"target\":[\"https:\/\/saintandrews.com.br\/produto\/jantar-mes-dos-namorados\/\"]}]},{\"@type\":\"ImageObject\",\"inLanguage\":\"fr-FR\",\"@id\":\"https:\/\/saintandrews.com.br\/produto\/jantar-mes-dos-namorados\/#primaryimage\",\"url\":\"https:\/\/saintandrews.com.br\/wp-content\/uploads\/2026\/04\/mes-namorados.webp\",\"contentUrl\":\"https:\/\/saintandrews.com.br\/wp-content\/uploads\/2026\/04\/mes-namorados.webp\",\"width\":1000,\"height\":1000},{\"@type\":\"BreadcrumbList\",\"@id\":\"https:\/\/saintandrews.com.br\/produto\/jantar-mes-dos-namorados\/#breadcrumb\",\"itemListElement\":[{\"@type\":\"ListItem\",\"position\":1,\"name\":\"In\u00edcio\",\"item\":\"https:\/\/saintandrews.com.br\/\"},{\"@type\":\"ListItem\",\"position\":2,\"name\":\"Experi\u00eancias\",\"item\":\"https:\/\/saintandrews.com.br\/experiencias\/\"},{\"@type\":\"ListItem\",\"position\":3,\"name\":\"JunhoJantar HarmonizadoM\u00eas dos Namorados\"}]},{\"@type\":\"WebSite\",\"@id\":\"https:\/\/saintandrews.com.br\/#website\",\"url\":\"https:\/\/saintandrews.com.br\/\",\"name\":\"Castelo Saint Andrews\",\"description\":\"Seu hotel\u00a0em\u00a0Gramado\",\"publisher\":{\"@id\":\"https:\/\/saintandrews.com.br\/#organization\"},\"potentialAction\":[{\"@type\":\"SearchAction\",\"target\":{\"@type\":\"EntryPoint\",\"urlTemplate\":\"https:\/\/saintandrews.com.br\/?s={search_term_string}\"},\"query-input\":{\"@type\":\"PropertyValueSpecification\",\"valueRequired\":true,\"valueName\":\"search_term_string\"}}],\"inLanguage\":\"fr-FR\"},{\"@type\":\"Organization\",\"@id\":\"https:\/\/saintandrews.com.br\/#organization\",\"name\":\"Castelo Saint Andrews\",\"url\":\"https:\/\/saintandrews.com.br\/\",\"logo\":{\"@type\":\"ImageObject\",\"inLanguage\":\"fr-FR\",\"@id\":\"https:\/\/saintandrews.com.br\/#\/schema\/logo\/image\/\",\"url\":\"https:\/\/saintandrews.com.br\/wp-content\/uploads\/2024\/04\/Logo-SaintAndrews-Cabecalho-01-01.svg\",\"contentUrl\":\"https:\/\/saintandrews.com.br\/wp-content\/uploads\/2024\/04\/Logo-SaintAndrews-Cabecalho-01-01.svg\",\"width\":612.8999999999999772626324556767940521240234375,\"height\":167.5,\"caption\":\"Castelo Saint Andrews\"},\"image\":{\"@id\":\"https:\/\/saintandrews.com.br\/#\/schema\/logo\/image\/\"}}]}<\/script>\n<!-- \/ Yoast SEO plugin. -->","yoast_head_json":{"title":"Juin - Mois de la Saint-Valentin D\u00eener harmonieux - Ch\u00e2teau de Saint Andrews","description":"Le menu \u00ab\u00a0D\u00eener aux chandelles\u00a0\u00bb propose une exp\u00e9rience gastronomique et \u0153nologique inoubliable aux couples amoureux au ch\u00e2teau de Saint Andrews.","robots":{"index":"index","follow":"follow","max-snippet":"max-snippet:-1","max-image-preview":"max-image-preview:large","max-video-preview":"max-video-preview:-1"},"canonical":"https:\/\/saintandrews.com.br\/fr\/produit\/diner-de-la-saint-valentin\/","og_locale":"fr_FR","og_type":"article","og_title":"JunhoJantar HarmonizadoM\u00eas dos Namorados - Castelo Saint Andrews","og_description":"O Menu Candle Light oferece uma experi\u00eancia enogastron\u00f4mica inesquec\u00edvel para casais apaixonados no Castelo Saint Andrews.","og_url":"https:\/\/saintandrews.com.br\/fr\/produit\/diner-de-la-saint-valentin\/","og_site_name":"Castelo Saint Andrews","article_modified_time":"2026-04-17T17:50:45+00:00","og_image":[{"width":1000,"height":1000,"url":"https:\/\/saintandrews.com.br\/wp-content\/uploads\/2026\/04\/mes-namorados.webp","type":"image\/webp"}],"twitter_card":"summary_large_image","twitter_misc":{"Dur\u00e9e de lecture estim\u00e9e":"2 minutes"},"schema":{"@context":"https:\/\/schema.org","@graph":[{"@type":"WebPage","@id":"https:\/\/saintandrews.com.br\/produto\/jantar-mes-dos-namorados\/","url":"https:\/\/saintandrews.com.br\/produto\/jantar-mes-dos-namorados\/","name":"D\u00eener harmonieux du mois de la Saint-Valentin en juin - Ch\u00e2teau de Saint Andrews","isPartOf":{"@id":"https:\/\/saintandrews.com.br\/#website"},"primaryImageOfPage":{"@id":"https:\/\/saintandrews.com.br\/produto\/jantar-mes-dos-namorados\/#primaryimage"},"image":{"@id":"https:\/\/saintandrews.com.br\/produto\/jantar-mes-dos-namorados\/#primaryimage"},"thumbnailUrl":"https:\/\/saintandrews.com.br\/wp-content\/uploads\/2026\/04\/mes-namorados.webp","datePublished":"2026-04-03T12:13:30+00:00","dateModified":"2026-04-17T17:50:45+00:00","description":"Le menu \u00ab\u00a0D\u00eener aux chandelles\u00a0\u00bb propose une exp\u00e9rience gastronomique et \u0153nologique inoubliable aux couples amoureux au ch\u00e2teau de Saint Andrews.","breadcrumb":{"@id":"https:\/\/saintandrews.com.br\/produto\/jantar-mes-dos-namorados\/#breadcrumb"},"inLanguage":"fr-FR","potentialAction":[{"@type":"ReadAction","target":["https:\/\/saintandrews.com.br\/produto\/jantar-mes-dos-namorados\/"]}]},{"@type":"ImageObject","inLanguage":"fr-FR","@id":"https:\/\/saintandrews.com.br\/produto\/jantar-mes-dos-namorados\/#primaryimage","url":"https:\/\/saintandrews.com.br\/wp-content\/uploads\/2026\/04\/mes-namorados.webp","contentUrl":"https:\/\/saintandrews.com.br\/wp-content\/uploads\/2026\/04\/mes-namorados.webp","width":1000,"height":1000},{"@type":"BreadcrumbList","@id":"https:\/\/saintandrews.com.br\/produto\/jantar-mes-dos-namorados\/#breadcrumb","itemListElement":[{"@type":"ListItem","position":1,"name":"In\u00edcio","item":"https:\/\/saintandrews.com.br\/"},{"@type":"ListItem","position":2,"name":"Experi\u00eancias","item":"https:\/\/saintandrews.com.br\/experiencias\/"},{"@type":"ListItem","position":3,"name":"JunhoJantar HarmonizadoM\u00eas dos Namorados"}]},{"@type":"WebSite","@id":"https:\/\/saintandrews.com.br\/#website","url":"https:\/\/saintandrews.com.br\/","name":"Ch\u00e2teau de Saint Andrews","description":"Votre h\u00f4tel \u00e0 Gramado","publisher":{"@id":"https:\/\/saintandrews.com.br\/#organization"},"potentialAction":[{"@type":"SearchAction","target":{"@type":"EntryPoint","urlTemplate":"https:\/\/saintandrews.com.br\/?s={search_term_string}"},"query-input":{"@type":"PropertyValueSpecification","valueRequired":true,"valueName":"search_term_string"}}],"inLanguage":"fr-FR"},{"@type":"Organization","@id":"https:\/\/saintandrews.com.br\/#organization","name":"Ch\u00e2teau de Saint Andrews","url":"https:\/\/saintandrews.com.br\/","logo":{"@type":"ImageObject","inLanguage":"fr-FR","@id":"https:\/\/saintandrews.com.br\/#\/schema\/logo\/image\/","url":"https:\/\/saintandrews.com.br\/wp-content\/uploads\/2024\/04\/Logo-SaintAndrews-Cabecalho-01-01.svg","contentUrl":"https:\/\/saintandrews.com.br\/wp-content\/uploads\/2024\/04\/Logo-SaintAndrews-Cabecalho-01-01.svg","width":612.8999999999999772626324556767940521240234375,"height":167.5,"caption":"Castelo Saint Andrews"},"image":{"@id":"https:\/\/saintandrews.com.br\/#\/schema\/logo\/image\/"}}]}},"publishpress_future_action":{"enabled":true,"date":"2026-05-29 18:00:00","action":"change-status","newStatus":"publish","terms":[0],"taxonomy":"product_brand","extraData":[]},"publishpress_future_workflow_manual_trigger":{"enabledWorkflows":[]},"_links":{"self":[{"href":"https:\/\/saintandrews.com.br\/fr\/wp-json\/wp\/v2\/product\/24701","targetHints":{"allow":["GET"]}}],"collection":[{"href":"https:\/\/saintandrews.com.br\/fr\/wp-json\/wp\/v2\/product"}],"about":[{"href":"https:\/\/saintandrews.com.br\/fr\/wp-json\/wp\/v2\/types\/product"}],"wp:featuredmedia":[{"embeddable":true,"href":"https:\/\/saintandrews.com.br\/fr\/wp-json\/wp\/v2\/media\/24702"}],"wp:attachment":[{"href":"https:\/\/saintandrews.com.br\/fr\/wp-json\/wp\/v2\/media?parent=24701"}],"wp:term":[{"taxonomy":"product_brand","embeddable":true,"href":"https:\/\/saintandrews.com.br\/fr\/wp-json\/wp\/v2\/product_brand?post=24701"},{"taxonomy":"product_cat","embeddable":true,"href":"https:\/\/saintandrews.com.br\/fr\/wp-json\/wp\/v2\/product_cat?post=24701"},{"taxonomy":"product_tag","embeddable":true,"href":"https:\/\/saintandrews.com.br\/fr\/wp-json\/wp\/v2\/product_tag?post=24701"}],"curies":[{"name":"wp","href":"https:\/\/api.w.org\/{rel}","templated":true}]}}