{"id":24700,"date":"2026-04-03T09:16:28","date_gmt":"2026-04-03T12:16:28","guid":{"rendered":"https:\/\/saintandrews.com.br\/?post_type=product&#038;p=24700"},"modified":"2026-05-04T16:40:42","modified_gmt":"2026-05-04T19:40:42","slug":"diner-de-la-saint-valentin-le-12-juin-2026","status":"publish","type":"product","link":"https:\/\/saintandrews.com.br\/fr\/produto\/12-de-junho-de-2026-jantar-dia-dos-namorados\/","title":{"rendered":"12 juin 2026<br>D\u00eener harmonis\u00e9<br>Saint Valentin"},"content":{"rendered":"<p>Uma noite criada para celebrar o amor em sua forma mais intensa e inesquec\u00edvel. No Dia dos Namorados, cada detalhe \u00e9 pensado para transformar o momento em uma experi\u00eancia \u00fanica, onde eleg\u00e2ncia, sensibilidade e romantismo se encontram.<\/p>\n<p>Em um ambiente intimista e acolhedor, a gastronomia conduz a noite com sutileza e encanto, criando a atmosfera perfeita para brindar o amor e eternizar mem\u00f3rias a dois.<\/p>\n<p>&nbsp;<\/p>\n<p>MENU<\/p>\n<p><span style=\"font-size: 10pt;\"><strong>Amuse-bouche<\/strong><\/span><br \/>\nCappuccino cremoso de cenoura levemente picante com espuma de gengibre<\/p>\n<p>&nbsp;<\/p>\n<p><span style=\"font-size: 10pt;\"><strong>Entrada<\/strong><\/span><br \/>\n<span style=\"font-size: 14pt;\"><span style=\"font-size: 12pt;\">Buqu\u00ea de folhas da nossa horta com queijo brie morno e geleia de lim\u00e3o e dedo-de-mo\u00e7a<\/span><br \/>\n<strong><span style=\"font-size: 10pt;\">Harmoniza\u00e7\u00e3o: <\/span><\/strong><em><span style=\"font-size: 12pt;\">[FRA] Vinho branco Fichet Bourgogne Aligot\u00e9 2022<\/span><br \/>\n<\/em><br \/>\n<\/span><\/p>\n<p><span style=\"font-size: 10pt;\"><strong>Primeiro prato<\/strong><\/span><br \/>\n<span style=\"font-size: 14pt;\"><span style=\"font-size: 12pt;\">Camar\u00f5es ao molho oriental com legumes org\u00e2nico grelhados, farofa de amendoim e castanha de caju<\/span><br \/>\n<strong><span style=\"font-size: 10pt;\">Harmoniza\u00e7\u00e3o: <\/span><\/strong><em><span style=\"font-size: 12pt;\">[ITA] Vinho branco Garofoli Verdicchio dei Castelli di Jesi Classico 2020<\/span><br \/>\n<\/em><br \/>\n<\/span><\/p>\n<p><span style=\"font-size: 10pt;\"><strong>Segundo prato<\/strong><\/span><br \/>\n<span style=\"font-size: 14pt;\"><span style=\"font-size: 12pt;\">Carr\u00e9 de cordeiro, aspargos verdes, figos ao vinho e jus trufado<\/span><br \/>\n<strong><span style=\"font-size: 10pt;\">Harmoniza\u00e7\u00e3o: <\/span><\/strong><span style=\"font-size: 12pt;\"><em>[ARG] Vinho tinto Tempus Alba Pleno Gran Reserva 2016<\/em><\/span><\/span><\/p>\n<p>&nbsp;<\/p>\n<p><strong><span style=\"font-size: 10pt;\">Sobremesa<\/span><\/strong><br \/>\n<span style=\"font-size: 14pt;\"><span style=\"font-size: 12pt;\">Croustilant de chocolate e banana, sorbet de maracuj\u00e1 e calda de chocolate<\/span><br \/>\n<strong><span style=\"font-size: 10pt;\">Harmoniza\u00e7\u00e3o: <\/span><\/strong><span style=\"font-size: 12pt;\"><em>[POR] Vinho fortificado Taylor\u2019s Port Fine Ruby<\/em><\/span><br \/>\n<\/span><\/p>\n<p>&nbsp;<\/p>\n<p>Para finalizar a experi\u00eancia, ser\u00e3o servidos caf\u00e9, ch\u00e1s e mignardises Saint Andrews.<\/p>\n<p>&nbsp;<\/p>\n<p><strong><span style=\"font-size: 10pt;\">Data:<\/span><\/strong> 12 de junho (Sexta-feira)<br \/>\n<strong><span style=\"font-size: 10pt;\">In\u00edcio:<\/span> <\/strong>19h30 (welcome drink)<\/p>\n<p>&nbsp;<\/p>\n<p><span style=\"font-size: 10pt;\">*O menu e o valor poder\u00e3o sofrer altera\u00e7\u00f5es sem aviso pr\u00e9vio.<br \/>\n*Imagem meramente ilustrativa.<\/span><\/p>\n<p>&nbsp;<\/p>\n<p><strong>Menu harmonizado:<\/strong><br \/>\nServiremos ta\u00e7as de 100 ml de cada r\u00f3tulo por pessoa. Exceto sobremesa, servido em c\u00e1lice de 50 ml.<br \/>\nGarrafas e ta\u00e7as extras poder\u00e3o ser solicitadas (pre\u00e7os e disponibilidade sob consulta).<\/p>\n<p><strong>Menu s\/ harmoniza\u00e7\u00e3o:<br \/>\n<\/strong>As harmoniza\u00e7\u00f5es poder\u00e3o ser escolhidas \u00e0 parte, permitindo que cada convidado personalize sua experi\u00eancia de acordo com suas prefer\u00eancias.<\/p>\n<p>&nbsp;<\/p>\n<p><strong>Pre\u00e7o do jantar por pessoa:<\/strong><\/p>\n","protected":false},"excerpt":{"rendered":"<p>Uma noite criada para celebrar o amor em sua forma mais intensa e inesquec\u00edvel. No Dia dos Namorados, cada detalhe \u00e9 pensado para transformar o momento em uma experi\u00eancia \u00fanica, onde eleg\u00e2ncia, sensibilidade e romantismo se encontram. Em um ambiente intimista e acolhedor, a gastronomia conduz a noite com sutileza e encanto, criando a atmosfera [&hellip;]<\/p>\n","protected":false},"featured_media":24815,"template":"","meta":{"_acf_changed":false},"product_brand":[],"product_cat":[228],"product_tag":[],"class_list":{"0":"post-24700","1":"product","2":"type-product","3":"status-publish","4":"has-post-thumbnail","6":"product_cat-festivais","8":"first","9":"instock","10":"taxable","11":"shipping-taxable","12":"purchasable","13":"product-type-variable","14":"has-default-attributes"},"acf":[],"yoast_head":"<!-- This site is optimized with the Yoast SEO plugin v27.5 - https:\/\/yoast.com\/product\/yoast-seo-wordpress\/ -->\n<title>12 de junho de 2026Jantar HarmonizadoDia dos Namorados - Castelo Saint Andrews<\/title>\n<meta name=\"description\" content=\"Uma noite criada para celebrar o amor em sua forma mais intensa e inesquec\u00edvel. No Dia dos Namorados, cada detalhe \u00e9 pensado para transformar o momento em uma experi\u00eancia \u00fanica, onde eleg\u00e2ncia, sensibilidade e romantismo se encontram. Em um ambiente intimista e acolhedor, a gastronomia conduz a noite com sutileza e encanto, criando a atmosfera perfeita para brindar o amor e eternizar mem\u00f3rias a dois.\" \/>\n<meta name=\"robots\" content=\"index, follow, max-snippet:-1, max-image-preview:large, max-video-preview:-1\" \/>\n<link rel=\"canonical\" href=\"https:\/\/saintandrews.com.br\/fr\/produit\/diner-de-la-saint-valentin-le-12-juin-2026\/\" \/>\n<meta property=\"og:locale\" content=\"fr_FR\" \/>\n<meta property=\"og:type\" content=\"article\" \/>\n<meta property=\"og:title\" content=\"12 de junho de 2026Jantar HarmonizadoDia dos Namorados - Castelo Saint Andrews\" \/>\n<meta property=\"og:description\" content=\"Uma noite criada para celebrar o amor em sua forma mais intensa e inesquec\u00edvel. No Dia dos Namorados, cada detalhe \u00e9 pensado para transformar o momento em uma experi\u00eancia \u00fanica, onde eleg\u00e2ncia, sensibilidade e romantismo se encontram. Em um ambiente intimista e acolhedor, a gastronomia conduz a noite com sutileza e encanto, criando a atmosfera perfeita para brindar o amor e eternizar mem\u00f3rias a dois.\" \/>\n<meta property=\"og:url\" content=\"https:\/\/saintandrews.com.br\/fr\/produit\/diner-de-la-saint-valentin-le-12-juin-2026\/\" \/>\n<meta property=\"og:site_name\" content=\"Castelo Saint Andrews\" \/>\n<meta property=\"article:modified_time\" content=\"2026-05-04T19:40:42+00:00\" \/>\n<meta property=\"og:image\" content=\"https:\/\/saintandrews.com.br\/wp-content\/uploads\/2026\/04\/namorados-4.webp\" \/>\n\t<meta property=\"og:image:width\" content=\"1000\" \/>\n\t<meta property=\"og:image:height\" content=\"1000\" \/>\n\t<meta property=\"og:image:type\" content=\"image\/webp\" \/>\n<meta name=\"twitter:card\" content=\"summary_large_image\" \/>\n<meta name=\"twitter:label1\" content=\"Dur\u00e9e de lecture estim\u00e9e\" \/>\n\t<meta name=\"twitter:data1\" content=\"2 minutes\" \/>\n<script type=\"application\/ld+json\" class=\"yoast-schema-graph\">{\"@context\":\"https:\\\/\\\/schema.org\",\"@graph\":[{\"@type\":\"WebPage\",\"@id\":\"https:\\\/\\\/saintandrews.com.br\\\/produto\\\/12-de-junho-de-2026-jantar-dia-dos-namorados\\\/\",\"url\":\"https:\\\/\\\/saintandrews.com.br\\\/produto\\\/12-de-junho-de-2026-jantar-dia-dos-namorados\\\/\",\"name\":\"12 de junho de 2026 Jantar Harmonizado Dia dos Namorados - Castelo Saint Andrews\",\"isPartOf\":{\"@id\":\"https:\\\/\\\/saintandrews.com.br\\\/#website\"},\"primaryImageOfPage\":{\"@id\":\"https:\\\/\\\/saintandrews.com.br\\\/produto\\\/12-de-junho-de-2026-jantar-dia-dos-namorados\\\/#primaryimage\"},\"image\":{\"@id\":\"https:\\\/\\\/saintandrews.com.br\\\/produto\\\/12-de-junho-de-2026-jantar-dia-dos-namorados\\\/#primaryimage\"},\"thumbnailUrl\":\"https:\\\/\\\/saintandrews.com.br\\\/wp-content\\\/uploads\\\/2026\\\/04\\\/namorados-4.webp\",\"datePublished\":\"2026-04-03T12:16:28+00:00\",\"dateModified\":\"2026-05-04T19:40:42+00:00\",\"description\":\"Uma noite criada para celebrar o amor em sua forma mais intensa e inesquec\u00edvel. No Dia dos Namorados, cada detalhe \u00e9 pensado para transformar o momento em uma experi\u00eancia \u00fanica, onde eleg\u00e2ncia, sensibilidade e romantismo se encontram. Em um ambiente intimista e acolhedor, a gastronomia conduz a noite com sutileza e encanto, criando a atmosfera perfeita para brindar o amor e eternizar mem\u00f3rias a dois.\",\"breadcrumb\":{\"@id\":\"https:\\\/\\\/saintandrews.com.br\\\/produto\\\/12-de-junho-de-2026-jantar-dia-dos-namorados\\\/#breadcrumb\"},\"inLanguage\":\"fr-FR\",\"potentialAction\":[{\"@type\":\"ReadAction\",\"target\":[\"https:\\\/\\\/saintandrews.com.br\\\/produto\\\/12-de-junho-de-2026-jantar-dia-dos-namorados\\\/\"]}]},{\"@type\":\"ImageObject\",\"inLanguage\":\"fr-FR\",\"@id\":\"https:\\\/\\\/saintandrews.com.br\\\/produto\\\/12-de-junho-de-2026-jantar-dia-dos-namorados\\\/#primaryimage\",\"url\":\"https:\\\/\\\/saintandrews.com.br\\\/wp-content\\\/uploads\\\/2026\\\/04\\\/namorados-4.webp\",\"contentUrl\":\"https:\\\/\\\/saintandrews.com.br\\\/wp-content\\\/uploads\\\/2026\\\/04\\\/namorados-4.webp\",\"width\":1000,\"height\":1000},{\"@type\":\"BreadcrumbList\",\"@id\":\"https:\\\/\\\/saintandrews.com.br\\\/produto\\\/12-de-junho-de-2026-jantar-dia-dos-namorados\\\/#breadcrumb\",\"itemListElement\":[{\"@type\":\"ListItem\",\"position\":1,\"name\":\"In\u00edcio\",\"item\":\"https:\\\/\\\/saintandrews.com.br\\\/\"},{\"@type\":\"ListItem\",\"position\":2,\"name\":\"Experi\u00eancias\",\"item\":\"https:\\\/\\\/saintandrews.com.br\\\/experiencias\\\/\"},{\"@type\":\"ListItem\",\"position\":3,\"name\":\"12 de junho de 2026Jantar HarmonizadoDia dos Namorados\"}]},{\"@type\":\"WebSite\",\"@id\":\"https:\\\/\\\/saintandrews.com.br\\\/#website\",\"url\":\"https:\\\/\\\/saintandrews.com.br\\\/\",\"name\":\"Castelo Saint Andrews\",\"description\":\"Seu hotel\u00a0em\u00a0Gramado\",\"publisher\":{\"@id\":\"https:\\\/\\\/saintandrews.com.br\\\/#organization\"},\"potentialAction\":[{\"@type\":\"SearchAction\",\"target\":{\"@type\":\"EntryPoint\",\"urlTemplate\":\"https:\\\/\\\/saintandrews.com.br\\\/?s={search_term_string}\"},\"query-input\":{\"@type\":\"PropertyValueSpecification\",\"valueRequired\":true,\"valueName\":\"search_term_string\"}}],\"inLanguage\":\"fr-FR\"},{\"@type\":\"Organization\",\"@id\":\"https:\\\/\\\/saintandrews.com.br\\\/#organization\",\"name\":\"Castelo Saint Andrews\",\"url\":\"https:\\\/\\\/saintandrews.com.br\\\/\",\"logo\":{\"@type\":\"ImageObject\",\"inLanguage\":\"fr-FR\",\"@id\":\"https:\\\/\\\/saintandrews.com.br\\\/#\\\/schema\\\/logo\\\/image\\\/\",\"url\":\"https:\\\/\\\/saintandrews.com.br\\\/wp-content\\\/uploads\\\/2024\\\/04\\\/Logo-SaintAndrews-Cabecalho-01-01.svg\",\"contentUrl\":\"https:\\\/\\\/saintandrews.com.br\\\/wp-content\\\/uploads\\\/2024\\\/04\\\/Logo-SaintAndrews-Cabecalho-01-01.svg\",\"width\":612.8999999999999772626324556767940521240234375,\"height\":167.5,\"caption\":\"Castelo Saint Andrews\"},\"image\":{\"@id\":\"https:\\\/\\\/saintandrews.com.br\\\/#\\\/schema\\\/logo\\\/image\\\/\"}}]}<\/script>\n<!-- \/ Yoast SEO plugin. -->","yoast_head_json":{"title":"12 juin 2026 - D\u00eener harmonis\u00e9 de la Saint-Valentin - Ch\u00e2teau de Saint Andrews","description":"Une soir\u00e9e con\u00e7ue pour c\u00e9l\u00e9brer l&#039;amour dans sa forme la plus intense et inoubliable. Le jour de la Saint-Valentin, chaque d\u00e9tail est soigneusement pens\u00e9 pour faire de ce moment une exp\u00e9rience unique, o\u00f9 \u00e9l\u00e9gance, d\u00e9licatesse et romantisme se rencontrent. Dans un cadre intime et chaleureux, la cuisine, subtile et raffin\u00e9e, accompagne la soir\u00e9e et cr\u00e9e l&#039;atmosph\u00e8re id\u00e9ale pour trinquer \u00e0 l&#039;amour et forger des souvenirs imp\u00e9rissables \u00e0 deux.","robots":{"index":"index","follow":"follow","max-snippet":"max-snippet:-1","max-image-preview":"max-image-preview:large","max-video-preview":"max-video-preview:-1"},"canonical":"https:\/\/saintandrews.com.br\/fr\/produit\/diner-de-la-saint-valentin-le-12-juin-2026\/","og_locale":"fr_FR","og_type":"article","og_title":"12 de junho de 2026Jantar HarmonizadoDia dos Namorados - Castelo Saint Andrews","og_description":"Uma noite criada para celebrar o amor em sua forma mais intensa e inesquec\u00edvel. No Dia dos Namorados, cada detalhe \u00e9 pensado para transformar o momento em uma experi\u00eancia \u00fanica, onde eleg\u00e2ncia, sensibilidade e romantismo se encontram. Em um ambiente intimista e acolhedor, a gastronomia conduz a noite com sutileza e encanto, criando a atmosfera perfeita para brindar o amor e eternizar mem\u00f3rias a dois.","og_url":"https:\/\/saintandrews.com.br\/fr\/produit\/diner-de-la-saint-valentin-le-12-juin-2026\/","og_site_name":"Castelo Saint Andrews","article_modified_time":"2026-05-04T19:40:42+00:00","og_image":[{"width":1000,"height":1000,"url":"https:\/\/saintandrews.com.br\/wp-content\/uploads\/2026\/04\/namorados-4.webp","type":"image\/webp"}],"twitter_card":"summary_large_image","twitter_misc":{"Dur\u00e9e de lecture estim\u00e9e":"2 minutes"},"schema":{"@context":"https:\/\/schema.org","@graph":[{"@type":"WebPage","@id":"https:\/\/saintandrews.com.br\/produto\/12-de-junho-de-2026-jantar-dia-dos-namorados\/","url":"https:\/\/saintandrews.com.br\/produto\/12-de-junho-de-2026-jantar-dia-dos-namorados\/","name":"D\u00eener d&#039;accords mets et vins pour la Saint-Valentin, le 12 juin 2026 - Ch\u00e2teau de Saint Andrews","isPartOf":{"@id":"https:\/\/saintandrews.com.br\/#website"},"primaryImageOfPage":{"@id":"https:\/\/saintandrews.com.br\/produto\/12-de-junho-de-2026-jantar-dia-dos-namorados\/#primaryimage"},"image":{"@id":"https:\/\/saintandrews.com.br\/produto\/12-de-junho-de-2026-jantar-dia-dos-namorados\/#primaryimage"},"thumbnailUrl":"https:\/\/saintandrews.com.br\/wp-content\/uploads\/2026\/04\/namorados-4.webp","datePublished":"2026-04-03T12:16:28+00:00","dateModified":"2026-05-04T19:40:42+00:00","description":"Une soir\u00e9e con\u00e7ue pour c\u00e9l\u00e9brer l&#039;amour dans sa forme la plus intense et inoubliable. Le jour de la Saint-Valentin, chaque d\u00e9tail est soigneusement pens\u00e9 pour faire de ce moment une exp\u00e9rience unique, o\u00f9 \u00e9l\u00e9gance, d\u00e9licatesse et romantisme se rencontrent. Dans un cadre intime et chaleureux, la cuisine, subtile et raffin\u00e9e, accompagne la soir\u00e9e et cr\u00e9e l&#039;atmosph\u00e8re id\u00e9ale pour trinquer \u00e0 l&#039;amour et forger des souvenirs imp\u00e9rissables \u00e0 deux.","breadcrumb":{"@id":"https:\/\/saintandrews.com.br\/produto\/12-de-junho-de-2026-jantar-dia-dos-namorados\/#breadcrumb"},"inLanguage":"fr-FR","potentialAction":[{"@type":"ReadAction","target":["https:\/\/saintandrews.com.br\/produto\/12-de-junho-de-2026-jantar-dia-dos-namorados\/"]}]},{"@type":"ImageObject","inLanguage":"fr-FR","@id":"https:\/\/saintandrews.com.br\/produto\/12-de-junho-de-2026-jantar-dia-dos-namorados\/#primaryimage","url":"https:\/\/saintandrews.com.br\/wp-content\/uploads\/2026\/04\/namorados-4.webp","contentUrl":"https:\/\/saintandrews.com.br\/wp-content\/uploads\/2026\/04\/namorados-4.webp","width":1000,"height":1000},{"@type":"BreadcrumbList","@id":"https:\/\/saintandrews.com.br\/produto\/12-de-junho-de-2026-jantar-dia-dos-namorados\/#breadcrumb","itemListElement":[{"@type":"ListItem","position":1,"name":"In\u00edcio","item":"https:\/\/saintandrews.com.br\/"},{"@type":"ListItem","position":2,"name":"Experi\u00eancias","item":"https:\/\/saintandrews.com.br\/experiencias\/"},{"@type":"ListItem","position":3,"name":"12 de junho de 2026Jantar HarmonizadoDia dos Namorados"}]},{"@type":"WebSite","@id":"https:\/\/saintandrews.com.br\/#website","url":"https:\/\/saintandrews.com.br\/","name":"Ch\u00e2teau de Saint Andrews","description":"Votre h\u00f4tel \u00e0 Gramado","publisher":{"@id":"https:\/\/saintandrews.com.br\/#organization"},"potentialAction":[{"@type":"SearchAction","target":{"@type":"EntryPoint","urlTemplate":"https:\/\/saintandrews.com.br\/?s={search_term_string}"},"query-input":{"@type":"PropertyValueSpecification","valueRequired":true,"valueName":"search_term_string"}}],"inLanguage":"fr-FR"},{"@type":"Organization","@id":"https:\/\/saintandrews.com.br\/#organization","name":"Ch\u00e2teau de Saint Andrews","url":"https:\/\/saintandrews.com.br\/","logo":{"@type":"ImageObject","inLanguage":"fr-FR","@id":"https:\/\/saintandrews.com.br\/#\/schema\/logo\/image\/","url":"https:\/\/saintandrews.com.br\/wp-content\/uploads\/2024\/04\/Logo-SaintAndrews-Cabecalho-01-01.svg","contentUrl":"https:\/\/saintandrews.com.br\/wp-content\/uploads\/2024\/04\/Logo-SaintAndrews-Cabecalho-01-01.svg","width":612.8999999999999772626324556767940521240234375,"height":167.5,"caption":"Castelo Saint Andrews"},"image":{"@id":"https:\/\/saintandrews.com.br\/#\/schema\/logo\/image\/"}}]}},"publishpress_future_action":{"enabled":true,"date":"2026-06-12 18:00:00","action":"change-status","newStatus":"draft","terms":[0],"taxonomy":"product_brand","extraData":[]},"publishpress_future_workflow_manual_trigger":{"enabledWorkflows":[]},"_links":{"self":[{"href":"https:\/\/saintandrews.com.br\/fr\/wp-json\/wp\/v2\/product\/24700","targetHints":{"allow":["GET"]}}],"collection":[{"href":"https:\/\/saintandrews.com.br\/fr\/wp-json\/wp\/v2\/product"}],"about":[{"href":"https:\/\/saintandrews.com.br\/fr\/wp-json\/wp\/v2\/types\/product"}],"wp:featuredmedia":[{"embeddable":true,"href":"https:\/\/saintandrews.com.br\/fr\/wp-json\/wp\/v2\/media\/24815"}],"wp:attachment":[{"href":"https:\/\/saintandrews.com.br\/fr\/wp-json\/wp\/v2\/media?parent=24700"}],"wp:term":[{"taxonomy":"product_brand","embeddable":true,"href":"https:\/\/saintandrews.com.br\/fr\/wp-json\/wp\/v2\/product_brand?post=24700"},{"taxonomy":"product_cat","embeddable":true,"href":"https:\/\/saintandrews.com.br\/fr\/wp-json\/wp\/v2\/product_cat?post=24700"},{"taxonomy":"product_tag","embeddable":true,"href":"https:\/\/saintandrews.com.br\/fr\/wp-json\/wp\/v2\/product_tag?post=24700"}],"curies":[{"name":"wp","href":"https:\/\/api.w.org\/{rel}","templated":true}]}}