{"id":19948,"date":"2026-04-03T09:20:21","date_gmt":"2026-04-03T12:20:21","guid":{"rendered":"https:\/\/saintandrews.com.br\/?post_type=product&#038;p=19948"},"modified":"2026-05-04T17:28:57","modified_gmt":"2026-05-04T20:28:57","slug":"29-juin-2026-diner-harmonise-festival-des-gnocchis-fortuna","status":"publish","type":"product","link":"https:\/\/saintandrews.com.br\/fr\/produto\/29-de-junho-de-2026-jantar-harmonizado-festival-gnocchi-fortuna\/","title":{"rendered":"29 juin 2026<br>D\u00eener harmonis\u00e9<br>F\u00eate des Gnocchis de la Fortune"},"content":{"rendered":"<p><strong><span style=\"font-size: 10pt;\">L&#039;histoire d&#039;un plat l\u00e9gendaire. <\/span><\/strong><br \/>\n<span style=\"font-size: 10pt;\">Il existe de nombreuses versions de la superstition italienne des gnocchis de fortune. L&#039;une des plus populaires remonte au IVe si\u00e8cle, lorsque saint Pantal\u00e9on, m\u00e9decin et p\u00e8lerin, aurait frapp\u00e9 \u00e0 la porte d&#039;une famille modeste pour demander \u00e0 manger. La famille ne put leur offrir que quelques gnocchis de pommes de terre. Au d\u00e9part du visiteur, elle d\u00e9couvrit des pi\u00e8ces d&#039;or sous les assiettes, en remerciement de leur g\u00e9n\u00e9rosit\u00e9. <\/span><br \/>\n<span style=\"font-size: 10pt;\">La l\u00e9gende s&#039;est r\u00e9pandue dans toute l&#039;Italie. Pendant le repas, les convives glissent une pi\u00e8ce ou un billet sous leur assiette de gnocchis. L&#039;argent est ensuite conserv\u00e9 jusqu&#039;au mois suivant, afin de ne jamais en manquer. Ce rituel est g\u00e9n\u00e9ralement r\u00e9p\u00e9t\u00e9 le dernier jeudi du mois ou le 29, selon les r\u00e9gions.<\/span><\/p>\n<p>&nbsp;<\/p>\n<p>MENU<\/p>\n<p><strong><span style=\"font-size: 10pt;\">Premier pas<\/span><\/strong><br \/>\nBruschetta Caprese<br \/>\n\u2022 Accord mets et vins : Chardonnay Dadivas<\/p>\n<p><strong><span style=\"font-size: 10pt;\">Deuxi\u00e8me \u00e9tape<\/span><\/strong><br \/>\nGnocchis au pesto<br \/>\n\u2022 Accord\u00a0: Vin mousseux Dadivas Blanc de Blancs<\/p>\n<p><strong><span style=\"font-size: 10pt;\">Troisi\u00e8me \u00e9tape<\/span><\/strong><br \/>\nGnocchi Alla Matriciana<br \/>\n(sauce tomate et pancetta croustillante)<br \/>\n\u2022 Accord : Dadivas Tempranillo<\/p>\n<p><strong><span style=\"font-size: 10pt;\">Quatri\u00e8me \u00e9tape<\/span><\/strong><br \/>\nGnocchis au rago\u00fbt d&#039;agneau<br \/>\n\u2022 Accord\u00a0: Cabernet Franc Grande Vindima<\/p>\n<p><strong><span style=\"font-size: 10pt;\">Quatri\u00e8me \u00e9tape (Dessert)<\/span><\/strong><br \/>\nGlace \u00e0 la vanille avec coulis de fruits jaunes et amandes effil\u00e9es.<br \/>\nAccord mets et vins\u00a0: Vin mousseux Moscatel Dadivas<\/p>\n<p>&nbsp;<\/p>\n<p>Pour conclure cette exp\u00e9rience, du caf\u00e9, du th\u00e9 et des mignardises de Saint Andrews seront servis.<\/p>\n<p>&nbsp;<\/p>\n<p><strong><span style=\"font-size: 10pt;\">Date:<\/span><\/strong> 29 juin (lundi)<br \/>\n<strong><span style=\"font-size: 10pt;\">Commencer:<\/span> <\/strong>19h30 (boisson de bienvenue)<br \/>\n<strong><span style=\"font-size: 10pt;\">D\u00e9jeuner :<\/span><\/strong> 20h<\/p>\n<p>&nbsp;<\/p>\n<p><strong>Menu harmonis\u00e9 :<\/strong><br \/>\nNous servirons des verres de 100 ml de chaque \u00e9tiquette par personne. Le dessert, quant \u00e0 lui, sera servi dans un verre de 50 ml.<br \/>\nDes bouteilles et des verres suppl\u00e9mentaires peuvent \u00eatre demand\u00e9s (prix et disponibilit\u00e9 sur demande).<\/p>\n<p><strong>Menu sans accord mets et vins\u00a0:<br \/>\n<\/strong>Les accords mets et vins peuvent \u00eatre choisis s\u00e9par\u00e9ment, permettant \u00e0 chaque convive de personnaliser son exp\u00e9rience selon ses pr\u00e9f\u00e9rences.<\/p>\n<p>&nbsp;<\/p>\n<p><span style=\"font-size: 10pt;\">*Le menu et les prix sont susceptibles d&#039;\u00eatre modifi\u00e9s sans pr\u00e9avis.<br \/>\n*Image \u00e0 titre indicatif seulement.<\/span><\/p>\n<p>&nbsp;<\/p>\n<p><strong>Prix du d\u00eener par personne :<br \/>\n<\/strong><\/p>","protected":false},"excerpt":{"rendered":"<p>Festival des Gnocchi della Fortuna au restaurant Primrose.<\/p>","protected":false},"featured_media":18688,"template":"","meta":{"_acf_changed":false},"product_brand":[],"product_cat":[228],"product_tag":[],"class_list":{"0":"post-19948","1":"product","2":"type-product","3":"status-publish","4":"has-post-thumbnail","6":"product_cat-festivais","8":"first","9":"instock","10":"taxable","11":"shipping-taxable","12":"purchasable","13":"product-type-variable","14":"has-default-attributes"},"acf":[],"yoast_head":"<!-- This site is optimized with the Yoast SEO plugin v27.5 - https:\/\/yoast.com\/product\/yoast-seo-wordpress\/ -->\n<title>29 de junho de 2026Jantar HarmonizadoFestival Gnocchi della Fortuna - Castelo Saint Andrews<\/title>\n<meta name=\"description\" content=\"Festival Gnocchi della Fortuna do Restaurante Primrose.\" \/>\n<meta name=\"robots\" content=\"index, follow, max-snippet:-1, max-image-preview:large, max-video-preview:-1\" \/>\n<link rel=\"canonical\" href=\"https:\/\/saintandrews.com.br\/fr\/produit\/29-juin-2026-diner-harmonise-festival-des-gnocchis-fortuna\/\" \/>\n<meta property=\"og:locale\" content=\"fr_FR\" \/>\n<meta property=\"og:type\" content=\"article\" \/>\n<meta property=\"og:title\" content=\"29 de junho de 2026Jantar HarmonizadoFestival Gnocchi della Fortuna - Castelo Saint Andrews\" \/>\n<meta property=\"og:description\" content=\"Festival Gnocchi della Fortuna do Restaurante Primrose.\" \/>\n<meta property=\"og:url\" content=\"https:\/\/saintandrews.com.br\/fr\/produit\/29-juin-2026-diner-harmonise-festival-des-gnocchis-fortuna\/\" \/>\n<meta property=\"og:site_name\" content=\"Castelo Saint Andrews\" \/>\n<meta property=\"article:modified_time\" content=\"2026-05-04T20:28:57+00:00\" \/>\n<meta property=\"og:image\" content=\"https:\/\/saintandrews.com.br\/wp-content\/uploads\/2025\/03\/gnocchi-pesto.webp\" \/>\n\t<meta property=\"og:image:width\" content=\"1000\" \/>\n\t<meta property=\"og:image:height\" content=\"1000\" \/>\n\t<meta property=\"og:image:type\" content=\"image\/webp\" \/>\n<meta name=\"twitter:card\" content=\"summary_large_image\" \/>\n<meta name=\"twitter:label1\" content=\"Dur\u00e9e de lecture estim\u00e9e\" \/>\n\t<meta name=\"twitter:data1\" content=\"2 minutes\" \/>\n<script type=\"application\/ld+json\" class=\"yoast-schema-graph\">{\"@context\":\"https:\\\/\\\/schema.org\",\"@graph\":[{\"@type\":\"WebPage\",\"@id\":\"https:\\\/\\\/saintandrews.com.br\\\/produto\\\/29-de-junho-de-2026-jantar-harmonizado-festival-gnocchi-fortuna\\\/\",\"url\":\"https:\\\/\\\/saintandrews.com.br\\\/produto\\\/29-de-junho-de-2026-jantar-harmonizado-festival-gnocchi-fortuna\\\/\",\"name\":\"29 de junho de 2026 Jantar Harmonizado Festival Gnocchi della Fortuna - Castelo Saint Andrews\",\"isPartOf\":{\"@id\":\"https:\\\/\\\/saintandrews.com.br\\\/#website\"},\"primaryImageOfPage\":{\"@id\":\"https:\\\/\\\/saintandrews.com.br\\\/produto\\\/29-de-junho-de-2026-jantar-harmonizado-festival-gnocchi-fortuna\\\/#primaryimage\"},\"image\":{\"@id\":\"https:\\\/\\\/saintandrews.com.br\\\/produto\\\/29-de-junho-de-2026-jantar-harmonizado-festival-gnocchi-fortuna\\\/#primaryimage\"},\"thumbnailUrl\":\"https:\\\/\\\/saintandrews.com.br\\\/wp-content\\\/uploads\\\/2025\\\/03\\\/gnocchi-pesto.webp\",\"datePublished\":\"2026-04-03T12:20:21+00:00\",\"dateModified\":\"2026-05-04T20:28:57+00:00\",\"description\":\"Festival Gnocchi della Fortuna do Restaurante Primrose.\",\"breadcrumb\":{\"@id\":\"https:\\\/\\\/saintandrews.com.br\\\/produto\\\/29-de-junho-de-2026-jantar-harmonizado-festival-gnocchi-fortuna\\\/#breadcrumb\"},\"inLanguage\":\"fr-FR\",\"potentialAction\":[{\"@type\":\"ReadAction\",\"target\":[\"https:\\\/\\\/saintandrews.com.br\\\/produto\\\/29-de-junho-de-2026-jantar-harmonizado-festival-gnocchi-fortuna\\\/\"]}]},{\"@type\":\"ImageObject\",\"inLanguage\":\"fr-FR\",\"@id\":\"https:\\\/\\\/saintandrews.com.br\\\/produto\\\/29-de-junho-de-2026-jantar-harmonizado-festival-gnocchi-fortuna\\\/#primaryimage\",\"url\":\"https:\\\/\\\/saintandrews.com.br\\\/wp-content\\\/uploads\\\/2025\\\/03\\\/gnocchi-pesto.webp\",\"contentUrl\":\"https:\\\/\\\/saintandrews.com.br\\\/wp-content\\\/uploads\\\/2025\\\/03\\\/gnocchi-pesto.webp\",\"width\":1000,\"height\":1000},{\"@type\":\"BreadcrumbList\",\"@id\":\"https:\\\/\\\/saintandrews.com.br\\\/produto\\\/29-de-junho-de-2026-jantar-harmonizado-festival-gnocchi-fortuna\\\/#breadcrumb\",\"itemListElement\":[{\"@type\":\"ListItem\",\"position\":1,\"name\":\"In\u00edcio\",\"item\":\"https:\\\/\\\/saintandrews.com.br\\\/\"},{\"@type\":\"ListItem\",\"position\":2,\"name\":\"Experi\u00eancias\",\"item\":\"https:\\\/\\\/saintandrews.com.br\\\/experiencias\\\/\"},{\"@type\":\"ListItem\",\"position\":3,\"name\":\"29 de junho de 2026Jantar HarmonizadoFestival Gnocchi della Fortuna\"}]},{\"@type\":\"WebSite\",\"@id\":\"https:\\\/\\\/saintandrews.com.br\\\/#website\",\"url\":\"https:\\\/\\\/saintandrews.com.br\\\/\",\"name\":\"Castelo Saint Andrews\",\"description\":\"Seu hotel\u00a0em\u00a0Gramado\",\"publisher\":{\"@id\":\"https:\\\/\\\/saintandrews.com.br\\\/#organization\"},\"potentialAction\":[{\"@type\":\"SearchAction\",\"target\":{\"@type\":\"EntryPoint\",\"urlTemplate\":\"https:\\\/\\\/saintandrews.com.br\\\/?s={search_term_string}\"},\"query-input\":{\"@type\":\"PropertyValueSpecification\",\"valueRequired\":true,\"valueName\":\"search_term_string\"}}],\"inLanguage\":\"fr-FR\"},{\"@type\":\"Organization\",\"@id\":\"https:\\\/\\\/saintandrews.com.br\\\/#organization\",\"name\":\"Castelo Saint Andrews\",\"url\":\"https:\\\/\\\/saintandrews.com.br\\\/\",\"logo\":{\"@type\":\"ImageObject\",\"inLanguage\":\"fr-FR\",\"@id\":\"https:\\\/\\\/saintandrews.com.br\\\/#\\\/schema\\\/logo\\\/image\\\/\",\"url\":\"https:\\\/\\\/saintandrews.com.br\\\/wp-content\\\/uploads\\\/2024\\\/04\\\/Logo-SaintAndrews-Cabecalho-01-01.svg\",\"contentUrl\":\"https:\\\/\\\/saintandrews.com.br\\\/wp-content\\\/uploads\\\/2024\\\/04\\\/Logo-SaintAndrews-Cabecalho-01-01.svg\",\"width\":612.8999999999999772626324556767940521240234375,\"height\":167.5,\"caption\":\"Castelo Saint Andrews\"},\"image\":{\"@id\":\"https:\\\/\\\/saintandrews.com.br\\\/#\\\/schema\\\/logo\\\/image\\\/\"}}]}<\/script>\n<!-- \/ Yoast SEO plugin. -->","yoast_head_json":{"title":"29 juin 2026 D\u00eener Harmonis\u00e9 Festival Gnocchi della Fortuna - Ch\u00e2teau de Saint Andrews","description":"Festival des Gnocchi della Fortuna au restaurant Primrose.","robots":{"index":"index","follow":"follow","max-snippet":"max-snippet:-1","max-image-preview":"max-image-preview:large","max-video-preview":"max-video-preview:-1"},"canonical":"https:\/\/saintandrews.com.br\/fr\/produit\/29-juin-2026-diner-harmonise-festival-des-gnocchis-fortuna\/","og_locale":"fr_FR","og_type":"article","og_title":"29 de junho de 2026Jantar HarmonizadoFestival Gnocchi della Fortuna - Castelo Saint Andrews","og_description":"Festival Gnocchi della Fortuna do Restaurante Primrose.","og_url":"https:\/\/saintandrews.com.br\/fr\/produit\/29-juin-2026-diner-harmonise-festival-des-gnocchis-fortuna\/","og_site_name":"Castelo Saint Andrews","article_modified_time":"2026-05-04T20:28:57+00:00","og_image":[{"width":1000,"height":1000,"url":"https:\/\/saintandrews.com.br\/wp-content\/uploads\/2025\/03\/gnocchi-pesto.webp","type":"image\/webp"}],"twitter_card":"summary_large_image","twitter_misc":{"Dur\u00e9e de lecture estim\u00e9e":"2 minutes"},"schema":{"@context":"https:\/\/schema.org","@graph":[{"@type":"WebPage","@id":"https:\/\/saintandrews.com.br\/produto\/29-de-junho-de-2026-jantar-harmonizado-festival-gnocchi-fortuna\/","url":"https:\/\/saintandrews.com.br\/produto\/29-de-junho-de-2026-jantar-harmonizado-festival-gnocchi-fortuna\/","name":"29 juin 2026 D\u00eener Harmonis\u00e9 Festival Gnocchi della Fortuna - Ch\u00e2teau de Saint Andrews","isPartOf":{"@id":"https:\/\/saintandrews.com.br\/#website"},"primaryImageOfPage":{"@id":"https:\/\/saintandrews.com.br\/produto\/29-de-junho-de-2026-jantar-harmonizado-festival-gnocchi-fortuna\/#primaryimage"},"image":{"@id":"https:\/\/saintandrews.com.br\/produto\/29-de-junho-de-2026-jantar-harmonizado-festival-gnocchi-fortuna\/#primaryimage"},"thumbnailUrl":"https:\/\/saintandrews.com.br\/wp-content\/uploads\/2025\/03\/gnocchi-pesto.webp","datePublished":"2026-04-03T12:20:21+00:00","dateModified":"2026-05-04T20:28:57+00:00","description":"Festival des Gnocchi della Fortuna au restaurant Primrose.","breadcrumb":{"@id":"https:\/\/saintandrews.com.br\/produto\/29-de-junho-de-2026-jantar-harmonizado-festival-gnocchi-fortuna\/#breadcrumb"},"inLanguage":"fr-FR","potentialAction":[{"@type":"ReadAction","target":["https:\/\/saintandrews.com.br\/produto\/29-de-junho-de-2026-jantar-harmonizado-festival-gnocchi-fortuna\/"]}]},{"@type":"ImageObject","inLanguage":"fr-FR","@id":"https:\/\/saintandrews.com.br\/produto\/29-de-junho-de-2026-jantar-harmonizado-festival-gnocchi-fortuna\/#primaryimage","url":"https:\/\/saintandrews.com.br\/wp-content\/uploads\/2025\/03\/gnocchi-pesto.webp","contentUrl":"https:\/\/saintandrews.com.br\/wp-content\/uploads\/2025\/03\/gnocchi-pesto.webp","width":1000,"height":1000},{"@type":"BreadcrumbList","@id":"https:\/\/saintandrews.com.br\/produto\/29-de-junho-de-2026-jantar-harmonizado-festival-gnocchi-fortuna\/#breadcrumb","itemListElement":[{"@type":"ListItem","position":1,"name":"In\u00edcio","item":"https:\/\/saintandrews.com.br\/"},{"@type":"ListItem","position":2,"name":"Experi\u00eancias","item":"https:\/\/saintandrews.com.br\/experiencias\/"},{"@type":"ListItem","position":3,"name":"29 de junho de 2026Jantar HarmonizadoFestival Gnocchi della Fortuna"}]},{"@type":"WebSite","@id":"https:\/\/saintandrews.com.br\/#website","url":"https:\/\/saintandrews.com.br\/","name":"Ch\u00e2teau de Saint Andrews","description":"Votre h\u00f4tel \u00e0 Gramado","publisher":{"@id":"https:\/\/saintandrews.com.br\/#organization"},"potentialAction":[{"@type":"SearchAction","target":{"@type":"EntryPoint","urlTemplate":"https:\/\/saintandrews.com.br\/?s={search_term_string}"},"query-input":{"@type":"PropertyValueSpecification","valueRequired":true,"valueName":"search_term_string"}}],"inLanguage":"fr-FR"},{"@type":"Organization","@id":"https:\/\/saintandrews.com.br\/#organization","name":"Ch\u00e2teau de Saint Andrews","url":"https:\/\/saintandrews.com.br\/","logo":{"@type":"ImageObject","inLanguage":"fr-FR","@id":"https:\/\/saintandrews.com.br\/#\/schema\/logo\/image\/","url":"https:\/\/saintandrews.com.br\/wp-content\/uploads\/2024\/04\/Logo-SaintAndrews-Cabecalho-01-01.svg","contentUrl":"https:\/\/saintandrews.com.br\/wp-content\/uploads\/2024\/04\/Logo-SaintAndrews-Cabecalho-01-01.svg","width":612.8999999999999772626324556767940521240234375,"height":167.5,"caption":"Castelo Saint Andrews"},"image":{"@id":"https:\/\/saintandrews.com.br\/#\/schema\/logo\/image\/"}}]}},"publishpress_future_action":{"enabled":true,"date":"2026-06-29 18:00:00","action":"change-status","newStatus":"draft","terms":[0],"taxonomy":"product_brand","extraData":[]},"publishpress_future_workflow_manual_trigger":{"enabledWorkflows":[]},"_links":{"self":[{"href":"https:\/\/saintandrews.com.br\/fr\/wp-json\/wp\/v2\/product\/19948","targetHints":{"allow":["GET"]}}],"collection":[{"href":"https:\/\/saintandrews.com.br\/fr\/wp-json\/wp\/v2\/product"}],"about":[{"href":"https:\/\/saintandrews.com.br\/fr\/wp-json\/wp\/v2\/types\/product"}],"wp:featuredmedia":[{"embeddable":true,"href":"https:\/\/saintandrews.com.br\/fr\/wp-json\/wp\/v2\/media\/18688"}],"wp:attachment":[{"href":"https:\/\/saintandrews.com.br\/fr\/wp-json\/wp\/v2\/media?parent=19948"}],"wp:term":[{"taxonomy":"product_brand","embeddable":true,"href":"https:\/\/saintandrews.com.br\/fr\/wp-json\/wp\/v2\/product_brand?post=19948"},{"taxonomy":"product_cat","embeddable":true,"href":"https:\/\/saintandrews.com.br\/fr\/wp-json\/wp\/v2\/product_cat?post=19948"},{"taxonomy":"product_tag","embeddable":true,"href":"https:\/\/saintandrews.com.br\/fr\/wp-json\/wp\/v2\/product_tag?post=19948"}],"curies":[{"name":"wp","href":"https:\/\/api.w.org\/{rel}","templated":true}]}}