{"id":18189,"date":"2025-07-04T10:59:48","date_gmt":"2025-07-04T13:59:48","guid":{"rendered":"https:\/\/saintandrews.com.br\/?post_type=product&#038;p=18189"},"modified":"2026-04-06T12:01:18","modified_gmt":"2026-04-06T15:01:18","slug":"pizza-gastronomique-primrose","status":"publish","type":"product","link":"https:\/\/saintandrews.com.br\/fr\/produto\/pizza-gourmet-primrose\/","title":{"rendered":"Pizza gastronomique \u2013 Primrose"},"content":{"rendered":"<p class=\"\" data-start=\"91\" data-end=\"434\"><strong data-start=\"91\" data-end=\"156\">Une exp\u00e9rience gastronomique sur mesure dans un cadre exclusif.<\/strong><\/p>\n<p class=\"\" data-start=\"91\" data-end=\"434\">Savourez des pizzas artisanales pr\u00e9par\u00e9es avec soin, exclusivement pour vous et votre accompagnant, au restaurant prim\u00e9 Primrose. Chaque recette est \u00e9labor\u00e9e \u00e0 partir de farine italienne de haute qualit\u00e9 et d&#039;ingr\u00e9dients de premier choix, pour des saveurs intenses et une texture irr\u00e9prochable.<\/p>\n<p>Laissez-vous \u00e9merveiller par nos r\u00e9interpr\u00e9tations cr\u00e9atives de la cuisine italienne classique, lors d&#039;une soir\u00e9e alliant exclusivit\u00e9, confort et excellence culinaire.<\/p>\n<p>Cette exp\u00e9rience peut \u00e9galement \u00eatre v\u00e9cue \u00e0 la Boulangerie, sur r\u00e9servation pr\u00e9alable et \u00e0 un prix diff\u00e9rent.<br \/>\nParlez \u00e0 notre <span style=\"color: #993300;\"><a style=\"color: #993300;\" href=\"https:\/\/wa.me\/555432957721\">\u00e9quipe des r\u00e9servations<\/a><\/span>.<\/p>\n<p>&nbsp;<\/p>\n<p><strong>Options savoureuses :<\/strong><\/p>\n<ul>\n<li>Cabillaud, tomates, olives et \u0153uf<\/li>\n<li>Crevettes, poireaux et aneth<\/li>\n<li>Pepperoni<\/li>\n<li>Champignons, truffes et courgettes<\/li>\n<li>Tranches de filet mignon, figues, oignons caram\u00e9lis\u00e9s<\/li>\n<li>Poitrine de dinde, abricot et gorgonzola<\/li>\n<li>Prosciutto, mozzarella de bufflonne et roquette.<\/li>\n<li>Quatre fromages : Gorgonzola, Mozzarella, Emmental et Brie.<\/li>\n<li>Fromage de ch\u00e8vre, tomate et pesto<\/li>\n<li>Saumon fum\u00e9, roquette, tomates s\u00e9ch\u00e9es au soleil<\/li>\n<li>Tomates, thon et olives<\/li>\n<\/ul>\n<p><strong><br \/>\nOptions sucr\u00e9es :<\/strong><\/p>\n<ul>\n<li>Banane au chocolat et aux amandes<\/li>\n<li>Banane fourr\u00e9e au dulce de leche et \u00e0 la cannelle<\/li>\n<li>Framboises au chocolat blanc et au brie<\/li>\n<li>Nutella aux fraises<\/li>\n<\/ul>\n<p>&nbsp;<\/p>\n<p><strong>Les boissons sont factur\u00e9es s\u00e9par\u00e9ment.<\/strong><\/p>\n<p><strong>Pour 2 personnes<br \/>\nDur\u00e9e:<\/strong> Ce service dure 2 heures.<br \/>\n<strong>Quantit\u00e9 de pizzas : <\/strong>3 unit\u00e9s (pizza moyenne \u2013 6 parts)<\/p>\n<p><strong>Quand:<\/strong> Tous les jours.<\/p>\n<p>&nbsp;<\/p>\n<p><span style=\"vertical-align: inherit;\"><span style=\"vertical-align: inherit;\"><span style=\"vertical-align: inherit;\"><span style=\"vertical-align: inherit;\"><span style=\"vertical-align: inherit;\"><span style=\"vertical-align: inherit;\"><span style=\"vertical-align: inherit;\"><span style=\"vertical-align: inherit;\"><span style=\"vertical-align: inherit;\"><span style=\"vertical-align: inherit;\"><span style=\"vertical-align: inherit;\"><span style=\"vertical-align: inherit;\"><span style=\"vertical-align: inherit;\"><span style=\"vertical-align: inherit;\"><span style=\"vertical-align: inherit;\"><span style=\"vertical-align: inherit;\">***<\/span><\/span><\/span><\/span><\/span><\/span><\/span><\/span><\/span><\/span><\/span><\/span><\/span><\/span><\/span><\/span><\/p>\n<p><span style=\"font-size: 10pt;\"><em><span style=\"color: #993300;\">\u2022 Apr\u00e8s avoir achet\u00e9 un service aupr\u00e8s de Saint Andrews et confirm\u00e9 le paiement, l&#039;un de nos concierges d\u00e9di\u00e9s vous contactera par t\u00e9l\u00e9phone pour vous informer des cr\u00e9neaux horaires disponibles \u00e0 la date choisie, vous assurant ainsi une r\u00e9servation avec un maximum de confort et d&#039;exclusivit\u00e9.<br \/>\n\u2022 \u00c0 la fin de la prestation, nous vous serions reconnaissants de bien vouloir prendre en consid\u00e9ration nos frais de service.<br \/>\n\u2022 Image \u00e0 titre indicatif seulement.<br \/>\n<\/span><\/em><\/span><\/p>","protected":false},"excerpt":{"rendered":"<p><span style=\"vertical-align: inherit;\"><span style=\"vertical-align: inherit;\"><span style=\"vertical-align: inherit;\"><span style=\"vertical-align: inherit;\"><span style=\"vertical-align: inherit;\"><span style=\"vertical-align: inherit;\"><span style=\"vertical-align: inherit;\"><span style=\"vertical-align: inherit;\"><span style=\"vertical-align: inherit;\"><span style=\"vertical-align: inherit;\"><span style=\"vertical-align: inherit;\"><span style=\"vertical-align: inherit;\"><span style=\"vertical-align: inherit;\"><span style=\"vertical-align: inherit;\"><span style=\"vertical-align: inherit;\"><span style=\"vertical-align: inherit;\">Avec une touche raffin\u00e9e et une s\u00e9lection sp\u00e9ciale d&#039;ingr\u00e9dients, Pizza Gourmet do Castelo offre une exp\u00e9rience unique \u00e0 ceux qui souhaitent c\u00e9l\u00e9brer les bons moments autour d&#039;une excellente cuisine. <strong>Prix pour 2 personnes.<\/strong><\/span><\/span><\/span><\/span><\/span><\/span><\/span><\/span><\/span><\/span><\/span><\/span><\/span><\/span><\/span><\/span><\/p>","protected":false},"featured_media":18197,"template":"","meta":{"_acf_changed":false},"product_brand":[],"product_cat":[229],"product_tag":[],"class_list":{"0":"post-18189","1":"product","2":"type-product","3":"status-publish","4":"has-post-thumbnail","6":"product_cat-gastronomia","8":"first","9":"instock","10":"virtual","11":"sold-individually","12":"taxable","13":"purchasable","14":"product-type-booking"},"acf":[],"yoast_head":"<!-- This site is optimized with the Yoast SEO plugin v27.2 - https:\/\/yoast.com\/product\/yoast-seo-wordpress\/ -->\n<title>Pizza Gourmet - Primrose - Castelo Saint Andrews<\/title>\n<meta name=\"description\" content=\"Com um toque refinado e sele\u00e7\u00e3o especial de ingredientes, a Pizza Gourmet do Castelo oferece uma experi\u00eancia \u00fanica e excelente gastronomia.\" \/>\n<meta name=\"robots\" content=\"index, follow, max-snippet:-1, max-image-preview:large, max-video-preview:-1\" \/>\n<link rel=\"canonical\" href=\"https:\/\/saintandrews.com.br\/fr\/produit\/pizza-gastronomique-primrose\/\" \/>\n<meta property=\"og:locale\" content=\"fr_FR\" \/>\n<meta property=\"og:type\" content=\"article\" \/>\n<meta property=\"og:title\" content=\"Pizza Gourmet\" \/>\n<meta property=\"og:description\" content=\"Com um toque refinado e sele\u00e7\u00e3o especial de ingredientes, a Pizza Gourmet do Castelo oferece uma experi\u00eancia \u00fanica e excelente gastronomia.\" \/>\n<meta property=\"og:url\" content=\"https:\/\/saintandrews.com.br\/fr\/produit\/pizza-gastronomique-primrose\/\" \/>\n<meta property=\"og:site_name\" content=\"Castelo Saint Andrews\" \/>\n<meta property=\"article:modified_time\" content=\"2026-04-06T15:01:18+00:00\" \/>\n<meta property=\"og:image\" content=\"https:\/\/saintandrews.com.br\/wp-content\/uploads\/2024\/03\/pizza-768x768-1.webp\" \/>\n\t<meta property=\"og:image:width\" content=\"768\" \/>\n\t<meta property=\"og:image:height\" content=\"768\" \/>\n\t<meta property=\"og:image:type\" content=\"image\/webp\" \/>\n<meta name=\"twitter:card\" content=\"summary_large_image\" \/>\n<meta name=\"twitter:label1\" content=\"Dur\u00e9e de lecture estim\u00e9e\" \/>\n\t<meta name=\"twitter:data1\" content=\"2 minutes\" \/>\n<script type=\"application\/ld+json\" class=\"yoast-schema-graph\">{\"@context\":\"https:\/\/schema.org\",\"@graph\":[{\"@type\":\"WebPage\",\"@id\":\"https:\/\/saintandrews.com.br\/produto\/pizza-gourmet-primrose\/\",\"url\":\"https:\/\/saintandrews.com.br\/produto\/pizza-gourmet-primrose\/\",\"name\":\"Pizza Gourmet - Primrose - Castelo Saint Andrews\",\"isPartOf\":{\"@id\":\"https:\/\/saintandrews.com.br\/#website\"},\"primaryImageOfPage\":{\"@id\":\"https:\/\/saintandrews.com.br\/produto\/pizza-gourmet-primrose\/#primaryimage\"},\"image\":{\"@id\":\"https:\/\/saintandrews.com.br\/produto\/pizza-gourmet-primrose\/#primaryimage\"},\"thumbnailUrl\":\"https:\/\/saintandrews.com.br\/wp-content\/uploads\/2025\/07\/pizza2.webp\",\"datePublished\":\"2025-07-04T13:59:48+00:00\",\"dateModified\":\"2026-04-06T15:01:18+00:00\",\"description\":\"Com um toque refinado e sele\u00e7\u00e3o especial de ingredientes, a Pizza Gourmet do Castelo oferece uma experi\u00eancia \u00fanica e excelente gastronomia.\",\"breadcrumb\":{\"@id\":\"https:\/\/saintandrews.com.br\/produto\/pizza-gourmet-primrose\/#breadcrumb\"},\"inLanguage\":\"fr-FR\",\"potentialAction\":[{\"@type\":\"ReadAction\",\"target\":[\"https:\/\/saintandrews.com.br\/produto\/pizza-gourmet-primrose\/\"]}]},{\"@type\":\"ImageObject\",\"inLanguage\":\"fr-FR\",\"@id\":\"https:\/\/saintandrews.com.br\/produto\/pizza-gourmet-primrose\/#primaryimage\",\"url\":\"https:\/\/saintandrews.com.br\/wp-content\/uploads\/2025\/07\/pizza2.webp\",\"contentUrl\":\"https:\/\/saintandrews.com.br\/wp-content\/uploads\/2025\/07\/pizza2.webp\",\"width\":1000,\"height\":1000},{\"@type\":\"BreadcrumbList\",\"@id\":\"https:\/\/saintandrews.com.br\/produto\/pizza-gourmet-primrose\/#breadcrumb\",\"itemListElement\":[{\"@type\":\"ListItem\",\"position\":1,\"name\":\"In\u00edcio\",\"item\":\"https:\/\/saintandrews.com.br\/\"},{\"@type\":\"ListItem\",\"position\":2,\"name\":\"Experi\u00eancias\",\"item\":\"https:\/\/saintandrews.com.br\/experiencias\/\"},{\"@type\":\"ListItem\",\"position\":3,\"name\":\"Pizza Gourmet &#8211; Primrose\"}]},{\"@type\":\"WebSite\",\"@id\":\"https:\/\/saintandrews.com.br\/#website\",\"url\":\"https:\/\/saintandrews.com.br\/\",\"name\":\"Castelo Saint Andrews\",\"description\":\"Seu hotel\u00a0em\u00a0Gramado\",\"publisher\":{\"@id\":\"https:\/\/saintandrews.com.br\/#organization\"},\"potentialAction\":[{\"@type\":\"SearchAction\",\"target\":{\"@type\":\"EntryPoint\",\"urlTemplate\":\"https:\/\/saintandrews.com.br\/?s={search_term_string}\"},\"query-input\":{\"@type\":\"PropertyValueSpecification\",\"valueRequired\":true,\"valueName\":\"search_term_string\"}}],\"inLanguage\":\"fr-FR\"},{\"@type\":\"Organization\",\"@id\":\"https:\/\/saintandrews.com.br\/#organization\",\"name\":\"Castelo Saint Andrews\",\"url\":\"https:\/\/saintandrews.com.br\/\",\"logo\":{\"@type\":\"ImageObject\",\"inLanguage\":\"fr-FR\",\"@id\":\"https:\/\/saintandrews.com.br\/#\/schema\/logo\/image\/\",\"url\":\"https:\/\/saintandrews.com.br\/wp-content\/uploads\/2024\/04\/Logo-SaintAndrews-Cabecalho-01-01.svg\",\"contentUrl\":\"https:\/\/saintandrews.com.br\/wp-content\/uploads\/2024\/04\/Logo-SaintAndrews-Cabecalho-01-01.svg\",\"width\":612.8999999999999772626324556767940521240234375,\"height\":167.5,\"caption\":\"Castelo Saint Andrews\"},\"image\":{\"@id\":\"https:\/\/saintandrews.com.br\/#\/schema\/logo\/image\/\"}}]}<\/script>\n<!-- \/ Yoast SEO plugin. -->","yoast_head_json":{"title":"Pizza gastronomique - Primrose - Ch\u00e2teau de Saint Andrews","description":"Avec une touche raffin\u00e9e et une s\u00e9lection sp\u00e9ciale d&#039;ingr\u00e9dients, Pizza Gourmet do Castelo offre une exp\u00e9rience unique et une excellente gastronomie.","robots":{"index":"index","follow":"follow","max-snippet":"max-snippet:-1","max-image-preview":"max-image-preview:large","max-video-preview":"max-video-preview:-1"},"canonical":"https:\/\/saintandrews.com.br\/fr\/produit\/pizza-gastronomique-primrose\/","og_locale":"fr_FR","og_type":"article","og_title":"Pizza Gourmet","og_description":"Com um toque refinado e sele\u00e7\u00e3o especial de ingredientes, a Pizza Gourmet do Castelo oferece uma experi\u00eancia \u00fanica e excelente gastronomia.","og_url":"https:\/\/saintandrews.com.br\/fr\/produit\/pizza-gastronomique-primrose\/","og_site_name":"Castelo Saint Andrews","article_modified_time":"2026-04-06T15:01:18+00:00","og_image":[{"width":768,"height":768,"url":"https:\/\/saintandrews.com.br\/wp-content\/uploads\/2024\/03\/pizza-768x768-1.webp","type":"image\/webp"}],"twitter_card":"summary_large_image","twitter_misc":{"Dur\u00e9e de lecture estim\u00e9e":"2 minutes"},"schema":{"@context":"https:\/\/schema.org","@graph":[{"@type":"WebPage","@id":"https:\/\/saintandrews.com.br\/produto\/pizza-gourmet-primrose\/","url":"https:\/\/saintandrews.com.br\/produto\/pizza-gourmet-primrose\/","name":"Pizza gastronomique - Primrose - Ch\u00e2teau de Saint Andrews","isPartOf":{"@id":"https:\/\/saintandrews.com.br\/#website"},"primaryImageOfPage":{"@id":"https:\/\/saintandrews.com.br\/produto\/pizza-gourmet-primrose\/#primaryimage"},"image":{"@id":"https:\/\/saintandrews.com.br\/produto\/pizza-gourmet-primrose\/#primaryimage"},"thumbnailUrl":"https:\/\/saintandrews.com.br\/wp-content\/uploads\/2025\/07\/pizza2.webp","datePublished":"2025-07-04T13:59:48+00:00","dateModified":"2026-04-06T15:01:18+00:00","description":"Avec une touche raffin\u00e9e et une s\u00e9lection sp\u00e9ciale d&#039;ingr\u00e9dients, Pizza Gourmet do Castelo offre une exp\u00e9rience unique et une excellente gastronomie.","breadcrumb":{"@id":"https:\/\/saintandrews.com.br\/produto\/pizza-gourmet-primrose\/#breadcrumb"},"inLanguage":"fr-FR","potentialAction":[{"@type":"ReadAction","target":["https:\/\/saintandrews.com.br\/produto\/pizza-gourmet-primrose\/"]}]},{"@type":"ImageObject","inLanguage":"fr-FR","@id":"https:\/\/saintandrews.com.br\/produto\/pizza-gourmet-primrose\/#primaryimage","url":"https:\/\/saintandrews.com.br\/wp-content\/uploads\/2025\/07\/pizza2.webp","contentUrl":"https:\/\/saintandrews.com.br\/wp-content\/uploads\/2025\/07\/pizza2.webp","width":1000,"height":1000},{"@type":"BreadcrumbList","@id":"https:\/\/saintandrews.com.br\/produto\/pizza-gourmet-primrose\/#breadcrumb","itemListElement":[{"@type":"ListItem","position":1,"name":"In\u00edcio","item":"https:\/\/saintandrews.com.br\/"},{"@type":"ListItem","position":2,"name":"Experi\u00eancias","item":"https:\/\/saintandrews.com.br\/experiencias\/"},{"@type":"ListItem","position":3,"name":"Pizza Gourmet &#8211; Primrose"}]},{"@type":"WebSite","@id":"https:\/\/saintandrews.com.br\/#website","url":"https:\/\/saintandrews.com.br\/","name":"Ch\u00e2teau de Saint Andrews","description":"Votre h\u00f4tel \u00e0 Gramado","publisher":{"@id":"https:\/\/saintandrews.com.br\/#organization"},"potentialAction":[{"@type":"SearchAction","target":{"@type":"EntryPoint","urlTemplate":"https:\/\/saintandrews.com.br\/?s={search_term_string}"},"query-input":{"@type":"PropertyValueSpecification","valueRequired":true,"valueName":"search_term_string"}}],"inLanguage":"fr-FR"},{"@type":"Organization","@id":"https:\/\/saintandrews.com.br\/#organization","name":"Ch\u00e2teau de Saint Andrews","url":"https:\/\/saintandrews.com.br\/","logo":{"@type":"ImageObject","inLanguage":"fr-FR","@id":"https:\/\/saintandrews.com.br\/#\/schema\/logo\/image\/","url":"https:\/\/saintandrews.com.br\/wp-content\/uploads\/2024\/04\/Logo-SaintAndrews-Cabecalho-01-01.svg","contentUrl":"https:\/\/saintandrews.com.br\/wp-content\/uploads\/2024\/04\/Logo-SaintAndrews-Cabecalho-01-01.svg","width":612.8999999999999772626324556767940521240234375,"height":167.5,"caption":"Castelo Saint Andrews"},"image":{"@id":"https:\/\/saintandrews.com.br\/#\/schema\/logo\/image\/"}}]}},"publishpress_future_action":{"enabled":false,"date":"2026-04-26 23:45:30","action":"change-status","newStatus":"draft","terms":[],"taxonomy":"product_brand","extraData":[]},"publishpress_future_workflow_manual_trigger":{"enabledWorkflows":[]},"_links":{"self":[{"href":"https:\/\/saintandrews.com.br\/fr\/wp-json\/wp\/v2\/product\/18189","targetHints":{"allow":["GET"]}}],"collection":[{"href":"https:\/\/saintandrews.com.br\/fr\/wp-json\/wp\/v2\/product"}],"about":[{"href":"https:\/\/saintandrews.com.br\/fr\/wp-json\/wp\/v2\/types\/product"}],"wp:featuredmedia":[{"embeddable":true,"href":"https:\/\/saintandrews.com.br\/fr\/wp-json\/wp\/v2\/media\/18197"}],"wp:attachment":[{"href":"https:\/\/saintandrews.com.br\/fr\/wp-json\/wp\/v2\/media?parent=18189"}],"wp:term":[{"taxonomy":"product_brand","embeddable":true,"href":"https:\/\/saintandrews.com.br\/fr\/wp-json\/wp\/v2\/product_brand?post=18189"},{"taxonomy":"product_cat","embeddable":true,"href":"https:\/\/saintandrews.com.br\/fr\/wp-json\/wp\/v2\/product_cat?post=18189"},{"taxonomy":"product_tag","embeddable":true,"href":"https:\/\/saintandrews.com.br\/fr\/wp-json\/wp\/v2\/product_tag?post=18189"}],"curies":[{"name":"wp","href":"https:\/\/api.w.org\/{rel}","templated":true}]}}