{"id":15495,"date":"2026-04-03T09:14:40","date_gmt":"2026-04-03T12:14:40","guid":{"rendered":"https:\/\/saintandrews.com.br\/?post_type=product&#038;p=15495"},"modified":"2026-04-22T09:17:12","modified_gmt":"2026-04-22T12:17:12","slug":"diner-special-de-juin-fondue-moet","status":"publish","type":"product","link":"https:\/\/saintandrews.com.br\/fr\/produto\/junho-jantar-especial-fondue-moet\/","title":{"rendered":"Juin<br>D\u00eener sp\u00e9cial <br> Fondue Suisse avec Mo\u00ebt &amp; Chandon"},"content":{"rendered":"<p>Conviviale et romantique, la fondue est une c\u00e9l\u00e9bration des saveurs et un choix parfait pour partager des moments inoubliables \u00e0 deux lors des douces et fra\u00eeches soir\u00e9es de la r\u00e9gion de Serra Ga\u00facha.<\/p>\n<p>Au ch\u00e2teau de Saint Andrews, nous avons cr\u00e9\u00e9 une exp\u00e9rience unique qui met en valeur la richesse de la culture gastronomique de la r\u00e9gion, alliant l&#039;\u00e9l\u00e9gance au charme irr\u00e9sistible de la fondue.<\/p>\n<p>Ce d\u00eener sp\u00e9cial propose une s\u00e9lection exclusive de quatre variantes de fondue :<\/p>\n<p>&nbsp;<\/p>\n<p>MENU<\/p>\n<ul>\n<li><strong>Fondue au fromage:<\/strong> Baguette, pain aux olives, pain de seigle, pommes de terre, champignons, brocolis et tomates \u00e0 baigner dans un m\u00e9lange cr\u00e9meux de fromages import\u00e9s.<\/li>\n<li><strong>Fondue au Bord de la Mer :<\/strong> Crevettes, Coquilles Saint-Jacques, Moules et Sole \u00e0 pr\u00e9parer \u00e0 Court-Bouillon. Garni de trempette \u00e0 l&#039;aneth, de tapenade proven\u00e7ale, de trempette aux c\u00e2pres et d&#039;\u00e9mulsion de citron.<\/li>\n<li><strong>Fondue au boeuf :<\/strong> Filets de filet mignon Angus rouge \u00e0 pr\u00e9parer dans une sauce bourguignonne et truffe noire, p\u00e2t\u00e9 de moutarde de Dijon, \u00e9mulsion de poivre et trempette au gorgonzola.<\/li>\n<li><strong>Fondue au chocolat:<\/strong> Sauce au chocolat belge et au cognac, accompagn\u00e9e d&#039;abricots turcs, de fruits de saison et d&#039;amandes effil\u00e9es.<\/li>\n<\/ul>\n<p>&nbsp;<\/p>\n<p>L&#039;exp\u00e9rience sera accompagn\u00e9e d&#039;une bouteille de <strong>Champagne Mo\u00ebt &amp; Chandon<\/strong> Pour les couples. Une exp\u00e9rience pleine de saveurs, de raffinement et de romantisme dans un cadre exceptionnel.<\/p>\n<p>&nbsp;<\/p>\n<p>Pour conclure cette exp\u00e9rience, du caf\u00e9, du th\u00e9 et des mignardises de Saint Andrews seront servis.<\/p>\n<p>&nbsp;<\/p>\n<p>Date : 12 juin (jeudi)<br \/>\nHeure de d\u00e9but : 19h30 (boisson de bienvenue).<br \/>\nD\u00eener : 20h.<\/p>\n<p>&nbsp;<\/p>\n<p><span style=\"font-size: 10pt;\">*Le menu et les prix sont susceptibles d&#039;\u00eatre modifi\u00e9s sans pr\u00e9avis.<br \/>\n*Image \u00e0 titre indicatif seulement.<\/span><\/p>\n<p>&nbsp;<\/p>\n<p><strong>Prix d&#039;un d\u00eener pour deux :<br \/>\n<span style=\"font-size: 10pt;\">(+ frais de service sur place)<\/span><\/strong><\/p>","protected":false},"excerpt":{"rendered":"<p>Envolvente e rom\u00e2ntico, o fondue \u00e9 uma celebra\u00e7\u00e3o de sabores e uma escolha perfeita para compartilhar momentos inesquec\u00edveis a dois nas acolhedoras noites frias da Serra Ga\u00facha. No Castelo Saint Andrews, criamos uma experi\u00eancia \u00fanica que destaca a rica cultura gastron\u00f4mica da regi\u00e3o, combinando eleg\u00e2ncia e o charme irresist\u00edvel do fondue. Este jantar especial oferece [&hellip;]<\/p>\n","protected":false},"featured_media":24819,"template":"","meta":{"_acf_changed":false},"product_brand":[],"product_cat":[228,294],"product_tag":[320],"class_list":{"0":"post-15495","1":"product","2":"type-product","3":"status-publish","4":"has-post-thumbnail","6":"product_cat-festivais","7":"product_cat-shows","8":"product_tag-layout-gastronomia-especial","10":"first","11":"instock","12":"virtual","13":"sold-individually","14":"taxable","15":"purchasable","16":"product-type-booking"},"acf":[],"yoast_head":"<!-- This site is optimized with the Yoast SEO plugin v27.2 - https:\/\/yoast.com\/product\/yoast-seo-wordpress\/ -->\n<title>JunhoJantar Especial  Fondue Suisse c\/ Mo\u00ebt &amp; Chandon - Castelo Saint Andrews<\/title>\n<meta name=\"robots\" content=\"index, follow, max-snippet:-1, max-image-preview:large, max-video-preview:-1\" \/>\n<link rel=\"canonical\" href=\"https:\/\/saintandrews.com.br\/fr\/produit\/diner-special-de-juin-fondue-moet\/\" \/>\n<meta property=\"og:locale\" content=\"fr_FR\" \/>\n<meta property=\"og:type\" content=\"article\" \/>\n<meta property=\"og:title\" content=\"JunhoJantar Especial  Fondue Suisse c\/ Mo\u00ebt &amp; Chandon - Castelo Saint Andrews\" \/>\n<meta property=\"og:description\" content=\"Envolvente e rom\u00e2ntico, o fondue \u00e9 uma celebra\u00e7\u00e3o de sabores e uma escolha perfeita para compartilhar momentos inesquec\u00edveis a dois nas acolhedoras noites frias da Serra Ga\u00facha. No Castelo Saint Andrews, criamos uma experi\u00eancia \u00fanica que destaca a rica cultura gastron\u00f4mica da regi\u00e3o, combinando eleg\u00e2ncia e o charme irresist\u00edvel do fondue. Este jantar especial oferece [&hellip;]\" \/>\n<meta property=\"og:url\" content=\"https:\/\/saintandrews.com.br\/fr\/produit\/diner-special-de-juin-fondue-moet\/\" \/>\n<meta property=\"og:site_name\" content=\"Castelo Saint Andrews\" \/>\n<meta property=\"article:modified_time\" content=\"2026-04-22T12:17:12+00:00\" \/>\n<meta property=\"og:image\" content=\"https:\/\/saintandrews.com.br\/wp-content\/uploads\/2026\/04\/namorados-01.webp\" \/>\n\t<meta property=\"og:image:width\" content=\"1000\" \/>\n\t<meta property=\"og:image:height\" content=\"1000\" \/>\n\t<meta property=\"og:image:type\" content=\"image\/webp\" \/>\n<meta name=\"twitter:card\" content=\"summary_large_image\" \/>\n<meta name=\"twitter:label1\" content=\"Dur\u00e9e de lecture estim\u00e9e\" \/>\n\t<meta name=\"twitter:data1\" content=\"2 minutes\" \/>\n<script type=\"application\/ld+json\" class=\"yoast-schema-graph\">{\"@context\":\"https:\/\/schema.org\",\"@graph\":[{\"@type\":\"WebPage\",\"@id\":\"https:\/\/saintandrews.com.br\/produto\/junho-jantar-especial-fondue-moet\/\",\"url\":\"https:\/\/saintandrews.com.br\/produto\/junho-jantar-especial-fondue-moet\/\",\"name\":\"Junho Jantar Especial Fondue Suisse c\/ Mo\u00ebt & Chandon - Castelo Saint Andrews\",\"isPartOf\":{\"@id\":\"https:\/\/saintandrews.com.br\/#website\"},\"primaryImageOfPage\":{\"@id\":\"https:\/\/saintandrews.com.br\/produto\/junho-jantar-especial-fondue-moet\/#primaryimage\"},\"image\":{\"@id\":\"https:\/\/saintandrews.com.br\/produto\/junho-jantar-especial-fondue-moet\/#primaryimage\"},\"thumbnailUrl\":\"https:\/\/saintandrews.com.br\/wp-content\/uploads\/2026\/04\/namorados-01.webp\",\"datePublished\":\"2026-04-03T12:14:40+00:00\",\"dateModified\":\"2026-04-22T12:17:12+00:00\",\"breadcrumb\":{\"@id\":\"https:\/\/saintandrews.com.br\/produto\/junho-jantar-especial-fondue-moet\/#breadcrumb\"},\"inLanguage\":\"fr-FR\",\"potentialAction\":[{\"@type\":\"ReadAction\",\"target\":[\"https:\/\/saintandrews.com.br\/produto\/junho-jantar-especial-fondue-moet\/\"]}]},{\"@type\":\"ImageObject\",\"inLanguage\":\"fr-FR\",\"@id\":\"https:\/\/saintandrews.com.br\/produto\/junho-jantar-especial-fondue-moet\/#primaryimage\",\"url\":\"https:\/\/saintandrews.com.br\/wp-content\/uploads\/2026\/04\/namorados-01.webp\",\"contentUrl\":\"https:\/\/saintandrews.com.br\/wp-content\/uploads\/2026\/04\/namorados-01.webp\",\"width\":1000,\"height\":1000},{\"@type\":\"BreadcrumbList\",\"@id\":\"https:\/\/saintandrews.com.br\/produto\/junho-jantar-especial-fondue-moet\/#breadcrumb\",\"itemListElement\":[{\"@type\":\"ListItem\",\"position\":1,\"name\":\"In\u00edcio\",\"item\":\"https:\/\/saintandrews.com.br\/\"},{\"@type\":\"ListItem\",\"position\":2,\"name\":\"Experi\u00eancias\",\"item\":\"https:\/\/saintandrews.com.br\/experiencias\/\"},{\"@type\":\"ListItem\",\"position\":3,\"name\":\"JunhoJantar Especial Fondue Suisse c\/ Mo\u00ebt &#038; Chandon\"}]},{\"@type\":\"WebSite\",\"@id\":\"https:\/\/saintandrews.com.br\/#website\",\"url\":\"https:\/\/saintandrews.com.br\/\",\"name\":\"Castelo Saint Andrews\",\"description\":\"Seu hotel\u00a0em\u00a0Gramado\",\"publisher\":{\"@id\":\"https:\/\/saintandrews.com.br\/#organization\"},\"potentialAction\":[{\"@type\":\"SearchAction\",\"target\":{\"@type\":\"EntryPoint\",\"urlTemplate\":\"https:\/\/saintandrews.com.br\/?s={search_term_string}\"},\"query-input\":{\"@type\":\"PropertyValueSpecification\",\"valueRequired\":true,\"valueName\":\"search_term_string\"}}],\"inLanguage\":\"fr-FR\"},{\"@type\":\"Organization\",\"@id\":\"https:\/\/saintandrews.com.br\/#organization\",\"name\":\"Castelo Saint Andrews\",\"url\":\"https:\/\/saintandrews.com.br\/\",\"logo\":{\"@type\":\"ImageObject\",\"inLanguage\":\"fr-FR\",\"@id\":\"https:\/\/saintandrews.com.br\/#\/schema\/logo\/image\/\",\"url\":\"https:\/\/saintandrews.com.br\/wp-content\/uploads\/2024\/04\/Logo-SaintAndrews-Cabecalho-01-01.svg\",\"contentUrl\":\"https:\/\/saintandrews.com.br\/wp-content\/uploads\/2024\/04\/Logo-SaintAndrews-Cabecalho-01-01.svg\",\"width\":612.8999999999999772626324556767940521240234375,\"height\":167.5,\"caption\":\"Castelo Saint Andrews\"},\"image\":{\"@id\":\"https:\/\/saintandrews.com.br\/#\/schema\/logo\/image\/\"}}]}<\/script>\n<!-- \/ Yoast SEO plugin. -->","yoast_head_json":{"title":"D\u00eener sp\u00e9cial de juin : Fondue suisse avec Mo\u00ebt &amp; Chandon - Ch\u00e2teau de Saint Andrews","robots":{"index":"index","follow":"follow","max-snippet":"max-snippet:-1","max-image-preview":"max-image-preview:large","max-video-preview":"max-video-preview:-1"},"canonical":"https:\/\/saintandrews.com.br\/fr\/produit\/diner-special-de-juin-fondue-moet\/","og_locale":"fr_FR","og_type":"article","og_title":"JunhoJantar Especial  Fondue Suisse c\/ Mo\u00ebt & Chandon - Castelo Saint Andrews","og_description":"Envolvente e rom\u00e2ntico, o fondue \u00e9 uma celebra\u00e7\u00e3o de sabores e uma escolha perfeita para compartilhar momentos inesquec\u00edveis a dois nas acolhedoras noites frias da Serra Ga\u00facha. No Castelo Saint Andrews, criamos uma experi\u00eancia \u00fanica que destaca a rica cultura gastron\u00f4mica da regi\u00e3o, combinando eleg\u00e2ncia e o charme irresist\u00edvel do fondue. Este jantar especial oferece [&hellip;]","og_url":"https:\/\/saintandrews.com.br\/fr\/produit\/diner-special-de-juin-fondue-moet\/","og_site_name":"Castelo Saint Andrews","article_modified_time":"2026-04-22T12:17:12+00:00","og_image":[{"width":1000,"height":1000,"url":"https:\/\/saintandrews.com.br\/wp-content\/uploads\/2026\/04\/namorados-01.webp","type":"image\/webp"}],"twitter_card":"summary_large_image","twitter_misc":{"Dur\u00e9e de lecture estim\u00e9e":"2 minutes"},"schema":{"@context":"https:\/\/schema.org","@graph":[{"@type":"WebPage","@id":"https:\/\/saintandrews.com.br\/produto\/junho-jantar-especial-fondue-moet\/","url":"https:\/\/saintandrews.com.br\/produto\/junho-jantar-especial-fondue-moet\/","name":"D\u00eener sp\u00e9cial de juin : Fondue suisse avec Mo\u00ebt &amp; Chandon - Ch\u00e2teau de Saint Andrews","isPartOf":{"@id":"https:\/\/saintandrews.com.br\/#website"},"primaryImageOfPage":{"@id":"https:\/\/saintandrews.com.br\/produto\/junho-jantar-especial-fondue-moet\/#primaryimage"},"image":{"@id":"https:\/\/saintandrews.com.br\/produto\/junho-jantar-especial-fondue-moet\/#primaryimage"},"thumbnailUrl":"https:\/\/saintandrews.com.br\/wp-content\/uploads\/2026\/04\/namorados-01.webp","datePublished":"2026-04-03T12:14:40+00:00","dateModified":"2026-04-22T12:17:12+00:00","breadcrumb":{"@id":"https:\/\/saintandrews.com.br\/produto\/junho-jantar-especial-fondue-moet\/#breadcrumb"},"inLanguage":"fr-FR","potentialAction":[{"@type":"ReadAction","target":["https:\/\/saintandrews.com.br\/produto\/junho-jantar-especial-fondue-moet\/"]}]},{"@type":"ImageObject","inLanguage":"fr-FR","@id":"https:\/\/saintandrews.com.br\/produto\/junho-jantar-especial-fondue-moet\/#primaryimage","url":"https:\/\/saintandrews.com.br\/wp-content\/uploads\/2026\/04\/namorados-01.webp","contentUrl":"https:\/\/saintandrews.com.br\/wp-content\/uploads\/2026\/04\/namorados-01.webp","width":1000,"height":1000},{"@type":"BreadcrumbList","@id":"https:\/\/saintandrews.com.br\/produto\/junho-jantar-especial-fondue-moet\/#breadcrumb","itemListElement":[{"@type":"ListItem","position":1,"name":"In\u00edcio","item":"https:\/\/saintandrews.com.br\/"},{"@type":"ListItem","position":2,"name":"Experi\u00eancias","item":"https:\/\/saintandrews.com.br\/experiencias\/"},{"@type":"ListItem","position":3,"name":"JunhoJantar Especial Fondue Suisse c\/ Mo\u00ebt &#038; Chandon"}]},{"@type":"WebSite","@id":"https:\/\/saintandrews.com.br\/#website","url":"https:\/\/saintandrews.com.br\/","name":"Ch\u00e2teau de Saint Andrews","description":"Votre h\u00f4tel \u00e0 Gramado","publisher":{"@id":"https:\/\/saintandrews.com.br\/#organization"},"potentialAction":[{"@type":"SearchAction","target":{"@type":"EntryPoint","urlTemplate":"https:\/\/saintandrews.com.br\/?s={search_term_string}"},"query-input":{"@type":"PropertyValueSpecification","valueRequired":true,"valueName":"search_term_string"}}],"inLanguage":"fr-FR"},{"@type":"Organization","@id":"https:\/\/saintandrews.com.br\/#organization","name":"Ch\u00e2teau de Saint Andrews","url":"https:\/\/saintandrews.com.br\/","logo":{"@type":"ImageObject","inLanguage":"fr-FR","@id":"https:\/\/saintandrews.com.br\/#\/schema\/logo\/image\/","url":"https:\/\/saintandrews.com.br\/wp-content\/uploads\/2024\/04\/Logo-SaintAndrews-Cabecalho-01-01.svg","contentUrl":"https:\/\/saintandrews.com.br\/wp-content\/uploads\/2024\/04\/Logo-SaintAndrews-Cabecalho-01-01.svg","width":612.8999999999999772626324556767940521240234375,"height":167.5,"caption":"Castelo Saint Andrews"},"image":{"@id":"https:\/\/saintandrews.com.br\/#\/schema\/logo\/image\/"}}]}},"publishpress_future_action":{"enabled":true,"date":"2026-06-30 18:00:00","action":"change-status","newStatus":"draft","terms":[0],"taxonomy":"product_brand","extraData":[]},"publishpress_future_workflow_manual_trigger":{"enabledWorkflows":[]},"_links":{"self":[{"href":"https:\/\/saintandrews.com.br\/fr\/wp-json\/wp\/v2\/product\/15495","targetHints":{"allow":["GET"]}}],"collection":[{"href":"https:\/\/saintandrews.com.br\/fr\/wp-json\/wp\/v2\/product"}],"about":[{"href":"https:\/\/saintandrews.com.br\/fr\/wp-json\/wp\/v2\/types\/product"}],"wp:featuredmedia":[{"embeddable":true,"href":"https:\/\/saintandrews.com.br\/fr\/wp-json\/wp\/v2\/media\/24819"}],"wp:attachment":[{"href":"https:\/\/saintandrews.com.br\/fr\/wp-json\/wp\/v2\/media?parent=15495"}],"wp:term":[{"taxonomy":"product_brand","embeddable":true,"href":"https:\/\/saintandrews.com.br\/fr\/wp-json\/wp\/v2\/product_brand?post=15495"},{"taxonomy":"product_cat","embeddable":true,"href":"https:\/\/saintandrews.com.br\/fr\/wp-json\/wp\/v2\/product_cat?post=15495"},{"taxonomy":"product_tag","embeddable":true,"href":"https:\/\/saintandrews.com.br\/fr\/wp-json\/wp\/v2\/product_tag?post=15495"}],"curies":[{"name":"wp","href":"https:\/\/api.w.org\/{rel}","templated":true}]}}