{"id":10219,"date":"2024-05-20T23:39:44","date_gmt":"2024-05-21T02:39:44","guid":{"rendered":"https:\/\/saintandrews.com.br\/?page_id=10219"},"modified":"2024-05-20T23:40:13","modified_gmt":"2024-05-21T02:40:13","slug":"politique-de-confidentialite-2","status":"publish","type":"page","link":"https:\/\/saintandrews.com.br\/fr\/politica-de-privacidade\/","title":{"rendered":"politique de confidentialit\u00e9"},"content":{"rendered":"<div data-elementor-type=\"wp-page\" data-elementor-id=\"10219\" class=\"elementor elementor-10219\" data-elementor-post-type=\"page\">\n\t\t\t\t<div class=\"elementor-element elementor-element-84c4713 e-flex e-con-boxed e-con e-parent\" data-id=\"84c4713\" data-element_type=\"container\" data-e-type=\"container\" data-settings=\"{&quot;jet_parallax_layout_list&quot;:[]}\">\n\t\t\t\t\t<div class=\"e-con-inner\">\n\t\t\t\t<div class=\"elementor-element elementor-element-44917f7 elementor-widget elementor-widget-text-editor\" data-id=\"44917f7\" data-element_type=\"widget\" data-e-type=\"widget\" data-widget_type=\"text-editor.default\">\n\t\t\t\t\t\t\t\t\t<h1 class=\"wp-block-heading\"><strong>POLITIQUE DE CONFIDENTIALIT\u00c9<\/strong><\/h1><p>\u00a0<\/p><p>Votre vie priv\u00e9e est importante pour nous. La politique du site Web de Castle Saint Andrews est de respecter votre vie priv\u00e9e concernant toute information que nous pouvons recueillir aupr\u00e8s de vous sur le site Web.\u00a0<a href=\"https:\/\/saintandrews.com.br\/fr\/\" target=\"_blank\" rel=\"noopener\">Ch\u00e2teau de Saint Andrews<\/a>,et d&#039;autres sites web que nous poss\u00e9dons et exploitons.<\/p><p>Nous travaillons sur la base de la loi sur la protection des donn\u00e9es (13 709\/2018), qui offre des garanties de confidentialit\u00e9, de conservation, de protection des droits fondamentaux de libert\u00e9 et de libre d\u00e9veloppement de la personnalit\u00e9 de la personne. En outre, nous respectons la Constitution f\u00e9d\u00e9rale de la R\u00e9publique f\u00e9d\u00e9rative du Br\u00e9sil, le Code de protection des consommateurs (loi 8 078\/90), le Marco Civil da Internet (loi 12 965\/14).<\/p><p>Nous ne demandons des informations personnelles que lorsque nous en avons r\u00e9ellement besoin pour vous fournir un service. Nous le faisons par des moyens justes et l\u00e9gaux, avec votre connaissance et votre consentement. Nous vous expliquons \u00e9galement pourquoi nous les collectons et comment ils seront utilis\u00e9s.<\/p><p>Nous expliquons clairement pourquoi nous collectons et comment elles seront utilis\u00e9es, car tout est fait pour une bonne administration g\u00e9n\u00e9rale.<\/p><p>Nous ne conservons les informations collect\u00e9es que le temps n\u00e9cessaire pour fournir le service demand\u00e9. Lorsque nous stockons des donn\u00e9es, nous les prot\u00e9geons par des moyens commercialement acceptables en vertu de la loi en vigueur pour emp\u00eacher la perte et le vol, ainsi que l&#039;acc\u00e8s, la divulgation, la copie, l&#039;utilisation ou la modification non autoris\u00e9s.<\/p><p>Nous ne partageons pas d&#039;informations personnelles identifiables publiquement ou avec des tiers, sauf sur d\u00e9cision d&#039;un tribunal.<\/p><p>Notre site Web peut contenir des liens vers des sites Web externes qui ne sont pas exploit\u00e9s par nous. Nous ne sommes donc pas responsables des dommages caus\u00e9s par des tiers. Veuillez noter que nous n&#039;avons aucun contr\u00f4le sur le contenu et les pratiques des sites tiers et ne pouvons accepter la responsabilit\u00e9 de leurs politiques de confidentialit\u00e9 respectives.<\/p><p>En tant que consommateur, vous \u00eates libre de refuser notre demande concernant vos informations personnelles, sachant que nous pourrions ne pas \u00eatre en mesure de vous fournir certains des services souhait\u00e9s.<\/p><p>Votre utilisation continue de notre site Web sera consid\u00e9r\u00e9e comme une acceptation de nos pratiques en mati\u00e8re de confidentialit\u00e9 et d\u2019informations personnelles. Si vous avez des questions sur la mani\u00e8re dont nous traitons les donn\u00e9es utilisateur et les informations personnelles, veuillez nous contacter \u00e0\u00a0<a href=\"https:\/\/saintandrews.com.br\/fr\/contato\/\" target=\"_blank\" rel=\"noopener\">de notre formulaire<\/a>.<\/p><p>Notre politique est constamment mise \u00e0 jour.<\/p><p>La personne concern\u00e9e est d\u00e9sormais consciente que le contenu de cette politique de confidentialit\u00e9 peut \u00eatre modifi\u00e9 \u00e0 la discr\u00e9tion du site Web de Castelo Saint Andrews, ind\u00e9pendamment d&#039;un avis ou d&#039;une notification. En cas de changements, les modifications prennent pleinement effet \u00e0 compter de leur mise \u00e0 disposition sur le site Internet.<\/p><p>Le site Castelo Saint Andrews n&#039;est pas responsable si vous utilisez vos donn\u00e9es de mani\u00e8re incorrecte ou mensong\u00e8re, et est exclu de toute responsabilit\u00e9 \u00e0 cet \u00e9gard.<\/p><h3>Politique de cookies<\/h3><h4>Que sont les cookies ?<\/h4><p>Comme c&#039;est le cas pour la plupart des sites web professionnels, ce site utilise des cookies, de petits fichiers t\u00e9l\u00e9charg\u00e9s sur votre ordinateur, afin d&#039;am\u00e9liorer votre exp\u00e9rience. Cette page d\u00e9crit les informations qu&#039;ils collectent, comment nous les utilisons et pourquoi nous devons parfois stocker ces cookies. Nous vous expliquons \u00e9galement comment emp\u00eacher leur stockage\u00a0; toutefois, cela pourrait d\u00e9grader ou perturber certaines fonctionnalit\u00e9s du site.<\/p><h4>Comment utilisons-nous les cookies ?<\/h4><p>Nous utilisons des cookies pour un certain nombre de raisons, d\u00e9taill\u00e9es ci-dessous. Malheureusement, dans la plupart des cas, il n&#039;existe aucune option standard de l&#039;industrie pour d\u00e9sactiver les cookies sans d\u00e9sactiver compl\u00e8tement les fonctionnalit\u00e9s et les caract\u00e9ristiques qu&#039;ils ajoutent \u00e0 ce site. Il est recommand\u00e9 de laisser tous les cookies si vous n&#039;\u00eates pas s\u00fbr d&#039;en avoir besoin ou non au cas o\u00f9 ils seraient utilis\u00e9s pour fournir un service que vous utilisez.<\/p><h4>D\u00e9sactiver les cookies<\/h4><p>Vous pouvez emp\u00eacher l&#039;installation de cookies en ajustant les param\u00e8tres de votre navigateur (voir l&#039;aide de votre navigateur pour savoir comment proc\u00e9der). Veuillez noter que la d\u00e9sactivation des cookies affectera la fonctionnalit\u00e9 de ce site et de nombreux autres sites Web que vous visitez. La d\u00e9sactivation des cookies entra\u00eenera g\u00e9n\u00e9ralement la d\u00e9sactivation de certaines fonctionnalit\u00e9s et caract\u00e9ristiques de ce site Web. Il est donc recommand\u00e9 de ne pas d\u00e9sactiver les cookies.<\/p><h4>Cookies que nous d\u00e9finissons<\/h4><ul><li><strong>Cookies li\u00e9s au compte<\/strong><br \/><br \/>Si vous cr\u00e9ez un compte chez nous, nous utiliserons des cookies pour g\u00e9rer le processus d&#039;inscription et l&#039;administration g\u00e9n\u00e9rale. Ces cookies seront g\u00e9n\u00e9ralement supprim\u00e9s lorsque vous vous d\u00e9connecterez, mais dans certains cas, ils pourront rester par la suite pour m\u00e9moriser vos pr\u00e9f\u00e9rences de site lorsque vous vous d\u00e9connecterez.<br \/><br \/><\/li><li><strong>Cookies li\u00e9s \u00e0 la connexion<\/strong><br \/><br \/>Nous utilisons des cookies lorsque vous \u00eates connect\u00e9 afin que nous puissions m\u00e9moriser cette action. Cela vous \u00e9vite de devoir vous connecter \u00e0 chaque fois que vous visitez une nouvelle page. Ces cookies sont normalement supprim\u00e9s ou effac\u00e9s lorsque vous vous d\u00e9connectez pour garantir que vous ne pouvez acc\u00e9der aux fonctionnalit\u00e9s et zones restreintes que lorsque vous \u00eates connect\u00e9.<br \/><br \/><\/li><li><strong>Cookies li\u00e9s aux newsletters \u00e9lectroniques<\/strong><br \/><br \/>Ce site propose des services d&#039;abonnement \u00e0 une newsletter ou \u00e0 un courrier \u00e9lectronique et des cookies peuvent \u00eatre utilis\u00e9s pour se rappeler si vous \u00eates d\u00e9j\u00e0 inscrit et s&#039;il faut afficher certaines notifications valables uniquement pour les utilisateurs abonn\u00e9s\/d\u00e9sabonn\u00e9s.<br \/><br \/><\/li><li><strong>Cookies li\u00e9s au traitement des commandes<\/strong><br \/><br \/>Ce site propose des facilit\u00e9s de commerce \u00e9lectronique ou de paiement et certains cookies sont essentiels pour garantir que votre commande soit m\u00e9moris\u00e9e entre les pages afin que nous puissions la traiter correctement.<br \/><br \/><\/li><li><strong>Cookies li\u00e9s \u00e0 la recherche<\/strong><br \/><br \/>De temps en temps, nous proposons des enqu\u00eates et des questionnaires pour fournir des informations int\u00e9ressantes, des outils utiles ou pour mieux comprendre notre base d&#039;utilisateurs. Ces enqu\u00eates peuvent utiliser des cookies pour m\u00e9moriser qui a d\u00e9j\u00e0 particip\u00e9 \u00e0 une enqu\u00eate ou pour fournir des r\u00e9sultats pr\u00e9cis apr\u00e8s avoir chang\u00e9 de page.<br \/><br \/><\/li><li><strong>Cookies li\u00e9s aux formulaires<\/strong><br \/><br \/>Lorsque vous soumettez des donn\u00e9es via un formulaire tel que ceux trouv\u00e9s sur les pages de contact ou les formulaires de commentaires, des cookies peuvent \u00eatre d\u00e9finis pour m\u00e9moriser vos informations d&#039;utilisateur pour une correspondance future.<br \/><br \/><\/li><li><strong>Cookies de pr\u00e9f\u00e9rence du site<\/strong><br \/><br \/>Pour vous offrir une exp\u00e9rience exceptionnelle sur ce site, nous fournissons la fonctionnalit\u00e9 permettant de d\u00e9finir vos pr\u00e9f\u00e9rences quant au fonctionnement de ce site lorsque vous l&#039;utilisez. Pour m\u00e9moriser vos pr\u00e9f\u00e9rences, nous devons d\u00e9finir des cookies afin que ces informations puissent \u00eatre consult\u00e9es chaque fois que vous interagissez avec une page affect\u00e9e par vos pr\u00e9f\u00e9rences.<\/li><\/ul><h4>Engagement de l&#039;utilisateur<\/h4><p>L&#039;utilisateur s&#039;engage \u00e0 faire un usage appropri\u00e9 du contenu et des informations que propose le site Internet de Castelo Saint Andrews et \u00e0 caract\u00e8re \u00e9nonciatif mais non limitatif :<\/p><ul><li>A) Ne pas se livrer \u00e0 des activit\u00e9s ill\u00e9gales ou contraires \u00e0 la bonne foi et \u00e0 l&#039;ordre public\u00a0;<\/li><li>B) Respect de toute l\u00e9gislation nationale ou internationale dont le Br\u00e9sil est signataire\u00a0;<\/li><li>C) Ne pas diffuser de propagande ou de contenus \u00e0 caract\u00e8re raciste, x\u00e9nophobe, de maisons de paris, de jeux de hasard, tout type de pornographie ill\u00e9gale, en soutien au terrorisme ou contre les droits de l&#039;homme\u00a0;<\/li><li>D) Ne pas causer de dommages aux syst\u00e8mes physiques (mat\u00e9riel) et logiques (logiciels) du site Web de Castelo Saint Andrews, \u00e0 ses fournisseurs ou \u00e0 des tiers, pour introduire ou diffuser des virus informatiques ou tout autre syst\u00e8me mat\u00e9riel ou logiciel susceptible de provoquer le les dommages susvis\u00e9s ;<\/li><li>E) Les contenus publi\u00e9s ont des droits d&#039;auteur et de propri\u00e9t\u00e9 intellectuelle r\u00e9serv\u00e9s, comme \u00e9tabli par la loi sur le droit d&#039;auteur no. 9 610, du 19\/02\/1998, du gouvernement f\u00e9d\u00e9ral br\u00e9silien et questions connexes. Toute infraction sera signal\u00e9e aux autorit\u00e9s comp\u00e9tentes.<\/li><\/ul><h3>Droits des personnes concern\u00e9es<\/h3><p>Le titulaire des donn\u00e9es personnelles a le droit de demander \u00e0 tout moment, sur demande formelle, au site Internet de Castelo Saint Andrews, via le canal de traitement sp\u00e9cifique, des informations concernant ses donn\u00e9es.<\/p><p>Les demandes seront analys\u00e9es conform\u00e9ment \u00e0 la l\u00e9gislation en vigueur dans un d\u00e9lai de 72 heures, sauf disposition l\u00e9gale et\/ou soumise \u00e0 la loi.<\/p><p>Les personnes concern\u00e9es, selon le texte de la LGPD, peuvent exercer leurs droits \u00e0 travers :<\/p><ul><li>Confirmation de l&#039;existence d&#039;un traitement ;<\/li><li>Acc\u00e8s \u00e0 vos donn\u00e9es personnelles\u00a0;<\/li><li>Correction de donn\u00e9es incompl\u00e8tes, inexactes ou p\u00e9rim\u00e9es\u00a0;<\/li><li>Anonymisation, blocage ou suppression de donn\u00e9es inutiles, excessives ou trait\u00e9es non conformes aux dispositions de la pr\u00e9sente loi\u00a0;<\/li><li>Portabilit\u00e9 des donn\u00e9es vers un autre fournisseur de services ou de produits, sur demande expresse, conform\u00e9ment \u00e0 la r\u00e9glementation de l&#039;autorit\u00e9 nationale, dans le respect des secrets commerciaux et industriels ;<\/li><li>Suppression des donn\u00e9es personnelles trait\u00e9es avec le consentement du titulaire\u00a0;<\/li><li>Informations provenant d&#039;entit\u00e9s publiques et priv\u00e9es avec lesquelles le responsable du traitement a partag\u00e9 des donn\u00e9es\u00a0;<\/li><li>Informations sur la possibilit\u00e9 de ne pas donner son consentement et les cons\u00e9quences d&#039;un refus\u00a0;<\/li><li>R\u00e9vocation du consentement.<\/li><\/ul><h4>Comment exercer vos droits de personne concern\u00e9e ?<\/h4><ul><li>Pour modifier vos informations personnelles, acc\u00e9dez \u00e0 l\u2019option \u201c https:\/\/www.saintandrews.com.br\/minha-conta \u201d ;<\/li><li>Si vous ne souhaitez pas recevoir de communications marketing de notre part, vous pouvez annuler les futurs envois en cliquant sur le lien envoy\u00e9 dans l&#039;e-mail marketing ;<\/li><li>Pour modifier vos pr\u00e9f\u00e9rences de notification (y compris les communications marketing), rendez-vous sur \u201c https:\/\/www.saintandrews.com.br\/minha-conta \u201d ;<\/li><li>Pour d&#039;autres demandes concernant les droits du titulaire des donn\u00e9es personnelles, veuillez nous contacter via\u00a0<a href=\"https:\/\/saintandrews.com.br\/fr\/contato\/\" target=\"_blank\" rel=\"noopener\">de notre formulaire<\/a>;<\/li><\/ul><h4>Plus d&#039;information<\/h4><p>Nous esp\u00e9rons que c&#039;est clair, et comme mentionn\u00e9 pr\u00e9c\u00e9demment, si vous n&#039;\u00eates pas s\u00fbr d&#039;avoir besoin ou non de quelque chose, il est g\u00e9n\u00e9ralement plus s\u00fbr de laisser les cookies activ\u00e9s au cas o\u00f9 ils interagiraient avec l&#039;une des fonctionnalit\u00e9s que vous utilisez sur notre site.<\/p><p>Le site Internet de Castelo Saint Andrews mettra tout en \u0153uvre pour prot\u00e9ger les informations et donn\u00e9es collect\u00e9es aupr\u00e8s de l&#039;utilisateur via le site Internet. Cependant, \u00e9tant donn\u00e9 qu&#039;il n&#039;existe aucun moyen totalement efficace et s\u00e9curis\u00e9 de transmission et de conservation des donn\u00e9es \u00e9lectroniques, le site Web de Castelo Saint Andrews ne peut garantir que des tiers non autoris\u00e9s ne parviendront pas \u00e0 un acc\u00e8s inappropri\u00e9, s&#039;exon\u00e9rant de toute responsabilit\u00e9 pour les dommages r\u00e9sultant du comportement de tiers. , les attaques externes au site Internet telles que : virus, invasion de bases de donn\u00e9es, d\u00e9fauts ou d\u00e9fauts techniques, ainsi que les d\u00e9fauts de fonctionnement r\u00e9sultant de l&#039;utilisation du site Internet et dus \u00e0 des \u00e9checs de connexion.<\/p>\t\t\t\t\t\t\t\t<\/div>\n\t\t\t\t\t<\/div>\n\t\t\t\t<\/div>\n\t\t\t\t<\/div>","protected":false},"excerpt":{"rendered":"<p>POL\u00cdTICA DE PRIVACIDADE \u00a0 A sua privacidade \u00e9 importante para n\u00f3s. \u00c9 pol\u00edtica do site Castelo Saint Andrews respeitar a sua privacidade em rela\u00e7\u00e3o a qualquer informa\u00e7\u00e3o sua que possamos coletar no site\u00a0Castelo Saint Andrews,\u00a0e outros sites que possu\u00edmos e operamos. Trabalhamos com base na Lei de Prote\u00e7\u00e3o de Dados (13.709\/2018) que traz garantias de [&hellip;]<\/p>\n","protected":false},"author":2,"featured_media":0,"parent":0,"menu_order":0,"comment_status":"closed","ping_status":"closed","template":"elementor_header_footer","meta":{"_acf_changed":false,"footnotes":""},"class_list":["post-10219","page","type-page","status-publish","hentry"],"acf":[],"yoast_head":"<!-- This site is optimized with the Yoast SEO plugin v27.2 - https:\/\/yoast.com\/product\/yoast-seo-wordpress\/ -->\n<title>Pol\u00edtica de Privacidade - Castelo Saint Andrews<\/title>\n<meta name=\"robots\" content=\"index, follow, max-snippet:-1, max-image-preview:large, max-video-preview:-1\" \/>\n<link rel=\"canonical\" href=\"https:\/\/saintandrews.com.br\/fr\/politique-de-confidentialite-2\/\" \/>\n<meta property=\"og:locale\" content=\"fr_FR\" \/>\n<meta property=\"og:type\" content=\"article\" \/>\n<meta property=\"og:title\" content=\"Pol\u00edtica de Privacidade - Castelo Saint Andrews\" \/>\n<meta property=\"og:description\" content=\"POL\u00cdTICA DE PRIVACIDADE \u00a0 A sua privacidade \u00e9 importante para n\u00f3s. \u00c9 pol\u00edtica do site Castelo Saint Andrews respeitar a sua privacidade em rela\u00e7\u00e3o a qualquer informa\u00e7\u00e3o sua que possamos coletar no site\u00a0Castelo Saint Andrews,\u00a0e outros sites que possu\u00edmos e operamos. Trabalhamos com base na Lei de Prote\u00e7\u00e3o de Dados (13.709\/2018) que traz garantias de [&hellip;]\" \/>\n<meta property=\"og:url\" content=\"https:\/\/saintandrews.com.br\/fr\/politique-de-confidentialite-2\/\" \/>\n<meta property=\"og:site_name\" content=\"Castelo Saint Andrews\" \/>\n<meta property=\"article:modified_time\" content=\"2024-05-21T02:40:13+00:00\" \/>\n<meta name=\"twitter:card\" content=\"summary_large_image\" \/>\n<meta name=\"twitter:label1\" content=\"Dur\u00e9e de lecture estim\u00e9e\" \/>\n\t<meta name=\"twitter:data1\" content=\"9 minutes\" \/>\n<script type=\"application\/ld+json\" class=\"yoast-schema-graph\">{\"@context\":\"https:\/\/schema.org\",\"@graph\":[{\"@type\":\"WebPage\",\"@id\":\"https:\/\/saintandrews.com.br\/politica-de-privacidade\/\",\"url\":\"https:\/\/saintandrews.com.br\/politica-de-privacidade\/\",\"name\":\"Pol\u00edtica de Privacidade - Castelo Saint Andrews\",\"isPartOf\":{\"@id\":\"https:\/\/saintandrews.com.br\/#website\"},\"datePublished\":\"2024-05-21T02:39:44+00:00\",\"dateModified\":\"2024-05-21T02:40:13+00:00\",\"breadcrumb\":{\"@id\":\"https:\/\/saintandrews.com.br\/politica-de-privacidade\/#breadcrumb\"},\"inLanguage\":\"fr-FR\",\"potentialAction\":[{\"@type\":\"ReadAction\",\"target\":[\"https:\/\/saintandrews.com.br\/politica-de-privacidade\/\"]}]},{\"@type\":\"BreadcrumbList\",\"@id\":\"https:\/\/saintandrews.com.br\/politica-de-privacidade\/#breadcrumb\",\"itemListElement\":[{\"@type\":\"ListItem\",\"position\":1,\"name\":\"In\u00edcio\",\"item\":\"https:\/\/saintandrews.com.br\/\"},{\"@type\":\"ListItem\",\"position\":2,\"name\":\"Pol\u00edtica de Privacidade\"}]},{\"@type\":\"WebSite\",\"@id\":\"https:\/\/saintandrews.com.br\/#website\",\"url\":\"https:\/\/saintandrews.com.br\/\",\"name\":\"Castelo Saint Andrews\",\"description\":\"Seu hotel\u00a0em\u00a0Gramado\",\"publisher\":{\"@id\":\"https:\/\/saintandrews.com.br\/#organization\"},\"potentialAction\":[{\"@type\":\"SearchAction\",\"target\":{\"@type\":\"EntryPoint\",\"urlTemplate\":\"https:\/\/saintandrews.com.br\/?s={search_term_string}\"},\"query-input\":{\"@type\":\"PropertyValueSpecification\",\"valueRequired\":true,\"valueName\":\"search_term_string\"}}],\"inLanguage\":\"fr-FR\"},{\"@type\":\"Organization\",\"@id\":\"https:\/\/saintandrews.com.br\/#organization\",\"name\":\"Castelo Saint Andrews\",\"url\":\"https:\/\/saintandrews.com.br\/\",\"logo\":{\"@type\":\"ImageObject\",\"inLanguage\":\"fr-FR\",\"@id\":\"https:\/\/saintandrews.com.br\/#\/schema\/logo\/image\/\",\"url\":\"https:\/\/saintandrews.com.br\/wp-content\/uploads\/2024\/04\/Logo-SaintAndrews-Cabecalho-01-01.svg\",\"contentUrl\":\"https:\/\/saintandrews.com.br\/wp-content\/uploads\/2024\/04\/Logo-SaintAndrews-Cabecalho-01-01.svg\",\"width\":612.8999999999999772626324556767940521240234375,\"height\":167.5,\"caption\":\"Castelo Saint Andrews\"},\"image\":{\"@id\":\"https:\/\/saintandrews.com.br\/#\/schema\/logo\/image\/\"}}]}<\/script>\n<!-- \/ Yoast SEO plugin. -->","yoast_head_json":{"title":"Politique de confidentialit\u00e9 - Ch\u00e2teau de Saint Andrews","robots":{"index":"index","follow":"follow","max-snippet":"max-snippet:-1","max-image-preview":"max-image-preview:large","max-video-preview":"max-video-preview:-1"},"canonical":"https:\/\/saintandrews.com.br\/fr\/politique-de-confidentialite-2\/","og_locale":"fr_FR","og_type":"article","og_title":"Pol\u00edtica de Privacidade - Castelo Saint Andrews","og_description":"POL\u00cdTICA DE PRIVACIDADE \u00a0 A sua privacidade \u00e9 importante para n\u00f3s. \u00c9 pol\u00edtica do site Castelo Saint Andrews respeitar a sua privacidade em rela\u00e7\u00e3o a qualquer informa\u00e7\u00e3o sua que possamos coletar no site\u00a0Castelo Saint Andrews,\u00a0e outros sites que possu\u00edmos e operamos. Trabalhamos com base na Lei de Prote\u00e7\u00e3o de Dados (13.709\/2018) que traz garantias de [&hellip;]","og_url":"https:\/\/saintandrews.com.br\/fr\/politique-de-confidentialite-2\/","og_site_name":"Castelo Saint Andrews","article_modified_time":"2024-05-21T02:40:13+00:00","twitter_card":"summary_large_image","twitter_misc":{"Dur\u00e9e de lecture estim\u00e9e":"9 minutes"},"schema":{"@context":"https:\/\/schema.org","@graph":[{"@type":"WebPage","@id":"https:\/\/saintandrews.com.br\/politica-de-privacidade\/","url":"https:\/\/saintandrews.com.br\/politica-de-privacidade\/","name":"Politique de confidentialit\u00e9 - Ch\u00e2teau de Saint Andrews","isPartOf":{"@id":"https:\/\/saintandrews.com.br\/#website"},"datePublished":"2024-05-21T02:39:44+00:00","dateModified":"2024-05-21T02:40:13+00:00","breadcrumb":{"@id":"https:\/\/saintandrews.com.br\/politica-de-privacidade\/#breadcrumb"},"inLanguage":"fr-FR","potentialAction":[{"@type":"ReadAction","target":["https:\/\/saintandrews.com.br\/politica-de-privacidade\/"]}]},{"@type":"BreadcrumbList","@id":"https:\/\/saintandrews.com.br\/politica-de-privacidade\/#breadcrumb","itemListElement":[{"@type":"ListItem","position":1,"name":"In\u00edcio","item":"https:\/\/saintandrews.com.br\/"},{"@type":"ListItem","position":2,"name":"Pol\u00edtica de Privacidade"}]},{"@type":"WebSite","@id":"https:\/\/saintandrews.com.br\/#website","url":"https:\/\/saintandrews.com.br\/","name":"Ch\u00e2teau de Saint Andrews","description":"Votre h\u00f4tel \u00e0 Gramado","publisher":{"@id":"https:\/\/saintandrews.com.br\/#organization"},"potentialAction":[{"@type":"SearchAction","target":{"@type":"EntryPoint","urlTemplate":"https:\/\/saintandrews.com.br\/?s={search_term_string}"},"query-input":{"@type":"PropertyValueSpecification","valueRequired":true,"valueName":"search_term_string"}}],"inLanguage":"fr-FR"},{"@type":"Organization","@id":"https:\/\/saintandrews.com.br\/#organization","name":"Ch\u00e2teau de Saint Andrews","url":"https:\/\/saintandrews.com.br\/","logo":{"@type":"ImageObject","inLanguage":"fr-FR","@id":"https:\/\/saintandrews.com.br\/#\/schema\/logo\/image\/","url":"https:\/\/saintandrews.com.br\/wp-content\/uploads\/2024\/04\/Logo-SaintAndrews-Cabecalho-01-01.svg","contentUrl":"https:\/\/saintandrews.com.br\/wp-content\/uploads\/2024\/04\/Logo-SaintAndrews-Cabecalho-01-01.svg","width":612.8999999999999772626324556767940521240234375,"height":167.5,"caption":"Castelo Saint Andrews"},"image":{"@id":"https:\/\/saintandrews.com.br\/#\/schema\/logo\/image\/"}}]}},"publishpress_future_action":{"enabled":false,"date":"2026-05-01 13:48:35","action":"change-status","newStatus":"draft","terms":[],"taxonomy":"","extraData":[]},"publishpress_future_workflow_manual_trigger":{"enabledWorkflows":[]},"_links":{"self":[{"href":"https:\/\/saintandrews.com.br\/fr\/wp-json\/wp\/v2\/pages\/10219","targetHints":{"allow":["GET"]}}],"collection":[{"href":"https:\/\/saintandrews.com.br\/fr\/wp-json\/wp\/v2\/pages"}],"about":[{"href":"https:\/\/saintandrews.com.br\/fr\/wp-json\/wp\/v2\/types\/page"}],"author":[{"embeddable":true,"href":"https:\/\/saintandrews.com.br\/fr\/wp-json\/wp\/v2\/users\/2"}],"replies":[{"embeddable":true,"href":"https:\/\/saintandrews.com.br\/fr\/wp-json\/wp\/v2\/comments?post=10219"}],"version-history":[{"count":0,"href":"https:\/\/saintandrews.com.br\/fr\/wp-json\/wp\/v2\/pages\/10219\/revisions"}],"wp:attachment":[{"href":"https:\/\/saintandrews.com.br\/fr\/wp-json\/wp\/v2\/media?parent=10219"}],"curies":[{"name":"wp","href":"https:\/\/api.w.org\/{rel}","templated":true}]}}