{"id":9721,"date":"2024-01-06T01:00:39","date_gmt":"2024-01-06T04:00:39","guid":{"rendered":"https:\/\/saintandrews.com.br\/?post_type=product&#038;p=6609"},"modified":"2026-04-07T12:08:22","modified_gmt":"2026-04-07T15:08:22","slug":"menu-luz-de-velas","status":"publish","type":"product","link":"https:\/\/saintandrews.com.br\/es\/produto\/menu-candle-light\/","title":{"rendered":"Men\u00fa a la luz de las velas"},"content":{"rendered":"<p><strong>Una noche m\u00e1gica para parejas enamoradas en el Castillo de Saint Andrews.<\/strong><\/p>\n<p>Sorprenda a su ser querido con una experiencia gastron\u00f3mica inolvidable, una cena a la luz de las velas que combina sofisticaci\u00f3n, romance y lo mejor de la alta cocina. Cada detalle ha sido cuidadosamente pensado para crear momentos \u00fanicos, celebrando el amor con estilo.<\/p>\n<p><strong>Men\u00fa Exclusivo:<\/strong><\/p>\n<ul>\n<li>Huevas de capel\u00e1n y gravlax de salm\u00f3n con crema agria<\/li>\n<li><span dir=\"auto\" style=\"vertical-align: inherit;\"><span dir=\"auto\" style=\"vertical-align: inherit;\"><span dir=\"auto\" style=\"vertical-align: inherit;\"><span dir=\"auto\" style=\"vertical-align: inherit;\"><span dir=\"auto\" style=\"vertical-align: inherit;\"><span dir=\"auto\" style=\"vertical-align: inherit;\">Brandada de bacalao y tapenade provenzal<\/span><\/span><\/span><\/span><\/span><\/span><\/li>\n<li>Vieiras a la parrilla con mantequilla de naranja y un ramo de verduras de temporada.<\/li>\n<li>Lenguado dorado con salsa de champ\u00e1n y esp\u00e1rragos verdes<\/li>\n<li>Verrine con sorbete de lim\u00f3n y crumble de chocolate y almendras.<\/li>\n<li>Fresas confitadas con sabay\u00f3n de champ\u00e1n y helado de vainilla<\/li>\n<li>Selecci\u00f3n de caf\u00e9s y t\u00e9s org\u00e1nicos<\/li>\n<li><span dir=\"auto\" style=\"vertical-align: inherit;\"><span dir=\"auto\" style=\"vertical-align: inherit;\"><span dir=\"auto\" style=\"vertical-align: inherit;\"><span dir=\"auto\" style=\"vertical-align: inherit;\"><span dir=\"auto\" style=\"vertical-align: inherit;\"><span dir=\"auto\" style=\"vertical-align: inherit;\">Casa petit-four<\/span><\/span><\/span><\/span><\/span><\/span><\/li>\n<\/ul>\n<p>&nbsp;<\/p>\n<p><strong>Incluye una botella de Mo\u00ebt &amp; Chandon Imp\u00e9rial Ros\u00e9 Champagne por pareja.<\/strong><\/p>\n<p>Una experiencia creada para encantar e inmortalizar momentos de dos.<\/p>\n<p>Experimente la magia del amor en el encantador entorno del Castillo de Saint Andrews.<\/p>\n<p>&nbsp;<\/p>\n<p><strong>Duraci\u00f3n:<\/strong> Este servicio tiene una duraci\u00f3n de 2 horas.<\/p>\n<p><strong>Cuando:<\/strong> A diario.<\/p>\n<p><strong>Valor:<\/strong> R$ 1.300 para la pareja<\/p>\n<p>&nbsp;<\/p>\n<p><span dir=\"auto\" style=\"vertical-align: inherit;\"><span dir=\"auto\" style=\"vertical-align: inherit;\"><span dir=\"auto\" style=\"vertical-align: inherit;\"><span dir=\"auto\" style=\"vertical-align: inherit;\"><span dir=\"auto\" style=\"vertical-align: inherit;\"><span dir=\"auto\" style=\"vertical-align: inherit;\">***<\/span><\/span><\/span><\/span><\/span><\/span><\/p>\n<p><span style=\"font-size: 10pt;\"><em><span style=\"color: #993300;\">\u2022 Despu\u00e9s de comprar cualquier servicio de Saint Andrews y confirmar el pago, uno de nuestros conserjes dedicados se comunicar\u00e1 con usted por tel\u00e9fono para informarle de los horarios disponibles en la fecha seleccionada, asegurando que su reserva se realice con la m\u00e1xima comodidad y exclusividad.<br \/>\n\u2022 Al finalizar el servicio le agradecer\u00edamos que tuviera en cuenta nuestra tarifa de servicio.<\/span><\/em><\/span><\/p>","protected":false},"excerpt":{"rendered":"<p>El Men\u00fa a la Luz de las Velas ofrece una experiencia gastron\u00f3mica inolvidable para parejas enamoradas en el Castillo de Saint Andrews. Disfruten de una cena a la luz de las velas con la m\u00e1s exquisita alta cocina, que incluye salm\u00f3n gravlax, vieiras a la parrilla y lenguado en salsa de champ\u00e1n, rematado con sofisticados postres y una selecci\u00f3n de caf\u00e9s y t\u00e9s org\u00e1nicos. La experiencia incluye una botella de champ\u00e1n Mo\u00ebt &amp; Chandon para la pareja, lo que har\u00e1 la velada a\u00fan m\u00e1s especial. <strong>Precio para la pareja.<\/strong><\/p>","protected":false},"featured_media":10082,"template":"","meta":{"_acf_changed":false},"product_brand":[],"product_cat":[229],"product_tag":[],"class_list":{"0":"post-9721","1":"product","2":"type-product","3":"status-publish","4":"has-post-thumbnail","6":"product_cat-gastronomia","8":"first","9":"instock","10":"virtual","11":"sold-individually","12":"taxable","13":"purchasable","14":"product-type-booking"},"acf":[],"yoast_head":"<!-- This site is optimized with the Yoast SEO plugin v27.2 - https:\/\/yoast.com\/product\/yoast-seo-wordpress\/ -->\n<title>Menu Candle Light - Castelo Saint Andrews<\/title>\n<meta name=\"description\" content=\"O Menu Candle Light oferece uma experi\u00eancia enogastron\u00f4mica inesquec\u00edvel para casais apaixonados no Castelo Saint Andrews.\" \/>\n<meta name=\"robots\" content=\"index, follow, max-snippet:-1, max-image-preview:large, max-video-preview:-1\" \/>\n<link rel=\"canonical\" href=\"https:\/\/saintandrews.com.br\/es\/producto\/menu-luz-de-velas\/\" \/>\n<meta property=\"og:locale\" content=\"es_ES\" \/>\n<meta property=\"og:type\" content=\"article\" \/>\n<meta property=\"og:title\" content=\"Menu Candle Light - Castelo Saint Andrews\" \/>\n<meta property=\"og:description\" content=\"O Menu Candle Light oferece uma experi\u00eancia enogastron\u00f4mica inesquec\u00edvel para casais apaixonados no Castelo Saint Andrews.\" \/>\n<meta property=\"og:url\" content=\"https:\/\/saintandrews.com.br\/es\/producto\/menu-luz-de-velas\/\" \/>\n<meta property=\"og:site_name\" content=\"Castelo Saint Andrews\" \/>\n<meta property=\"article:modified_time\" content=\"2026-04-07T15:08:22+00:00\" \/>\n<meta property=\"og:image\" content=\"https:\/\/saintandrews.com.br\/wp-content\/uploads\/2024\/03\/candle-light-768x768-1.webp\" \/>\n\t<meta property=\"og:image:width\" content=\"768\" \/>\n\t<meta property=\"og:image:height\" content=\"768\" \/>\n\t<meta property=\"og:image:type\" content=\"image\/webp\" \/>\n<meta name=\"twitter:card\" content=\"summary_large_image\" \/>\n<meta name=\"twitter:label1\" content=\"Tiempo de lectura\" \/>\n\t<meta name=\"twitter:data1\" content=\"2 minutos\" \/>\n<script type=\"application\/ld+json\" class=\"yoast-schema-graph\">{\"@context\":\"https:\/\/schema.org\",\"@graph\":[{\"@type\":\"WebPage\",\"@id\":\"https:\/\/saintandrews.com.br\/produto\/menu-candle-light\/\",\"url\":\"https:\/\/saintandrews.com.br\/produto\/menu-candle-light\/\",\"name\":\"Menu Candle Light - Castelo Saint Andrews\",\"isPartOf\":{\"@id\":\"https:\/\/saintandrews.com.br\/#website\"},\"primaryImageOfPage\":{\"@id\":\"https:\/\/saintandrews.com.br\/produto\/menu-candle-light\/#primaryimage\"},\"image\":{\"@id\":\"https:\/\/saintandrews.com.br\/produto\/menu-candle-light\/#primaryimage\"},\"thumbnailUrl\":\"https:\/\/saintandrews.com.br\/wp-content\/uploads\/2024\/03\/candle-light-768x768-1.webp\",\"datePublished\":\"2024-01-06T04:00:39+00:00\",\"dateModified\":\"2026-04-07T15:08:22+00:00\",\"description\":\"O Menu Candle Light oferece uma experi\u00eancia enogastron\u00f4mica inesquec\u00edvel para casais apaixonados no Castelo Saint Andrews.\",\"breadcrumb\":{\"@id\":\"https:\/\/saintandrews.com.br\/produto\/menu-candle-light\/#breadcrumb\"},\"inLanguage\":\"es\",\"potentialAction\":[{\"@type\":\"ReadAction\",\"target\":[\"https:\/\/saintandrews.com.br\/produto\/menu-candle-light\/\"]}]},{\"@type\":\"ImageObject\",\"inLanguage\":\"es\",\"@id\":\"https:\/\/saintandrews.com.br\/produto\/menu-candle-light\/#primaryimage\",\"url\":\"https:\/\/saintandrews.com.br\/wp-content\/uploads\/2024\/03\/candle-light-768x768-1.webp\",\"contentUrl\":\"https:\/\/saintandrews.com.br\/wp-content\/uploads\/2024\/03\/candle-light-768x768-1.webp\",\"width\":768,\"height\":768},{\"@type\":\"BreadcrumbList\",\"@id\":\"https:\/\/saintandrews.com.br\/produto\/menu-candle-light\/#breadcrumb\",\"itemListElement\":[{\"@type\":\"ListItem\",\"position\":1,\"name\":\"In\u00edcio\",\"item\":\"https:\/\/saintandrews.com.br\/\"},{\"@type\":\"ListItem\",\"position\":2,\"name\":\"Experi\u00eancias\",\"item\":\"https:\/\/saintandrews.com.br\/experiencias\/\"},{\"@type\":\"ListItem\",\"position\":3,\"name\":\"Menu Candle Light\"}]},{\"@type\":\"WebSite\",\"@id\":\"https:\/\/saintandrews.com.br\/#website\",\"url\":\"https:\/\/saintandrews.com.br\/\",\"name\":\"Castelo Saint Andrews\",\"description\":\"Seu hotel\u00a0em\u00a0Gramado\",\"publisher\":{\"@id\":\"https:\/\/saintandrews.com.br\/#organization\"},\"potentialAction\":[{\"@type\":\"SearchAction\",\"target\":{\"@type\":\"EntryPoint\",\"urlTemplate\":\"https:\/\/saintandrews.com.br\/?s={search_term_string}\"},\"query-input\":{\"@type\":\"PropertyValueSpecification\",\"valueRequired\":true,\"valueName\":\"search_term_string\"}}],\"inLanguage\":\"es\"},{\"@type\":\"Organization\",\"@id\":\"https:\/\/saintandrews.com.br\/#organization\",\"name\":\"Castelo Saint Andrews\",\"url\":\"https:\/\/saintandrews.com.br\/\",\"logo\":{\"@type\":\"ImageObject\",\"inLanguage\":\"es\",\"@id\":\"https:\/\/saintandrews.com.br\/#\/schema\/logo\/image\/\",\"url\":\"https:\/\/saintandrews.com.br\/wp-content\/uploads\/2024\/04\/Logo-SaintAndrews-Cabecalho-01-01.svg\",\"contentUrl\":\"https:\/\/saintandrews.com.br\/wp-content\/uploads\/2024\/04\/Logo-SaintAndrews-Cabecalho-01-01.svg\",\"width\":612.8999999999999772626324556767940521240234375,\"height\":167.5,\"caption\":\"Castelo Saint Andrews\"},\"image\":{\"@id\":\"https:\/\/saintandrews.com.br\/#\/schema\/logo\/image\/\"}}]}<\/script>\n<!-- \/ Yoast SEO plugin. -->","yoast_head_json":{"title":"Men\u00fa a la luz de las velas - Castillo de Saint Andrews","description":"El men\u00fa Candle Light ofrece una experiencia gastron\u00f3mica y vin\u00edcola inolvidable para parejas enamoradas en el castillo de Saint Andrews.","robots":{"index":"index","follow":"follow","max-snippet":"max-snippet:-1","max-image-preview":"max-image-preview:large","max-video-preview":"max-video-preview:-1"},"canonical":"https:\/\/saintandrews.com.br\/es\/producto\/menu-luz-de-velas\/","og_locale":"es_ES","og_type":"article","og_title":"Menu Candle Light - Castelo Saint Andrews","og_description":"O Menu Candle Light oferece uma experi\u00eancia enogastron\u00f4mica inesquec\u00edvel para casais apaixonados no Castelo Saint Andrews.","og_url":"https:\/\/saintandrews.com.br\/es\/producto\/menu-luz-de-velas\/","og_site_name":"Castelo Saint Andrews","article_modified_time":"2026-04-07T15:08:22+00:00","og_image":[{"width":768,"height":768,"url":"https:\/\/saintandrews.com.br\/wp-content\/uploads\/2024\/03\/candle-light-768x768-1.webp","type":"image\/webp"}],"twitter_card":"summary_large_image","twitter_misc":{"Tiempo de lectura":"2 minutos"},"schema":{"@context":"https:\/\/schema.org","@graph":[{"@type":"WebPage","@id":"https:\/\/saintandrews.com.br\/produto\/menu-candle-light\/","url":"https:\/\/saintandrews.com.br\/produto\/menu-candle-light\/","name":"Men\u00fa a la luz de las velas - Castillo de Saint Andrews","isPartOf":{"@id":"https:\/\/saintandrews.com.br\/#website"},"primaryImageOfPage":{"@id":"https:\/\/saintandrews.com.br\/produto\/menu-candle-light\/#primaryimage"},"image":{"@id":"https:\/\/saintandrews.com.br\/produto\/menu-candle-light\/#primaryimage"},"thumbnailUrl":"https:\/\/saintandrews.com.br\/wp-content\/uploads\/2024\/03\/candle-light-768x768-1.webp","datePublished":"2024-01-06T04:00:39+00:00","dateModified":"2026-04-07T15:08:22+00:00","description":"El men\u00fa Candle Light ofrece una experiencia gastron\u00f3mica y vin\u00edcola inolvidable para parejas enamoradas en el castillo de Saint Andrews.","breadcrumb":{"@id":"https:\/\/saintandrews.com.br\/produto\/menu-candle-light\/#breadcrumb"},"inLanguage":"es","potentialAction":[{"@type":"ReadAction","target":["https:\/\/saintandrews.com.br\/produto\/menu-candle-light\/"]}]},{"@type":"ImageObject","inLanguage":"es","@id":"https:\/\/saintandrews.com.br\/produto\/menu-candle-light\/#primaryimage","url":"https:\/\/saintandrews.com.br\/wp-content\/uploads\/2024\/03\/candle-light-768x768-1.webp","contentUrl":"https:\/\/saintandrews.com.br\/wp-content\/uploads\/2024\/03\/candle-light-768x768-1.webp","width":768,"height":768},{"@type":"BreadcrumbList","@id":"https:\/\/saintandrews.com.br\/produto\/menu-candle-light\/#breadcrumb","itemListElement":[{"@type":"ListItem","position":1,"name":"In\u00edcio","item":"https:\/\/saintandrews.com.br\/"},{"@type":"ListItem","position":2,"name":"Experi\u00eancias","item":"https:\/\/saintandrews.com.br\/experiencias\/"},{"@type":"ListItem","position":3,"name":"Menu Candle Light"}]},{"@type":"WebSite","@id":"https:\/\/saintandrews.com.br\/#website","url":"https:\/\/saintandrews.com.br\/","name":"El Castillo De Saint Andrews.","description":"Su hotel en Gramado","publisher":{"@id":"https:\/\/saintandrews.com.br\/#organization"},"potentialAction":[{"@type":"SearchAction","target":{"@type":"EntryPoint","urlTemplate":"https:\/\/saintandrews.com.br\/?s={search_term_string}"},"query-input":{"@type":"PropertyValueSpecification","valueRequired":true,"valueName":"search_term_string"}}],"inLanguage":"es"},{"@type":"Organization","@id":"https:\/\/saintandrews.com.br\/#organization","name":"El Castillo De Saint Andrews.","url":"https:\/\/saintandrews.com.br\/","logo":{"@type":"ImageObject","inLanguage":"es","@id":"https:\/\/saintandrews.com.br\/#\/schema\/logo\/image\/","url":"https:\/\/saintandrews.com.br\/wp-content\/uploads\/2024\/04\/Logo-SaintAndrews-Cabecalho-01-01.svg","contentUrl":"https:\/\/saintandrews.com.br\/wp-content\/uploads\/2024\/04\/Logo-SaintAndrews-Cabecalho-01-01.svg","width":612.8999999999999772626324556767940521240234375,"height":167.5,"caption":"Castelo Saint Andrews"},"image":{"@id":"https:\/\/saintandrews.com.br\/#\/schema\/logo\/image\/"}}]}},"publishpress_future_action":{"enabled":false,"date":"2026-04-27 00:02:21","action":"change-status","newStatus":"draft","terms":[],"taxonomy":"product_brand","extraData":[]},"publishpress_future_workflow_manual_trigger":{"enabledWorkflows":[]},"_links":{"self":[{"href":"https:\/\/saintandrews.com.br\/es\/wp-json\/wp\/v2\/product\/9721","targetHints":{"allow":["GET"]}}],"collection":[{"href":"https:\/\/saintandrews.com.br\/es\/wp-json\/wp\/v2\/product"}],"about":[{"href":"https:\/\/saintandrews.com.br\/es\/wp-json\/wp\/v2\/types\/product"}],"wp:featuredmedia":[{"embeddable":true,"href":"https:\/\/saintandrews.com.br\/es\/wp-json\/wp\/v2\/media\/10082"}],"wp:attachment":[{"href":"https:\/\/saintandrews.com.br\/es\/wp-json\/wp\/v2\/media?parent=9721"}],"wp:term":[{"taxonomy":"product_brand","embeddable":true,"href":"https:\/\/saintandrews.com.br\/es\/wp-json\/wp\/v2\/product_brand?post=9721"},{"taxonomy":"product_cat","embeddable":true,"href":"https:\/\/saintandrews.com.br\/es\/wp-json\/wp\/v2\/product_cat?post=9721"},{"taxonomy":"product_tag","embeddable":true,"href":"https:\/\/saintandrews.com.br\/es\/wp-json\/wp\/v2\/product_tag?post=9721"}],"curies":[{"name":"wp","href":"https:\/\/api.w.org\/{rel}","templated":true}]}}