{"id":9720,"date":"2024-01-10T16:53:39","date_gmt":"2024-01-10T19:53:39","guid":{"rendered":"https:\/\/saintandrews.com.br\/?post_type=product&#038;p=6604"},"modified":"2026-04-06T16:04:08","modified_gmt":"2026-04-06T19:04:08","slug":"cena-con-experiencia-en-vinos","status":"publish","type":"product","link":"https:\/\/saintandrews.com.br\/es\/produto\/wine-experience-jantar\/","title":{"rendered":"Experiencia de vino + cena"},"content":{"rendered":"<p>Disfrute de una velada memorable en el Castillo de Saint Andrews, combinando vino y buena comida.<\/p>\n<p>Los amantes del vino est\u00e1n invitados a participar en la exclusiva Experiencia del Vino, que se celebra los s\u00e1bados a las 18:00 h. Este evento fue creado para brindar momentos de convivencia y descubrimiento, donde podr\u00e1n degustar etiquetas seleccionadas y explorar nuevos sabores y aromas.<\/p>\n<p>Reserva tu lugar en esta celebraci\u00f3n de sabores y momentos \u00fanicos.<\/p>\n<p>La experiencia incluye:<\/p>\n<p><strong>Experiencia de vino:<\/strong> Una cata guiada con vinos exclusivos, maridada con una tabla de embutidos y quesos cuidadosamente seleccionados para realzar la personalidad de cada etiqueta. Cada participante recibir\u00e1 copas de 125 ml de cada vino servido.<\/p>\n<p><img fetchpriority=\"high\" decoding=\"async\" class=\"alignnone wp-image-14970 size-medium\" src=\"https:\/\/saintandrews.com.br\/wp-content\/uploads\/2024\/03\/wine-experience-2-300x183.webp\" alt=\"\" width=\"300\" height=\"183\" srcset=\"https:\/\/saintandrews.com.br\/wp-content\/uploads\/2024\/03\/wine-experience-2-300x183.webp 300w, https:\/\/saintandrews.com.br\/wp-content\/uploads\/2024\/03\/wine-experience-2-1024x624.webp 1024w, https:\/\/saintandrews.com.br\/wp-content\/uploads\/2024\/03\/wine-experience-2-768x468.webp 768w, https:\/\/saintandrews.com.br\/wp-content\/uploads\/2024\/03\/wine-experience-2-18x12.webp 18w, https:\/\/saintandrews.com.br\/wp-content\/uploads\/2024\/03\/wine-experience-2-600x366.webp 600w, https:\/\/saintandrews.com.br\/wp-content\/uploads\/2024\/03\/wine-experience-2.webp 1337w\" sizes=\"(max-width: 300px) 100vw, 300px\" \/><br \/>\n<span style=\"font-size: 8pt;\">Foto ilustrativa<\/span><\/p>\n<p><strong>Duraci\u00f3n:<\/strong> Este servicio tiene una duraci\u00f3n entre 1 hora 30 minutos y 2 horas.<\/p>\n<p>&nbsp;<\/p>\n<p><strong>Cena en el restaurante Primrose: <\/strong>Disfrute de los sabores de la alta cocina de nuestro men\u00fa especial para la cena y aproveche las sugerencias de nuestro sommelier para maridar con los mejores vinos de Brasil y del mundo. Elija su men\u00fa gastron\u00f3mico compuesto por un aperitivo, un plato principal y un postre del men\u00fa especial del Castillo.<br \/>\n<strong>Atenci\u00f3n:<\/strong> Las bebidas para la cena deben comprarse por separado.<\/p>\n<p><img decoding=\"async\" class=\"alignnone wp-image-14968 size-medium\" src=\"https:\/\/saintandrews.com.br\/wp-content\/uploads\/2024\/03\/jantar2-300x183.webp\" alt=\"\" width=\"300\" height=\"183\" srcset=\"https:\/\/saintandrews.com.br\/wp-content\/uploads\/2024\/03\/jantar2-300x183.webp 300w, https:\/\/saintandrews.com.br\/wp-content\/uploads\/2024\/03\/jantar2-1024x624.webp 1024w, https:\/\/saintandrews.com.br\/wp-content\/uploads\/2024\/03\/jantar2-768x468.webp 768w, https:\/\/saintandrews.com.br\/wp-content\/uploads\/2024\/03\/jantar2-18x12.webp 18w, https:\/\/saintandrews.com.br\/wp-content\/uploads\/2024\/03\/jantar2-600x366.webp 600w, https:\/\/saintandrews.com.br\/wp-content\/uploads\/2024\/03\/jantar2.webp 1337w\" sizes=\"(max-width: 300px) 100vw, 300px\" \/><br \/>\n<span style=\"font-size: 8pt;\">Foto ilustrativa<\/span><\/p>\n<p><strong>Importante:<\/strong> Esta experiencia debe adquirirse con al menos 6 horas de antelaci\u00f3n.<\/p>\n<p><strong>Duraci\u00f3n:<\/strong> Este servicio tiene una duraci\u00f3n de 2 horas.<br \/>\n<strong>Cuando:<\/strong> S\u00e1bado, a partir de las 18 horas.<\/p>\n<p>&nbsp;<\/p>\n<p>&nbsp;<\/p>\n<p>***<\/p>\n<p><span style=\"font-size: 10pt;\"><em><span style=\"color: #993300;\">\u2022 Despu\u00e9s de comprar cualquier servicio de Saint Andrews y confirmar el pago, uno de nuestros conserjes dedicados se comunicar\u00e1 con usted por tel\u00e9fono para informarle de los horarios disponibles en la fecha seleccionada, asegurando que su reserva se realice con la m\u00e1xima comodidad y exclusividad.<br \/>\n\u2022 Al finalizar el servicio le agradecer\u00edamos que tuviera en cuenta nuestra tarifa de servicio.<\/span><\/em><\/span><\/p>","protected":false},"excerpt":{"rendered":"<p>Acomp\u00e1\u00f1enos a la exclusiva Experiencia de Vinos en la Bodega, que se celebra los s\u00e1bados a las 18:00 h, con una degustaci\u00f3n de vinos seleccionados maridados con embutidos y quesos especiales. Esta experiencia tambi\u00e9n incluye una cena completa en nuestro galardonado Restaurante Primrose, con aperitivo, plato principal y postre. \u00a1Reserve ahora y disfrute de momentos \u00fanicos!<\/p>","protected":false},"featured_media":11324,"template":"","meta":{"_acf_changed":false},"product_brand":[],"product_cat":[229],"product_tag":[],"class_list":{"0":"post-9720","1":"product","2":"type-product","3":"status-publish","4":"has-post-thumbnail","6":"product_cat-gastronomia","8":"first","9":"instock","10":"virtual","11":"sold-individually","12":"taxable","13":"purchasable","14":"product-type-booking"},"acf":[],"yoast_head":"<!-- This site is optimized with the Yoast SEO plugin v27.2 - https:\/\/yoast.com\/product\/yoast-seo-wordpress\/ -->\n<title>Wine Experience + Jantar - Castelo Saint Andrews<\/title>\n<meta name=\"description\" content=\"Os amantes de vinhos podem desfrutar do exclusivo Wine O\u2019Clock no Castelo Saint Andrews, aos s\u00e1bados \u00e0s 18h. Saiba Mais.\" \/>\n<meta name=\"robots\" content=\"index, follow, max-snippet:-1, max-image-preview:large, max-video-preview:-1\" \/>\n<link rel=\"canonical\" href=\"https:\/\/saintandrews.com.br\/es\/producto\/cena-con-experiencia-en-vinos\/\" \/>\n<meta property=\"og:locale\" content=\"es_ES\" \/>\n<meta property=\"og:type\" content=\"article\" \/>\n<meta property=\"og:title\" content=\"Wine Experience + Jantar - Castelo Saint Andrews\" \/>\n<meta property=\"og:description\" content=\"Os amantes de vinhos podem desfrutar do exclusivo Wine O\u2019Clock no Castelo Saint Andrews, aos s\u00e1bados \u00e0s 18h. Saiba Mais.\" \/>\n<meta property=\"og:url\" content=\"https:\/\/saintandrews.com.br\/es\/producto\/cena-con-experiencia-en-vinos\/\" \/>\n<meta property=\"og:site_name\" content=\"Castelo Saint Andrews\" \/>\n<meta property=\"article:modified_time\" content=\"2026-04-06T19:04:08+00:00\" \/>\n<meta property=\"og:image\" content=\"https:\/\/saintandrews.com.br\/wp-content\/uploads\/2024\/03\/wine-adega-jantar3.webp\" \/>\n\t<meta property=\"og:image:width\" content=\"1000\" \/>\n\t<meta property=\"og:image:height\" content=\"1000\" \/>\n\t<meta property=\"og:image:type\" content=\"image\/webp\" \/>\n<meta name=\"twitter:card\" content=\"summary_large_image\" \/>\n<meta name=\"twitter:label1\" content=\"Tiempo de lectura\" \/>\n\t<meta name=\"twitter:data1\" content=\"3 minutos\" \/>\n<script type=\"application\/ld+json\" class=\"yoast-schema-graph\">{\"@context\":\"https:\/\/schema.org\",\"@graph\":[{\"@type\":\"WebPage\",\"@id\":\"https:\/\/saintandrews.com.br\/produto\/wine-experience-jantar\/\",\"url\":\"https:\/\/saintandrews.com.br\/produto\/wine-experience-jantar\/\",\"name\":\"Wine Experience + Jantar - Castelo Saint Andrews\",\"isPartOf\":{\"@id\":\"https:\/\/saintandrews.com.br\/#website\"},\"primaryImageOfPage\":{\"@id\":\"https:\/\/saintandrews.com.br\/produto\/wine-experience-jantar\/#primaryimage\"},\"image\":{\"@id\":\"https:\/\/saintandrews.com.br\/produto\/wine-experience-jantar\/#primaryimage\"},\"thumbnailUrl\":\"https:\/\/saintandrews.com.br\/wp-content\/uploads\/2024\/03\/wine-adega-jantar3.webp\",\"datePublished\":\"2024-01-10T19:53:39+00:00\",\"dateModified\":\"2026-04-06T19:04:08+00:00\",\"description\":\"Os amantes de vinhos podem desfrutar do exclusivo Wine O\u2019Clock no Castelo Saint Andrews, aos s\u00e1bados \u00e0s 18h. Saiba Mais.\",\"breadcrumb\":{\"@id\":\"https:\/\/saintandrews.com.br\/produto\/wine-experience-jantar\/#breadcrumb\"},\"inLanguage\":\"es\",\"potentialAction\":[{\"@type\":\"ReadAction\",\"target\":[\"https:\/\/saintandrews.com.br\/produto\/wine-experience-jantar\/\"]}]},{\"@type\":\"ImageObject\",\"inLanguage\":\"es\",\"@id\":\"https:\/\/saintandrews.com.br\/produto\/wine-experience-jantar\/#primaryimage\",\"url\":\"https:\/\/saintandrews.com.br\/wp-content\/uploads\/2024\/03\/wine-adega-jantar3.webp\",\"contentUrl\":\"https:\/\/saintandrews.com.br\/wp-content\/uploads\/2024\/03\/wine-adega-jantar3.webp\",\"width\":1000,\"height\":1000},{\"@type\":\"BreadcrumbList\",\"@id\":\"https:\/\/saintandrews.com.br\/produto\/wine-experience-jantar\/#breadcrumb\",\"itemListElement\":[{\"@type\":\"ListItem\",\"position\":1,\"name\":\"In\u00edcio\",\"item\":\"https:\/\/saintandrews.com.br\/\"},{\"@type\":\"ListItem\",\"position\":2,\"name\":\"Experi\u00eancias\",\"item\":\"https:\/\/saintandrews.com.br\/experiencias\/\"},{\"@type\":\"ListItem\",\"position\":3,\"name\":\"Wine Experience + Jantar\"}]},{\"@type\":\"WebSite\",\"@id\":\"https:\/\/saintandrews.com.br\/#website\",\"url\":\"https:\/\/saintandrews.com.br\/\",\"name\":\"Castelo Saint Andrews\",\"description\":\"Seu hotel\u00a0em\u00a0Gramado\",\"publisher\":{\"@id\":\"https:\/\/saintandrews.com.br\/#organization\"},\"potentialAction\":[{\"@type\":\"SearchAction\",\"target\":{\"@type\":\"EntryPoint\",\"urlTemplate\":\"https:\/\/saintandrews.com.br\/?s={search_term_string}\"},\"query-input\":{\"@type\":\"PropertyValueSpecification\",\"valueRequired\":true,\"valueName\":\"search_term_string\"}}],\"inLanguage\":\"es\"},{\"@type\":\"Organization\",\"@id\":\"https:\/\/saintandrews.com.br\/#organization\",\"name\":\"Castelo Saint Andrews\",\"url\":\"https:\/\/saintandrews.com.br\/\",\"logo\":{\"@type\":\"ImageObject\",\"inLanguage\":\"es\",\"@id\":\"https:\/\/saintandrews.com.br\/#\/schema\/logo\/image\/\",\"url\":\"https:\/\/saintandrews.com.br\/wp-content\/uploads\/2024\/04\/Logo-SaintAndrews-Cabecalho-01-01.svg\",\"contentUrl\":\"https:\/\/saintandrews.com.br\/wp-content\/uploads\/2024\/04\/Logo-SaintAndrews-Cabecalho-01-01.svg\",\"width\":612.8999999999999772626324556767940521240234375,\"height\":167.5,\"caption\":\"Castelo Saint Andrews\"},\"image\":{\"@id\":\"https:\/\/saintandrews.com.br\/#\/schema\/logo\/image\/\"}}]}<\/script>\n<!-- \/ Yoast SEO plugin. -->","yoast_head_json":{"title":"Experiencia de vino + cena - Castillo de Saint Andrews","description":"Los amantes del vino pueden disfrutar de la exclusiva Hora del Vino en el Castillo de Saint Andrews los s\u00e1bados a las 18:00 h. M\u00e1s informaci\u00f3n.","robots":{"index":"index","follow":"follow","max-snippet":"max-snippet:-1","max-image-preview":"max-image-preview:large","max-video-preview":"max-video-preview:-1"},"canonical":"https:\/\/saintandrews.com.br\/es\/producto\/cena-con-experiencia-en-vinos\/","og_locale":"es_ES","og_type":"article","og_title":"Wine Experience + Jantar - Castelo Saint Andrews","og_description":"Os amantes de vinhos podem desfrutar do exclusivo Wine O\u2019Clock no Castelo Saint Andrews, aos s\u00e1bados \u00e0s 18h. Saiba Mais.","og_url":"https:\/\/saintandrews.com.br\/es\/producto\/cena-con-experiencia-en-vinos\/","og_site_name":"Castelo Saint Andrews","article_modified_time":"2026-04-06T19:04:08+00:00","og_image":[{"width":1000,"height":1000,"url":"https:\/\/saintandrews.com.br\/wp-content\/uploads\/2024\/03\/wine-adega-jantar3.webp","type":"image\/webp"}],"twitter_card":"summary_large_image","twitter_misc":{"Tiempo de lectura":"3 minutos"},"schema":{"@context":"https:\/\/schema.org","@graph":[{"@type":"WebPage","@id":"https:\/\/saintandrews.com.br\/produto\/wine-experience-jantar\/","url":"https:\/\/saintandrews.com.br\/produto\/wine-experience-jantar\/","name":"Experiencia de vino + cena - Castillo de Saint Andrews","isPartOf":{"@id":"https:\/\/saintandrews.com.br\/#website"},"primaryImageOfPage":{"@id":"https:\/\/saintandrews.com.br\/produto\/wine-experience-jantar\/#primaryimage"},"image":{"@id":"https:\/\/saintandrews.com.br\/produto\/wine-experience-jantar\/#primaryimage"},"thumbnailUrl":"https:\/\/saintandrews.com.br\/wp-content\/uploads\/2024\/03\/wine-adega-jantar3.webp","datePublished":"2024-01-10T19:53:39+00:00","dateModified":"2026-04-06T19:04:08+00:00","description":"Los amantes del vino pueden disfrutar de la exclusiva Hora del Vino en el Castillo de Saint Andrews los s\u00e1bados a las 18:00 h. M\u00e1s informaci\u00f3n.","breadcrumb":{"@id":"https:\/\/saintandrews.com.br\/produto\/wine-experience-jantar\/#breadcrumb"},"inLanguage":"es","potentialAction":[{"@type":"ReadAction","target":["https:\/\/saintandrews.com.br\/produto\/wine-experience-jantar\/"]}]},{"@type":"ImageObject","inLanguage":"es","@id":"https:\/\/saintandrews.com.br\/produto\/wine-experience-jantar\/#primaryimage","url":"https:\/\/saintandrews.com.br\/wp-content\/uploads\/2024\/03\/wine-adega-jantar3.webp","contentUrl":"https:\/\/saintandrews.com.br\/wp-content\/uploads\/2024\/03\/wine-adega-jantar3.webp","width":1000,"height":1000},{"@type":"BreadcrumbList","@id":"https:\/\/saintandrews.com.br\/produto\/wine-experience-jantar\/#breadcrumb","itemListElement":[{"@type":"ListItem","position":1,"name":"In\u00edcio","item":"https:\/\/saintandrews.com.br\/"},{"@type":"ListItem","position":2,"name":"Experi\u00eancias","item":"https:\/\/saintandrews.com.br\/experiencias\/"},{"@type":"ListItem","position":3,"name":"Wine Experience + Jantar"}]},{"@type":"WebSite","@id":"https:\/\/saintandrews.com.br\/#website","url":"https:\/\/saintandrews.com.br\/","name":"El Castillo De Saint Andrews.","description":"Su hotel en Gramado","publisher":{"@id":"https:\/\/saintandrews.com.br\/#organization"},"potentialAction":[{"@type":"SearchAction","target":{"@type":"EntryPoint","urlTemplate":"https:\/\/saintandrews.com.br\/?s={search_term_string}"},"query-input":{"@type":"PropertyValueSpecification","valueRequired":true,"valueName":"search_term_string"}}],"inLanguage":"es"},{"@type":"Organization","@id":"https:\/\/saintandrews.com.br\/#organization","name":"El Castillo De Saint Andrews.","url":"https:\/\/saintandrews.com.br\/","logo":{"@type":"ImageObject","inLanguage":"es","@id":"https:\/\/saintandrews.com.br\/#\/schema\/logo\/image\/","url":"https:\/\/saintandrews.com.br\/wp-content\/uploads\/2024\/04\/Logo-SaintAndrews-Cabecalho-01-01.svg","contentUrl":"https:\/\/saintandrews.com.br\/wp-content\/uploads\/2024\/04\/Logo-SaintAndrews-Cabecalho-01-01.svg","width":612.8999999999999772626324556767940521240234375,"height":167.5,"caption":"Castelo Saint Andrews"},"image":{"@id":"https:\/\/saintandrews.com.br\/#\/schema\/logo\/image\/"}}]}},"publishpress_future_action":{"enabled":false,"date":"2026-04-26 22:24:35","action":"change-status","newStatus":"draft","terms":[],"taxonomy":"product_brand","extraData":[]},"publishpress_future_workflow_manual_trigger":{"enabledWorkflows":[]},"_links":{"self":[{"href":"https:\/\/saintandrews.com.br\/es\/wp-json\/wp\/v2\/product\/9720","targetHints":{"allow":["GET"]}}],"collection":[{"href":"https:\/\/saintandrews.com.br\/es\/wp-json\/wp\/v2\/product"}],"about":[{"href":"https:\/\/saintandrews.com.br\/es\/wp-json\/wp\/v2\/types\/product"}],"wp:featuredmedia":[{"embeddable":true,"href":"https:\/\/saintandrews.com.br\/es\/wp-json\/wp\/v2\/media\/11324"}],"wp:attachment":[{"href":"https:\/\/saintandrews.com.br\/es\/wp-json\/wp\/v2\/media?parent=9720"}],"wp:term":[{"taxonomy":"product_brand","embeddable":true,"href":"https:\/\/saintandrews.com.br\/es\/wp-json\/wp\/v2\/product_brand?post=9720"},{"taxonomy":"product_cat","embeddable":true,"href":"https:\/\/saintandrews.com.br\/es\/wp-json\/wp\/v2\/product_cat?post=9720"},{"taxonomy":"product_tag","embeddable":true,"href":"https:\/\/saintandrews.com.br\/es\/wp-json\/wp\/v2\/product_tag?post=9720"}],"curies":[{"name":"wp","href":"https:\/\/api.w.org\/{rel}","templated":true}]}}