{"id":9717,"date":"2024-01-07T16:53:39","date_gmt":"2024-01-07T19:53:39","guid":{"rendered":"https:\/\/saintandrews.com.br\/?post_type=product&#038;p=6599"},"modified":"2026-04-06T16:38:47","modified_gmt":"2026-04-06T19:38:47","slug":"momento-del-vino","status":"publish","type":"product","link":"https:\/\/saintandrews.com.br\/es\/produto\/wine-moment\/","title":{"rendered":"Momento del vino"},"content":{"rendered":"<p>Comparte un buen vino con tus seres queridos en el encantador Castillo de Saint Andrews.<\/p>\n<p>Elija el vino que desee degustar entre las diversas opciones que le sugerir\u00e1 nuestro sumiller. El maridaje se compone de una selecci\u00f3n de quesos y embutidos especiales, frutas frescas y secas, y panes artesanales.<\/p>\n<p>&nbsp;<\/p>\n<p><img fetchpriority=\"high\" decoding=\"async\" class=\"alignnone wp-image-14966\" src=\"https:\/\/saintandrews.com.br\/wp-content\/uploads\/2024\/03\/tabua-de-frios-300x183.webp\" alt=\"\" width=\"412\" height=\"252\" srcset=\"https:\/\/saintandrews.com.br\/wp-content\/uploads\/2024\/03\/tabua-de-frios-300x183.webp 300w, https:\/\/saintandrews.com.br\/wp-content\/uploads\/2024\/03\/tabua-de-frios-1024x624.webp 1024w, https:\/\/saintandrews.com.br\/wp-content\/uploads\/2024\/03\/tabua-de-frios-768x468.webp 768w, https:\/\/saintandrews.com.br\/wp-content\/uploads\/2024\/03\/tabua-de-frios-18x12.webp 18w, https:\/\/saintandrews.com.br\/wp-content\/uploads\/2024\/03\/tabua-de-frios-600x366.webp 600w, https:\/\/saintandrews.com.br\/wp-content\/uploads\/2024\/03\/tabua-de-frios.webp 1337w\" sizes=\"(max-width: 412px) 100vw, 412px\" \/><br \/>\n<span style=\"font-size: 8pt;\">Foto ilustrativa<\/span><\/p>\n<p>&nbsp;<\/p>\n<p><strong>Importante:<\/strong> Esta experiencia debe adquirirse con al menos 6 horas de antelaci\u00f3n.<\/p>\n<p><strong>Duraci\u00f3n:<\/strong> Este servicio tiene una duraci\u00f3n de 1 hora y 30 minutos.<br \/>\n<strong>Cuando:<\/strong> Diariamente a partir de las 15 h.<br \/>\n<strong>Entornos:<\/strong> Pl\u00e1tanos y Belvedere \u2013 Sujeto a disponibilidad.<\/p>\n<p>&nbsp;<\/p>\n<p>***<\/p>\n<p><span style=\"font-size: 10pt;\"><em><span style=\"color: #993300;\">\u2022 Despu\u00e9s de comprar cualquier servicio de Saint Andrews y confirmar el pago, uno de nuestros conserjes dedicados se comunicar\u00e1 con usted por tel\u00e9fono para informarle de los horarios disponibles en la fecha seleccionada, asegurando que su reserva se realice con la m\u00e1xima comodidad y exclusividad.<br \/>\n\u2022 Al finalizar el servicio le agradecer\u00edamos que tuviera en cuenta nuestra tarifa de servicio.<\/span><\/em><\/span><\/p>","protected":false},"excerpt":{"rendered":"<p>Comparta momentos inolvidables en el Castillo de Saint Andrews con un Momento de Vino, una experiencia gastron\u00f3mica y vin\u00edcola exclusiva. Disfrute de un vino a su elecci\u00f3n entre una selecci\u00f3n de opciones, maridado con una deliciosa tabla de embutidos. Ideal para celebrar el amor en un entorno encantador.<\/p>","protected":false},"featured_media":10073,"template":"","meta":{"_acf_changed":false},"product_brand":[],"product_cat":[229],"product_tag":[],"class_list":{"0":"post-9717","1":"product","2":"type-product","3":"status-publish","4":"has-post-thumbnail","6":"product_cat-gastronomia","8":"first","9":"instock","10":"virtual","11":"sold-individually","12":"taxable","13":"purchasable","14":"product-type-booking"},"acf":[],"yoast_head":"<!-- This site is optimized with the Yoast SEO plugin v27.2 - https:\/\/yoast.com\/product\/yoast-seo-wordpress\/ -->\n<title>Wine Moment - Castelo Saint Andrews<\/title>\n<meta name=\"description\" content=\"Compartilhe momentos inesquec\u00edveis no Castelo Saint Andrews com a Wine Experience, uma experi\u00eancia enogastron\u00f4mica exclusiva.\" \/>\n<meta name=\"robots\" content=\"index, follow, max-snippet:-1, max-image-preview:large, max-video-preview:-1\" \/>\n<link rel=\"canonical\" href=\"https:\/\/saintandrews.com.br\/es\/producto\/momento-del-vino\/\" \/>\n<meta property=\"og:locale\" content=\"es_ES\" \/>\n<meta property=\"og:type\" content=\"article\" \/>\n<meta property=\"og:title\" content=\"Wine Moment - Castelo Saint Andrews\" \/>\n<meta property=\"og:description\" content=\"Compartilhe momentos inesquec\u00edveis no Castelo Saint Andrews com a Wine Experience, uma experi\u00eancia enogastron\u00f4mica exclusiva.\" \/>\n<meta property=\"og:url\" content=\"https:\/\/saintandrews.com.br\/es\/producto\/momento-del-vino\/\" \/>\n<meta property=\"og:site_name\" content=\"Castelo Saint Andrews\" \/>\n<meta property=\"article:modified_time\" content=\"2026-04-06T19:38:47+00:00\" \/>\n<meta property=\"og:image\" content=\"https:\/\/saintandrews.com.br\/wp-content\/uploads\/2024\/03\/wine-experience-768x768-1.webp\" \/>\n\t<meta property=\"og:image:width\" content=\"768\" \/>\n\t<meta property=\"og:image:height\" content=\"768\" \/>\n\t<meta property=\"og:image:type\" content=\"image\/webp\" \/>\n<meta name=\"twitter:card\" content=\"summary_large_image\" \/>\n<meta name=\"twitter:label1\" content=\"Tiempo de lectura\" \/>\n\t<meta name=\"twitter:data1\" content=\"2 minutos\" \/>\n<script type=\"application\/ld+json\" class=\"yoast-schema-graph\">{\"@context\":\"https:\/\/schema.org\",\"@graph\":[{\"@type\":\"WebPage\",\"@id\":\"https:\/\/saintandrews.com.br\/produto\/wine-moment\/\",\"url\":\"https:\/\/saintandrews.com.br\/produto\/wine-moment\/\",\"name\":\"Wine Moment - Castelo Saint Andrews\",\"isPartOf\":{\"@id\":\"https:\/\/saintandrews.com.br\/#website\"},\"primaryImageOfPage\":{\"@id\":\"https:\/\/saintandrews.com.br\/produto\/wine-moment\/#primaryimage\"},\"image\":{\"@id\":\"https:\/\/saintandrews.com.br\/produto\/wine-moment\/#primaryimage\"},\"thumbnailUrl\":\"https:\/\/saintandrews.com.br\/wp-content\/uploads\/2024\/03\/wine-experience-768x768-1.webp\",\"datePublished\":\"2024-01-07T19:53:39+00:00\",\"dateModified\":\"2026-04-06T19:38:47+00:00\",\"description\":\"Compartilhe momentos inesquec\u00edveis no Castelo Saint Andrews com a Wine Experience, uma experi\u00eancia enogastron\u00f4mica exclusiva.\",\"breadcrumb\":{\"@id\":\"https:\/\/saintandrews.com.br\/produto\/wine-moment\/#breadcrumb\"},\"inLanguage\":\"es\",\"potentialAction\":[{\"@type\":\"ReadAction\",\"target\":[\"https:\/\/saintandrews.com.br\/produto\/wine-moment\/\"]}]},{\"@type\":\"ImageObject\",\"inLanguage\":\"es\",\"@id\":\"https:\/\/saintandrews.com.br\/produto\/wine-moment\/#primaryimage\",\"url\":\"https:\/\/saintandrews.com.br\/wp-content\/uploads\/2024\/03\/wine-experience-768x768-1.webp\",\"contentUrl\":\"https:\/\/saintandrews.com.br\/wp-content\/uploads\/2024\/03\/wine-experience-768x768-1.webp\",\"width\":768,\"height\":768},{\"@type\":\"BreadcrumbList\",\"@id\":\"https:\/\/saintandrews.com.br\/produto\/wine-moment\/#breadcrumb\",\"itemListElement\":[{\"@type\":\"ListItem\",\"position\":1,\"name\":\"In\u00edcio\",\"item\":\"https:\/\/saintandrews.com.br\/\"},{\"@type\":\"ListItem\",\"position\":2,\"name\":\"Experi\u00eancias\",\"item\":\"https:\/\/saintandrews.com.br\/experiencias\/\"},{\"@type\":\"ListItem\",\"position\":3,\"name\":\"Wine Moment\"}]},{\"@type\":\"WebSite\",\"@id\":\"https:\/\/saintandrews.com.br\/#website\",\"url\":\"https:\/\/saintandrews.com.br\/\",\"name\":\"Castelo Saint Andrews\",\"description\":\"Seu hotel\u00a0em\u00a0Gramado\",\"publisher\":{\"@id\":\"https:\/\/saintandrews.com.br\/#organization\"},\"potentialAction\":[{\"@type\":\"SearchAction\",\"target\":{\"@type\":\"EntryPoint\",\"urlTemplate\":\"https:\/\/saintandrews.com.br\/?s={search_term_string}\"},\"query-input\":{\"@type\":\"PropertyValueSpecification\",\"valueRequired\":true,\"valueName\":\"search_term_string\"}}],\"inLanguage\":\"es\"},{\"@type\":\"Organization\",\"@id\":\"https:\/\/saintandrews.com.br\/#organization\",\"name\":\"Castelo Saint Andrews\",\"url\":\"https:\/\/saintandrews.com.br\/\",\"logo\":{\"@type\":\"ImageObject\",\"inLanguage\":\"es\",\"@id\":\"https:\/\/saintandrews.com.br\/#\/schema\/logo\/image\/\",\"url\":\"https:\/\/saintandrews.com.br\/wp-content\/uploads\/2024\/04\/Logo-SaintAndrews-Cabecalho-01-01.svg\",\"contentUrl\":\"https:\/\/saintandrews.com.br\/wp-content\/uploads\/2024\/04\/Logo-SaintAndrews-Cabecalho-01-01.svg\",\"width\":612.8999999999999772626324556767940521240234375,\"height\":167.5,\"caption\":\"Castelo Saint Andrews\"},\"image\":{\"@id\":\"https:\/\/saintandrews.com.br\/#\/schema\/logo\/image\/\"}}]}<\/script>\n<!-- \/ Yoast SEO plugin. -->","yoast_head_json":{"title":"Momento del vino - Castillo de Saint Andrews","description":"Comparte momentos inolvidables en el Castillo de Saint Andrews con Wine Experience, una experiencia exclusiva de maridaje de comida y vino.","robots":{"index":"index","follow":"follow","max-snippet":"max-snippet:-1","max-image-preview":"max-image-preview:large","max-video-preview":"max-video-preview:-1"},"canonical":"https:\/\/saintandrews.com.br\/es\/producto\/momento-del-vino\/","og_locale":"es_ES","og_type":"article","og_title":"Wine Moment - Castelo Saint Andrews","og_description":"Compartilhe momentos inesquec\u00edveis no Castelo Saint Andrews com a Wine Experience, uma experi\u00eancia enogastron\u00f4mica exclusiva.","og_url":"https:\/\/saintandrews.com.br\/es\/producto\/momento-del-vino\/","og_site_name":"Castelo Saint Andrews","article_modified_time":"2026-04-06T19:38:47+00:00","og_image":[{"width":768,"height":768,"url":"https:\/\/saintandrews.com.br\/wp-content\/uploads\/2024\/03\/wine-experience-768x768-1.webp","type":"image\/webp"}],"twitter_card":"summary_large_image","twitter_misc":{"Tiempo de lectura":"2 minutos"},"schema":{"@context":"https:\/\/schema.org","@graph":[{"@type":"WebPage","@id":"https:\/\/saintandrews.com.br\/produto\/wine-moment\/","url":"https:\/\/saintandrews.com.br\/produto\/wine-moment\/","name":"Momento del vino - Castillo de Saint Andrews","isPartOf":{"@id":"https:\/\/saintandrews.com.br\/#website"},"primaryImageOfPage":{"@id":"https:\/\/saintandrews.com.br\/produto\/wine-moment\/#primaryimage"},"image":{"@id":"https:\/\/saintandrews.com.br\/produto\/wine-moment\/#primaryimage"},"thumbnailUrl":"https:\/\/saintandrews.com.br\/wp-content\/uploads\/2024\/03\/wine-experience-768x768-1.webp","datePublished":"2024-01-07T19:53:39+00:00","dateModified":"2026-04-06T19:38:47+00:00","description":"Comparte momentos inolvidables en el Castillo de Saint Andrews con Wine Experience, una experiencia exclusiva de maridaje de comida y vino.","breadcrumb":{"@id":"https:\/\/saintandrews.com.br\/produto\/wine-moment\/#breadcrumb"},"inLanguage":"es","potentialAction":[{"@type":"ReadAction","target":["https:\/\/saintandrews.com.br\/produto\/wine-moment\/"]}]},{"@type":"ImageObject","inLanguage":"es","@id":"https:\/\/saintandrews.com.br\/produto\/wine-moment\/#primaryimage","url":"https:\/\/saintandrews.com.br\/wp-content\/uploads\/2024\/03\/wine-experience-768x768-1.webp","contentUrl":"https:\/\/saintandrews.com.br\/wp-content\/uploads\/2024\/03\/wine-experience-768x768-1.webp","width":768,"height":768},{"@type":"BreadcrumbList","@id":"https:\/\/saintandrews.com.br\/produto\/wine-moment\/#breadcrumb","itemListElement":[{"@type":"ListItem","position":1,"name":"In\u00edcio","item":"https:\/\/saintandrews.com.br\/"},{"@type":"ListItem","position":2,"name":"Experi\u00eancias","item":"https:\/\/saintandrews.com.br\/experiencias\/"},{"@type":"ListItem","position":3,"name":"Wine Moment"}]},{"@type":"WebSite","@id":"https:\/\/saintandrews.com.br\/#website","url":"https:\/\/saintandrews.com.br\/","name":"El Castillo De Saint Andrews.","description":"Su hotel en Gramado","publisher":{"@id":"https:\/\/saintandrews.com.br\/#organization"},"potentialAction":[{"@type":"SearchAction","target":{"@type":"EntryPoint","urlTemplate":"https:\/\/saintandrews.com.br\/?s={search_term_string}"},"query-input":{"@type":"PropertyValueSpecification","valueRequired":true,"valueName":"search_term_string"}}],"inLanguage":"es"},{"@type":"Organization","@id":"https:\/\/saintandrews.com.br\/#organization","name":"El Castillo De Saint Andrews.","url":"https:\/\/saintandrews.com.br\/","logo":{"@type":"ImageObject","inLanguage":"es","@id":"https:\/\/saintandrews.com.br\/#\/schema\/logo\/image\/","url":"https:\/\/saintandrews.com.br\/wp-content\/uploads\/2024\/04\/Logo-SaintAndrews-Cabecalho-01-01.svg","contentUrl":"https:\/\/saintandrews.com.br\/wp-content\/uploads\/2024\/04\/Logo-SaintAndrews-Cabecalho-01-01.svg","width":612.8999999999999772626324556767940521240234375,"height":167.5,"caption":"Castelo Saint Andrews"},"image":{"@id":"https:\/\/saintandrews.com.br\/#\/schema\/logo\/image\/"}}]}},"publishpress_future_action":{"enabled":false,"date":"2026-04-26 23:54:33","action":"change-status","newStatus":"draft","terms":[],"taxonomy":"product_brand","extraData":[]},"publishpress_future_workflow_manual_trigger":{"enabledWorkflows":[]},"_links":{"self":[{"href":"https:\/\/saintandrews.com.br\/es\/wp-json\/wp\/v2\/product\/9717","targetHints":{"allow":["GET"]}}],"collection":[{"href":"https:\/\/saintandrews.com.br\/es\/wp-json\/wp\/v2\/product"}],"about":[{"href":"https:\/\/saintandrews.com.br\/es\/wp-json\/wp\/v2\/types\/product"}],"wp:featuredmedia":[{"embeddable":true,"href":"https:\/\/saintandrews.com.br\/es\/wp-json\/wp\/v2\/media\/10073"}],"wp:attachment":[{"href":"https:\/\/saintandrews.com.br\/es\/wp-json\/wp\/v2\/media?parent=9717"}],"wp:term":[{"taxonomy":"product_brand","embeddable":true,"href":"https:\/\/saintandrews.com.br\/es\/wp-json\/wp\/v2\/product_brand?post=9717"},{"taxonomy":"product_cat","embeddable":true,"href":"https:\/\/saintandrews.com.br\/es\/wp-json\/wp\/v2\/product_cat?post=9717"},{"taxonomy":"product_tag","embeddable":true,"href":"https:\/\/saintandrews.com.br\/es\/wp-json\/wp\/v2\/product_tag?post=9717"}],"curies":[{"name":"wp","href":"https:\/\/api.w.org\/{rel}","templated":true}]}}