{"id":9716,"date":"2024-01-03T01:00:39","date_gmt":"2024-01-03T04:00:39","guid":{"rendered":"https:\/\/saintandrews.com.br\/?post_type=product&#038;p=6597"},"modified":"2026-04-06T15:34:38","modified_gmt":"2026-04-06T18:34:38","slug":"te-real-de-la-tarde-te-de-la-tarde-ingles","status":"publish","type":"product","link":"https:\/\/saintandrews.com.br\/es\/produto\/royal-afternoon-tea-cha-da-tarde-ingles\/","title":{"rendered":"T\u00e9 real de la tarde"},"content":{"rendered":"<p><strong><span dir=\"auto\" style=\"vertical-align: inherit;\"><span dir=\"auto\" style=\"vertical-align: inherit;\">Una experiencia inolvidable de sofisticaci\u00f3n y sabor en el Castillo de Saint Andrews.<\/span><\/span><\/strong><\/p>\n<p><span dir=\"auto\" style=\"vertical-align: inherit;\"><span dir=\"auto\" style=\"vertical-align: inherit;\">O <\/span><\/span><strong><span dir=\"auto\" style=\"vertical-align: inherit;\"><span dir=\"auto\" style=\"vertical-align: inherit;\">El Castillo De Saint Andrews.<\/span><\/span><\/strong><span dir=\"auto\" style=\"vertical-align: inherit;\"><span dir=\"auto\" style=\"vertical-align: inherit;\"> y el <\/span><\/span><strong><span dir=\"auto\" style=\"vertical-align: inherit;\"><span dir=\"auto\" style=\"vertical-align: inherit;\">Restaurante Primavera<\/span><\/span><\/strong><span dir=\"auto\" style=\"vertical-align: inherit;\"><span dir=\"auto\" style=\"vertical-align: inherit;\"> Le invitamos a disfrutar de un exclusivo t\u00e9 de la tarde, combinando la tradici\u00f3n inglesa con el encanto de los ingredientes t\u00edpicos de la regi\u00f3n. <\/span><\/span><strong><span dir=\"auto\" style=\"vertical-align: inherit;\"><span dir=\"auto\" style=\"vertical-align: inherit;\">T\u00e9 real de la tarde<\/span><\/span><\/strong><span dir=\"auto\" style=\"vertical-align: inherit;\"><span dir=\"auto\" style=\"vertical-align: inherit;\"> Es una celebraci\u00f3n de sabores, cuidadosamente elaborada para deleitar incluso a los paladares m\u00e1s exigentes.<\/span><\/span><\/p>\n<p>Todo se sirvi\u00f3 con elegancia y puntualidad a las 5 de la tarde, como manda la tradici\u00f3n.<\/p>\n<p>Vive esta encantadora experiencia, donde cada detalle ha sido cuidadosamente pensado para transformar tu tarde en un momento inolvidable.<\/p>\n<p><strong>El t\u00e9 real de la tarde incluye:<\/strong><\/p>\n<ul>\n<li>Una refinada selecci\u00f3n de t\u00e9s de hojas sueltas.<\/li>\n<li><span dir=\"auto\" style=\"vertical-align: inherit;\"><span dir=\"auto\" style=\"vertical-align: inherit;\">S\u00e1ndwich abierto con salm\u00f3n, pepinillos y pasta de eneldo.<\/span><\/span><\/li>\n<li>S\u00e1ndwich de dedo con tomate, mozzarella de b\u00fafala y pesto.<\/li>\n<li>Surtido de hojaldres<\/li>\n<li><span dir=\"auto\" style=\"vertical-align: inherit;\"><span dir=\"auto\" style=\"vertical-align: inherit;\">Quiche de Santo Andr\u00e9s<\/span><\/span><\/li>\n<li>Mignardises (peque\u00f1os pasteles franceses con sabores sorprendentes)<\/li>\n<li>Croque Madame con jam\u00f3n San Daniele, queso Emmental y huevo de trufa.<\/li>\n<li>Postre del Chef \u2013 Una creaci\u00f3n especial del d\u00eda<\/li>\n<li>Una copa de vino espumoso nacional.<\/li>\n<\/ul>\n<p>&nbsp;<\/p>\n<p><img fetchpriority=\"high\" decoding=\"async\" class=\"alignnone size-medium wp-image-14978\" src=\"https:\/\/saintandrews.com.br\/wp-content\/uploads\/2024\/03\/cha-1-300x183.webp\" alt=\"\" width=\"300\" height=\"183\" srcset=\"https:\/\/saintandrews.com.br\/wp-content\/uploads\/2024\/03\/cha-1-300x183.webp 300w, https:\/\/saintandrews.com.br\/wp-content\/uploads\/2024\/03\/cha-1-1024x624.webp 1024w, https:\/\/saintandrews.com.br\/wp-content\/uploads\/2024\/03\/cha-1-768x468.webp 768w, https:\/\/saintandrews.com.br\/wp-content\/uploads\/2024\/03\/cha-1-18x12.webp 18w, https:\/\/saintandrews.com.br\/wp-content\/uploads\/2024\/03\/cha-1-600x366.webp 600w, https:\/\/saintandrews.com.br\/wp-content\/uploads\/2024\/03\/cha-1.webp 1337w\" sizes=\"(max-width: 300px) 100vw, 300px\" \/><br \/>\n<span style=\"font-size: 8pt;\">Foto ilustrativa<\/span><\/p>\n<p>&nbsp;<\/p>\n<p><strong>Duraci\u00f3n:<\/strong> Este servicio tiene una duraci\u00f3n de 1 hora y 30 minutos.<\/p>\n<p><strong>Cuando:<\/strong> Servido diariamente a las 5 pm.<\/p>\n<p><strong data-start=\"78\" data-end=\"98\">Entorno est\u00e1ndar:<\/strong> Restaurante Primavera<br data-start=\"119\" data-end=\"122\" \/><strong data-start=\"122\" data-end=\"140\">Otras opciones:<\/strong> Para una experiencia a\u00fan m\u00e1s especial, el t\u00e9 de la tarde se puede disfrutar en los ambientes Pl\u00e1tanos, Belvedere o Mirante, sujeto a disponibilidad y costo adicional.<\/p>\n<p>&nbsp;<\/p>\n<p><span dir=\"auto\" style=\"vertical-align: inherit;\"><span dir=\"auto\" style=\"vertical-align: inherit;\">***<\/span><\/span><\/p>\n<p><span style=\"font-size: 10pt;\"><em><span style=\"color: #993300;\">\u2022 Despu\u00e9s de comprar cualquier servicio de Saint Andrews y confirmar el pago, uno de nuestros conserjes dedicados se comunicar\u00e1 con usted por tel\u00e9fono para informarle de los horarios disponibles en la fecha seleccionada, asegurando que su reserva se realice con la m\u00e1xima comodidad y exclusividad.<br \/>\n\u2022 Al finalizar el servicio le agradecer\u00edamos que tuviera en cuenta nuestra tarifa de servicio.<\/span><\/em><\/span><\/p>","protected":false},"excerpt":{"rendered":"<p>Disfrute de un sofisticado t\u00e9 de la tarde que combina la tradici\u00f3n inglesa con sabores regionales t\u00edpicos. Servido a las 17:00 h, la experiencia incluye una selecci\u00f3n de t\u00e9s, exquisiteces como quiches, s\u00e1ndwiches, pasteles, mignardises y el postre especial del chef.<\/p>","protected":false},"featured_media":10078,"template":"","meta":{"_acf_changed":false},"product_brand":[],"product_cat":[229],"product_tag":[],"class_list":{"0":"post-9716","1":"product","2":"type-product","3":"status-publish","4":"has-post-thumbnail","6":"product_cat-gastronomia","8":"first","9":"instock","10":"virtual","11":"sold-individually","12":"taxable","13":"purchasable","14":"product-type-booking"},"acf":[],"yoast_head":"<!-- This site is optimized with the Yoast SEO plugin v27.2 - https:\/\/yoast.com\/product\/yoast-seo-wordpress\/ -->\n<title>Royal Afternoon Tea - Ch\u00e1 da Tarde - Castelo Saint Andrews<\/title>\n<meta name=\"description\" content=\"O Castelo Saint Andrews e o Restaurante Primrose oferecem o elegante Royal Afternoon Tea, que combina a tradi\u00e7\u00e3o inglesa com sabores regionais.\" \/>\n<meta name=\"robots\" content=\"index, follow, max-snippet:-1, max-image-preview:large, max-video-preview:-1\" \/>\n<link rel=\"canonical\" href=\"https:\/\/saintandrews.com.br\/es\/producto\/te-real-de-la-tarde-te-de-la-tarde-ingles\/\" \/>\n<meta property=\"og:locale\" content=\"es_ES\" \/>\n<meta property=\"og:type\" content=\"article\" \/>\n<meta property=\"og:title\" content=\"Royal Afternoon Tea - Ch\u00e1 da Tarde - Castelo Saint Andrews\" \/>\n<meta property=\"og:description\" content=\"O Castelo Saint Andrews e o Restaurante Primrose oferecem o elegante Royal Afternoon Tea, que combina a tradi\u00e7\u00e3o inglesa com sabores regionais.\" \/>\n<meta property=\"og:url\" content=\"https:\/\/saintandrews.com.br\/es\/producto\/te-real-de-la-tarde-te-de-la-tarde-ingles\/\" \/>\n<meta property=\"og:site_name\" content=\"Castelo Saint Andrews\" \/>\n<meta property=\"article:modified_time\" content=\"2026-04-06T18:34:38+00:00\" \/>\n<meta property=\"og:image\" content=\"https:\/\/saintandrews.com.br\/wp-content\/uploads\/2024\/03\/cha-768x768-1.webp\" \/>\n\t<meta property=\"og:image:width\" content=\"768\" \/>\n\t<meta property=\"og:image:height\" content=\"768\" \/>\n\t<meta property=\"og:image:type\" content=\"image\/webp\" \/>\n<meta name=\"twitter:card\" content=\"summary_large_image\" \/>\n<meta name=\"twitter:label1\" content=\"Tiempo de lectura\" \/>\n\t<meta name=\"twitter:data1\" content=\"2 minutos\" \/>\n<script type=\"application\/ld+json\" class=\"yoast-schema-graph\">{\"@context\":\"https:\/\/schema.org\",\"@graph\":[{\"@type\":\"WebPage\",\"@id\":\"https:\/\/saintandrews.com.br\/produto\/royal-afternoon-tea-cha-da-tarde-ingles\/\",\"url\":\"https:\/\/saintandrews.com.br\/produto\/royal-afternoon-tea-cha-da-tarde-ingles\/\",\"name\":\"Royal Afternoon Tea - Ch\u00e1 da Tarde - Castelo Saint Andrews\",\"isPartOf\":{\"@id\":\"https:\/\/saintandrews.com.br\/#website\"},\"primaryImageOfPage\":{\"@id\":\"https:\/\/saintandrews.com.br\/produto\/royal-afternoon-tea-cha-da-tarde-ingles\/#primaryimage\"},\"image\":{\"@id\":\"https:\/\/saintandrews.com.br\/produto\/royal-afternoon-tea-cha-da-tarde-ingles\/#primaryimage\"},\"thumbnailUrl\":\"https:\/\/saintandrews.com.br\/wp-content\/uploads\/2024\/03\/cha-768x768-1.webp\",\"datePublished\":\"2024-01-03T04:00:39+00:00\",\"dateModified\":\"2026-04-06T18:34:38+00:00\",\"description\":\"O Castelo Saint Andrews e o Restaurante Primrose oferecem o elegante Royal Afternoon Tea, que combina a tradi\u00e7\u00e3o inglesa com sabores regionais.\",\"breadcrumb\":{\"@id\":\"https:\/\/saintandrews.com.br\/produto\/royal-afternoon-tea-cha-da-tarde-ingles\/#breadcrumb\"},\"inLanguage\":\"es\",\"potentialAction\":[{\"@type\":\"ReadAction\",\"target\":[\"https:\/\/saintandrews.com.br\/produto\/royal-afternoon-tea-cha-da-tarde-ingles\/\"]}]},{\"@type\":\"ImageObject\",\"inLanguage\":\"es\",\"@id\":\"https:\/\/saintandrews.com.br\/produto\/royal-afternoon-tea-cha-da-tarde-ingles\/#primaryimage\",\"url\":\"https:\/\/saintandrews.com.br\/wp-content\/uploads\/2024\/03\/cha-768x768-1.webp\",\"contentUrl\":\"https:\/\/saintandrews.com.br\/wp-content\/uploads\/2024\/03\/cha-768x768-1.webp\",\"width\":768,\"height\":768},{\"@type\":\"BreadcrumbList\",\"@id\":\"https:\/\/saintandrews.com.br\/produto\/royal-afternoon-tea-cha-da-tarde-ingles\/#breadcrumb\",\"itemListElement\":[{\"@type\":\"ListItem\",\"position\":1,\"name\":\"In\u00edcio\",\"item\":\"https:\/\/saintandrews.com.br\/\"},{\"@type\":\"ListItem\",\"position\":2,\"name\":\"Experi\u00eancias\",\"item\":\"https:\/\/saintandrews.com.br\/experiencias\/\"},{\"@type\":\"ListItem\",\"position\":3,\"name\":\"Royal Afternoon Tea &#8211; Ch\u00e1 da Tarde\"}]},{\"@type\":\"WebSite\",\"@id\":\"https:\/\/saintandrews.com.br\/#website\",\"url\":\"https:\/\/saintandrews.com.br\/\",\"name\":\"Castelo Saint Andrews\",\"description\":\"Seu hotel\u00a0em\u00a0Gramado\",\"publisher\":{\"@id\":\"https:\/\/saintandrews.com.br\/#organization\"},\"potentialAction\":[{\"@type\":\"SearchAction\",\"target\":{\"@type\":\"EntryPoint\",\"urlTemplate\":\"https:\/\/saintandrews.com.br\/?s={search_term_string}\"},\"query-input\":{\"@type\":\"PropertyValueSpecification\",\"valueRequired\":true,\"valueName\":\"search_term_string\"}}],\"inLanguage\":\"es\"},{\"@type\":\"Organization\",\"@id\":\"https:\/\/saintandrews.com.br\/#organization\",\"name\":\"Castelo Saint Andrews\",\"url\":\"https:\/\/saintandrews.com.br\/\",\"logo\":{\"@type\":\"ImageObject\",\"inLanguage\":\"es\",\"@id\":\"https:\/\/saintandrews.com.br\/#\/schema\/logo\/image\/\",\"url\":\"https:\/\/saintandrews.com.br\/wp-content\/uploads\/2024\/04\/Logo-SaintAndrews-Cabecalho-01-01.svg\",\"contentUrl\":\"https:\/\/saintandrews.com.br\/wp-content\/uploads\/2024\/04\/Logo-SaintAndrews-Cabecalho-01-01.svg\",\"width\":612.8999999999999772626324556767940521240234375,\"height\":167.5,\"caption\":\"Castelo Saint Andrews\"},\"image\":{\"@id\":\"https:\/\/saintandrews.com.br\/#\/schema\/logo\/image\/\"}}]}<\/script>\n<!-- \/ Yoast SEO plugin. -->","yoast_head_json":{"title":"T\u00e9 real de la tarde - Castillo de Saint Andrews","description":"El Castillo de Saint Andrews y el Restaurante Primrose ofrecen el elegante Royal Afternoon Tea, que combina la tradici\u00f3n inglesa con sabores regionales.","robots":{"index":"index","follow":"follow","max-snippet":"max-snippet:-1","max-image-preview":"max-image-preview:large","max-video-preview":"max-video-preview:-1"},"canonical":"https:\/\/saintandrews.com.br\/es\/producto\/te-real-de-la-tarde-te-de-la-tarde-ingles\/","og_locale":"es_ES","og_type":"article","og_title":"Royal Afternoon Tea - Ch\u00e1 da Tarde - Castelo Saint Andrews","og_description":"O Castelo Saint Andrews e o Restaurante Primrose oferecem o elegante Royal Afternoon Tea, que combina a tradi\u00e7\u00e3o inglesa com sabores regionais.","og_url":"https:\/\/saintandrews.com.br\/es\/producto\/te-real-de-la-tarde-te-de-la-tarde-ingles\/","og_site_name":"Castelo Saint Andrews","article_modified_time":"2026-04-06T18:34:38+00:00","og_image":[{"width":768,"height":768,"url":"https:\/\/saintandrews.com.br\/wp-content\/uploads\/2024\/03\/cha-768x768-1.webp","type":"image\/webp"}],"twitter_card":"summary_large_image","twitter_misc":{"Tiempo de lectura":"2 minutos"},"schema":{"@context":"https:\/\/schema.org","@graph":[{"@type":"WebPage","@id":"https:\/\/saintandrews.com.br\/produto\/royal-afternoon-tea-cha-da-tarde-ingles\/","url":"https:\/\/saintandrews.com.br\/produto\/royal-afternoon-tea-cha-da-tarde-ingles\/","name":"T\u00e9 real de la tarde - Castillo de Saint Andrews","isPartOf":{"@id":"https:\/\/saintandrews.com.br\/#website"},"primaryImageOfPage":{"@id":"https:\/\/saintandrews.com.br\/produto\/royal-afternoon-tea-cha-da-tarde-ingles\/#primaryimage"},"image":{"@id":"https:\/\/saintandrews.com.br\/produto\/royal-afternoon-tea-cha-da-tarde-ingles\/#primaryimage"},"thumbnailUrl":"https:\/\/saintandrews.com.br\/wp-content\/uploads\/2024\/03\/cha-768x768-1.webp","datePublished":"2024-01-03T04:00:39+00:00","dateModified":"2026-04-06T18:34:38+00:00","description":"El Castillo de Saint Andrews y el Restaurante Primrose ofrecen el elegante Royal Afternoon Tea, que combina la tradici\u00f3n inglesa con sabores regionales.","breadcrumb":{"@id":"https:\/\/saintandrews.com.br\/produto\/royal-afternoon-tea-cha-da-tarde-ingles\/#breadcrumb"},"inLanguage":"es","potentialAction":[{"@type":"ReadAction","target":["https:\/\/saintandrews.com.br\/produto\/royal-afternoon-tea-cha-da-tarde-ingles\/"]}]},{"@type":"ImageObject","inLanguage":"es","@id":"https:\/\/saintandrews.com.br\/produto\/royal-afternoon-tea-cha-da-tarde-ingles\/#primaryimage","url":"https:\/\/saintandrews.com.br\/wp-content\/uploads\/2024\/03\/cha-768x768-1.webp","contentUrl":"https:\/\/saintandrews.com.br\/wp-content\/uploads\/2024\/03\/cha-768x768-1.webp","width":768,"height":768},{"@type":"BreadcrumbList","@id":"https:\/\/saintandrews.com.br\/produto\/royal-afternoon-tea-cha-da-tarde-ingles\/#breadcrumb","itemListElement":[{"@type":"ListItem","position":1,"name":"In\u00edcio","item":"https:\/\/saintandrews.com.br\/"},{"@type":"ListItem","position":2,"name":"Experi\u00eancias","item":"https:\/\/saintandrews.com.br\/experiencias\/"},{"@type":"ListItem","position":3,"name":"Royal Afternoon Tea &#8211; Ch\u00e1 da Tarde"}]},{"@type":"WebSite","@id":"https:\/\/saintandrews.com.br\/#website","url":"https:\/\/saintandrews.com.br\/","name":"El Castillo De Saint Andrews.","description":"Su hotel en Gramado","publisher":{"@id":"https:\/\/saintandrews.com.br\/#organization"},"potentialAction":[{"@type":"SearchAction","target":{"@type":"EntryPoint","urlTemplate":"https:\/\/saintandrews.com.br\/?s={search_term_string}"},"query-input":{"@type":"PropertyValueSpecification","valueRequired":true,"valueName":"search_term_string"}}],"inLanguage":"es"},{"@type":"Organization","@id":"https:\/\/saintandrews.com.br\/#organization","name":"El Castillo De Saint Andrews.","url":"https:\/\/saintandrews.com.br\/","logo":{"@type":"ImageObject","inLanguage":"es","@id":"https:\/\/saintandrews.com.br\/#\/schema\/logo\/image\/","url":"https:\/\/saintandrews.com.br\/wp-content\/uploads\/2024\/04\/Logo-SaintAndrews-Cabecalho-01-01.svg","contentUrl":"https:\/\/saintandrews.com.br\/wp-content\/uploads\/2024\/04\/Logo-SaintAndrews-Cabecalho-01-01.svg","width":612.8999999999999772626324556767940521240234375,"height":167.5,"caption":"Castelo Saint Andrews"},"image":{"@id":"https:\/\/saintandrews.com.br\/#\/schema\/logo\/image\/"}}]}},"publishpress_future_action":{"enabled":false,"date":"2026-05-03 18:29:18","action":"change-status","newStatus":"draft","terms":[],"taxonomy":"product_brand","extraData":[]},"publishpress_future_workflow_manual_trigger":{"enabledWorkflows":[]},"_links":{"self":[{"href":"https:\/\/saintandrews.com.br\/es\/wp-json\/wp\/v2\/product\/9716","targetHints":{"allow":["GET"]}}],"collection":[{"href":"https:\/\/saintandrews.com.br\/es\/wp-json\/wp\/v2\/product"}],"about":[{"href":"https:\/\/saintandrews.com.br\/es\/wp-json\/wp\/v2\/types\/product"}],"wp:featuredmedia":[{"embeddable":true,"href":"https:\/\/saintandrews.com.br\/es\/wp-json\/wp\/v2\/media\/10078"}],"wp:attachment":[{"href":"https:\/\/saintandrews.com.br\/es\/wp-json\/wp\/v2\/media?parent=9716"}],"wp:term":[{"taxonomy":"product_brand","embeddable":true,"href":"https:\/\/saintandrews.com.br\/es\/wp-json\/wp\/v2\/product_brand?post=9716"},{"taxonomy":"product_cat","embeddable":true,"href":"https:\/\/saintandrews.com.br\/es\/wp-json\/wp\/v2\/product_cat?post=9716"},{"taxonomy":"product_tag","embeddable":true,"href":"https:\/\/saintandrews.com.br\/es\/wp-json\/wp\/v2\/product_tag?post=9716"}],"curies":[{"name":"wp","href":"https:\/\/api.w.org\/{rel}","templated":true}]}}