{"id":7136,"date":"2024-03-29T19:09:08","date_gmt":"2024-03-29T22:09:08","guid":{"rendered":"https:\/\/saintandrews.com.br\/?post_type=product&#038;p=7136"},"modified":"2026-04-30T18:58:28","modified_gmt":"2026-04-30T21:58:28","slug":"limpieza-de-la-piel","status":"publish","type":"product","link":"https:\/\/saintandrews.com.br\/es\/produto\/limpeza-de-pele\/","title":{"rendered":"Limpieza de la piel"},"content":{"rendered":"<p>Utilizando t\u00e9cnicas avanzadas y productos de alta calidad, nuestro tratamiento est\u00e1 cuidadosamente elaborado para purificar, hidratar y renovar su piel. Disfrute de un momento de relajaci\u00f3n en un entorno de lujo mientras nuestros profesionales expertos le brindan atenci\u00f3n personalizada, dejando su piel radiante y revitalizada.<\/p>\n<p>***<\/p>\n<p><span style=\"font-size: 10pt;\"><em><span style=\"color: #993300;\">Despu\u00e9s de comprar cualquier servicio de Saint Andrews y confirmar el pago, uno de nuestros conserjes dedicados se comunicar\u00e1 con usted por tel\u00e9fono para informarle de los horarios disponibles en la fecha seleccionada, asegurando que su reserva se realice con la m\u00e1xima comodidad y exclusividad.<\/span><\/em><\/span><\/p>","protected":false},"excerpt":{"rendered":"<p><span style=\"color: #993300;\"><em>* Seleccione la duraci\u00f3n y la fecha de reserva en los campos siguientes para ver los precios.\u00a0<\/em><\/span><\/p>","protected":false},"featured_media":10063,"template":"","meta":{"_acf_changed":false},"product_brand":[],"product_cat":[230],"product_tag":[],"class_list":{"0":"post-7136","1":"product","2":"type-product","3":"status-publish","4":"has-post-thumbnail","6":"product_cat-spa","8":"first","9":"instock","10":"virtual","11":"sold-individually","12":"taxable","13":"purchasable","14":"product-type-booking"},"acf":[],"yoast_head":"<!-- This site is optimized with the Yoast SEO plugin v27.5 - https:\/\/yoast.com\/product\/yoast-seo-wordpress\/ -->\n<title>Limpeza de Pele - Castelo Saint Andrews<\/title>\n<meta name=\"robots\" content=\"index, follow, max-snippet:-1, max-image-preview:large, max-video-preview:-1\" \/>\n<link rel=\"canonical\" href=\"https:\/\/saintandrews.com.br\/es\/producto\/limpieza-de-la-piel\/\" \/>\n<meta property=\"og:locale\" content=\"es_ES\" \/>\n<meta property=\"og:type\" content=\"article\" \/>\n<meta property=\"og:title\" content=\"Limpeza de Pele - Castelo Saint Andrews\" \/>\n<meta property=\"og:description\" content=\"* Escolha a dura\u00e7\u00e3o e data de reserva nos campos abaixo para visualizar os valores.\u00a0\" \/>\n<meta property=\"og:url\" content=\"https:\/\/saintandrews.com.br\/es\/producto\/limpieza-de-la-piel\/\" \/>\n<meta property=\"og:site_name\" content=\"Castelo Saint Andrews\" \/>\n<meta property=\"article:modified_time\" content=\"2026-04-30T21:58:28+00:00\" \/>\n<meta property=\"og:image\" content=\"https:\/\/saintandrews.com.br\/wp-content\/uploads\/2024\/03\/asal-16.png\" \/>\n\t<meta property=\"og:image:width\" content=\"600\" \/>\n\t<meta property=\"og:image:height\" content=\"400\" \/>\n\t<meta property=\"og:image:type\" content=\"image\/png\" \/>\n<meta name=\"twitter:card\" content=\"summary_large_image\" \/>\n<meta name=\"twitter:label1\" content=\"Tiempo de lectura\" \/>\n\t<meta name=\"twitter:data1\" content=\"1 minuto\" \/>\n<script type=\"application\/ld+json\" class=\"yoast-schema-graph\">{\"@context\":\"https:\\\/\\\/schema.org\",\"@graph\":[{\"@type\":\"WebPage\",\"@id\":\"https:\\\/\\\/saintandrews.com.br\\\/produto\\\/limpeza-de-pele\\\/\",\"url\":\"https:\\\/\\\/saintandrews.com.br\\\/produto\\\/limpeza-de-pele\\\/\",\"name\":\"Limpeza de Pele - Castelo Saint Andrews\",\"isPartOf\":{\"@id\":\"https:\\\/\\\/saintandrews.com.br\\\/#website\"},\"primaryImageOfPage\":{\"@id\":\"https:\\\/\\\/saintandrews.com.br\\\/produto\\\/limpeza-de-pele\\\/#primaryimage\"},\"image\":{\"@id\":\"https:\\\/\\\/saintandrews.com.br\\\/produto\\\/limpeza-de-pele\\\/#primaryimage\"},\"thumbnailUrl\":\"https:\\\/\\\/saintandrews.com.br\\\/wp-content\\\/uploads\\\/2024\\\/03\\\/asal-16.png\",\"datePublished\":\"2024-03-29T22:09:08+00:00\",\"dateModified\":\"2026-04-30T21:58:28+00:00\",\"breadcrumb\":{\"@id\":\"https:\\\/\\\/saintandrews.com.br\\\/produto\\\/limpeza-de-pele\\\/#breadcrumb\"},\"inLanguage\":\"es\",\"potentialAction\":[{\"@type\":\"ReadAction\",\"target\":[\"https:\\\/\\\/saintandrews.com.br\\\/produto\\\/limpeza-de-pele\\\/\"]}]},{\"@type\":\"ImageObject\",\"inLanguage\":\"es\",\"@id\":\"https:\\\/\\\/saintandrews.com.br\\\/produto\\\/limpeza-de-pele\\\/#primaryimage\",\"url\":\"https:\\\/\\\/saintandrews.com.br\\\/wp-content\\\/uploads\\\/2024\\\/03\\\/asal-16.png\",\"contentUrl\":\"https:\\\/\\\/saintandrews.com.br\\\/wp-content\\\/uploads\\\/2024\\\/03\\\/asal-16.png\",\"width\":600,\"height\":400},{\"@type\":\"BreadcrumbList\",\"@id\":\"https:\\\/\\\/saintandrews.com.br\\\/produto\\\/limpeza-de-pele\\\/#breadcrumb\",\"itemListElement\":[{\"@type\":\"ListItem\",\"position\":1,\"name\":\"In\u00edcio\",\"item\":\"https:\\\/\\\/saintandrews.com.br\\\/\"},{\"@type\":\"ListItem\",\"position\":2,\"name\":\"Experi\u00eancias\",\"item\":\"https:\\\/\\\/saintandrews.com.br\\\/experiencias\\\/\"},{\"@type\":\"ListItem\",\"position\":3,\"name\":\"Limpeza de Pele\"}]},{\"@type\":\"WebSite\",\"@id\":\"https:\\\/\\\/saintandrews.com.br\\\/#website\",\"url\":\"https:\\\/\\\/saintandrews.com.br\\\/\",\"name\":\"Castelo Saint Andrews\",\"description\":\"Seu hotel\u00a0em\u00a0Gramado\",\"publisher\":{\"@id\":\"https:\\\/\\\/saintandrews.com.br\\\/#organization\"},\"potentialAction\":[{\"@type\":\"SearchAction\",\"target\":{\"@type\":\"EntryPoint\",\"urlTemplate\":\"https:\\\/\\\/saintandrews.com.br\\\/?s={search_term_string}\"},\"query-input\":{\"@type\":\"PropertyValueSpecification\",\"valueRequired\":true,\"valueName\":\"search_term_string\"}}],\"inLanguage\":\"es\"},{\"@type\":\"Organization\",\"@id\":\"https:\\\/\\\/saintandrews.com.br\\\/#organization\",\"name\":\"Castelo Saint Andrews\",\"url\":\"https:\\\/\\\/saintandrews.com.br\\\/\",\"logo\":{\"@type\":\"ImageObject\",\"inLanguage\":\"es\",\"@id\":\"https:\\\/\\\/saintandrews.com.br\\\/#\\\/schema\\\/logo\\\/image\\\/\",\"url\":\"https:\\\/\\\/saintandrews.com.br\\\/wp-content\\\/uploads\\\/2024\\\/04\\\/Logo-SaintAndrews-Cabecalho-01-01.svg\",\"contentUrl\":\"https:\\\/\\\/saintandrews.com.br\\\/wp-content\\\/uploads\\\/2024\\\/04\\\/Logo-SaintAndrews-Cabecalho-01-01.svg\",\"width\":612.8999999999999772626324556767940521240234375,\"height\":167.5,\"caption\":\"Castelo Saint Andrews\"},\"image\":{\"@id\":\"https:\\\/\\\/saintandrews.com.br\\\/#\\\/schema\\\/logo\\\/image\\\/\"}}]}<\/script>\n<!-- \/ Yoast SEO plugin. -->","yoast_head_json":{"title":"Limpieza de la piel - Castillo de Saint Andrews","robots":{"index":"index","follow":"follow","max-snippet":"max-snippet:-1","max-image-preview":"max-image-preview:large","max-video-preview":"max-video-preview:-1"},"canonical":"https:\/\/saintandrews.com.br\/es\/producto\/limpieza-de-la-piel\/","og_locale":"es_ES","og_type":"article","og_title":"Limpeza de Pele - Castelo Saint Andrews","og_description":"* Escolha a dura\u00e7\u00e3o e data de reserva nos campos abaixo para visualizar os valores.\u00a0","og_url":"https:\/\/saintandrews.com.br\/es\/producto\/limpieza-de-la-piel\/","og_site_name":"Castelo Saint Andrews","article_modified_time":"2026-04-30T21:58:28+00:00","og_image":[{"width":600,"height":400,"url":"https:\/\/saintandrews.com.br\/wp-content\/uploads\/2024\/03\/asal-16.png","type":"image\/png"}],"twitter_card":"summary_large_image","twitter_misc":{"Tiempo de lectura":"1 minuto"},"schema":{"@context":"https:\/\/schema.org","@graph":[{"@type":"WebPage","@id":"https:\/\/saintandrews.com.br\/produto\/limpeza-de-pele\/","url":"https:\/\/saintandrews.com.br\/produto\/limpeza-de-pele\/","name":"Limpieza de la piel - Castillo de Saint Andrews","isPartOf":{"@id":"https:\/\/saintandrews.com.br\/#website"},"primaryImageOfPage":{"@id":"https:\/\/saintandrews.com.br\/produto\/limpeza-de-pele\/#primaryimage"},"image":{"@id":"https:\/\/saintandrews.com.br\/produto\/limpeza-de-pele\/#primaryimage"},"thumbnailUrl":"https:\/\/saintandrews.com.br\/wp-content\/uploads\/2024\/03\/asal-16.png","datePublished":"2024-03-29T22:09:08+00:00","dateModified":"2026-04-30T21:58:28+00:00","breadcrumb":{"@id":"https:\/\/saintandrews.com.br\/produto\/limpeza-de-pele\/#breadcrumb"},"inLanguage":"es","potentialAction":[{"@type":"ReadAction","target":["https:\/\/saintandrews.com.br\/produto\/limpeza-de-pele\/"]}]},{"@type":"ImageObject","inLanguage":"es","@id":"https:\/\/saintandrews.com.br\/produto\/limpeza-de-pele\/#primaryimage","url":"https:\/\/saintandrews.com.br\/wp-content\/uploads\/2024\/03\/asal-16.png","contentUrl":"https:\/\/saintandrews.com.br\/wp-content\/uploads\/2024\/03\/asal-16.png","width":600,"height":400},{"@type":"BreadcrumbList","@id":"https:\/\/saintandrews.com.br\/produto\/limpeza-de-pele\/#breadcrumb","itemListElement":[{"@type":"ListItem","position":1,"name":"In\u00edcio","item":"https:\/\/saintandrews.com.br\/"},{"@type":"ListItem","position":2,"name":"Experi\u00eancias","item":"https:\/\/saintandrews.com.br\/experiencias\/"},{"@type":"ListItem","position":3,"name":"Limpeza de Pele"}]},{"@type":"WebSite","@id":"https:\/\/saintandrews.com.br\/#website","url":"https:\/\/saintandrews.com.br\/","name":"El Castillo De Saint Andrews.","description":"Su hotel en Gramado","publisher":{"@id":"https:\/\/saintandrews.com.br\/#organization"},"potentialAction":[{"@type":"SearchAction","target":{"@type":"EntryPoint","urlTemplate":"https:\/\/saintandrews.com.br\/?s={search_term_string}"},"query-input":{"@type":"PropertyValueSpecification","valueRequired":true,"valueName":"search_term_string"}}],"inLanguage":"es"},{"@type":"Organization","@id":"https:\/\/saintandrews.com.br\/#organization","name":"El Castillo De Saint Andrews.","url":"https:\/\/saintandrews.com.br\/","logo":{"@type":"ImageObject","inLanguage":"es","@id":"https:\/\/saintandrews.com.br\/#\/schema\/logo\/image\/","url":"https:\/\/saintandrews.com.br\/wp-content\/uploads\/2024\/04\/Logo-SaintAndrews-Cabecalho-01-01.svg","contentUrl":"https:\/\/saintandrews.com.br\/wp-content\/uploads\/2024\/04\/Logo-SaintAndrews-Cabecalho-01-01.svg","width":612.8999999999999772626324556767940521240234375,"height":167.5,"caption":"Castelo Saint Andrews"},"image":{"@id":"https:\/\/saintandrews.com.br\/#\/schema\/logo\/image\/"}}]}},"publishpress_future_action":{"enabled":false,"date":"2026-05-20 12:34:12","action":"change-status","newStatus":"draft","terms":[],"taxonomy":"product_brand","extraData":[]},"publishpress_future_workflow_manual_trigger":{"enabledWorkflows":[]},"_links":{"self":[{"href":"https:\/\/saintandrews.com.br\/es\/wp-json\/wp\/v2\/product\/7136","targetHints":{"allow":["GET"]}}],"collection":[{"href":"https:\/\/saintandrews.com.br\/es\/wp-json\/wp\/v2\/product"}],"about":[{"href":"https:\/\/saintandrews.com.br\/es\/wp-json\/wp\/v2\/types\/product"}],"wp:featuredmedia":[{"embeddable":true,"href":"https:\/\/saintandrews.com.br\/es\/wp-json\/wp\/v2\/media\/10063"}],"wp:attachment":[{"href":"https:\/\/saintandrews.com.br\/es\/wp-json\/wp\/v2\/media?parent=7136"}],"wp:term":[{"taxonomy":"product_brand","embeddable":true,"href":"https:\/\/saintandrews.com.br\/es\/wp-json\/wp\/v2\/product_brand?post=7136"},{"taxonomy":"product_cat","embeddable":true,"href":"https:\/\/saintandrews.com.br\/es\/wp-json\/wp\/v2\/product_cat?post=7136"},{"taxonomy":"product_tag","embeddable":true,"href":"https:\/\/saintandrews.com.br\/es\/wp-json\/wp\/v2\/product_tag?post=7136"}],"curies":[{"name":"wp","href":"https:\/\/api.w.org\/{rel}","templated":true}]}}