{"id":7121,"date":"2024-03-29T19:09:08","date_gmt":"2024-03-29T22:09:08","guid":{"rendered":"https:\/\/saintandrews.com.br\/?post_type=product&#038;p=7121"},"modified":"2024-10-01T14:07:53","modified_gmt":"2024-10-01T17:07:53","slug":"reflexologia-podal","status":"publish","type":"product","link":"https:\/\/saintandrews.com.br\/es\/produto\/reflexologia-podal\/","title":{"rendered":"Reflexolog\u00eda podal"},"content":{"rendered":"<p>Masaje lento y profundo con presiones firmes en zonas espec\u00edficas de los pies. Terapia que alivia dolores y molestias menores en diversas partes del cuerpo.<\/p>\n<p>***<\/p>\n<p><span style=\"font-size: 10pt;\"><em><span style=\"color: #993300;\">Despu\u00e9s de comprar cualquier servicio de Saint Andrews y confirmar el pago, uno de nuestros conserjes dedicados se comunicar\u00e1 con usted por tel\u00e9fono para informarle de los horarios disponibles en la fecha seleccionada, asegurando que su reserva se realice con la m\u00e1xima comodidad y exclusividad.<\/span><\/em><\/span><\/p>","protected":false},"excerpt":{"rendered":"<p>Masaje lento y profundo con presiones firmes en zonas espec\u00edficas de los pies. Terapia que alivia dolores y molestias menores en diversas partes del cuerpo.<\/p>","protected":false},"featured_media":10066,"template":"","meta":{"_acf_changed":false},"product_brand":[],"product_cat":[230],"product_tag":[],"class_list":{"0":"post-7121","1":"product","2":"type-product","3":"status-publish","4":"has-post-thumbnail","6":"product_cat-spa","8":"first","9":"instock","10":"virtual","11":"sold-individually","12":"taxable","13":"purchasable","14":"product-type-booking"},"acf":[],"yoast_head":"<!-- This site is optimized with the Yoast SEO plugin v27.2 - https:\/\/yoast.com\/product\/yoast-seo-wordpress\/ -->\n<title>Reflexologia Podal - Castelo Saint Andrews<\/title>\n<meta name=\"robots\" content=\"index, follow, max-snippet:-1, max-image-preview:large, max-video-preview:-1\" \/>\n<link rel=\"canonical\" href=\"https:\/\/saintandrews.com.br\/es\/producto\/reflexologia-podal\/\" \/>\n<meta property=\"og:locale\" content=\"es_ES\" \/>\n<meta property=\"og:type\" content=\"article\" \/>\n<meta property=\"og:title\" content=\"Reflexologia Podal - Castelo Saint Andrews\" \/>\n<meta property=\"og:description\" content=\"Massagem lenta e profunda com press\u00f5es firmes em \u00e1reas especificas dos p\u00e9s. Terapia que alivia pequenas dores e desconfortos em v\u00e1rias partes do corpo.\" \/>\n<meta property=\"og:url\" content=\"https:\/\/saintandrews.com.br\/es\/producto\/reflexologia-podal\/\" \/>\n<meta property=\"og:site_name\" content=\"Castelo Saint Andrews\" \/>\n<meta property=\"article:modified_time\" content=\"2024-10-01T17:07:53+00:00\" \/>\n<meta property=\"og:image\" content=\"https:\/\/saintandrews.com.br\/wp-content\/uploads\/2024\/03\/asal-11.png\" \/>\n\t<meta property=\"og:image:width\" content=\"600\" \/>\n\t<meta property=\"og:image:height\" content=\"400\" \/>\n\t<meta property=\"og:image:type\" content=\"image\/png\" \/>\n<meta name=\"twitter:card\" content=\"summary_large_image\" \/>\n<meta name=\"twitter:label1\" content=\"Tiempo de lectura\" \/>\n\t<meta name=\"twitter:data1\" content=\"1 minuto\" \/>\n<script type=\"application\/ld+json\" class=\"yoast-schema-graph\">{\"@context\":\"https:\/\/schema.org\",\"@graph\":[{\"@type\":\"WebPage\",\"@id\":\"https:\/\/saintandrews.com.br\/es\/producto\/reflexologia-podal\/\",\"url\":\"https:\/\/saintandrews.com.br\/es\/producto\/reflexologia-podal\/\",\"name\":\"Reflexologia Podal - Castelo Saint Andrews\",\"isPartOf\":{\"@id\":\"https:\/\/saintandrews.com.br\/#website\"},\"primaryImageOfPage\":{\"@id\":\"https:\/\/saintandrews.com.br\/es\/producto\/reflexologia-podal\/#primaryimage\"},\"image\":{\"@id\":\"https:\/\/saintandrews.com.br\/es\/producto\/reflexologia-podal\/#primaryimage\"},\"thumbnailUrl\":\"https:\/\/saintandrews.com.br\/wp-content\/uploads\/2024\/03\/asal-11.png\",\"datePublished\":\"2024-03-29T22:09:08+00:00\",\"dateModified\":\"2024-10-01T17:07:53+00:00\",\"breadcrumb\":{\"@id\":\"https:\/\/saintandrews.com.br\/es\/producto\/reflexologia-podal\/#breadcrumb\"},\"inLanguage\":\"es\",\"potentialAction\":[{\"@type\":\"ReadAction\",\"target\":[\"https:\/\/saintandrews.com.br\/es\/producto\/reflexologia-podal\/\"]}]},{\"@type\":\"ImageObject\",\"inLanguage\":\"es\",\"@id\":\"https:\/\/saintandrews.com.br\/es\/producto\/reflexologia-podal\/#primaryimage\",\"url\":\"https:\/\/saintandrews.com.br\/wp-content\/uploads\/2024\/03\/asal-11.png\",\"contentUrl\":\"https:\/\/saintandrews.com.br\/wp-content\/uploads\/2024\/03\/asal-11.png\",\"width\":600,\"height\":400},{\"@type\":\"BreadcrumbList\",\"@id\":\"https:\/\/saintandrews.com.br\/es\/producto\/reflexologia-podal\/#breadcrumb\",\"itemListElement\":[{\"@type\":\"ListItem\",\"position\":1,\"name\":\"In\u00edcio\",\"item\":\"https:\/\/saintandrews.com.br\/\"},{\"@type\":\"ListItem\",\"position\":2,\"name\":\"Experi\u00eancias\",\"item\":\"https:\/\/saintandrews.com.br\/experiencias\/\"},{\"@type\":\"ListItem\",\"position\":3,\"name\":\"Reflexologia Podal\"}]},{\"@type\":\"WebSite\",\"@id\":\"https:\/\/saintandrews.com.br\/#website\",\"url\":\"https:\/\/saintandrews.com.br\/\",\"name\":\"Castelo Saint Andrews\",\"description\":\"Seu hotel\u00a0em\u00a0Gramado\",\"publisher\":{\"@id\":\"https:\/\/saintandrews.com.br\/#organization\"},\"potentialAction\":[{\"@type\":\"SearchAction\",\"target\":{\"@type\":\"EntryPoint\",\"urlTemplate\":\"https:\/\/saintandrews.com.br\/?s={search_term_string}\"},\"query-input\":{\"@type\":\"PropertyValueSpecification\",\"valueRequired\":true,\"valueName\":\"search_term_string\"}}],\"inLanguage\":\"es\"},{\"@type\":\"Organization\",\"@id\":\"https:\/\/saintandrews.com.br\/#organization\",\"name\":\"Castelo Saint Andrews\",\"url\":\"https:\/\/saintandrews.com.br\/\",\"logo\":{\"@type\":\"ImageObject\",\"inLanguage\":\"es\",\"@id\":\"https:\/\/saintandrews.com.br\/#\/schema\/logo\/image\/\",\"url\":\"https:\/\/saintandrews.com.br\/wp-content\/uploads\/2024\/04\/Logo-SaintAndrews-Cabecalho-01-01.svg\",\"contentUrl\":\"https:\/\/saintandrews.com.br\/wp-content\/uploads\/2024\/04\/Logo-SaintAndrews-Cabecalho-01-01.svg\",\"width\":612.8999999999999772626324556767940521240234375,\"height\":167.5,\"caption\":\"Castelo Saint Andrews\"},\"image\":{\"@id\":\"https:\/\/saintandrews.com.br\/#\/schema\/logo\/image\/\"}}]}<\/script>\n<!-- \/ Yoast SEO plugin. -->","yoast_head_json":{"title":"Reflexolog\u00eda podal - Castillo de Saint Andrews","robots":{"index":"index","follow":"follow","max-snippet":"max-snippet:-1","max-image-preview":"max-image-preview:large","max-video-preview":"max-video-preview:-1"},"canonical":"https:\/\/saintandrews.com.br\/es\/producto\/reflexologia-podal\/","og_locale":"es_ES","og_type":"article","og_title":"Reflexologia Podal - Castelo Saint Andrews","og_description":"Massagem lenta e profunda com press\u00f5es firmes em \u00e1reas especificas dos p\u00e9s. Terapia que alivia pequenas dores e desconfortos em v\u00e1rias partes do corpo.","og_url":"https:\/\/saintandrews.com.br\/es\/producto\/reflexologia-podal\/","og_site_name":"Castelo Saint Andrews","article_modified_time":"2024-10-01T17:07:53+00:00","og_image":[{"width":600,"height":400,"url":"https:\/\/saintandrews.com.br\/wp-content\/uploads\/2024\/03\/asal-11.png","type":"image\/png"}],"twitter_card":"summary_large_image","twitter_misc":{"Tiempo de lectura":"1 minuto"},"schema":{"@context":"https:\/\/schema.org","@graph":[{"@type":"WebPage","@id":"https:\/\/saintandrews.com.br\/es\/producto\/reflexologia-podal\/","url":"https:\/\/saintandrews.com.br\/es\/producto\/reflexologia-podal\/","name":"Reflexolog\u00eda podal - Castillo de Saint Andrews","isPartOf":{"@id":"https:\/\/saintandrews.com.br\/#website"},"primaryImageOfPage":{"@id":"https:\/\/saintandrews.com.br\/es\/producto\/reflexologia-podal\/#primaryimage"},"image":{"@id":"https:\/\/saintandrews.com.br\/es\/producto\/reflexologia-podal\/#primaryimage"},"thumbnailUrl":"https:\/\/saintandrews.com.br\/wp-content\/uploads\/2024\/03\/asal-11.png","datePublished":"2024-03-29T22:09:08+00:00","dateModified":"2024-10-01T17:07:53+00:00","breadcrumb":{"@id":"https:\/\/saintandrews.com.br\/es\/producto\/reflexologia-podal\/#breadcrumb"},"inLanguage":"es","potentialAction":[{"@type":"ReadAction","target":["https:\/\/saintandrews.com.br\/es\/producto\/reflexologia-podal\/"]}]},{"@type":"ImageObject","inLanguage":"es","@id":"https:\/\/saintandrews.com.br\/es\/producto\/reflexologia-podal\/#primaryimage","url":"https:\/\/saintandrews.com.br\/wp-content\/uploads\/2024\/03\/asal-11.png","contentUrl":"https:\/\/saintandrews.com.br\/wp-content\/uploads\/2024\/03\/asal-11.png","width":600,"height":400},{"@type":"BreadcrumbList","@id":"https:\/\/saintandrews.com.br\/es\/producto\/reflexologia-podal\/#breadcrumb","itemListElement":[{"@type":"ListItem","position":1,"name":"In\u00edcio","item":"https:\/\/saintandrews.com.br\/"},{"@type":"ListItem","position":2,"name":"Experi\u00eancias","item":"https:\/\/saintandrews.com.br\/experiencias\/"},{"@type":"ListItem","position":3,"name":"Reflexologia Podal"}]},{"@type":"WebSite","@id":"https:\/\/saintandrews.com.br\/#website","url":"https:\/\/saintandrews.com.br\/","name":"El Castillo De Saint Andrews.","description":"Su hotel en Gramado","publisher":{"@id":"https:\/\/saintandrews.com.br\/#organization"},"potentialAction":[{"@type":"SearchAction","target":{"@type":"EntryPoint","urlTemplate":"https:\/\/saintandrews.com.br\/?s={search_term_string}"},"query-input":{"@type":"PropertyValueSpecification","valueRequired":true,"valueName":"search_term_string"}}],"inLanguage":"es"},{"@type":"Organization","@id":"https:\/\/saintandrews.com.br\/#organization","name":"El Castillo De Saint Andrews.","url":"https:\/\/saintandrews.com.br\/","logo":{"@type":"ImageObject","inLanguage":"es","@id":"https:\/\/saintandrews.com.br\/#\/schema\/logo\/image\/","url":"https:\/\/saintandrews.com.br\/wp-content\/uploads\/2024\/04\/Logo-SaintAndrews-Cabecalho-01-01.svg","contentUrl":"https:\/\/saintandrews.com.br\/wp-content\/uploads\/2024\/04\/Logo-SaintAndrews-Cabecalho-01-01.svg","width":612.8999999999999772626324556767940521240234375,"height":167.5,"caption":"Castelo Saint Andrews"},"image":{"@id":"https:\/\/saintandrews.com.br\/#\/schema\/logo\/image\/"}}]}},"publishpress_future_action":{"enabled":false,"date":"2026-04-28 14:13:47","action":"change-status","newStatus":"draft","terms":[],"taxonomy":"product_brand","extraData":[]},"publishpress_future_workflow_manual_trigger":{"enabledWorkflows":[]},"_links":{"self":[{"href":"https:\/\/saintandrews.com.br\/es\/wp-json\/wp\/v2\/product\/7121","targetHints":{"allow":["GET"]}}],"collection":[{"href":"https:\/\/saintandrews.com.br\/es\/wp-json\/wp\/v2\/product"}],"about":[{"href":"https:\/\/saintandrews.com.br\/es\/wp-json\/wp\/v2\/types\/product"}],"wp:featuredmedia":[{"embeddable":true,"href":"https:\/\/saintandrews.com.br\/es\/wp-json\/wp\/v2\/media\/10066"}],"wp:attachment":[{"href":"https:\/\/saintandrews.com.br\/es\/wp-json\/wp\/v2\/media?parent=7121"}],"wp:term":[{"taxonomy":"product_brand","embeddable":true,"href":"https:\/\/saintandrews.com.br\/es\/wp-json\/wp\/v2\/product_brand?post=7121"},{"taxonomy":"product_cat","embeddable":true,"href":"https:\/\/saintandrews.com.br\/es\/wp-json\/wp\/v2\/product_cat?post=7121"},{"taxonomy":"product_tag","embeddable":true,"href":"https:\/\/saintandrews.com.br\/es\/wp-json\/wp\/v2\/product_tag?post=7121"}],"curies":[{"name":"wp","href":"https:\/\/api.w.org\/{rel}","templated":true}]}}