{"id":6588,"date":"2024-01-01T01:00:40","date_gmt":"2024-01-01T04:00:40","guid":{"rendered":"https:\/\/saintandrews.com.br\/index.php\/produto\/cafe-da-manha\/"},"modified":"2026-04-23T10:56:53","modified_gmt":"2026-04-23T13:56:53","slug":"pasos-del-desayuno","status":"publish","type":"product","link":"https:\/\/saintandrews.com.br\/es\/produto\/cafe-da-manha-etapas\/","title":{"rendered":"Desayuno \u2013 4 platos"},"content":{"rendered":"<p><strong>Empiece el d\u00eda con estilo en el castillo de Saint Andrews.<\/strong><\/p>\n<p>Disfrute de un desayuno con un men\u00fa degustaci\u00f3n cuidadosamente elaborado, dise\u00f1ado para brindar una experiencia \u00fanica e inolvidable. Elija el entorno perfecto en nuestro Restaurante Primrose y d\u00e9jese cautivar por las impresionantes vistas del ic\u00f3nico Valle del Quilombo o de nuestro hermoso jard\u00edn y lago.<\/p>\n<p><strong>Una experiencia de 4 pasos, dise\u00f1ada para 45 minutos a 1 hora de puro placer:<\/strong><\/p>\n<p><strong>Etapa 1:<\/strong><\/p>\n<ul>\n<li>Jugos frescos<\/li>\n<li>Yogur<\/li>\n<li>Miel<\/li>\n<li>Cereales<\/li>\n<li>frutas de temporada<\/li>\n<\/ul>\n<p><strong><br \/>\n2da Etapa:<\/strong><\/p>\n<ul>\n<li>Caf\u00e9, leche o t\u00e9<\/li>\n<li>Chocolate caliente o fr\u00edo<\/li>\n<\/ul>\n<p><strong><br \/>\nPaso 3:<\/strong><\/p>\n<ul>\n<li>Selecci\u00f3n de panes variados, baguettes y croissants.<\/li>\n<li>Pasteles, mignardises y magdalenas<\/li>\n<li>Mermeladas, mantequilla y dulce de leche<\/li>\n<li>Quesos nacionales e importados<\/li>\n<li>Embutidos seleccionados<\/li>\n<\/ul>\n<p><strong><br \/>\nPaso 4:<\/strong><\/p>\n<ul>\n<li>Plato especial del d\u00eda a base de huevos (tortilla, huevos revueltos, huevo perfecto, entre otros)<\/li>\n<li>Postre del d\u00eda, como waffles o panqueques americanos, con variaciones diarias.<\/li>\n<\/ul>\n<p>&nbsp;<\/p>\n<p><strong>Duraci\u00f3n:<\/strong> Este servicio tiene una duraci\u00f3n de 1 hora y 30 minutos.<br \/>\n<strong>Cuando:<\/strong> Diariamente a partir de las 8h.<\/p>\n<p>&nbsp;<\/p>\n<p>Perm\u00edtase vivir momentos sublimes y comience su d\u00eda con el refinamiento y la exclusividad del Castillo de Saint Andrews.<\/p>\n<p>&nbsp;<\/p>\n<p>***<\/p>\n<p><span style=\"font-size: 10pt;\"><em><span style=\"color: #993300;\">\u2022 Despu\u00e9s de comprar cualquier servicio de Saint Andrews y confirmar el pago, uno de nuestros conserjes dedicados se comunicar\u00e1 con usted por tel\u00e9fono para informarle de los horarios disponibles en la fecha seleccionada, asegurando que su reserva se realice con la m\u00e1xima comodidad y exclusividad.<br \/>\n\u2022 Al finalizar el servicio le agradecer\u00edamos que tuviera en cuenta nuestra tarifa de servicio.<\/span><\/em><\/span><\/p>","protected":false},"excerpt":{"rendered":"<p>El desayuno en Saint Andrews es una experiencia gastron\u00f3mica exclusiva, servida a la carta en un ambiente refinado. Con ingredientes frescos y cuidadosamente seleccionados, los hu\u00e9spedes disfrutan de un men\u00fa sofisticado, personalizado seg\u00fan sus preferencias, mientras contemplan las impresionantes vistas de Gramado.<\/p>","protected":false},"featured_media":10084,"template":"","meta":{"_acf_changed":false},"product_brand":[],"product_cat":[229],"product_tag":[],"class_list":{"0":"post-6588","1":"product","2":"type-product","3":"status-publish","4":"has-post-thumbnail","6":"product_cat-gastronomia","8":"first","9":"instock","10":"virtual","11":"sold-individually","12":"taxable","13":"purchasable","14":"product-type-booking"},"acf":[],"yoast_head":"<!-- This site is optimized with the Yoast SEO plugin v27.5 - https:\/\/yoast.com\/product\/yoast-seo-wordpress\/ -->\n<title>Caf\u00e9 da manh\u00e3 - 4 Etapas - Castelo Saint Andrews<\/title>\n<meta name=\"description\" content=\"O caf\u00e9 da manh\u00e3 do Saint Andrews \u00e9 uma experi\u00eancia gastron\u00f4mica exclusiva, servida \u00e0 la carte em um ambiente refinado. Saiba mais.\" \/>\n<meta name=\"robots\" content=\"index, follow, max-snippet:-1, max-image-preview:large, max-video-preview:-1\" \/>\n<link rel=\"canonical\" href=\"https:\/\/saintandrews.com.br\/es\/producto\/pasos-del-desayuno\/\" \/>\n<meta property=\"og:locale\" content=\"es_ES\" \/>\n<meta property=\"og:type\" content=\"article\" \/>\n<meta property=\"og:title\" content=\"Caf\u00e9 da manh\u00e3 - 4 Etapas - Castelo Saint Andrews\" \/>\n<meta property=\"og:description\" content=\"O caf\u00e9 da manh\u00e3 do Saint Andrews \u00e9 uma experi\u00eancia gastron\u00f4mica exclusiva, servida \u00e0 la carte em um ambiente refinado. Saiba mais.\" \/>\n<meta property=\"og:url\" content=\"https:\/\/saintandrews.com.br\/es\/producto\/pasos-del-desayuno\/\" \/>\n<meta property=\"og:site_name\" content=\"Castelo Saint Andrews\" \/>\n<meta property=\"article:modified_time\" content=\"2026-04-23T13:56:53+00:00\" \/>\n<meta property=\"og:image\" content=\"https:\/\/saintandrews.com.br\/wp-content\/uploads\/2024\/03\/cafe-768x768-1.webp\" \/>\n\t<meta property=\"og:image:width\" content=\"768\" \/>\n\t<meta property=\"og:image:height\" content=\"768\" \/>\n\t<meta property=\"og:image:type\" content=\"image\/webp\" \/>\n<meta name=\"twitter:card\" content=\"summary_large_image\" \/>\n<meta name=\"twitter:label1\" content=\"Tiempo de lectura\" \/>\n\t<meta name=\"twitter:data1\" content=\"2 minutos\" \/>\n<script type=\"application\/ld+json\" class=\"yoast-schema-graph\">{\"@context\":\"https:\\\/\\\/schema.org\",\"@graph\":[{\"@type\":\"WebPage\",\"@id\":\"https:\\\/\\\/saintandrews.com.br\\\/produto\\\/cafe-da-manha-etapas\\\/\",\"url\":\"https:\\\/\\\/saintandrews.com.br\\\/produto\\\/cafe-da-manha-etapas\\\/\",\"name\":\"Caf\u00e9 da manh\u00e3 - 4 Etapas - Castelo Saint Andrews\",\"isPartOf\":{\"@id\":\"https:\\\/\\\/saintandrews.com.br\\\/#website\"},\"primaryImageOfPage\":{\"@id\":\"https:\\\/\\\/saintandrews.com.br\\\/produto\\\/cafe-da-manha-etapas\\\/#primaryimage\"},\"image\":{\"@id\":\"https:\\\/\\\/saintandrews.com.br\\\/produto\\\/cafe-da-manha-etapas\\\/#primaryimage\"},\"thumbnailUrl\":\"https:\\\/\\\/saintandrews.com.br\\\/wp-content\\\/uploads\\\/2024\\\/03\\\/cafe-768x768-1.webp\",\"datePublished\":\"2024-01-01T04:00:40+00:00\",\"dateModified\":\"2026-04-23T13:56:53+00:00\",\"description\":\"O caf\u00e9 da manh\u00e3 do Saint Andrews \u00e9 uma experi\u00eancia gastron\u00f4mica exclusiva, servida \u00e0 la carte em um ambiente refinado. Saiba mais.\",\"breadcrumb\":{\"@id\":\"https:\\\/\\\/saintandrews.com.br\\\/produto\\\/cafe-da-manha-etapas\\\/#breadcrumb\"},\"inLanguage\":\"es\",\"potentialAction\":[{\"@type\":\"ReadAction\",\"target\":[\"https:\\\/\\\/saintandrews.com.br\\\/produto\\\/cafe-da-manha-etapas\\\/\"]}]},{\"@type\":\"ImageObject\",\"inLanguage\":\"es\",\"@id\":\"https:\\\/\\\/saintandrews.com.br\\\/produto\\\/cafe-da-manha-etapas\\\/#primaryimage\",\"url\":\"https:\\\/\\\/saintandrews.com.br\\\/wp-content\\\/uploads\\\/2024\\\/03\\\/cafe-768x768-1.webp\",\"contentUrl\":\"https:\\\/\\\/saintandrews.com.br\\\/wp-content\\\/uploads\\\/2024\\\/03\\\/cafe-768x768-1.webp\",\"width\":768,\"height\":768},{\"@type\":\"BreadcrumbList\",\"@id\":\"https:\\\/\\\/saintandrews.com.br\\\/produto\\\/cafe-da-manha-etapas\\\/#breadcrumb\",\"itemListElement\":[{\"@type\":\"ListItem\",\"position\":1,\"name\":\"In\u00edcio\",\"item\":\"https:\\\/\\\/saintandrews.com.br\\\/\"},{\"@type\":\"ListItem\",\"position\":2,\"name\":\"Experi\u00eancias\",\"item\":\"https:\\\/\\\/saintandrews.com.br\\\/experiencias\\\/\"},{\"@type\":\"ListItem\",\"position\":3,\"name\":\"Caf\u00e9 da manh\u00e3 &#8211; 4 Etapas\"}]},{\"@type\":\"WebSite\",\"@id\":\"https:\\\/\\\/saintandrews.com.br\\\/#website\",\"url\":\"https:\\\/\\\/saintandrews.com.br\\\/\",\"name\":\"Castelo Saint Andrews\",\"description\":\"Seu hotel\u00a0em\u00a0Gramado\",\"publisher\":{\"@id\":\"https:\\\/\\\/saintandrews.com.br\\\/#organization\"},\"potentialAction\":[{\"@type\":\"SearchAction\",\"target\":{\"@type\":\"EntryPoint\",\"urlTemplate\":\"https:\\\/\\\/saintandrews.com.br\\\/?s={search_term_string}\"},\"query-input\":{\"@type\":\"PropertyValueSpecification\",\"valueRequired\":true,\"valueName\":\"search_term_string\"}}],\"inLanguage\":\"es\"},{\"@type\":\"Organization\",\"@id\":\"https:\\\/\\\/saintandrews.com.br\\\/#organization\",\"name\":\"Castelo Saint Andrews\",\"url\":\"https:\\\/\\\/saintandrews.com.br\\\/\",\"logo\":{\"@type\":\"ImageObject\",\"inLanguage\":\"es\",\"@id\":\"https:\\\/\\\/saintandrews.com.br\\\/#\\\/schema\\\/logo\\\/image\\\/\",\"url\":\"https:\\\/\\\/saintandrews.com.br\\\/wp-content\\\/uploads\\\/2024\\\/04\\\/Logo-SaintAndrews-Cabecalho-01-01.svg\",\"contentUrl\":\"https:\\\/\\\/saintandrews.com.br\\\/wp-content\\\/uploads\\\/2024\\\/04\\\/Logo-SaintAndrews-Cabecalho-01-01.svg\",\"width\":612.8999999999999772626324556767940521240234375,\"height\":167.5,\"caption\":\"Castelo Saint Andrews\"},\"image\":{\"@id\":\"https:\\\/\\\/saintandrews.com.br\\\/#\\\/schema\\\/logo\\\/image\\\/\"}}]}<\/script>\n<!-- \/ Yoast SEO plugin. -->","yoast_head_json":{"title":"Desayuno de 4 platos en el Castillo de Saint Andrews","description":"El desayuno en Saint Andrews es una experiencia gastron\u00f3mica exclusiva, servida a la carta en un ambiente refinado. M\u00e1s informaci\u00f3n.","robots":{"index":"index","follow":"follow","max-snippet":"max-snippet:-1","max-image-preview":"max-image-preview:large","max-video-preview":"max-video-preview:-1"},"canonical":"https:\/\/saintandrews.com.br\/es\/producto\/pasos-del-desayuno\/","og_locale":"es_ES","og_type":"article","og_title":"Caf\u00e9 da manh\u00e3 - 4 Etapas - Castelo Saint Andrews","og_description":"O caf\u00e9 da manh\u00e3 do Saint Andrews \u00e9 uma experi\u00eancia gastron\u00f4mica exclusiva, servida \u00e0 la carte em um ambiente refinado. Saiba mais.","og_url":"https:\/\/saintandrews.com.br\/es\/producto\/pasos-del-desayuno\/","og_site_name":"Castelo Saint Andrews","article_modified_time":"2026-04-23T13:56:53+00:00","og_image":[{"width":768,"height":768,"url":"https:\/\/saintandrews.com.br\/wp-content\/uploads\/2024\/03\/cafe-768x768-1.webp","type":"image\/webp"}],"twitter_card":"summary_large_image","twitter_misc":{"Tiempo de lectura":"2 minutos"},"schema":{"@context":"https:\/\/schema.org","@graph":[{"@type":"WebPage","@id":"https:\/\/saintandrews.com.br\/produto\/cafe-da-manha-etapas\/","url":"https:\/\/saintandrews.com.br\/produto\/cafe-da-manha-etapas\/","name":"Desayuno de 4 platos en el Castillo de Saint Andrews","isPartOf":{"@id":"https:\/\/saintandrews.com.br\/#website"},"primaryImageOfPage":{"@id":"https:\/\/saintandrews.com.br\/produto\/cafe-da-manha-etapas\/#primaryimage"},"image":{"@id":"https:\/\/saintandrews.com.br\/produto\/cafe-da-manha-etapas\/#primaryimage"},"thumbnailUrl":"https:\/\/saintandrews.com.br\/wp-content\/uploads\/2024\/03\/cafe-768x768-1.webp","datePublished":"2024-01-01T04:00:40+00:00","dateModified":"2026-04-23T13:56:53+00:00","description":"El desayuno en Saint Andrews es una experiencia gastron\u00f3mica exclusiva, servida a la carta en un ambiente refinado. M\u00e1s informaci\u00f3n.","breadcrumb":{"@id":"https:\/\/saintandrews.com.br\/produto\/cafe-da-manha-etapas\/#breadcrumb"},"inLanguage":"es","potentialAction":[{"@type":"ReadAction","target":["https:\/\/saintandrews.com.br\/produto\/cafe-da-manha-etapas\/"]}]},{"@type":"ImageObject","inLanguage":"es","@id":"https:\/\/saintandrews.com.br\/produto\/cafe-da-manha-etapas\/#primaryimage","url":"https:\/\/saintandrews.com.br\/wp-content\/uploads\/2024\/03\/cafe-768x768-1.webp","contentUrl":"https:\/\/saintandrews.com.br\/wp-content\/uploads\/2024\/03\/cafe-768x768-1.webp","width":768,"height":768},{"@type":"BreadcrumbList","@id":"https:\/\/saintandrews.com.br\/produto\/cafe-da-manha-etapas\/#breadcrumb","itemListElement":[{"@type":"ListItem","position":1,"name":"In\u00edcio","item":"https:\/\/saintandrews.com.br\/"},{"@type":"ListItem","position":2,"name":"Experi\u00eancias","item":"https:\/\/saintandrews.com.br\/experiencias\/"},{"@type":"ListItem","position":3,"name":"Caf\u00e9 da manh\u00e3 &#8211; 4 Etapas"}]},{"@type":"WebSite","@id":"https:\/\/saintandrews.com.br\/#website","url":"https:\/\/saintandrews.com.br\/","name":"El Castillo De Saint Andrews.","description":"Su hotel en Gramado","publisher":{"@id":"https:\/\/saintandrews.com.br\/#organization"},"potentialAction":[{"@type":"SearchAction","target":{"@type":"EntryPoint","urlTemplate":"https:\/\/saintandrews.com.br\/?s={search_term_string}"},"query-input":{"@type":"PropertyValueSpecification","valueRequired":true,"valueName":"search_term_string"}}],"inLanguage":"es"},{"@type":"Organization","@id":"https:\/\/saintandrews.com.br\/#organization","name":"El Castillo De Saint Andrews.","url":"https:\/\/saintandrews.com.br\/","logo":{"@type":"ImageObject","inLanguage":"es","@id":"https:\/\/saintandrews.com.br\/#\/schema\/logo\/image\/","url":"https:\/\/saintandrews.com.br\/wp-content\/uploads\/2024\/04\/Logo-SaintAndrews-Cabecalho-01-01.svg","contentUrl":"https:\/\/saintandrews.com.br\/wp-content\/uploads\/2024\/04\/Logo-SaintAndrews-Cabecalho-01-01.svg","width":612.8999999999999772626324556767940521240234375,"height":167.5,"caption":"Castelo Saint Andrews"},"image":{"@id":"https:\/\/saintandrews.com.br\/#\/schema\/logo\/image\/"}}]}},"publishpress_future_action":{"enabled":false,"date":"2026-05-18 11:51:02","action":"change-status","newStatus":"draft","terms":[],"taxonomy":"product_brand","extraData":[]},"publishpress_future_workflow_manual_trigger":{"enabledWorkflows":[]},"_links":{"self":[{"href":"https:\/\/saintandrews.com.br\/es\/wp-json\/wp\/v2\/product\/6588","targetHints":{"allow":["GET"]}}],"collection":[{"href":"https:\/\/saintandrews.com.br\/es\/wp-json\/wp\/v2\/product"}],"about":[{"href":"https:\/\/saintandrews.com.br\/es\/wp-json\/wp\/v2\/types\/product"}],"wp:featuredmedia":[{"embeddable":true,"href":"https:\/\/saintandrews.com.br\/es\/wp-json\/wp\/v2\/media\/10084"}],"wp:attachment":[{"href":"https:\/\/saintandrews.com.br\/es\/wp-json\/wp\/v2\/media?parent=6588"}],"wp:term":[{"taxonomy":"product_brand","embeddable":true,"href":"https:\/\/saintandrews.com.br\/es\/wp-json\/wp\/v2\/product_brand?post=6588"},{"taxonomy":"product_cat","embeddable":true,"href":"https:\/\/saintandrews.com.br\/es\/wp-json\/wp\/v2\/product_cat?post=6588"},{"taxonomy":"product_tag","embeddable":true,"href":"https:\/\/saintandrews.com.br\/es\/wp-json\/wp\/v2\/product_tag?post=6588"}],"curies":[{"name":"wp","href":"https:\/\/api.w.org\/{rel}","templated":true}]}}