{"id":24867,"date":"2026-04-03T09:04:44","date_gmt":"2026-04-03T12:04:44","guid":{"rendered":"https:\/\/saintandrews.com.br\/?post_type=product&#038;p=24867"},"modified":"2026-04-29T11:51:54","modified_gmt":"2026-04-29T14:51:54","slug":"almuerzo-especial-del-dia-de-la-madre-10-de-mayo-de-2026","status":"publish","type":"product","link":"https:\/\/saintandrews.com.br\/es\/produto\/10-de-maio-de-2026-almoco-especial-dia-das-maes\/","title":{"rendered":"10 de mayo de 2026<br>Almuerzo especial<br>D\u00eda de la Madre"},"content":{"rendered":"<p><span style=\"font-weight: 400;\">En un entorno impresionante, con una vista privilegiada del valle de Quilombo, el Castillo de Saint Andrews ofrece una experiencia exclusiva para...\u00a0 <\/span><b>D\u00eda de la Madre<\/b><span style=\"font-weight: 400;\">, una forma de corresponder al amor incondicional y celebrar a aquel que es s\u00edmbolo de cuidado, afecto y la vida misma que hemos recibido.<\/span><\/p>\n<p>&nbsp;<\/p>\n<p>MEN\u00da<\/p>\n<p><span style=\"font-size: 10pt;\"><strong>Aperitivo<\/strong><\/span><br \/>\nTostada de brie y fresas con vinagre bals\u00e1mico<br \/>\n<span style=\"font-size: 10pt;\">Una peque\u00f1a tostada con queso brie y tartar de fresas con vinagre bals\u00e1mico. Vino espumoso de Serra Ga\u00facha.<\/span><br \/>\n<em><span style=\"font-size: 14pt;\"><strong><span style=\"font-size: 10pt;\">Armonizaci\u00f3n:<\/span><\/strong><\/span> Vino espumoso Capoani Blanc de Blanc Brut<\/em><\/p>\n<p>&nbsp;<\/p>\n<p><span style=\"font-size: 10pt;\"><strong>Prohibido<\/strong><\/span><br \/>\n<span style=\"font-size: 14pt;\"><span style=\"font-size: 12pt;\">Esp\u00e1rragos con salsa maltasa<br \/>\n<span style=\"font-size: 10pt;\">Esp\u00e1rragos verdes a la parrilla cubiertos con salsa maltaise cremosa, una variante de la salsa holandesa que incluye una reducci\u00f3n de naranja en su preparaci\u00f3n.<\/span><br \/>\n<em><strong><span style=\"font-size: 10pt;\">Armonizaci\u00f3n:<\/span><\/strong> Vino espumoso Capoani Blanc de Blanc Brut\u00a0<\/em><\/span><em><br \/>\n<\/em><br \/>\n<\/span><\/p>\n<p><span style=\"font-size: 10pt;\"><strong>Primer plato<\/strong><\/span><br \/>\n<span style=\"font-size: 14pt;\"><span style=\"font-size: 12pt;\">Risotto de champi\u00f1ones con pi\u00f1ones crujientes en rodajas.<\/span><br \/>\n<strong><span style=\"font-size: 10pt;\">Armonizaci\u00f3n: <\/span><\/strong><em><span style=\"font-size: 12pt;\">Vino blanco Fichet Bourgogne Aligot\u00e9 AOP 2022\u00a0<\/span><br \/>\n<\/em><br \/>\n<\/span><\/p>\n<p><span style=\"font-size: 10pt;\"><strong>Segundo plato<\/strong><\/span><br \/>\n<span style=\"font-size: 14pt;\"><span style=\"font-size: 12pt;\">Tournedos de solomillo de ternera en salsa de vino y milhojas de chiriv\u00eda.<br \/>\n<span style=\"font-size: 10pt;\">Un corte de primera calidad, asado a su gusto y ba\u00f1ado en nuestra salsa de romero casera. <\/span><\/span><\/span><span style=\"font-size: 14pt;\"><span style=\"font-size: 12pt;\"><span style=\"font-size: 10pt;\">Huerto y acompa\u00f1ado de un milhojas de yuca preparado con finas l\u00e1minas y mantequilla.<\/span><\/span><br \/>\n<strong><span style=\"font-size: 10pt;\">Armonizaci\u00f3n: <\/span><\/strong><span style=\"font-size: 12pt;\"><em>Vino tinto Jos\u00e9 de Sousa Mayor VR Alentejano 2017<\/em><\/span><\/span><\/p>\n<p>&nbsp;<\/p>\n<p><strong><span style=\"font-size: 10pt;\">Pre-postre<\/span><\/strong><br \/>\n<span style=\"font-size: 14pt;\"><span style=\"font-size: 12pt;\">Verrine de sorbete de bergamota<br \/>\n<span style=\"font-size: 10pt;\">Un peque\u00f1o adelanto del gran final.<\/span><\/span><br \/>\n<\/span><\/p>\n<p>&nbsp;<\/p>\n<p><strong><span style=\"font-size: 10pt;\">Postre<\/span><\/strong><br \/>\n<span style=\"font-size: 14pt;\"><span style=\"font-size: 12pt;\">Mousse de chocolate blanco, galleta de frambuesa, pralin\u00e9 de almendras y coulis de frambuesa.<br \/>\n<span style=\"font-size: 10pt;\">La belleza y delicadeza de dos joyas de la confiter\u00eda que armonizan a trav\u00e9s del contraste: la dulzura del chocolate blanco y la delicada acidez de la frambuesa.<\/span><\/span><br \/>\n<strong><span style=\"font-size: 10pt;\">Armonizaci\u00f3n: <\/span><\/strong><span style=\"font-size: 12pt;\"><em>Vino Miolo de vendimia tard\u00eda<\/em><\/span><br \/>\n<\/span><\/p>\n<p>&nbsp;<\/p>\n<p>Para finalizar la experiencia, se servir\u00e1 caf\u00e9 o t\u00e9 y un Petit Four Saint Andrews.<\/p>\n<p>&nbsp;<\/p>\n<p><strong><span style=\"font-size: 10pt;\">Fecha:<\/span><\/strong> 10 de mayo (domingo)<br \/>\n<strong><span style=\"font-size: 10pt;\">Comenzar:<\/span> <\/strong>12:30 pm (bebida de bienvenida)<\/p>\n<p>&nbsp;<\/p>\n<p><span style=\"font-size: 10pt;\">*El men\u00fa y precios est\u00e1n sujetos a cambios sin previo aviso.<br \/>\n*Imagen s\u00f3lo con fines ilustrativos.<\/span><\/p>\n<p>&nbsp;<\/p>\n<p><strong>Men\u00fa armonizado:<\/strong><br \/>\nServiremos vasos de 100 ml de cada etiqueta por persona. Excepto el postre, que se sirve en un vaso de 50 ml.<br \/>\nSe pueden solicitar botellas y vasos extras (precios y disponibilidad a consultar).<\/p>\n<p><strong>Men\u00fa sin maridaje de vinos:<br \/>\n<\/strong>Los maridajes de vinos se pueden elegir por separado, permitiendo a cada invitado personalizar su experiencia seg\u00fan sus preferencias.<\/p>\n<p>&nbsp;<\/p>\n<p><strong>Precio del almuerzo por persona:<\/strong><\/p>","protected":false},"excerpt":{"rendered":"<p>No cen\u00e1rio deslumbrante, com vista privilegiada para o Vale do Quilombo, o Castelo Saint Andrews oferece uma experi\u00eancia exclusiva para o\u00a0 Dia das M\u00e3es, uma forma de retribuir o amor incondicional e celebrar aquela que \u00e9 s\u00edmbolo de cuidado, carinho e da pr\u00f3pria vida que recebemos. &nbsp; MENU Amuse-bouche Toast de Brie e Morangos ao [&hellip;]<\/p>\n","protected":false},"featured_media":24881,"template":"","meta":{"_acf_changed":false},"product_brand":[],"product_cat":[228],"product_tag":[],"class_list":{"0":"post-24867","1":"product","2":"type-product","3":"status-publish","4":"has-post-thumbnail","6":"product_cat-festivais","8":"first","9":"instock","10":"taxable","11":"shipping-taxable","12":"purchasable","13":"product-type-variable","14":"has-default-attributes"},"acf":[],"yoast_head":"<!-- This site is optimized with the Yoast SEO plugin v27.2 - https:\/\/yoast.com\/product\/yoast-seo-wordpress\/ -->\n<title>10 de maio de 2026Almo\u00e7o EspecialDia das M\u00e3es - Castelo Saint Andrews<\/title>\n<meta name=\"description\" content=\"No cen\u00e1rio deslumbrante, com vista privilegiada para o Vale do Quilombo, o Castelo Saint Andrews oferece uma experi\u00eancia exclusiva para o\u00a0 Dia das M\u00e3es, uma forma de retribuir o amor incondicional e celebrar aquela que \u00e9 s\u00edmbolo de cuidado, carinho e da pr\u00f3pria vida que recebemos.\" \/>\n<meta name=\"robots\" content=\"index, follow, max-snippet:-1, max-image-preview:large, max-video-preview:-1\" \/>\n<link rel=\"canonical\" href=\"https:\/\/saintandrews.com.br\/es\/producto\/almuerzo-especial-del-dia-de-la-madre-10-de-mayo-de-2026\/\" \/>\n<meta property=\"og:locale\" content=\"es_ES\" \/>\n<meta property=\"og:type\" content=\"article\" \/>\n<meta property=\"og:title\" content=\"10 de maio de 2026Almo\u00e7o EspecialDia das M\u00e3es - Castelo Saint Andrews\" \/>\n<meta property=\"og:description\" content=\"No cen\u00e1rio deslumbrante, com vista privilegiada para o Vale do Quilombo, o Castelo Saint Andrews oferece uma experi\u00eancia exclusiva para o\u00a0 Dia das M\u00e3es, uma forma de retribuir o amor incondicional e celebrar aquela que \u00e9 s\u00edmbolo de cuidado, carinho e da pr\u00f3pria vida que recebemos.\" \/>\n<meta property=\"og:url\" content=\"https:\/\/saintandrews.com.br\/es\/producto\/almuerzo-especial-del-dia-de-la-madre-10-de-mayo-de-2026\/\" \/>\n<meta property=\"og:site_name\" content=\"Castelo Saint Andrews\" \/>\n<meta property=\"article:modified_time\" content=\"2026-04-29T14:51:54+00:00\" \/>\n<meta property=\"og:image\" content=\"https:\/\/saintandrews.com.br\/wp-content\/uploads\/2026\/04\/risoto-1.webp\" \/>\n\t<meta property=\"og:image:width\" content=\"1024\" \/>\n\t<meta property=\"og:image:height\" content=\"1024\" \/>\n\t<meta property=\"og:image:type\" content=\"image\/webp\" \/>\n<meta name=\"twitter:card\" content=\"summary_large_image\" \/>\n<meta name=\"twitter:label1\" content=\"Tiempo de lectura\" \/>\n\t<meta name=\"twitter:data1\" content=\"3 minutos\" \/>\n<script type=\"application\/ld+json\" class=\"yoast-schema-graph\">{\"@context\":\"https:\/\/schema.org\",\"@graph\":[{\"@type\":\"WebPage\",\"@id\":\"https:\/\/saintandrews.com.br\/produto\/10-de-maio-de-2026-almoco-especial-dia-das-maes\/\",\"url\":\"https:\/\/saintandrews.com.br\/produto\/10-de-maio-de-2026-almoco-especial-dia-das-maes\/\",\"name\":\"10 de maio de 2026 Almo\u00e7o Especial Dia das M\u00e3es - Castelo Saint Andrews\",\"isPartOf\":{\"@id\":\"https:\/\/saintandrews.com.br\/#website\"},\"primaryImageOfPage\":{\"@id\":\"https:\/\/saintandrews.com.br\/produto\/10-de-maio-de-2026-almoco-especial-dia-das-maes\/#primaryimage\"},\"image\":{\"@id\":\"https:\/\/saintandrews.com.br\/produto\/10-de-maio-de-2026-almoco-especial-dia-das-maes\/#primaryimage\"},\"thumbnailUrl\":\"https:\/\/saintandrews.com.br\/wp-content\/uploads\/2026\/04\/risoto-1.webp\",\"datePublished\":\"2026-04-03T12:04:44+00:00\",\"dateModified\":\"2026-04-29T14:51:54+00:00\",\"description\":\"No cen\u00e1rio deslumbrante, com vista privilegiada para o Vale do Quilombo, o Castelo Saint Andrews oferece uma experi\u00eancia exclusiva para o\u00a0 Dia das M\u00e3es, uma forma de retribuir o amor incondicional e celebrar aquela que \u00e9 s\u00edmbolo de cuidado, carinho e da pr\u00f3pria vida que recebemos.\",\"breadcrumb\":{\"@id\":\"https:\/\/saintandrews.com.br\/produto\/10-de-maio-de-2026-almoco-especial-dia-das-maes\/#breadcrumb\"},\"inLanguage\":\"es\",\"potentialAction\":[{\"@type\":\"ReadAction\",\"target\":[\"https:\/\/saintandrews.com.br\/produto\/10-de-maio-de-2026-almoco-especial-dia-das-maes\/\"]}]},{\"@type\":\"ImageObject\",\"inLanguage\":\"es\",\"@id\":\"https:\/\/saintandrews.com.br\/produto\/10-de-maio-de-2026-almoco-especial-dia-das-maes\/#primaryimage\",\"url\":\"https:\/\/saintandrews.com.br\/wp-content\/uploads\/2026\/04\/risoto-1.webp\",\"contentUrl\":\"https:\/\/saintandrews.com.br\/wp-content\/uploads\/2026\/04\/risoto-1.webp\",\"width\":1024,\"height\":1024},{\"@type\":\"BreadcrumbList\",\"@id\":\"https:\/\/saintandrews.com.br\/produto\/10-de-maio-de-2026-almoco-especial-dia-das-maes\/#breadcrumb\",\"itemListElement\":[{\"@type\":\"ListItem\",\"position\":1,\"name\":\"In\u00edcio\",\"item\":\"https:\/\/saintandrews.com.br\/\"},{\"@type\":\"ListItem\",\"position\":2,\"name\":\"Experi\u00eancias\",\"item\":\"https:\/\/saintandrews.com.br\/experiencias\/\"},{\"@type\":\"ListItem\",\"position\":3,\"name\":\"10 de maio de 2026Almo\u00e7o EspecialDia das M\u00e3es\"}]},{\"@type\":\"WebSite\",\"@id\":\"https:\/\/saintandrews.com.br\/#website\",\"url\":\"https:\/\/saintandrews.com.br\/\",\"name\":\"Castelo Saint Andrews\",\"description\":\"Seu hotel\u00a0em\u00a0Gramado\",\"publisher\":{\"@id\":\"https:\/\/saintandrews.com.br\/#organization\"},\"potentialAction\":[{\"@type\":\"SearchAction\",\"target\":{\"@type\":\"EntryPoint\",\"urlTemplate\":\"https:\/\/saintandrews.com.br\/?s={search_term_string}\"},\"query-input\":{\"@type\":\"PropertyValueSpecification\",\"valueRequired\":true,\"valueName\":\"search_term_string\"}}],\"inLanguage\":\"es\"},{\"@type\":\"Organization\",\"@id\":\"https:\/\/saintandrews.com.br\/#organization\",\"name\":\"Castelo Saint Andrews\",\"url\":\"https:\/\/saintandrews.com.br\/\",\"logo\":{\"@type\":\"ImageObject\",\"inLanguage\":\"es\",\"@id\":\"https:\/\/saintandrews.com.br\/#\/schema\/logo\/image\/\",\"url\":\"https:\/\/saintandrews.com.br\/wp-content\/uploads\/2024\/04\/Logo-SaintAndrews-Cabecalho-01-01.svg\",\"contentUrl\":\"https:\/\/saintandrews.com.br\/wp-content\/uploads\/2024\/04\/Logo-SaintAndrews-Cabecalho-01-01.svg\",\"width\":612.8999999999999772626324556767940521240234375,\"height\":167.5,\"caption\":\"Castelo Saint Andrews\"},\"image\":{\"@id\":\"https:\/\/saintandrews.com.br\/#\/schema\/logo\/image\/\"}}]}<\/script>\n<!-- \/ Yoast SEO plugin. -->","yoast_head_json":{"title":"10 de mayo de 2026 - Almuerzo especial del D\u00eda de la Madre - Castillo de Saint Andrews","description":"En un entorno impresionante, con una vista privilegiada del Valle de Quilombo, el Castillo de Saint Andrews ofrece una experiencia exclusiva para el D\u00eda de la Madre, una forma de corresponder al amor incondicional y celebrar a quien es s\u00edmbolo de cuidado, afecto y la vida misma que hemos recibido.","robots":{"index":"index","follow":"follow","max-snippet":"max-snippet:-1","max-image-preview":"max-image-preview:large","max-video-preview":"max-video-preview:-1"},"canonical":"https:\/\/saintandrews.com.br\/es\/producto\/almuerzo-especial-del-dia-de-la-madre-10-de-mayo-de-2026\/","og_locale":"es_ES","og_type":"article","og_title":"10 de maio de 2026Almo\u00e7o EspecialDia das M\u00e3es - Castelo Saint Andrews","og_description":"No cen\u00e1rio deslumbrante, com vista privilegiada para o Vale do Quilombo, o Castelo Saint Andrews oferece uma experi\u00eancia exclusiva para o\u00a0 Dia das M\u00e3es, uma forma de retribuir o amor incondicional e celebrar aquela que \u00e9 s\u00edmbolo de cuidado, carinho e da pr\u00f3pria vida que recebemos.","og_url":"https:\/\/saintandrews.com.br\/es\/producto\/almuerzo-especial-del-dia-de-la-madre-10-de-mayo-de-2026\/","og_site_name":"Castelo Saint Andrews","article_modified_time":"2026-04-29T14:51:54+00:00","og_image":[{"width":1024,"height":1024,"url":"https:\/\/saintandrews.com.br\/wp-content\/uploads\/2026\/04\/risoto-1.webp","type":"image\/webp"}],"twitter_card":"summary_large_image","twitter_misc":{"Tiempo de lectura":"3 minutos"},"schema":{"@context":"https:\/\/schema.org","@graph":[{"@type":"WebPage","@id":"https:\/\/saintandrews.com.br\/produto\/10-de-maio-de-2026-almoco-especial-dia-das-maes\/","url":"https:\/\/saintandrews.com.br\/produto\/10-de-maio-de-2026-almoco-especial-dia-das-maes\/","name":"10 de mayo de 2026 Almuerzo especial del D\u00eda de la Madre - Castillo de Saint Andrews","isPartOf":{"@id":"https:\/\/saintandrews.com.br\/#website"},"primaryImageOfPage":{"@id":"https:\/\/saintandrews.com.br\/produto\/10-de-maio-de-2026-almoco-especial-dia-das-maes\/#primaryimage"},"image":{"@id":"https:\/\/saintandrews.com.br\/produto\/10-de-maio-de-2026-almoco-especial-dia-das-maes\/#primaryimage"},"thumbnailUrl":"https:\/\/saintandrews.com.br\/wp-content\/uploads\/2026\/04\/risoto-1.webp","datePublished":"2026-04-03T12:04:44+00:00","dateModified":"2026-04-29T14:51:54+00:00","description":"En un entorno impresionante, con una vista privilegiada del Valle de Quilombo, el Castillo de Saint Andrews ofrece una experiencia exclusiva para el D\u00eda de la Madre, una forma de corresponder al amor incondicional y celebrar a quien es s\u00edmbolo de cuidado, afecto y la vida misma que hemos recibido.","breadcrumb":{"@id":"https:\/\/saintandrews.com.br\/produto\/10-de-maio-de-2026-almoco-especial-dia-das-maes\/#breadcrumb"},"inLanguage":"es","potentialAction":[{"@type":"ReadAction","target":["https:\/\/saintandrews.com.br\/produto\/10-de-maio-de-2026-almoco-especial-dia-das-maes\/"]}]},{"@type":"ImageObject","inLanguage":"es","@id":"https:\/\/saintandrews.com.br\/produto\/10-de-maio-de-2026-almoco-especial-dia-das-maes\/#primaryimage","url":"https:\/\/saintandrews.com.br\/wp-content\/uploads\/2026\/04\/risoto-1.webp","contentUrl":"https:\/\/saintandrews.com.br\/wp-content\/uploads\/2026\/04\/risoto-1.webp","width":1024,"height":1024},{"@type":"BreadcrumbList","@id":"https:\/\/saintandrews.com.br\/produto\/10-de-maio-de-2026-almoco-especial-dia-das-maes\/#breadcrumb","itemListElement":[{"@type":"ListItem","position":1,"name":"In\u00edcio","item":"https:\/\/saintandrews.com.br\/"},{"@type":"ListItem","position":2,"name":"Experi\u00eancias","item":"https:\/\/saintandrews.com.br\/experiencias\/"},{"@type":"ListItem","position":3,"name":"10 de maio de 2026Almo\u00e7o EspecialDia das M\u00e3es"}]},{"@type":"WebSite","@id":"https:\/\/saintandrews.com.br\/#website","url":"https:\/\/saintandrews.com.br\/","name":"El Castillo De Saint Andrews.","description":"Su hotel en Gramado","publisher":{"@id":"https:\/\/saintandrews.com.br\/#organization"},"potentialAction":[{"@type":"SearchAction","target":{"@type":"EntryPoint","urlTemplate":"https:\/\/saintandrews.com.br\/?s={search_term_string}"},"query-input":{"@type":"PropertyValueSpecification","valueRequired":true,"valueName":"search_term_string"}}],"inLanguage":"es"},{"@type":"Organization","@id":"https:\/\/saintandrews.com.br\/#organization","name":"El Castillo De Saint Andrews.","url":"https:\/\/saintandrews.com.br\/","logo":{"@type":"ImageObject","inLanguage":"es","@id":"https:\/\/saintandrews.com.br\/#\/schema\/logo\/image\/","url":"https:\/\/saintandrews.com.br\/wp-content\/uploads\/2024\/04\/Logo-SaintAndrews-Cabecalho-01-01.svg","contentUrl":"https:\/\/saintandrews.com.br\/wp-content\/uploads\/2024\/04\/Logo-SaintAndrews-Cabecalho-01-01.svg","width":612.8999999999999772626324556767940521240234375,"height":167.5,"caption":"Castelo Saint Andrews"},"image":{"@id":"https:\/\/saintandrews.com.br\/#\/schema\/logo\/image\/"}}]}},"publishpress_future_action":{"enabled":false,"date":"2026-05-07 03:36:00","action":"change-status","newStatus":"draft","terms":[],"taxonomy":"product_brand","extraData":[]},"publishpress_future_workflow_manual_trigger":{"enabledWorkflows":[]},"_links":{"self":[{"href":"https:\/\/saintandrews.com.br\/es\/wp-json\/wp\/v2\/product\/24867","targetHints":{"allow":["GET"]}}],"collection":[{"href":"https:\/\/saintandrews.com.br\/es\/wp-json\/wp\/v2\/product"}],"about":[{"href":"https:\/\/saintandrews.com.br\/es\/wp-json\/wp\/v2\/types\/product"}],"wp:featuredmedia":[{"embeddable":true,"href":"https:\/\/saintandrews.com.br\/es\/wp-json\/wp\/v2\/media\/24881"}],"wp:attachment":[{"href":"https:\/\/saintandrews.com.br\/es\/wp-json\/wp\/v2\/media?parent=24867"}],"wp:term":[{"taxonomy":"product_brand","embeddable":true,"href":"https:\/\/saintandrews.com.br\/es\/wp-json\/wp\/v2\/product_brand?post=24867"},{"taxonomy":"product_cat","embeddable":true,"href":"https:\/\/saintandrews.com.br\/es\/wp-json\/wp\/v2\/product_cat?post=24867"},{"taxonomy":"product_tag","embeddable":true,"href":"https:\/\/saintandrews.com.br\/es\/wp-json\/wp\/v2\/product_tag?post=24867"}],"curies":[{"name":"wp","href":"https:\/\/api.w.org\/{rel}","templated":true}]}}