{"id":19948,"date":"2026-04-03T09:20:21","date_gmt":"2026-04-03T12:20:21","guid":{"rendered":"https:\/\/saintandrews.com.br\/?post_type=product&#038;p=19948"},"modified":"2026-05-04T17:28:57","modified_gmt":"2026-05-04T20:28:57","slug":"29-de-junio-de-2026-cena-armonizada-festival-de-noquis-fortuna","status":"publish","type":"product","link":"https:\/\/saintandrews.com.br\/es\/produto\/29-de-junho-de-2026-jantar-harmonizado-festival-gnocchi-fortuna\/","title":{"rendered":"29 de junio de 2026<br>Cena armonizada<br>Festival de los \u00f1oquis de la Fortuna"},"content":{"rendered":"<p><strong><span style=\"font-size: 10pt;\">La historia detr\u00e1s de un plato legendario. <\/span><\/strong><br \/>\n<span style=\"font-size: 10pt;\">Existen muchas versiones asociadas con la superstici\u00f3n italiana conocida como los \u00f1oquis de la fortuna. Una de las m\u00e1s populares se remonta al siglo IV, cuando se dice que San Pantale\u00f3n, m\u00e9dico y peregrino, llam\u00f3 a la puerta de una familia humilde pidiendo comida. Un peque\u00f1o \u00f1oqui de patata fue todo lo que pudieron ofrecer. Al marcharse el visitante, la familia encontr\u00f3 monedas de oro bajo los platos como agradecimiento por su generosidad. <\/span><br \/>\n<span style=\"font-size: 10pt;\">La leyenda se populariz\u00f3 en toda Italia. Durante la comida, los comensales colocaban una moneda o un billete debajo de su plato de \u00f1oquis. El dinero se guardaba hasta el mes siguiente para que nunca se agotara. Esto suele repetirse el \u00faltimo jueves del mes o el 29, seg\u00fan la regi\u00f3n.<\/span><\/p>\n<p>&nbsp;<\/p>\n<p>MEN\u00da<\/p>\n<p><strong><span style=\"font-size: 10pt;\">Primer paso<\/span><\/strong><br \/>\nBruschetta caprese<br \/>\n\u2022 Maridaje: Dadivas Chardonnay<\/p>\n<p><strong><span style=\"font-size: 10pt;\">Segundo paso<\/span><\/strong><br \/>\n\u00d1oquis al pesto<br \/>\n\u2022 Maridaje: Vino Espumoso Dadivas Blanc de Blancs<\/p>\n<p><strong><span style=\"font-size: 10pt;\">Tercer paso<\/span><\/strong><br \/>\n\u00d1oquis a la Matriciana<br \/>\n(salsa de tomate y panceta crujiente)<br \/>\n\u2022 Maridaje: Dadivas Tempranillo<\/p>\n<p><strong><span style=\"font-size: 10pt;\">Cuarto paso<\/span><\/strong><br \/>\n\u00d1oquis con rag\u00fa de cordero<br \/>\n\u2022 Maridaje: Grande Vindima Cabernet Franc<\/p>\n<p><strong><span style=\"font-size: 10pt;\">Cuarto paso (Postre)<\/span><\/strong><br \/>\nHelado de vainilla con salsa de frutos amarillos y almendras fileteadas.<br \/>\n\u2022 Maridaje: Vino espumoso Dadivas Moscatel<\/p>\n<p>&nbsp;<\/p>\n<p>Para finalizar la experiencia se servir\u00e1 caf\u00e9, t\u00e9 y mignardises de Saint Andrews.<\/p>\n<p>&nbsp;<\/p>\n<p><strong><span style=\"font-size: 10pt;\">Fecha:<\/span><\/strong> 29 de junio (lunes)<br \/>\n<strong><span style=\"font-size: 10pt;\">Comenzar:<\/span> <\/strong>19:30 (bebida de bienvenida)<br \/>\n<strong><span style=\"font-size: 10pt;\">Para almorzar:<\/span><\/strong> 8 p. m.<\/p>\n<p>&nbsp;<\/p>\n<p><strong>Men\u00fa armonizado:<\/strong><br \/>\nServiremos vasos de 100 ml de cada etiqueta por persona. Excepto el postre, que se sirve en un vaso de 50 ml.<br \/>\nSe pueden solicitar botellas y vasos extras (precios y disponibilidad a consultar).<\/p>\n<p><strong>Men\u00fa sin maridaje de vinos:<br \/>\n<\/strong>Los maridajes de vinos se pueden elegir por separado, permitiendo a cada invitado personalizar su experiencia seg\u00fan sus preferencias.<\/p>\n<p>&nbsp;<\/p>\n<p><span style=\"font-size: 10pt;\">*El men\u00fa y precios est\u00e1n sujetos a cambios sin previo aviso.<br \/>\n*Imagen s\u00f3lo con fines ilustrativos.<\/span><\/p>\n<p>&nbsp;<\/p>\n<p><strong>Precio de la cena por persona:<br \/>\n<\/strong><\/p>","protected":false},"excerpt":{"rendered":"<p>Festival de \u00f1oquis della Fortuna en el restaurante Primrose.<\/p>","protected":false},"featured_media":18688,"template":"","meta":{"_acf_changed":false},"product_brand":[],"product_cat":[228],"product_tag":[],"class_list":{"0":"post-19948","1":"product","2":"type-product","3":"status-publish","4":"has-post-thumbnail","6":"product_cat-festivais","8":"first","9":"instock","10":"taxable","11":"shipping-taxable","12":"purchasable","13":"product-type-variable","14":"has-default-attributes"},"acf":[],"yoast_head":"<!-- This site is optimized with the Yoast SEO plugin v27.5 - https:\/\/yoast.com\/product\/yoast-seo-wordpress\/ -->\n<title>29 de junho de 2026Jantar HarmonizadoFestival Gnocchi della Fortuna - Castelo Saint Andrews<\/title>\n<meta name=\"description\" content=\"Festival Gnocchi della Fortuna do Restaurante Primrose.\" \/>\n<meta name=\"robots\" content=\"index, follow, max-snippet:-1, max-image-preview:large, max-video-preview:-1\" \/>\n<link rel=\"canonical\" href=\"https:\/\/saintandrews.com.br\/es\/producto\/29-de-junio-de-2026-cena-armonizada-festival-de-noquis-fortuna\/\" \/>\n<meta property=\"og:locale\" content=\"es_ES\" \/>\n<meta property=\"og:type\" content=\"article\" \/>\n<meta property=\"og:title\" content=\"29 de junho de 2026Jantar HarmonizadoFestival Gnocchi della Fortuna - Castelo Saint Andrews\" \/>\n<meta property=\"og:description\" content=\"Festival Gnocchi della Fortuna do Restaurante Primrose.\" \/>\n<meta property=\"og:url\" content=\"https:\/\/saintandrews.com.br\/es\/producto\/29-de-junio-de-2026-cena-armonizada-festival-de-noquis-fortuna\/\" \/>\n<meta property=\"og:site_name\" content=\"Castelo Saint Andrews\" \/>\n<meta property=\"article:modified_time\" content=\"2026-05-04T20:28:57+00:00\" \/>\n<meta property=\"og:image\" content=\"https:\/\/saintandrews.com.br\/wp-content\/uploads\/2025\/03\/gnocchi-pesto.webp\" \/>\n\t<meta property=\"og:image:width\" content=\"1000\" \/>\n\t<meta property=\"og:image:height\" content=\"1000\" \/>\n\t<meta property=\"og:image:type\" content=\"image\/webp\" \/>\n<meta name=\"twitter:card\" content=\"summary_large_image\" \/>\n<meta name=\"twitter:label1\" content=\"Tiempo de lectura\" \/>\n\t<meta name=\"twitter:data1\" content=\"2 minutos\" \/>\n<script type=\"application\/ld+json\" class=\"yoast-schema-graph\">{\"@context\":\"https:\\\/\\\/schema.org\",\"@graph\":[{\"@type\":\"WebPage\",\"@id\":\"https:\\\/\\\/saintandrews.com.br\\\/produto\\\/29-de-junho-de-2026-jantar-harmonizado-festival-gnocchi-fortuna\\\/\",\"url\":\"https:\\\/\\\/saintandrews.com.br\\\/produto\\\/29-de-junho-de-2026-jantar-harmonizado-festival-gnocchi-fortuna\\\/\",\"name\":\"29 de junho de 2026 Jantar Harmonizado Festival Gnocchi della Fortuna - Castelo Saint Andrews\",\"isPartOf\":{\"@id\":\"https:\\\/\\\/saintandrews.com.br\\\/#website\"},\"primaryImageOfPage\":{\"@id\":\"https:\\\/\\\/saintandrews.com.br\\\/produto\\\/29-de-junho-de-2026-jantar-harmonizado-festival-gnocchi-fortuna\\\/#primaryimage\"},\"image\":{\"@id\":\"https:\\\/\\\/saintandrews.com.br\\\/produto\\\/29-de-junho-de-2026-jantar-harmonizado-festival-gnocchi-fortuna\\\/#primaryimage\"},\"thumbnailUrl\":\"https:\\\/\\\/saintandrews.com.br\\\/wp-content\\\/uploads\\\/2025\\\/03\\\/gnocchi-pesto.webp\",\"datePublished\":\"2026-04-03T12:20:21+00:00\",\"dateModified\":\"2026-05-04T20:28:57+00:00\",\"description\":\"Festival Gnocchi della Fortuna do Restaurante Primrose.\",\"breadcrumb\":{\"@id\":\"https:\\\/\\\/saintandrews.com.br\\\/produto\\\/29-de-junho-de-2026-jantar-harmonizado-festival-gnocchi-fortuna\\\/#breadcrumb\"},\"inLanguage\":\"es\",\"potentialAction\":[{\"@type\":\"ReadAction\",\"target\":[\"https:\\\/\\\/saintandrews.com.br\\\/produto\\\/29-de-junho-de-2026-jantar-harmonizado-festival-gnocchi-fortuna\\\/\"]}]},{\"@type\":\"ImageObject\",\"inLanguage\":\"es\",\"@id\":\"https:\\\/\\\/saintandrews.com.br\\\/produto\\\/29-de-junho-de-2026-jantar-harmonizado-festival-gnocchi-fortuna\\\/#primaryimage\",\"url\":\"https:\\\/\\\/saintandrews.com.br\\\/wp-content\\\/uploads\\\/2025\\\/03\\\/gnocchi-pesto.webp\",\"contentUrl\":\"https:\\\/\\\/saintandrews.com.br\\\/wp-content\\\/uploads\\\/2025\\\/03\\\/gnocchi-pesto.webp\",\"width\":1000,\"height\":1000},{\"@type\":\"BreadcrumbList\",\"@id\":\"https:\\\/\\\/saintandrews.com.br\\\/produto\\\/29-de-junho-de-2026-jantar-harmonizado-festival-gnocchi-fortuna\\\/#breadcrumb\",\"itemListElement\":[{\"@type\":\"ListItem\",\"position\":1,\"name\":\"In\u00edcio\",\"item\":\"https:\\\/\\\/saintandrews.com.br\\\/\"},{\"@type\":\"ListItem\",\"position\":2,\"name\":\"Experi\u00eancias\",\"item\":\"https:\\\/\\\/saintandrews.com.br\\\/experiencias\\\/\"},{\"@type\":\"ListItem\",\"position\":3,\"name\":\"29 de junho de 2026Jantar HarmonizadoFestival Gnocchi della Fortuna\"}]},{\"@type\":\"WebSite\",\"@id\":\"https:\\\/\\\/saintandrews.com.br\\\/#website\",\"url\":\"https:\\\/\\\/saintandrews.com.br\\\/\",\"name\":\"Castelo Saint Andrews\",\"description\":\"Seu hotel\u00a0em\u00a0Gramado\",\"publisher\":{\"@id\":\"https:\\\/\\\/saintandrews.com.br\\\/#organization\"},\"potentialAction\":[{\"@type\":\"SearchAction\",\"target\":{\"@type\":\"EntryPoint\",\"urlTemplate\":\"https:\\\/\\\/saintandrews.com.br\\\/?s={search_term_string}\"},\"query-input\":{\"@type\":\"PropertyValueSpecification\",\"valueRequired\":true,\"valueName\":\"search_term_string\"}}],\"inLanguage\":\"es\"},{\"@type\":\"Organization\",\"@id\":\"https:\\\/\\\/saintandrews.com.br\\\/#organization\",\"name\":\"Castelo Saint Andrews\",\"url\":\"https:\\\/\\\/saintandrews.com.br\\\/\",\"logo\":{\"@type\":\"ImageObject\",\"inLanguage\":\"es\",\"@id\":\"https:\\\/\\\/saintandrews.com.br\\\/#\\\/schema\\\/logo\\\/image\\\/\",\"url\":\"https:\\\/\\\/saintandrews.com.br\\\/wp-content\\\/uploads\\\/2024\\\/04\\\/Logo-SaintAndrews-Cabecalho-01-01.svg\",\"contentUrl\":\"https:\\\/\\\/saintandrews.com.br\\\/wp-content\\\/uploads\\\/2024\\\/04\\\/Logo-SaintAndrews-Cabecalho-01-01.svg\",\"width\":612.8999999999999772626324556767940521240234375,\"height\":167.5,\"caption\":\"Castelo Saint Andrews\"},\"image\":{\"@id\":\"https:\\\/\\\/saintandrews.com.br\\\/#\\\/schema\\\/logo\\\/image\\\/\"}}]}<\/script>\n<!-- \/ Yoast SEO plugin. -->","yoast_head_json":{"title":"29 de junio de 2026 Cena Armonizada Festival Gnocchi della Fortuna - Castillo de Saint Andrews","description":"Festival de \u00f1oquis della Fortuna en el restaurante Primrose.","robots":{"index":"index","follow":"follow","max-snippet":"max-snippet:-1","max-image-preview":"max-image-preview:large","max-video-preview":"max-video-preview:-1"},"canonical":"https:\/\/saintandrews.com.br\/es\/producto\/29-de-junio-de-2026-cena-armonizada-festival-de-noquis-fortuna\/","og_locale":"es_ES","og_type":"article","og_title":"29 de junho de 2026Jantar HarmonizadoFestival Gnocchi della Fortuna - Castelo Saint Andrews","og_description":"Festival Gnocchi della Fortuna do Restaurante Primrose.","og_url":"https:\/\/saintandrews.com.br\/es\/producto\/29-de-junio-de-2026-cena-armonizada-festival-de-noquis-fortuna\/","og_site_name":"Castelo Saint Andrews","article_modified_time":"2026-05-04T20:28:57+00:00","og_image":[{"width":1000,"height":1000,"url":"https:\/\/saintandrews.com.br\/wp-content\/uploads\/2025\/03\/gnocchi-pesto.webp","type":"image\/webp"}],"twitter_card":"summary_large_image","twitter_misc":{"Tiempo de lectura":"2 minutos"},"schema":{"@context":"https:\/\/schema.org","@graph":[{"@type":"WebPage","@id":"https:\/\/saintandrews.com.br\/produto\/29-de-junho-de-2026-jantar-harmonizado-festival-gnocchi-fortuna\/","url":"https:\/\/saintandrews.com.br\/produto\/29-de-junho-de-2026-jantar-harmonizado-festival-gnocchi-fortuna\/","name":"29 de junio de 2026 Cena Armonizada Festival Gnocchi della Fortuna - Castillo de Saint Andrews","isPartOf":{"@id":"https:\/\/saintandrews.com.br\/#website"},"primaryImageOfPage":{"@id":"https:\/\/saintandrews.com.br\/produto\/29-de-junho-de-2026-jantar-harmonizado-festival-gnocchi-fortuna\/#primaryimage"},"image":{"@id":"https:\/\/saintandrews.com.br\/produto\/29-de-junho-de-2026-jantar-harmonizado-festival-gnocchi-fortuna\/#primaryimage"},"thumbnailUrl":"https:\/\/saintandrews.com.br\/wp-content\/uploads\/2025\/03\/gnocchi-pesto.webp","datePublished":"2026-04-03T12:20:21+00:00","dateModified":"2026-05-04T20:28:57+00:00","description":"Festival de \u00f1oquis della Fortuna en el restaurante Primrose.","breadcrumb":{"@id":"https:\/\/saintandrews.com.br\/produto\/29-de-junho-de-2026-jantar-harmonizado-festival-gnocchi-fortuna\/#breadcrumb"},"inLanguage":"es","potentialAction":[{"@type":"ReadAction","target":["https:\/\/saintandrews.com.br\/produto\/29-de-junho-de-2026-jantar-harmonizado-festival-gnocchi-fortuna\/"]}]},{"@type":"ImageObject","inLanguage":"es","@id":"https:\/\/saintandrews.com.br\/produto\/29-de-junho-de-2026-jantar-harmonizado-festival-gnocchi-fortuna\/#primaryimage","url":"https:\/\/saintandrews.com.br\/wp-content\/uploads\/2025\/03\/gnocchi-pesto.webp","contentUrl":"https:\/\/saintandrews.com.br\/wp-content\/uploads\/2025\/03\/gnocchi-pesto.webp","width":1000,"height":1000},{"@type":"BreadcrumbList","@id":"https:\/\/saintandrews.com.br\/produto\/29-de-junho-de-2026-jantar-harmonizado-festival-gnocchi-fortuna\/#breadcrumb","itemListElement":[{"@type":"ListItem","position":1,"name":"In\u00edcio","item":"https:\/\/saintandrews.com.br\/"},{"@type":"ListItem","position":2,"name":"Experi\u00eancias","item":"https:\/\/saintandrews.com.br\/experiencias\/"},{"@type":"ListItem","position":3,"name":"29 de junho de 2026Jantar HarmonizadoFestival Gnocchi della Fortuna"}]},{"@type":"WebSite","@id":"https:\/\/saintandrews.com.br\/#website","url":"https:\/\/saintandrews.com.br\/","name":"El Castillo De Saint Andrews.","description":"Su hotel en Gramado","publisher":{"@id":"https:\/\/saintandrews.com.br\/#organization"},"potentialAction":[{"@type":"SearchAction","target":{"@type":"EntryPoint","urlTemplate":"https:\/\/saintandrews.com.br\/?s={search_term_string}"},"query-input":{"@type":"PropertyValueSpecification","valueRequired":true,"valueName":"search_term_string"}}],"inLanguage":"es"},{"@type":"Organization","@id":"https:\/\/saintandrews.com.br\/#organization","name":"El Castillo De Saint Andrews.","url":"https:\/\/saintandrews.com.br\/","logo":{"@type":"ImageObject","inLanguage":"es","@id":"https:\/\/saintandrews.com.br\/#\/schema\/logo\/image\/","url":"https:\/\/saintandrews.com.br\/wp-content\/uploads\/2024\/04\/Logo-SaintAndrews-Cabecalho-01-01.svg","contentUrl":"https:\/\/saintandrews.com.br\/wp-content\/uploads\/2024\/04\/Logo-SaintAndrews-Cabecalho-01-01.svg","width":612.8999999999999772626324556767940521240234375,"height":167.5,"caption":"Castelo Saint Andrews"},"image":{"@id":"https:\/\/saintandrews.com.br\/#\/schema\/logo\/image\/"}}]}},"publishpress_future_action":{"enabled":true,"date":"2026-06-29 18:00:00","action":"change-status","newStatus":"draft","terms":[0],"taxonomy":"product_brand","extraData":[]},"publishpress_future_workflow_manual_trigger":{"enabledWorkflows":[]},"_links":{"self":[{"href":"https:\/\/saintandrews.com.br\/es\/wp-json\/wp\/v2\/product\/19948","targetHints":{"allow":["GET"]}}],"collection":[{"href":"https:\/\/saintandrews.com.br\/es\/wp-json\/wp\/v2\/product"}],"about":[{"href":"https:\/\/saintandrews.com.br\/es\/wp-json\/wp\/v2\/types\/product"}],"wp:featuredmedia":[{"embeddable":true,"href":"https:\/\/saintandrews.com.br\/es\/wp-json\/wp\/v2\/media\/18688"}],"wp:attachment":[{"href":"https:\/\/saintandrews.com.br\/es\/wp-json\/wp\/v2\/media?parent=19948"}],"wp:term":[{"taxonomy":"product_brand","embeddable":true,"href":"https:\/\/saintandrews.com.br\/es\/wp-json\/wp\/v2\/product_brand?post=19948"},{"taxonomy":"product_cat","embeddable":true,"href":"https:\/\/saintandrews.com.br\/es\/wp-json\/wp\/v2\/product_cat?post=19948"},{"taxonomy":"product_tag","embeddable":true,"href":"https:\/\/saintandrews.com.br\/es\/wp-json\/wp\/v2\/product_tag?post=19948"}],"curies":[{"name":"wp","href":"https:\/\/api.w.org\/{rel}","templated":true}]}}