{"id":18189,"date":"2025-07-04T10:59:48","date_gmt":"2025-07-04T13:59:48","guid":{"rendered":"https:\/\/saintandrews.com.br\/?post_type=product&#038;p=18189"},"modified":"2026-04-06T12:01:18","modified_gmt":"2026-04-06T15:01:18","slug":"pizza-gourmet-primrose","status":"publish","type":"product","link":"https:\/\/saintandrews.com.br\/es\/produto\/pizza-gourmet-primrose\/","title":{"rendered":"Pizza Gourmet \u2013 Primrose"},"content":{"rendered":"<p class=\"\" data-start=\"91\" data-end=\"434\"><strong data-start=\"91\" data-end=\"156\">Una experiencia gourmet a medida en un entorno exclusivo.<\/strong><\/p>\n<p class=\"\" data-start=\"91\" data-end=\"434\">Disfrute de pizzas artesanales elaboradas por expertos, exclusivamente para usted y su acompa\u00f1ante, servidas en el galardonado restaurante Primrose. Cada receta se elabora con harina italiana de alta calidad e ingredientes premium, lo que da como resultado sabores intensos y texturas impecables.<\/p>\n<p>Sorpr\u00e9ndase con nuestras creativas reinterpretaciones de la cocina cl\u00e1sica italiana, en una velada que combina exclusividad, comodidad y excelencia culinaria.<\/p>\n<p>Esta experiencia tambi\u00e9n se puede disfrutar en la Boulangerie, previa reserva y a un precio diferente.<br \/>\nHable con nuestro <span style=\"color: #993300;\"><a style=\"color: #993300;\" href=\"https:\/\/wa.me\/555432957721\">equipo de reservas<\/a><\/span>.<\/p>\n<p>&nbsp;<\/p>\n<p><strong>Opciones saladas:<\/strong><\/p>\n<ul>\n<li>Bacalao, tomate, aceitunas y huevo<\/li>\n<li>Camarones, puerros y eneldo<\/li>\n<li>Pepperoni<\/li>\n<li>Setas, trufas y calabac\u00edn<\/li>\n<li>Rebanadas de filet mignon, higos, cebolla caramelizada<\/li>\n<li>Pechuga de pavo, albaricoque y gorgonzola<\/li>\n<li>Prosciutto, mozzarella de b\u00fafala y r\u00facula.<\/li>\n<li>Cuatro quesos: Gorgonzola, Mozzarella, Emmental y Brie.<\/li>\n<li>Queso de cabra, tomate y pesto<\/li>\n<li>Salm\u00f3n ahumado, r\u00facula, tomates secos<\/li>\n<li>Tomate, at\u00fan y aceitunas<\/li>\n<\/ul>\n<p><strong><br \/>\nOpciones dulces:<\/strong><\/p>\n<ul>\n<li>Pl\u00e1tano con chocolate y almendras<\/li>\n<li>Pl\u00e1tano con dulce de leche y canela<\/li>\n<li>Frambuesa con chocolate blanco y Brie<\/li>\n<li>Nutella con fresas<\/li>\n<\/ul>\n<p>&nbsp;<\/p>\n<p><strong>Las bebidas se cobran aparte.<\/strong><\/p>\n<p><strong>Para 2 personas<br \/>\nDuraci\u00f3n:<\/strong> Este servicio tiene una duraci\u00f3n de 2 horas.<br \/>\n<strong>Cantidad de pizzas: <\/strong>3 unidades (pizza mediana \u2013 6 porciones)<\/p>\n<p><strong>Cuando:<\/strong> A diario.<\/p>\n<p>&nbsp;<\/p>\n<p><span style=\"vertical-align: inherit;\"><span style=\"vertical-align: inherit;\"><span style=\"vertical-align: inherit;\"><span style=\"vertical-align: inherit;\"><span style=\"vertical-align: inherit;\"><span style=\"vertical-align: inherit;\"><span style=\"vertical-align: inherit;\"><span style=\"vertical-align: inherit;\"><span style=\"vertical-align: inherit;\"><span style=\"vertical-align: inherit;\"><span style=\"vertical-align: inherit;\"><span style=\"vertical-align: inherit;\"><span style=\"vertical-align: inherit;\"><span style=\"vertical-align: inherit;\"><span style=\"vertical-align: inherit;\"><span style=\"vertical-align: inherit;\">***<\/span><\/span><\/span><\/span><\/span><\/span><\/span><\/span><\/span><\/span><\/span><\/span><\/span><\/span><\/span><\/span><\/p>\n<p><span style=\"font-size: 10pt;\"><em><span style=\"color: #993300;\">\u2022 Despu\u00e9s de comprar cualquier servicio de Saint Andrews y confirmar el pago, uno de nuestros conserjes dedicados se comunicar\u00e1 con usted por tel\u00e9fono para informarle de los horarios disponibles en la fecha seleccionada, asegurando que su reserva se realice con la m\u00e1xima comodidad y exclusividad.<br \/>\n\u2022 Al finalizar el servicio le agradecer\u00edamos que tuviera en cuenta nuestra tarifa de servicio.<br \/>\n\u2022 Imagen s\u00f3lo con fines ilustrativos.<br \/>\n<\/span><\/em><\/span><\/p>","protected":false},"excerpt":{"rendered":"<p><span style=\"vertical-align: inherit;\"><span style=\"vertical-align: inherit;\"><span style=\"vertical-align: inherit;\"><span style=\"vertical-align: inherit;\"><span style=\"vertical-align: inherit;\"><span style=\"vertical-align: inherit;\"><span style=\"vertical-align: inherit;\"><span style=\"vertical-align: inherit;\"><span style=\"vertical-align: inherit;\"><span style=\"vertical-align: inherit;\"><span style=\"vertical-align: inherit;\"><span style=\"vertical-align: inherit;\"><span style=\"vertical-align: inherit;\"><span style=\"vertical-align: inherit;\"><span style=\"vertical-align: inherit;\"><span style=\"vertical-align: inherit;\">Con un toque refinado y una selecci\u00f3n especial de ingredientes, Pizza Gourmet do Castelo ofrece una experiencia \u00fanica para quien desee celebrar buenos momentos con una excelente cocina. <strong>Precio para 2 personas.<\/strong><\/span><\/span><\/span><\/span><\/span><\/span><\/span><\/span><\/span><\/span><\/span><\/span><\/span><\/span><\/span><\/span><\/p>","protected":false},"featured_media":18197,"template":"","meta":{"_acf_changed":false},"product_brand":[],"product_cat":[229],"product_tag":[],"class_list":{"0":"post-18189","1":"product","2":"type-product","3":"status-publish","4":"has-post-thumbnail","6":"product_cat-gastronomia","8":"first","9":"instock","10":"virtual","11":"sold-individually","12":"taxable","13":"purchasable","14":"product-type-booking"},"acf":[],"yoast_head":"<!-- This site is optimized with the Yoast SEO plugin v27.2 - https:\/\/yoast.com\/product\/yoast-seo-wordpress\/ -->\n<title>Pizza Gourmet - Primrose - Castelo Saint Andrews<\/title>\n<meta name=\"description\" content=\"Com um toque refinado e sele\u00e7\u00e3o especial de ingredientes, a Pizza Gourmet do Castelo oferece uma experi\u00eancia \u00fanica e excelente gastronomia.\" \/>\n<meta name=\"robots\" content=\"index, follow, max-snippet:-1, max-image-preview:large, max-video-preview:-1\" \/>\n<link rel=\"canonical\" href=\"https:\/\/saintandrews.com.br\/es\/producto\/pizza-gourmet-primrose\/\" \/>\n<meta property=\"og:locale\" content=\"es_ES\" \/>\n<meta property=\"og:type\" content=\"article\" \/>\n<meta property=\"og:title\" content=\"Pizza Gourmet\" \/>\n<meta property=\"og:description\" content=\"Com um toque refinado e sele\u00e7\u00e3o especial de ingredientes, a Pizza Gourmet do Castelo oferece uma experi\u00eancia \u00fanica e excelente gastronomia.\" \/>\n<meta property=\"og:url\" content=\"https:\/\/saintandrews.com.br\/es\/producto\/pizza-gourmet-primrose\/\" \/>\n<meta property=\"og:site_name\" content=\"Castelo Saint Andrews\" \/>\n<meta property=\"article:modified_time\" content=\"2026-04-06T15:01:18+00:00\" \/>\n<meta property=\"og:image\" content=\"https:\/\/saintandrews.com.br\/wp-content\/uploads\/2024\/03\/pizza-768x768-1.webp\" \/>\n\t<meta property=\"og:image:width\" content=\"768\" \/>\n\t<meta property=\"og:image:height\" content=\"768\" \/>\n\t<meta property=\"og:image:type\" content=\"image\/webp\" \/>\n<meta name=\"twitter:card\" content=\"summary_large_image\" \/>\n<meta name=\"twitter:label1\" content=\"Tiempo de lectura\" \/>\n\t<meta name=\"twitter:data1\" content=\"2 minutos\" \/>\n<script type=\"application\/ld+json\" class=\"yoast-schema-graph\">{\"@context\":\"https:\/\/schema.org\",\"@graph\":[{\"@type\":\"WebPage\",\"@id\":\"https:\/\/saintandrews.com.br\/produto\/pizza-gourmet-primrose\/\",\"url\":\"https:\/\/saintandrews.com.br\/produto\/pizza-gourmet-primrose\/\",\"name\":\"Pizza Gourmet - Primrose - Castelo Saint Andrews\",\"isPartOf\":{\"@id\":\"https:\/\/saintandrews.com.br\/#website\"},\"primaryImageOfPage\":{\"@id\":\"https:\/\/saintandrews.com.br\/produto\/pizza-gourmet-primrose\/#primaryimage\"},\"image\":{\"@id\":\"https:\/\/saintandrews.com.br\/produto\/pizza-gourmet-primrose\/#primaryimage\"},\"thumbnailUrl\":\"https:\/\/saintandrews.com.br\/wp-content\/uploads\/2025\/07\/pizza2.webp\",\"datePublished\":\"2025-07-04T13:59:48+00:00\",\"dateModified\":\"2026-04-06T15:01:18+00:00\",\"description\":\"Com um toque refinado e sele\u00e7\u00e3o especial de ingredientes, a Pizza Gourmet do Castelo oferece uma experi\u00eancia \u00fanica e excelente gastronomia.\",\"breadcrumb\":{\"@id\":\"https:\/\/saintandrews.com.br\/produto\/pizza-gourmet-primrose\/#breadcrumb\"},\"inLanguage\":\"es\",\"potentialAction\":[{\"@type\":\"ReadAction\",\"target\":[\"https:\/\/saintandrews.com.br\/produto\/pizza-gourmet-primrose\/\"]}]},{\"@type\":\"ImageObject\",\"inLanguage\":\"es\",\"@id\":\"https:\/\/saintandrews.com.br\/produto\/pizza-gourmet-primrose\/#primaryimage\",\"url\":\"https:\/\/saintandrews.com.br\/wp-content\/uploads\/2025\/07\/pizza2.webp\",\"contentUrl\":\"https:\/\/saintandrews.com.br\/wp-content\/uploads\/2025\/07\/pizza2.webp\",\"width\":1000,\"height\":1000},{\"@type\":\"BreadcrumbList\",\"@id\":\"https:\/\/saintandrews.com.br\/produto\/pizza-gourmet-primrose\/#breadcrumb\",\"itemListElement\":[{\"@type\":\"ListItem\",\"position\":1,\"name\":\"In\u00edcio\",\"item\":\"https:\/\/saintandrews.com.br\/\"},{\"@type\":\"ListItem\",\"position\":2,\"name\":\"Experi\u00eancias\",\"item\":\"https:\/\/saintandrews.com.br\/experiencias\/\"},{\"@type\":\"ListItem\",\"position\":3,\"name\":\"Pizza Gourmet &#8211; Primrose\"}]},{\"@type\":\"WebSite\",\"@id\":\"https:\/\/saintandrews.com.br\/#website\",\"url\":\"https:\/\/saintandrews.com.br\/\",\"name\":\"Castelo Saint Andrews\",\"description\":\"Seu hotel\u00a0em\u00a0Gramado\",\"publisher\":{\"@id\":\"https:\/\/saintandrews.com.br\/#organization\"},\"potentialAction\":[{\"@type\":\"SearchAction\",\"target\":{\"@type\":\"EntryPoint\",\"urlTemplate\":\"https:\/\/saintandrews.com.br\/?s={search_term_string}\"},\"query-input\":{\"@type\":\"PropertyValueSpecification\",\"valueRequired\":true,\"valueName\":\"search_term_string\"}}],\"inLanguage\":\"es\"},{\"@type\":\"Organization\",\"@id\":\"https:\/\/saintandrews.com.br\/#organization\",\"name\":\"Castelo Saint Andrews\",\"url\":\"https:\/\/saintandrews.com.br\/\",\"logo\":{\"@type\":\"ImageObject\",\"inLanguage\":\"es\",\"@id\":\"https:\/\/saintandrews.com.br\/#\/schema\/logo\/image\/\",\"url\":\"https:\/\/saintandrews.com.br\/wp-content\/uploads\/2024\/04\/Logo-SaintAndrews-Cabecalho-01-01.svg\",\"contentUrl\":\"https:\/\/saintandrews.com.br\/wp-content\/uploads\/2024\/04\/Logo-SaintAndrews-Cabecalho-01-01.svg\",\"width\":612.8999999999999772626324556767940521240234375,\"height\":167.5,\"caption\":\"Castelo Saint Andrews\"},\"image\":{\"@id\":\"https:\/\/saintandrews.com.br\/#\/schema\/logo\/image\/\"}}]}<\/script>\n<!-- \/ Yoast SEO plugin. -->","yoast_head_json":{"title":"Pizza Gourmet - Primrose - Castillo de Saint Andrews","description":"Con un toque refinado y una selecci\u00f3n especial de ingredientes, Pizza Gourmet do Castelo ofrece una experiencia \u00fanica y una excelente gastronom\u00eda.","robots":{"index":"index","follow":"follow","max-snippet":"max-snippet:-1","max-image-preview":"max-image-preview:large","max-video-preview":"max-video-preview:-1"},"canonical":"https:\/\/saintandrews.com.br\/es\/producto\/pizza-gourmet-primrose\/","og_locale":"es_ES","og_type":"article","og_title":"Pizza Gourmet","og_description":"Com um toque refinado e sele\u00e7\u00e3o especial de ingredientes, a Pizza Gourmet do Castelo oferece uma experi\u00eancia \u00fanica e excelente gastronomia.","og_url":"https:\/\/saintandrews.com.br\/es\/producto\/pizza-gourmet-primrose\/","og_site_name":"Castelo Saint Andrews","article_modified_time":"2026-04-06T15:01:18+00:00","og_image":[{"width":768,"height":768,"url":"https:\/\/saintandrews.com.br\/wp-content\/uploads\/2024\/03\/pizza-768x768-1.webp","type":"image\/webp"}],"twitter_card":"summary_large_image","twitter_misc":{"Tiempo de lectura":"2 minutos"},"schema":{"@context":"https:\/\/schema.org","@graph":[{"@type":"WebPage","@id":"https:\/\/saintandrews.com.br\/produto\/pizza-gourmet-primrose\/","url":"https:\/\/saintandrews.com.br\/produto\/pizza-gourmet-primrose\/","name":"Pizza Gourmet - Primrose - Castillo de Saint Andrews","isPartOf":{"@id":"https:\/\/saintandrews.com.br\/#website"},"primaryImageOfPage":{"@id":"https:\/\/saintandrews.com.br\/produto\/pizza-gourmet-primrose\/#primaryimage"},"image":{"@id":"https:\/\/saintandrews.com.br\/produto\/pizza-gourmet-primrose\/#primaryimage"},"thumbnailUrl":"https:\/\/saintandrews.com.br\/wp-content\/uploads\/2025\/07\/pizza2.webp","datePublished":"2025-07-04T13:59:48+00:00","dateModified":"2026-04-06T15:01:18+00:00","description":"Con un toque refinado y una selecci\u00f3n especial de ingredientes, Pizza Gourmet do Castelo ofrece una experiencia \u00fanica y una excelente gastronom\u00eda.","breadcrumb":{"@id":"https:\/\/saintandrews.com.br\/produto\/pizza-gourmet-primrose\/#breadcrumb"},"inLanguage":"es","potentialAction":[{"@type":"ReadAction","target":["https:\/\/saintandrews.com.br\/produto\/pizza-gourmet-primrose\/"]}]},{"@type":"ImageObject","inLanguage":"es","@id":"https:\/\/saintandrews.com.br\/produto\/pizza-gourmet-primrose\/#primaryimage","url":"https:\/\/saintandrews.com.br\/wp-content\/uploads\/2025\/07\/pizza2.webp","contentUrl":"https:\/\/saintandrews.com.br\/wp-content\/uploads\/2025\/07\/pizza2.webp","width":1000,"height":1000},{"@type":"BreadcrumbList","@id":"https:\/\/saintandrews.com.br\/produto\/pizza-gourmet-primrose\/#breadcrumb","itemListElement":[{"@type":"ListItem","position":1,"name":"In\u00edcio","item":"https:\/\/saintandrews.com.br\/"},{"@type":"ListItem","position":2,"name":"Experi\u00eancias","item":"https:\/\/saintandrews.com.br\/experiencias\/"},{"@type":"ListItem","position":3,"name":"Pizza Gourmet &#8211; Primrose"}]},{"@type":"WebSite","@id":"https:\/\/saintandrews.com.br\/#website","url":"https:\/\/saintandrews.com.br\/","name":"El Castillo De Saint Andrews.","description":"Su hotel en Gramado","publisher":{"@id":"https:\/\/saintandrews.com.br\/#organization"},"potentialAction":[{"@type":"SearchAction","target":{"@type":"EntryPoint","urlTemplate":"https:\/\/saintandrews.com.br\/?s={search_term_string}"},"query-input":{"@type":"PropertyValueSpecification","valueRequired":true,"valueName":"search_term_string"}}],"inLanguage":"es"},{"@type":"Organization","@id":"https:\/\/saintandrews.com.br\/#organization","name":"El Castillo De Saint Andrews.","url":"https:\/\/saintandrews.com.br\/","logo":{"@type":"ImageObject","inLanguage":"es","@id":"https:\/\/saintandrews.com.br\/#\/schema\/logo\/image\/","url":"https:\/\/saintandrews.com.br\/wp-content\/uploads\/2024\/04\/Logo-SaintAndrews-Cabecalho-01-01.svg","contentUrl":"https:\/\/saintandrews.com.br\/wp-content\/uploads\/2024\/04\/Logo-SaintAndrews-Cabecalho-01-01.svg","width":612.8999999999999772626324556767940521240234375,"height":167.5,"caption":"Castelo Saint Andrews"},"image":{"@id":"https:\/\/saintandrews.com.br\/#\/schema\/logo\/image\/"}}]}},"publishpress_future_action":{"enabled":false,"date":"2026-05-03 14:37:59","action":"change-status","newStatus":"draft","terms":[],"taxonomy":"product_brand","extraData":[]},"publishpress_future_workflow_manual_trigger":{"enabledWorkflows":[]},"_links":{"self":[{"href":"https:\/\/saintandrews.com.br\/es\/wp-json\/wp\/v2\/product\/18189","targetHints":{"allow":["GET"]}}],"collection":[{"href":"https:\/\/saintandrews.com.br\/es\/wp-json\/wp\/v2\/product"}],"about":[{"href":"https:\/\/saintandrews.com.br\/es\/wp-json\/wp\/v2\/types\/product"}],"wp:featuredmedia":[{"embeddable":true,"href":"https:\/\/saintandrews.com.br\/es\/wp-json\/wp\/v2\/media\/18197"}],"wp:attachment":[{"href":"https:\/\/saintandrews.com.br\/es\/wp-json\/wp\/v2\/media?parent=18189"}],"wp:term":[{"taxonomy":"product_brand","embeddable":true,"href":"https:\/\/saintandrews.com.br\/es\/wp-json\/wp\/v2\/product_brand?post=18189"},{"taxonomy":"product_cat","embeddable":true,"href":"https:\/\/saintandrews.com.br\/es\/wp-json\/wp\/v2\/product_cat?post=18189"},{"taxonomy":"product_tag","embeddable":true,"href":"https:\/\/saintandrews.com.br\/es\/wp-json\/wp\/v2\/product_tag?post=18189"}],"curies":[{"name":"wp","href":"https:\/\/api.w.org\/{rel}","templated":true}]}}