{"id":15495,"date":"2026-04-03T09:14:40","date_gmt":"2026-04-03T12:14:40","guid":{"rendered":"https:\/\/saintandrews.com.br\/?post_type=product&#038;p=15495"},"modified":"2026-04-17T14:59:46","modified_gmt":"2026-04-17T17:59:46","slug":"cena-especial-de-junio-con-fondue-moet","status":"publish","type":"product","link":"https:\/\/saintandrews.com.br\/es\/produto\/junho-jantar-especial-fondue-moet\/","title":{"rendered":"Junio<br>Cena especial <br> Fondue Suiza con Mo\u00ebt &amp; Chandon"},"content":{"rendered":"<p>Acogedora y rom\u00e1ntica, la fondue es una celebraci\u00f3n de sabores y una opci\u00f3n perfecta para compartir momentos inolvidables en pareja durante las acogedoras y frescas noches de la regi\u00f3n de Serra Ga\u00facha.<\/p>\n<p>En el Castillo de Saint Andrews, hemos creado una experiencia \u00fanica que pone de relieve la rica cultura gastron\u00f3mica de la regi\u00f3n, combinando la elegancia con el irresistible encanto de la fondue.<\/p>\n<p>Esta cena especial ofrece una selecci\u00f3n exclusiva de cuatro variedades de fondue:<\/p>\n<p>&nbsp;<\/p>\n<p>MEN\u00da<\/p>\n<ul>\n<li><strong>Fondue junto al mar:<\/strong> Camarones, vieiras, mejillones y lenguado a preparar en Court-Bouillon. Adornado con salsa de eneldo, tapenade provenzal, salsa de alcaparras y emulsi\u00f3n de lim\u00f3n.<\/li>\n<li><strong>Fondue de queso:<\/strong> Baguette, Pan de Olivo, Pan de Centeno, Papas, Champi\u00f1ones, Br\u00f3coli y Tomates para ser ba\u00f1ados en una cremosa mezcla de quesos importados.<\/li>\n<li><strong>Fondue de carne:<\/strong> Filetes de filet mignon Red Angus para preparar en salsa Bourguignon y Trufa Negra, pat\u00e9 de mostaza Dijon, emulsi\u00f3n de pimientos y dip de gorgonzola.<\/li>\n<li><strong>Fondue de chocolate:<\/strong> Salsa de chocolate belga y co\u00f1ac acompa\u00f1ada de albaricoque turco, frutas de temporada y almendras laminadas.<\/li>\n<\/ul>\n<p>&nbsp;<\/p>\n<p>La experiencia estar\u00e1 acompa\u00f1ada de una botella de <strong>Champ\u00e1n Mo\u00ebt &amp; Chandon<\/strong> Para parejas. Una experiencia llena de sabor, sofisticaci\u00f3n y romanticismo en un entorno impresionante.<\/p>\n<p>&nbsp;<\/p>\n<p>Para finalizar la experiencia se servir\u00e1 caf\u00e9, t\u00e9 y mignardises de Saint Andrews.<\/p>\n<p>&nbsp;<\/p>\n<p>Fecha: 12 de junio (jueves)<br \/>\nHora de inicio: 19:30 (bebida de bienvenida).<br \/>\nCena: 20:00.<\/p>\n<p>&nbsp;<\/p>\n<p><span style=\"font-size: 10pt;\">*El men\u00fa y precios est\u00e1n sujetos a cambios sin previo aviso.<br \/>\n*Imagen s\u00f3lo con fines ilustrativos.<\/span><\/p>\n<p>&nbsp;<\/p>\n<p><strong>Precio de la cena por pareja:<br \/>\n<span style=\"font-size: 10pt;\">(+ cargo por servicio en el sitio)<\/span><\/strong><\/p>","protected":false},"excerpt":{"rendered":"<p>Envolvente e rom\u00e2ntico, o fondue \u00e9 uma celebra\u00e7\u00e3o de sabores e uma escolha perfeita para compartilhar momentos inesquec\u00edveis a dois nas acolhedoras noites frias da Serra Ga\u00facha. No Castelo Saint Andrews, criamos uma experi\u00eancia \u00fanica que destaca a rica cultura gastron\u00f4mica da regi\u00e3o, combinando eleg\u00e2ncia e o charme irresist\u00edvel do fondue. Este jantar especial oferece [&hellip;]<\/p>\n","protected":false},"featured_media":24819,"template":"","meta":{"_acf_changed":false},"product_brand":[],"product_cat":[228,294],"product_tag":[320],"class_list":{"0":"post-15495","1":"product","2":"type-product","3":"status-publish","4":"has-post-thumbnail","6":"product_cat-festivais","7":"product_cat-shows","8":"product_tag-layout-gastronomia-especial","10":"first","11":"instock","12":"virtual","13":"sold-individually","14":"taxable","15":"purchasable","16":"product-type-booking"},"acf":[],"yoast_head":"<!-- This site is optimized with the Yoast SEO plugin v27.2 - https:\/\/yoast.com\/product\/yoast-seo-wordpress\/ -->\n<title>JunhoJantar Especial  Fondue Suisse c\/ Mo\u00ebt &amp; Chandon - Castelo Saint Andrews<\/title>\n<meta name=\"robots\" content=\"index, follow, max-snippet:-1, max-image-preview:large, max-video-preview:-1\" \/>\n<link rel=\"canonical\" href=\"https:\/\/saintandrews.com.br\/es\/producto\/cena-especial-de-junio-con-fondue-moet\/\" \/>\n<meta property=\"og:locale\" content=\"es_ES\" \/>\n<meta property=\"og:type\" content=\"article\" \/>\n<meta property=\"og:title\" content=\"JunhoJantar Especial  Fondue Suisse c\/ Mo\u00ebt &amp; Chandon - Castelo Saint Andrews\" \/>\n<meta property=\"og:description\" content=\"Envolvente e rom\u00e2ntico, o fondue \u00e9 uma celebra\u00e7\u00e3o de sabores e uma escolha perfeita para compartilhar momentos inesquec\u00edveis a dois nas acolhedoras noites frias da Serra Ga\u00facha. No Castelo Saint Andrews, criamos uma experi\u00eancia \u00fanica que destaca a rica cultura gastron\u00f4mica da regi\u00e3o, combinando eleg\u00e2ncia e o charme irresist\u00edvel do fondue. Este jantar especial oferece [&hellip;]\" \/>\n<meta property=\"og:url\" content=\"https:\/\/saintandrews.com.br\/es\/producto\/cena-especial-de-junio-con-fondue-moet\/\" \/>\n<meta property=\"og:site_name\" content=\"Castelo Saint Andrews\" \/>\n<meta property=\"article:modified_time\" content=\"2026-04-17T17:59:46+00:00\" \/>\n<meta property=\"og:image\" content=\"https:\/\/saintandrews.com.br\/wp-content\/uploads\/2026\/04\/namorados-01.webp\" \/>\n\t<meta property=\"og:image:width\" content=\"1000\" \/>\n\t<meta property=\"og:image:height\" content=\"1000\" \/>\n\t<meta property=\"og:image:type\" content=\"image\/webp\" \/>\n<meta name=\"twitter:card\" content=\"summary_large_image\" \/>\n<meta name=\"twitter:label1\" content=\"Tiempo de lectura\" \/>\n\t<meta name=\"twitter:data1\" content=\"2 minutos\" \/>\n<script type=\"application\/ld+json\" class=\"yoast-schema-graph\">{\"@context\":\"https:\/\/schema.org\",\"@graph\":[{\"@type\":\"WebPage\",\"@id\":\"https:\/\/saintandrews.com.br\/produto\/junho-jantar-especial-fondue-moet\/\",\"url\":\"https:\/\/saintandrews.com.br\/produto\/junho-jantar-especial-fondue-moet\/\",\"name\":\"Junho Jantar Especial Fondue Suisse c\/ Mo\u00ebt & Chandon - Castelo Saint Andrews\",\"isPartOf\":{\"@id\":\"https:\/\/saintandrews.com.br\/#website\"},\"primaryImageOfPage\":{\"@id\":\"https:\/\/saintandrews.com.br\/produto\/junho-jantar-especial-fondue-moet\/#primaryimage\"},\"image\":{\"@id\":\"https:\/\/saintandrews.com.br\/produto\/junho-jantar-especial-fondue-moet\/#primaryimage\"},\"thumbnailUrl\":\"https:\/\/saintandrews.com.br\/wp-content\/uploads\/2026\/04\/namorados-01.webp\",\"datePublished\":\"2026-04-03T12:14:40+00:00\",\"dateModified\":\"2026-04-17T17:59:46+00:00\",\"breadcrumb\":{\"@id\":\"https:\/\/saintandrews.com.br\/produto\/junho-jantar-especial-fondue-moet\/#breadcrumb\"},\"inLanguage\":\"es\",\"potentialAction\":[{\"@type\":\"ReadAction\",\"target\":[\"https:\/\/saintandrews.com.br\/produto\/junho-jantar-especial-fondue-moet\/\"]}]},{\"@type\":\"ImageObject\",\"inLanguage\":\"es\",\"@id\":\"https:\/\/saintandrews.com.br\/produto\/junho-jantar-especial-fondue-moet\/#primaryimage\",\"url\":\"https:\/\/saintandrews.com.br\/wp-content\/uploads\/2026\/04\/namorados-01.webp\",\"contentUrl\":\"https:\/\/saintandrews.com.br\/wp-content\/uploads\/2026\/04\/namorados-01.webp\",\"width\":1000,\"height\":1000},{\"@type\":\"BreadcrumbList\",\"@id\":\"https:\/\/saintandrews.com.br\/produto\/junho-jantar-especial-fondue-moet\/#breadcrumb\",\"itemListElement\":[{\"@type\":\"ListItem\",\"position\":1,\"name\":\"In\u00edcio\",\"item\":\"https:\/\/saintandrews.com.br\/\"},{\"@type\":\"ListItem\",\"position\":2,\"name\":\"Experi\u00eancias\",\"item\":\"https:\/\/saintandrews.com.br\/experiencias\/\"},{\"@type\":\"ListItem\",\"position\":3,\"name\":\"JunhoJantar Especial Fondue Suisse c\/ Mo\u00ebt &#038; Chandon\"}]},{\"@type\":\"WebSite\",\"@id\":\"https:\/\/saintandrews.com.br\/#website\",\"url\":\"https:\/\/saintandrews.com.br\/\",\"name\":\"Castelo Saint Andrews\",\"description\":\"Seu hotel\u00a0em\u00a0Gramado\",\"publisher\":{\"@id\":\"https:\/\/saintandrews.com.br\/#organization\"},\"potentialAction\":[{\"@type\":\"SearchAction\",\"target\":{\"@type\":\"EntryPoint\",\"urlTemplate\":\"https:\/\/saintandrews.com.br\/?s={search_term_string}\"},\"query-input\":{\"@type\":\"PropertyValueSpecification\",\"valueRequired\":true,\"valueName\":\"search_term_string\"}}],\"inLanguage\":\"es\"},{\"@type\":\"Organization\",\"@id\":\"https:\/\/saintandrews.com.br\/#organization\",\"name\":\"Castelo Saint Andrews\",\"url\":\"https:\/\/saintandrews.com.br\/\",\"logo\":{\"@type\":\"ImageObject\",\"inLanguage\":\"es\",\"@id\":\"https:\/\/saintandrews.com.br\/#\/schema\/logo\/image\/\",\"url\":\"https:\/\/saintandrews.com.br\/wp-content\/uploads\/2024\/04\/Logo-SaintAndrews-Cabecalho-01-01.svg\",\"contentUrl\":\"https:\/\/saintandrews.com.br\/wp-content\/uploads\/2024\/04\/Logo-SaintAndrews-Cabecalho-01-01.svg\",\"width\":612.8999999999999772626324556767940521240234375,\"height\":167.5,\"caption\":\"Castelo Saint Andrews\"},\"image\":{\"@id\":\"https:\/\/saintandrews.com.br\/#\/schema\/logo\/image\/\"}}]}<\/script>\n<!-- \/ Yoast SEO plugin. -->","yoast_head_json":{"title":"Cena especial de junio: Fondue suiza con Mo\u00ebt &amp; Chandon - Castillo de Saint Andrews","robots":{"index":"index","follow":"follow","max-snippet":"max-snippet:-1","max-image-preview":"max-image-preview:large","max-video-preview":"max-video-preview:-1"},"canonical":"https:\/\/saintandrews.com.br\/es\/producto\/cena-especial-de-junio-con-fondue-moet\/","og_locale":"es_ES","og_type":"article","og_title":"JunhoJantar Especial  Fondue Suisse c\/ Mo\u00ebt & Chandon - Castelo Saint Andrews","og_description":"Envolvente e rom\u00e2ntico, o fondue \u00e9 uma celebra\u00e7\u00e3o de sabores e uma escolha perfeita para compartilhar momentos inesquec\u00edveis a dois nas acolhedoras noites frias da Serra Ga\u00facha. No Castelo Saint Andrews, criamos uma experi\u00eancia \u00fanica que destaca a rica cultura gastron\u00f4mica da regi\u00e3o, combinando eleg\u00e2ncia e o charme irresist\u00edvel do fondue. Este jantar especial oferece [&hellip;]","og_url":"https:\/\/saintandrews.com.br\/es\/producto\/cena-especial-de-junio-con-fondue-moet\/","og_site_name":"Castelo Saint Andrews","article_modified_time":"2026-04-17T17:59:46+00:00","og_image":[{"width":1000,"height":1000,"url":"https:\/\/saintandrews.com.br\/wp-content\/uploads\/2026\/04\/namorados-01.webp","type":"image\/webp"}],"twitter_card":"summary_large_image","twitter_misc":{"Tiempo de lectura":"2 minutos"},"schema":{"@context":"https:\/\/schema.org","@graph":[{"@type":"WebPage","@id":"https:\/\/saintandrews.com.br\/produto\/junho-jantar-especial-fondue-moet\/","url":"https:\/\/saintandrews.com.br\/produto\/junho-jantar-especial-fondue-moet\/","name":"Cena especial de junio: Fondue suiza con Mo\u00ebt &amp; Chandon - Castillo de Saint Andrews","isPartOf":{"@id":"https:\/\/saintandrews.com.br\/#website"},"primaryImageOfPage":{"@id":"https:\/\/saintandrews.com.br\/produto\/junho-jantar-especial-fondue-moet\/#primaryimage"},"image":{"@id":"https:\/\/saintandrews.com.br\/produto\/junho-jantar-especial-fondue-moet\/#primaryimage"},"thumbnailUrl":"https:\/\/saintandrews.com.br\/wp-content\/uploads\/2026\/04\/namorados-01.webp","datePublished":"2026-04-03T12:14:40+00:00","dateModified":"2026-04-17T17:59:46+00:00","breadcrumb":{"@id":"https:\/\/saintandrews.com.br\/produto\/junho-jantar-especial-fondue-moet\/#breadcrumb"},"inLanguage":"es","potentialAction":[{"@type":"ReadAction","target":["https:\/\/saintandrews.com.br\/produto\/junho-jantar-especial-fondue-moet\/"]}]},{"@type":"ImageObject","inLanguage":"es","@id":"https:\/\/saintandrews.com.br\/produto\/junho-jantar-especial-fondue-moet\/#primaryimage","url":"https:\/\/saintandrews.com.br\/wp-content\/uploads\/2026\/04\/namorados-01.webp","contentUrl":"https:\/\/saintandrews.com.br\/wp-content\/uploads\/2026\/04\/namorados-01.webp","width":1000,"height":1000},{"@type":"BreadcrumbList","@id":"https:\/\/saintandrews.com.br\/produto\/junho-jantar-especial-fondue-moet\/#breadcrumb","itemListElement":[{"@type":"ListItem","position":1,"name":"In\u00edcio","item":"https:\/\/saintandrews.com.br\/"},{"@type":"ListItem","position":2,"name":"Experi\u00eancias","item":"https:\/\/saintandrews.com.br\/experiencias\/"},{"@type":"ListItem","position":3,"name":"JunhoJantar Especial Fondue Suisse c\/ Mo\u00ebt &#038; Chandon"}]},{"@type":"WebSite","@id":"https:\/\/saintandrews.com.br\/#website","url":"https:\/\/saintandrews.com.br\/","name":"El Castillo De Saint Andrews.","description":"Su hotel en Gramado","publisher":{"@id":"https:\/\/saintandrews.com.br\/#organization"},"potentialAction":[{"@type":"SearchAction","target":{"@type":"EntryPoint","urlTemplate":"https:\/\/saintandrews.com.br\/?s={search_term_string}"},"query-input":{"@type":"PropertyValueSpecification","valueRequired":true,"valueName":"search_term_string"}}],"inLanguage":"es"},{"@type":"Organization","@id":"https:\/\/saintandrews.com.br\/#organization","name":"El Castillo De Saint Andrews.","url":"https:\/\/saintandrews.com.br\/","logo":{"@type":"ImageObject","inLanguage":"es","@id":"https:\/\/saintandrews.com.br\/#\/schema\/logo\/image\/","url":"https:\/\/saintandrews.com.br\/wp-content\/uploads\/2024\/04\/Logo-SaintAndrews-Cabecalho-01-01.svg","contentUrl":"https:\/\/saintandrews.com.br\/wp-content\/uploads\/2024\/04\/Logo-SaintAndrews-Cabecalho-01-01.svg","width":612.8999999999999772626324556767940521240234375,"height":167.5,"caption":"Castelo Saint Andrews"},"image":{"@id":"https:\/\/saintandrews.com.br\/#\/schema\/logo\/image\/"}}]}},"publishpress_future_action":{"enabled":true,"date":"2026-06-30 18:00:00","action":"change-status","newStatus":"draft","terms":[0],"taxonomy":"product_brand","extraData":[]},"publishpress_future_workflow_manual_trigger":{"enabledWorkflows":[]},"_links":{"self":[{"href":"https:\/\/saintandrews.com.br\/es\/wp-json\/wp\/v2\/product\/15495","targetHints":{"allow":["GET"]}}],"collection":[{"href":"https:\/\/saintandrews.com.br\/es\/wp-json\/wp\/v2\/product"}],"about":[{"href":"https:\/\/saintandrews.com.br\/es\/wp-json\/wp\/v2\/types\/product"}],"wp:featuredmedia":[{"embeddable":true,"href":"https:\/\/saintandrews.com.br\/es\/wp-json\/wp\/v2\/media\/24819"}],"wp:attachment":[{"href":"https:\/\/saintandrews.com.br\/es\/wp-json\/wp\/v2\/media?parent=15495"}],"wp:term":[{"taxonomy":"product_brand","embeddable":true,"href":"https:\/\/saintandrews.com.br\/es\/wp-json\/wp\/v2\/product_brand?post=15495"},{"taxonomy":"product_cat","embeddable":true,"href":"https:\/\/saintandrews.com.br\/es\/wp-json\/wp\/v2\/product_cat?post=15495"},{"taxonomy":"product_tag","embeddable":true,"href":"https:\/\/saintandrews.com.br\/es\/wp-json\/wp\/v2\/product_tag?post=15495"}],"curies":[{"name":"wp","href":"https:\/\/api.w.org\/{rel}","templated":true}]}}