{"id":12182,"date":"2024-09-13T15:01:48","date_gmt":"2024-09-13T18:01:48","guid":{"rendered":"https:\/\/saintandrews.com.br\/?page_id=12182"},"modified":"2025-07-28T20:14:37","modified_gmt":"2025-07-28T23:14:37","slug":"blog","status":"publish","type":"page","link":"https:\/\/saintandrews.com.br\/es\/blog\/","title":{"rendered":"Blog"},"content":{"rendered":"<div data-elementor-type=\"wp-page\" data-elementor-id=\"12182\" class=\"elementor elementor-12182\" data-elementor-post-type=\"page\">\n\t\t\t\t<div class=\"elementor-element elementor-element-32aa8b1 e-flex e-con-boxed e-con e-parent\" data-id=\"32aa8b1\" data-element_type=\"container\" data-e-type=\"container\" data-settings=\"{&quot;background_background&quot;:&quot;classic&quot;,&quot;jet_parallax_layout_list&quot;:[]}\">\n\t\t\t\t\t<div class=\"e-con-inner\">\n\t\t\t\t<div class=\"elementor-element elementor-element-7f80252 elementor-invisible elementor-widget elementor-widget-heading\" data-id=\"7f80252\" data-element_type=\"widget\" data-e-type=\"widget\" data-settings=\"{&quot;_animation&quot;:&quot;fadeInUp&quot;}\" data-widget_type=\"heading.default\">\n\t\t\t\t\t<h2 class=\"elementor-heading-title elementor-size-default\">BLOG<\/h2>\t\t\t\t<\/div>\n\t\t\t\t\t<\/div>\n\t\t\t\t<\/div>\n\t\t<div class=\"elementor-element elementor-element-330099c e-flex e-con-boxed e-con e-parent\" data-id=\"330099c\" data-element_type=\"container\" data-e-type=\"container\" data-settings=\"{&quot;jet_parallax_layout_list&quot;:[],&quot;background_background&quot;:&quot;classic&quot;}\">\n\t\t\t\t\t<div class=\"e-con-inner\">\n\t\t\t\t<div class=\"elementor-element elementor-element-018a05d elementor-widget elementor-widget-spacer\" data-id=\"018a05d\" data-element_type=\"widget\" data-e-type=\"widget\" data-widget_type=\"spacer.default\">\n\t\t\t\t\t\t\t<div class=\"elementor-spacer\">\n\t\t\t<div class=\"elementor-spacer-inner\"><\/div>\n\t\t<\/div>\n\t\t\t\t\t\t<\/div>\n\t\t\t\t<div class=\"elementor-element elementor-element-7a56af3 elementor-grid-3 elementor-grid-tablet-2 elementor-grid-mobile-1 elementor-widget elementor-widget-pp-posts\" data-id=\"7a56af3\" data-element_type=\"widget\" data-e-type=\"widget\" data-widget_type=\"pp-posts.portfolio\">\n\t\t\t\t\t\t\t<div class=\"pp-posts-container\">\n\t\t\t\n\t\t\t\t\t\t\t\t\t\t\n\t\t\t<div class=\"pp-posts pp-posts-skin-portfolio elementor-grid pp-posts-grid\" data-query-type=\"custom\" data-layout=\"grid\" data-page=\"12182\" data-skin=\"portfolio\">\n\t\t\t\t\t\t\t\t\t\t\t<div class=\"pp-post-wrap pp-grid-item-wrap elementor-grid-item post-16758 post type-post status-publish format-standard has-post-thumbnail hentry category-nao-categorizado\">\n\t\t\t\t\t\t<div class=\"pp-post pp-grid-item\">\n\t\t\t\t\t\t<div class=\"pp-post-thumbnail\">\n\t\t\t<a class=\"pp-post-thumbnail-wrap\" href=\"https:\/\/saintandrews.com.br\/es\/dia-do-malbec-simbolo-do-vinho-argentino\/\" title=\"D\u00eda del Malbec, s\u00edmbolo del vino argentino.\">\n\t\t\t\t<img fetchpriority=\"high\" decoding=\"async\" width=\"800\" height=\"800\" src=\"https:\/\/saintandrews.com.br\/wp-content\/uploads\/2025\/04\/malbec.webp\" class=\"attachment-large size-large wp-image-16759\" alt=\"\" srcset=\"https:\/\/saintandrews.com.br\/wp-content\/uploads\/2025\/04\/malbec.webp 1000w, https:\/\/saintandrews.com.br\/wp-content\/uploads\/2025\/04\/malbec-300x300.webp 300w, https:\/\/saintandrews.com.br\/wp-content\/uploads\/2025\/04\/malbec-150x150.webp 150w, https:\/\/saintandrews.com.br\/wp-content\/uploads\/2025\/04\/malbec-768x768.webp 768w, https:\/\/saintandrews.com.br\/wp-content\/uploads\/2025\/04\/malbec-12x12.webp 12w, https:\/\/saintandrews.com.br\/wp-content\/uploads\/2025\/04\/malbec-600x600.webp 600w, https:\/\/saintandrews.com.br\/wp-content\/uploads\/2025\/04\/malbec-100x100.webp 100w\" sizes=\"(max-width: 800px) 100vw, 800px\" \/>\t\t\t<\/a>\n\t\t<\/div>\n\t\t\n\t\t\t\t\n\t\t\t\t<div class=\"pp-post-content-wrap\">\n\t\t\t\t\t<div class=\"pp-post-content\">\n\t\t\t\t\t\t\t\t<div class=\"pp-post-terms-wrap\">\n\t\t\t<span class=\"pp-post-terms\">\n\t\t\t\t<span class=\"pp-post-term\"><a href=\"https:\/\/saintandrews.com.br\/es\/category\/nao-categorizado\/\">Sin categorizar<\/a><\/span>\t\t\t<\/span>\n\t\t<\/div>\n\t\t\t\t\t\t\t\t<h2 class=\"pp-post-title\">\n\t\t\t\t<a href=\"https:\/\/saintandrews.com.br\/es\/dia-do-malbec-simbolo-do-vinho-argentino\/\">D\u00eda del Malbec, s\u00edmbolo del vino argentino.<\/a>\t\t\t<\/h2>\n\t\t\t\t\t\t\t\t\t<div class=\"pp-post-meta\">\n\t\t\t\t\t\t<span class=\"pp-post-date\">\n\t\t\t\t\t\t<span class=\"pp-meta-text\">\n\t\t\t\t22\/04\/2025\t\t\t<\/span>\n\t\t<\/span>\n\t\t<span class=\"pp-meta-separator\"><\/span>\n\t\t\t\t\t\t<span class=\"pp-post-comments\">\n\t\t\t\t\t\t<span class=\"pp-meta-text\">\n\t\t\t\tSin comentarios\t\t\t<\/span>\n\t\t<\/span>\n\t\t<span class=\"pp-meta-separator\"><\/span>\n\t\t\t\t\t\t\t<\/div>\n\t\t\t\t\t<div class=\"pp-post-excerpt\">\n\t\t\t<p>Nacida en Francia, la uva Malbec conquist\u00f3 el mundo despu\u00e9s de cruzar el Oc\u00e9ano Atl\u00e1ntico y dar frutos en Argentina...<\/p>\n\t\t<\/div>\n\t\t\t\t\t\t\t<\/div>\n\t\t\t\t\t\t\t\t\t<\/div>\n\n\t\t\t\t\t\t\t<\/div>\n\t\t\t\t\t<\/div>\n\t\t\t\t<div class=\"pp-post-wrap pp-grid-item-wrap elementor-grid-item post-12180 post type-post status-publish format-standard has-post-thumbnail hentry category-nao-categorizado\">\n\t\t\t\t\t\t<div class=\"pp-post pp-grid-item\">\n\t\t\t\t\t\t<div class=\"pp-post-thumbnail\">\n\t\t\t<a class=\"pp-post-thumbnail-wrap\" href=\"https:\/\/saintandrews.com.br\/es\/castelo-saint-andrews-sedia-festival-luxury-brands-concha-y-toro-e-experiencia-paint-and-drink\/\" title=\"El Castillo de Saint Andrews acoge el Festival de Marcas de Lujo Concha Y Toro y la Experiencia de Pintura y Bebida.\">\n\t\t\t\t<img decoding=\"async\" width=\"800\" height=\"800\" src=\"https:\/\/saintandrews.com.br\/wp-content\/uploads\/2024\/09\/materia-blog.webp\" class=\"attachment-large size-large wp-image-12185\" alt=\"El Castillo de San Andr\u00e9s acoge el Festival de Marcas de Lujo Concha y Toro y la Experiencia de Pintura y Bebida.\" srcset=\"https:\/\/saintandrews.com.br\/wp-content\/uploads\/2024\/09\/materia-blog.webp 1000w, https:\/\/saintandrews.com.br\/wp-content\/uploads\/2024\/09\/materia-blog-300x300.webp 300w, https:\/\/saintandrews.com.br\/wp-content\/uploads\/2024\/09\/materia-blog-150x150.webp 150w, https:\/\/saintandrews.com.br\/wp-content\/uploads\/2024\/09\/materia-blog-768x768.webp 768w, https:\/\/saintandrews.com.br\/wp-content\/uploads\/2024\/09\/materia-blog-12x12.webp 12w, https:\/\/saintandrews.com.br\/wp-content\/uploads\/2024\/09\/materia-blog-600x600.webp 600w, https:\/\/saintandrews.com.br\/wp-content\/uploads\/2024\/09\/materia-blog-100x100.webp 100w\" sizes=\"(max-width: 800px) 100vw, 800px\" \/>\t\t\t<\/a>\n\t\t<\/div>\n\t\t\n\t\t\t\t\n\t\t\t\t<div class=\"pp-post-content-wrap\">\n\t\t\t\t\t<div class=\"pp-post-content\">\n\t\t\t\t\t\t\t\t<div class=\"pp-post-terms-wrap\">\n\t\t\t<span class=\"pp-post-terms\">\n\t\t\t\t<span class=\"pp-post-term\"><a href=\"https:\/\/saintandrews.com.br\/es\/category\/nao-categorizado\/\">Sin categorizar<\/a><\/span>\t\t\t<\/span>\n\t\t<\/div>\n\t\t\t\t\t\t\t\t<h2 class=\"pp-post-title\">\n\t\t\t\t<a href=\"https:\/\/saintandrews.com.br\/es\/castelo-saint-andrews-sedia-festival-luxury-brands-concha-y-toro-e-experiencia-paint-and-drink\/\">El Castillo de Saint Andrews acoge el Festival de Marcas de Lujo Concha Y Toro y la Experiencia de Pintura y Bebida.<\/a>\t\t\t<\/h2>\n\t\t\t\t\t\t\t\t\t<div class=\"pp-post-meta\">\n\t\t\t\t\t\t<span class=\"pp-post-date\">\n\t\t\t\t\t\t<span class=\"pp-meta-text\">\n\t\t\t\t13\/09\/2024\t\t\t<\/span>\n\t\t<\/span>\n\t\t<span class=\"pp-meta-separator\"><\/span>\n\t\t\t\t\t\t<span class=\"pp-post-comments\">\n\t\t\t\t\t\t<span class=\"pp-meta-text\">\n\t\t\t\tSin comentarios\t\t\t<\/span>\n\t\t<\/span>\n\t\t<span class=\"pp-meta-separator\"><\/span>\n\t\t\t\t\t\t\t<\/div>\n\t\t\t\t\t<div class=\"pp-post-excerpt\">\n\t\t\t<p>El programa especial incluir\u00e1 un taller de pintura en copas de vino y una cena maridada con vinos ic\u00f3nicos como Amelia Chardonnay, Heritage y Don Melchor...<\/p>\n\t\t<\/div>\n\t\t\t\t\t\t\t<\/div>\n\t\t\t\t\t\t\t\t\t<\/div>\n\n\t\t\t\t\t\t\t<\/div>\n\t\t\t\t\t<\/div>\n\t\t\t\t\t\t\t\t\t<\/div>\n\t\t\t\n\t\t\t\n\t\t\t\n\t\t\t\n\t\t\t\t\t\t\t\t\t\t\t\t<\/div>\n\n\t\t\n\t\t\t\t\t\t<\/div>\n\t\t\t\t<div class=\"elementor-element elementor-element-115cf0a elementor-widget elementor-widget-spacer\" data-id=\"115cf0a\" data-element_type=\"widget\" data-e-type=\"widget\" data-widget_type=\"spacer.default\">\n\t\t\t\t\t\t\t<div class=\"elementor-spacer\">\n\t\t\t<div class=\"elementor-spacer-inner\"><\/div>\n\t\t<\/div>\n\t\t\t\t\t\t<\/div>\n\t\t\t\t\t<\/div>\n\t\t\t\t<\/div>\n\t\t\t\t<section class=\"elementor-section elementor-top-section elementor-element elementor-element-b21e807 elementor-section-boxed elementor-section-height-default elementor-section-height-default\" data-id=\"b21e807\" data-element_type=\"section\" data-e-type=\"section\" data-settings=\"{&quot;background_background&quot;:&quot;classic&quot;,&quot;animation&quot;:&quot;none&quot;,&quot;jet_parallax_layout_list&quot;:[]}\">\n\t\t\t\t\t\t<div class=\"elementor-container elementor-column-gap-default\">\n\t\t\t\t\t<div class=\"elementor-column elementor-col-25 elementor-top-column elementor-element elementor-element-9488517\" data-id=\"9488517\" data-element_type=\"column\" data-e-type=\"column\">\n\t\t\t<div class=\"elementor-widget-wrap\">\n\t\t\t\t\t\t\t<\/div>\n\t\t<\/div>\n\t\t\t\t<div class=\"elementor-column elementor-col-50 elementor-top-column elementor-element elementor-element-594616f\" data-id=\"594616f\" data-element_type=\"column\" data-e-type=\"column\">\n\t\t\t<div class=\"elementor-widget-wrap elementor-element-populated\">\n\t\t\t\t\t\t<div class=\"elementor-element elementor-element-90d210b elementor-widget__width-inherit elementor-widget elementor-widget-image\" data-id=\"90d210b\" data-element_type=\"widget\" data-e-type=\"widget\" data-widget_type=\"image.default\">\n\t\t\t\t\t\t\t\t\t\t\t\t\t\t\t<img decoding=\"async\" width=\"768\" height=\"133\" src=\"https:\/\/saintandrews.com.br\/wp-content\/uploads\/2024\/04\/divisor-768x133.png\" class=\"attachment-medium_large size-medium_large wp-image-9473\" alt=\"\" srcset=\"https:\/\/saintandrews.com.br\/wp-content\/uploads\/2024\/04\/divisor-768x133.png 768w, https:\/\/saintandrews.com.br\/wp-content\/uploads\/2024\/04\/divisor-300x52.png 300w, https:\/\/saintandrews.com.br\/wp-content\/uploads\/2024\/04\/divisor-1024x177.png 1024w, https:\/\/saintandrews.com.br\/wp-content\/uploads\/2024\/04\/divisor.png 1070w\" sizes=\"(max-width: 768px) 100vw, 768px\" \/>\t\t\t\t\t\t\t\t\t\t\t\t\t\t\t<\/div>\n\t\t\t\t\t<\/div>\n\t\t<\/div>\n\t\t\t\t<div class=\"elementor-column elementor-col-25 elementor-top-column elementor-element elementor-element-4ac76f0\" data-id=\"4ac76f0\" data-element_type=\"column\" data-e-type=\"column\">\n\t\t\t<div class=\"elementor-widget-wrap elementor-element-populated\">\n\t\t\t\t\t\t<div class=\"elementor-element elementor-element-ddbeaa0 elementor-widget elementor-widget-spacer\" data-id=\"ddbeaa0\" data-element_type=\"widget\" data-e-type=\"widget\" data-widget_type=\"spacer.default\">\n\t\t\t\t\t\t\t<div class=\"elementor-spacer\">\n\t\t\t<div class=\"elementor-spacer-inner\"><\/div>\n\t\t<\/div>\n\t\t\t\t\t\t<\/div>\n\t\t\t\t\t<\/div>\n\t\t<\/div>\n\t\t\t\t\t<\/div>\n\t\t<\/section>\n\t\t\t\t<section class=\"elementor-section elementor-top-section elementor-element elementor-element-967b2b6 elementor-section-boxed elementor-section-height-default elementor-section-height-default\" data-id=\"967b2b6\" data-element_type=\"section\" data-e-type=\"section\" data-settings=\"{&quot;background_background&quot;:&quot;classic&quot;,&quot;animation&quot;:&quot;none&quot;,&quot;jet_parallax_layout_list&quot;:[]}\">\n\t\t\t\t\t\t<div class=\"elementor-container elementor-column-gap-default\">\n\t\t\t\t\t<div class=\"elementor-column elementor-col-25 elementor-top-column elementor-element elementor-element-3a0965e\" data-id=\"3a0965e\" data-element_type=\"column\" data-e-type=\"column\">\n\t\t\t<div class=\"elementor-widget-wrap\">\n\t\t\t\t\t\t\t<\/div>\n\t\t<\/div>\n\t\t\t\t<div class=\"elementor-column elementor-col-50 elementor-top-column elementor-element elementor-element-7ce733a\" data-id=\"7ce733a\" data-element_type=\"column\" data-e-type=\"column\">\n\t\t\t<div class=\"elementor-widget-wrap\">\n\t\t\t\t\t\t\t<\/div>\n\t\t<\/div>\n\t\t\t\t<div class=\"elementor-column elementor-col-25 elementor-top-column elementor-element elementor-element-dce4012\" data-id=\"dce4012\" data-element_type=\"column\" data-e-type=\"column\">\n\t\t\t<div class=\"elementor-widget-wrap elementor-element-populated\">\n\t\t\t\t\t\t<div class=\"elementor-element elementor-element-b5e3b0b elementor-widget elementor-widget-spacer\" data-id=\"b5e3b0b\" data-element_type=\"widget\" data-e-type=\"widget\" data-widget_type=\"spacer.default\">\n\t\t\t\t\t\t\t<div class=\"elementor-spacer\">\n\t\t\t<div class=\"elementor-spacer-inner\"><\/div>\n\t\t<\/div>\n\t\t\t\t\t\t<\/div>\n\t\t\t\t\t<\/div>\n\t\t<\/div>\n\t\t\t\t\t<\/div>\n\t\t<\/section>\n\t\t\t\t<\/div>","protected":false},"excerpt":{"rendered":"<p>BLOG Blog Dia do Malbec, s\u00edmbolo do vinho argentino 22\/04\/2025 Nenhum coment\u00e1rio Nascida na Fran\u00e7a, a uva Malbec conquistou o mundo depois de ter cruzado o Oceano Atl\u00e2ntico e frutificado na Argentina, &#8230; Blog Castelo Saint Andrews sedia Festival Luxury Brands Concha Y Toro e Experi\u00eancia Paint and Drink 13\/09\/2024 Nenhum coment\u00e1rio Programa\u00e7\u00e3o especial ter\u00e1 [&hellip;]<\/p>\n","protected":false},"author":2,"featured_media":0,"parent":0,"menu_order":0,"comment_status":"closed","ping_status":"closed","template":"","meta":{"_acf_changed":false,"footnotes":""},"class_list":["post-12182","page","type-page","status-publish","hentry"],"acf":[],"yoast_head":"<!-- This site is optimized with the Yoast SEO plugin v27.5 - https:\/\/yoast.com\/product\/yoast-seo-wordpress\/ -->\n<title>Blog - Castelo Saint Andrews<\/title>\n<meta name=\"robots\" content=\"index, follow, max-snippet:-1, max-image-preview:large, max-video-preview:-1\" \/>\n<link rel=\"canonical\" href=\"https:\/\/saintandrews.com.br\/es\/blog\/\" \/>\n<meta property=\"og:locale\" content=\"es_ES\" \/>\n<meta property=\"og:type\" content=\"article\" \/>\n<meta property=\"og:title\" content=\"Blog - Castelo Saint Andrews\" \/>\n<meta property=\"og:description\" content=\"BLOG Blog Dia do Malbec, s\u00edmbolo do vinho argentino 22\/04\/2025 Nenhum coment\u00e1rio Nascida na Fran\u00e7a, a uva Malbec conquistou o mundo depois de ter cruzado o Oceano Atl\u00e2ntico e frutificado na Argentina, &#8230; Blog Castelo Saint Andrews sedia Festival Luxury Brands Concha Y Toro e Experi\u00eancia Paint and Drink 13\/09\/2024 Nenhum coment\u00e1rio Programa\u00e7\u00e3o especial ter\u00e1 [&hellip;]\" \/>\n<meta property=\"og:url\" content=\"https:\/\/saintandrews.com.br\/es\/blog\/\" \/>\n<meta property=\"og:site_name\" content=\"Castelo Saint Andrews\" \/>\n<meta property=\"article:modified_time\" content=\"2025-07-28T23:14:37+00:00\" \/>\n<meta property=\"og:image\" content=\"https:\/\/saintandrews.com.br\/wp-content\/uploads\/2025\/04\/malbec.webp\" \/>\n<meta name=\"twitter:card\" content=\"summary_large_image\" \/>\n<meta name=\"twitter:label1\" content=\"Tiempo de lectura\" \/>\n\t<meta name=\"twitter:data1\" content=\"1 minuto\" \/>\n<script type=\"application\/ld+json\" class=\"yoast-schema-graph\">{\"@context\":\"https:\\\/\\\/schema.org\",\"@graph\":[{\"@type\":\"WebPage\",\"@id\":\"https:\\\/\\\/saintandrews.com.br\\\/blog\\\/\",\"url\":\"https:\\\/\\\/saintandrews.com.br\\\/blog\\\/\",\"name\":\"Blog - Castelo Saint Andrews\",\"isPartOf\":{\"@id\":\"https:\\\/\\\/saintandrews.com.br\\\/#website\"},\"primaryImageOfPage\":{\"@id\":\"https:\\\/\\\/saintandrews.com.br\\\/blog\\\/#primaryimage\"},\"image\":{\"@id\":\"https:\\\/\\\/saintandrews.com.br\\\/blog\\\/#primaryimage\"},\"thumbnailUrl\":\"https:\\\/\\\/saintandrews.com.br\\\/wp-content\\\/uploads\\\/2025\\\/04\\\/malbec.webp\",\"datePublished\":\"2024-09-13T18:01:48+00:00\",\"dateModified\":\"2025-07-28T23:14:37+00:00\",\"breadcrumb\":{\"@id\":\"https:\\\/\\\/saintandrews.com.br\\\/blog\\\/#breadcrumb\"},\"inLanguage\":\"es\",\"potentialAction\":[{\"@type\":\"ReadAction\",\"target\":[\"https:\\\/\\\/saintandrews.com.br\\\/blog\\\/\"]}]},{\"@type\":\"ImageObject\",\"inLanguage\":\"es\",\"@id\":\"https:\\\/\\\/saintandrews.com.br\\\/blog\\\/#primaryimage\",\"url\":\"https:\\\/\\\/saintandrews.com.br\\\/wp-content\\\/uploads\\\/2025\\\/04\\\/malbec.webp\",\"contentUrl\":\"https:\\\/\\\/saintandrews.com.br\\\/wp-content\\\/uploads\\\/2025\\\/04\\\/malbec.webp\"},{\"@type\":\"BreadcrumbList\",\"@id\":\"https:\\\/\\\/saintandrews.com.br\\\/blog\\\/#breadcrumb\",\"itemListElement\":[{\"@type\":\"ListItem\",\"position\":1,\"name\":\"In\u00edcio\",\"item\":\"https:\\\/\\\/saintandrews.com.br\\\/\"},{\"@type\":\"ListItem\",\"position\":2,\"name\":\"Blog\"}]},{\"@type\":\"WebSite\",\"@id\":\"https:\\\/\\\/saintandrews.com.br\\\/#website\",\"url\":\"https:\\\/\\\/saintandrews.com.br\\\/\",\"name\":\"Castelo Saint Andrews\",\"description\":\"Seu hotel\u00a0em\u00a0Gramado\",\"publisher\":{\"@id\":\"https:\\\/\\\/saintandrews.com.br\\\/#organization\"},\"potentialAction\":[{\"@type\":\"SearchAction\",\"target\":{\"@type\":\"EntryPoint\",\"urlTemplate\":\"https:\\\/\\\/saintandrews.com.br\\\/?s={search_term_string}\"},\"query-input\":{\"@type\":\"PropertyValueSpecification\",\"valueRequired\":true,\"valueName\":\"search_term_string\"}}],\"inLanguage\":\"es\"},{\"@type\":\"Organization\",\"@id\":\"https:\\\/\\\/saintandrews.com.br\\\/#organization\",\"name\":\"Castelo Saint Andrews\",\"url\":\"https:\\\/\\\/saintandrews.com.br\\\/\",\"logo\":{\"@type\":\"ImageObject\",\"inLanguage\":\"es\",\"@id\":\"https:\\\/\\\/saintandrews.com.br\\\/#\\\/schema\\\/logo\\\/image\\\/\",\"url\":\"https:\\\/\\\/saintandrews.com.br\\\/wp-content\\\/uploads\\\/2024\\\/04\\\/Logo-SaintAndrews-Cabecalho-01-01.svg\",\"contentUrl\":\"https:\\\/\\\/saintandrews.com.br\\\/wp-content\\\/uploads\\\/2024\\\/04\\\/Logo-SaintAndrews-Cabecalho-01-01.svg\",\"width\":612.8999999999999772626324556767940521240234375,\"height\":167.5,\"caption\":\"Castelo Saint Andrews\"},\"image\":{\"@id\":\"https:\\\/\\\/saintandrews.com.br\\\/#\\\/schema\\\/logo\\\/image\\\/\"}}]}<\/script>\n<!-- \/ Yoast SEO plugin. -->","yoast_head_json":{"title":"Blog - Castillo de Saint Andrews","robots":{"index":"index","follow":"follow","max-snippet":"max-snippet:-1","max-image-preview":"max-image-preview:large","max-video-preview":"max-video-preview:-1"},"canonical":"https:\/\/saintandrews.com.br\/es\/blog\/","og_locale":"es_ES","og_type":"article","og_title":"Blog - Castelo Saint Andrews","og_description":"BLOG Blog Dia do Malbec, s\u00edmbolo do vinho argentino 22\/04\/2025 Nenhum coment\u00e1rio Nascida na Fran\u00e7a, a uva Malbec conquistou o mundo depois de ter cruzado o Oceano Atl\u00e2ntico e frutificado na Argentina, &#8230; Blog Castelo Saint Andrews sedia Festival Luxury Brands Concha Y Toro e Experi\u00eancia Paint and Drink 13\/09\/2024 Nenhum coment\u00e1rio Programa\u00e7\u00e3o especial ter\u00e1 [&hellip;]","og_url":"https:\/\/saintandrews.com.br\/es\/blog\/","og_site_name":"Castelo Saint Andrews","article_modified_time":"2025-07-28T23:14:37+00:00","og_image":[{"url":"https:\/\/saintandrews.com.br\/wp-content\/uploads\/2025\/04\/malbec.webp","type":"","width":"","height":""}],"twitter_card":"summary_large_image","twitter_misc":{"Tiempo de lectura":"1 minuto"},"schema":{"@context":"https:\/\/schema.org","@graph":[{"@type":"WebPage","@id":"https:\/\/saintandrews.com.br\/blog\/","url":"https:\/\/saintandrews.com.br\/blog\/","name":"Blog - Castillo de Saint Andrews","isPartOf":{"@id":"https:\/\/saintandrews.com.br\/#website"},"primaryImageOfPage":{"@id":"https:\/\/saintandrews.com.br\/blog\/#primaryimage"},"image":{"@id":"https:\/\/saintandrews.com.br\/blog\/#primaryimage"},"thumbnailUrl":"https:\/\/saintandrews.com.br\/wp-content\/uploads\/2025\/04\/malbec.webp","datePublished":"2024-09-13T18:01:48+00:00","dateModified":"2025-07-28T23:14:37+00:00","breadcrumb":{"@id":"https:\/\/saintandrews.com.br\/blog\/#breadcrumb"},"inLanguage":"es","potentialAction":[{"@type":"ReadAction","target":["https:\/\/saintandrews.com.br\/blog\/"]}]},{"@type":"ImageObject","inLanguage":"es","@id":"https:\/\/saintandrews.com.br\/blog\/#primaryimage","url":"https:\/\/saintandrews.com.br\/wp-content\/uploads\/2025\/04\/malbec.webp","contentUrl":"https:\/\/saintandrews.com.br\/wp-content\/uploads\/2025\/04\/malbec.webp"},{"@type":"BreadcrumbList","@id":"https:\/\/saintandrews.com.br\/blog\/#breadcrumb","itemListElement":[{"@type":"ListItem","position":1,"name":"In\u00edcio","item":"https:\/\/saintandrews.com.br\/"},{"@type":"ListItem","position":2,"name":"Blog"}]},{"@type":"WebSite","@id":"https:\/\/saintandrews.com.br\/#website","url":"https:\/\/saintandrews.com.br\/","name":"El Castillo De Saint Andrews.","description":"Su hotel en Gramado","publisher":{"@id":"https:\/\/saintandrews.com.br\/#organization"},"potentialAction":[{"@type":"SearchAction","target":{"@type":"EntryPoint","urlTemplate":"https:\/\/saintandrews.com.br\/?s={search_term_string}"},"query-input":{"@type":"PropertyValueSpecification","valueRequired":true,"valueName":"search_term_string"}}],"inLanguage":"es"},{"@type":"Organization","@id":"https:\/\/saintandrews.com.br\/#organization","name":"El Castillo De Saint Andrews.","url":"https:\/\/saintandrews.com.br\/","logo":{"@type":"ImageObject","inLanguage":"es","@id":"https:\/\/saintandrews.com.br\/#\/schema\/logo\/image\/","url":"https:\/\/saintandrews.com.br\/wp-content\/uploads\/2024\/04\/Logo-SaintAndrews-Cabecalho-01-01.svg","contentUrl":"https:\/\/saintandrews.com.br\/wp-content\/uploads\/2024\/04\/Logo-SaintAndrews-Cabecalho-01-01.svg","width":612.8999999999999772626324556767940521240234375,"height":167.5,"caption":"Castelo Saint Andrews"},"image":{"@id":"https:\/\/saintandrews.com.br\/#\/schema\/logo\/image\/"}}]}},"publishpress_future_action":{"enabled":false,"date":"2026-05-18 11:29:37","action":"change-status","newStatus":"draft","terms":[],"taxonomy":"","extraData":[]},"publishpress_future_workflow_manual_trigger":{"enabledWorkflows":[]},"_links":{"self":[{"href":"https:\/\/saintandrews.com.br\/es\/wp-json\/wp\/v2\/pages\/12182","targetHints":{"allow":["GET"]}}],"collection":[{"href":"https:\/\/saintandrews.com.br\/es\/wp-json\/wp\/v2\/pages"}],"about":[{"href":"https:\/\/saintandrews.com.br\/es\/wp-json\/wp\/v2\/types\/page"}],"author":[{"embeddable":true,"href":"https:\/\/saintandrews.com.br\/es\/wp-json\/wp\/v2\/users\/2"}],"replies":[{"embeddable":true,"href":"https:\/\/saintandrews.com.br\/es\/wp-json\/wp\/v2\/comments?post=12182"}],"version-history":[{"count":0,"href":"https:\/\/saintandrews.com.br\/es\/wp-json\/wp\/v2\/pages\/12182\/revisions"}],"wp:attachment":[{"href":"https:\/\/saintandrews.com.br\/es\/wp-json\/wp\/v2\/media?parent=12182"}],"curies":[{"name":"wp","href":"https:\/\/api.w.org\/{rel}","templated":true}]}}