{"id":10219,"date":"2024-05-20T23:39:44","date_gmt":"2024-05-21T02:39:44","guid":{"rendered":"https:\/\/saintandrews.com.br\/?page_id=10219"},"modified":"2024-05-20T23:40:13","modified_gmt":"2024-05-21T02:40:13","slug":"politica-de-privacidad-2","status":"publish","type":"page","link":"https:\/\/saintandrews.com.br\/es\/politica-de-privacidade\/","title":{"rendered":"Pol\u00edtica de privacidad"},"content":{"rendered":"<div data-elementor-type=\"wp-page\" data-elementor-id=\"10219\" class=\"elementor elementor-10219\" data-elementor-post-type=\"page\">\n\t\t\t\t<div class=\"elementor-element elementor-element-84c4713 e-flex e-con-boxed e-con e-parent\" data-id=\"84c4713\" data-element_type=\"container\" data-e-type=\"container\" data-settings=\"{&quot;jet_parallax_layout_list&quot;:[]}\">\n\t\t\t\t\t<div class=\"e-con-inner\">\n\t\t\t\t<div class=\"elementor-element elementor-element-44917f7 elementor-widget elementor-widget-text-editor\" data-id=\"44917f7\" data-element_type=\"widget\" data-e-type=\"widget\" data-widget_type=\"text-editor.default\">\n\t\t\t\t\t\t\t\t\t<h1 class=\"wp-block-heading\"><strong>POL\u00cdTICA DE PRIVACIDAD<\/strong><\/h1><p>\u00a0<\/p><p>Su privacidad es importante para nosotros. Es pol\u00edtica del sitio web de Castle Saint Andrews respetar su privacidad con respecto a cualquier informaci\u00f3n que podamos recopilar de usted en el sitio web.\u00a0<a href=\"https:\/\/saintandrews.com.br\/es\/\" target=\"_blank\" rel=\"noopener\">El Castillo De Saint Andrews.<\/a>,y otros sitios web que poseemos y operamos.<\/p><p>Trabajamos con base en la Ley de Protecci\u00f3n de Datos (13.709\/2018), que brinda garant\u00edas de privacidad, confidencialidad, retenci\u00f3n, protecci\u00f3n de los derechos fundamentales de la libertad y el libre desarrollo de la personalidad de la persona. Adem\u00e1s, respetamos la Constituci\u00f3n Federal de la Rep\u00fablica Federativa de Brasil, el C\u00f3digo de Protecci\u00f3n al Consumidor (Ley 8.078\/90), Marco Civil da Internet (Ley 12.965\/14).<\/p><p>Solo solicitamos informaci\u00f3n personal cuando realmente la necesitamos para brindarle un servicio. Lo hacemos por medios justos y legales, con su conocimiento y consentimiento. Tambi\u00e9n te contamos por qu\u00e9 lo recogemos y c\u00f3mo se utilizar\u00e1.<\/p><p>Dejamos claro por qu\u00e9 estamos recopilando y c\u00f3mo se utilizar\u00e1, ya que todo se hace para una correcta administraci\u00f3n general.<\/p><p>Solo conservamos la informaci\u00f3n recopilada durante el tiempo necesario para proporcionar el servicio solicitado. Cuando almacenamos datos, los protegemos dentro de medios comercialmente aceptables seg\u00fan la ley vigente para evitar p\u00e9rdidas y robos, as\u00ed como el acceso, divulgaci\u00f3n, copia, uso o modificaci\u00f3n no autorizados.<\/p><p>No compartimos informaci\u00f3n de identificaci\u00f3n personal p\u00fablicamente ni con terceros, excepto por orden judicial.<\/p><p>Nuestro sitio web puede tener enlaces a sitios web externos que no son operados por nosotros. Por lo tanto, no nos hacemos responsables de da\u00f1os a terceros. Tenga en cuenta que no tenemos control sobre el contenido y las pr\u00e1cticas de sitios de terceros y no podemos aceptar responsabilidad por sus respectivas pol\u00edticas de privacidad.<\/p><p>Como consumidor, usted es libre de rechazar nuestra solicitud de su informaci\u00f3n personal, entendiendo que es posible que no podamos brindarle algunos de los servicios que desea.<\/p><p>Su uso continuado de nuestro sitio web se considerar\u00e1 la aceptaci\u00f3n de nuestras pr\u00e1cticas en materia de privacidad e informaci\u00f3n personal. Si tiene alguna pregunta sobre c\u00f3mo manejamos los datos del usuario y la informaci\u00f3n personal, cont\u00e1ctenos en\u00a0<a href=\"https:\/\/saintandrews.com.br\/es\/contato\/\" target=\"_blank\" rel=\"noopener\">de nuestra forma<\/a>.<\/p><p>Nuestra pol\u00edtica se actualiza constantemente.<\/p><p>El interesado ahora es consciente de que el contenido de esta Pol\u00edtica de Privacidad puede modificarse a discreci\u00f3n del sitio web de Castelo Saint Andrews, independientemente de aviso o notificaci\u00f3n. En caso de cambios, las modificaciones surtir\u00e1n plenos efectos desde el momento en que est\u00e9n disponibles en el sitio web.<\/p><p>El sitio web de Castelo Saint Andrews no se responsabiliza si sus datos se utilizan de forma incorrecta o no veraz, quedando excluida de cualquier responsabilidad al respecto.<\/p><h3>Pol\u00edtica de cookies<\/h3><h4>\u00bfQu\u00e9 son las galletas?<\/h4><p>Como es habitual en casi todos los sitios web profesionales, este sitio utiliza cookies (peque\u00f1os archivos que se descargan en su ordenador) para mejorar su experiencia. Esta p\u00e1gina describe qu\u00e9 informaci\u00f3n recopilan, c\u00f3mo la utilizamos y por qu\u00e9 a veces necesitamos almacenar estas cookies. Tambi\u00e9n le explicaremos c\u00f3mo puede evitar que se almacenen; sin embargo, esto podr\u00eda reducir o interrumpir la funcionalidad de ciertos elementos del sitio.<\/p><h4>C\u00f3mo usamos las cookies?<\/h4><p>Utilizamos cookies por varios motivos, que se detallan a continuaci\u00f3n. Desafortunadamente, en la mayor\u00eda de los casos no existen opciones est\u00e1ndar de la industria para deshabilitar las cookies sin deshabilitar completamente la funcionalidad y las caracter\u00edsticas que agregan a este sitio. Se recomienda que deje todas las cookies si no est\u00e1 seguro de si las necesita o no en caso de que se utilicen para proporcionar un servicio que utiliza.<\/p><h4>Desactivar cookies<\/h4><p>Puede evitar la configuraci\u00f3n de cookies ajustando la configuraci\u00f3n de su navegador (consulte la Ayuda de su navegador para saber c\u00f3mo hacerlo). Tenga en cuenta que deshabilitar las cookies afectar\u00e1 la funcionalidad de este y muchos otros sitios web que visite. Deshabilitar las cookies generalmente resultar\u00e1 en la deshabilitaci\u00f3n de ciertas funciones y caracter\u00edsticas de este sitio web. Por ello, se recomienda que no desactive las cookies.<\/p><h4>Cookies que configuramos<\/h4><ul><li><strong>Cookies relacionadas con la cuenta<\/strong><br \/><br \/>Si crea una cuenta con nosotros, utilizaremos cookies para gestionar el proceso de registro y la administraci\u00f3n general. Estas cookies generalmente se eliminan cuando cierra la sesi\u00f3n; sin embargo, en algunos casos pueden permanecer despu\u00e9s para recordar las preferencias de su sitio cuando cierra la sesi\u00f3n.<br \/><br \/><\/li><li><strong>Cookies relacionadas con el inicio de sesi\u00f3n<\/strong><br \/><br \/>Utilizamos cookies cuando usted inicia sesi\u00f3n para que podamos recordar esta acci\u00f3n. Esto le evita tener que iniciar sesi\u00f3n cada vez que visita una p\u00e1gina nueva. Estas cookies normalmente se eliminan o borran cuando cierra sesi\u00f3n para garantizar que solo pueda acceder a funciones y \u00e1reas restringidas cuando inicie sesi\u00f3n.<br \/><br \/><\/li><li><strong>Cookies relacionadas con boletines informativos por correo electr\u00f3nico<\/strong><br \/><br \/>Este sitio ofrece servicios de suscripci\u00f3n a boletines informativos o correo electr\u00f3nico y se pueden utilizar cookies para recordar si ya est\u00e1 registrado y si se deben mostrar ciertas notificaciones v\u00e1lidas solo para usuarios suscritos o dados de baja.<br \/><br \/><\/li><li><strong>Cookies relacionadas con el procesamiento de pedidos<\/strong><br \/><br \/>Este sitio ofrece comercio electr\u00f3nico o servicios de pago y algunas cookies son esenciales para garantizar que su pedido se recuerde entre p\u00e1ginas para que podamos procesarlo correctamente.<br \/><br \/><\/li><li><strong>Cookies relacionadas con la b\u00fasqueda<\/strong><br \/><br \/>De vez en cuando, ofrecemos encuestas y cuestionarios para proporcionar informaci\u00f3n interesante, herramientas \u00fatiles o para comprender nuestra base de usuarios con mayor precisi\u00f3n. Estas encuestas pueden utilizar cookies para recordar qui\u00e9n ya particip\u00f3 en una encuesta o para proporcionar resultados precisos despu\u00e9s de cambiar de p\u00e1gina.<br \/><br \/><\/li><li><strong>Cookies relacionadas con formularios<\/strong><br \/><br \/>Cuando env\u00eda datos a trav\u00e9s de un formulario como los que se encuentran en las p\u00e1ginas de contacto o formularios de comentarios, se pueden configurar cookies para recordar sus detalles de usuario para correspondencia futura.<br \/><br \/><\/li><li><strong>Cookies de preferencia de sitio<\/strong><br \/><br \/>Para brindarle una excelente experiencia en este sitio, brindamos la funcionalidad para establecer sus preferencias sobre c\u00f3mo se ejecuta este sitio cuando lo usa. Para recordar sus preferencias, necesitamos configurar cookies para que se pueda acceder a esta informaci\u00f3n cada vez que interact\u00fae con una p\u00e1gina que se vea afectada por sus preferencias.<\/li><\/ul><h4>Compromiso del usuario<\/h4><p>El usuario se compromete a hacer un uso adecuado de los contenidos e informaci\u00f3n que ofrece el sitio web de Castelo Saint Andrews y con car\u00e1cter enunciativo pero no limitativo:<\/p><ul><li>A) No realizar actividades il\u00edcitas o contrarias a la buena fe y al orden p\u00fablico;<\/li><li>B) Respeto de toda legislaci\u00f3n nacional o internacional de la que Brasil sea signatario;<\/li><li>C) No difundir propaganda o contenidos de car\u00e1cter racista, xen\u00f3fobo, de casas de apuestas, juegos de azar, cualquier tipo de pornograf\u00eda ilegal, de apoyo al terrorismo o contra los derechos humanos;<\/li><li>D) No provocar da\u00f1os en los sistemas f\u00edsicos (hardware) y l\u00f3gicos (software) del sitio web de Castelo Saint Andrews, de sus proveedores o de terceras personas, introducir o difundir en la red virus inform\u00e1ticos o cualesquiera otros sistemas hardware o software que sean susceptibles de provocar el da\u00f1os antes mencionados;<\/li><li>E) Los contenidos publicados tienen reservados los derechos de autor y propiedad intelectual, seg\u00fan lo establece la Ley de Derecho de Autor n\u00fam. 9.610, de 19\/02\/1998, del Gobierno Federal de Brasil y cuestiones conexas. Cualquier infracci\u00f3n ser\u00e1 denunciada a las autoridades competentes.<\/li><\/ul><h3>Derechos del interesado<\/h3><p>El titular de datos personales tiene derecho a solicitar del sitio web de Castelo Saint Andrews, a trav\u00e9s del canal de tratamiento espec\u00edfico, en cualquier momento, previa solicitud formal, informaci\u00f3n relativa a sus datos.<\/p><p>Las solicitudes ser\u00e1n analizadas conforme a lo previsto en la legislaci\u00f3n vigente en un plazo de 72 horas, salvo que est\u00e9 legalmente determinado y\/o est\u00e9 sujeto a ley.<\/p><p>Los interesados, seg\u00fan el texto de la LGPD, pueden ejercer sus derechos a trav\u00e9s de:<\/p><ul><li>Confirmaci\u00f3n de la existencia del tratamiento;<\/li><li>Acceso a sus datos personales;<\/li><li>Correcci\u00f3n de datos incompletos, inexactos o desactualizados;<\/li><li>Anonimizaci\u00f3n, bloqueo o eliminaci\u00f3n de datos innecesarios, excesivos o tratados que no cumplan con lo dispuesto en esta Ley;<\/li><li>Portabilidad de datos a otro proveedor de servicios o productos, previa solicitud expresa, de conformidad con las normas de la autoridad nacional, observando secretos comerciales e industriales;<\/li><li>Eliminaci\u00f3n de datos personales tratados con el consentimiento del titular;<\/li><li>Informaci\u00f3n de entidades p\u00fablicas y privadas con las que el responsable comparti\u00f3 datos;<\/li><li>Informaci\u00f3n sobre la posibilidad de no dar el consentimiento y las consecuencias de negarlo;<\/li><li>Revocaci\u00f3n del consentimiento.<\/li><\/ul><h4>\u00bfC\u00f3mo ejercer sus derechos como interesado?<\/h4><ul><li>Para cambiar su informaci\u00f3n personal, acceda a la opci\u00f3n \u201chttps:\/\/www.saintandrews.com.br\/minha-conta\u201d;<\/li><li>Si no desea recibir nuestras comunicaciones de marketing, puede cancelar env\u00edos futuros haciendo clic en el enlace enviado en el correo electr\u00f3nico de marketing;<\/li><li>Para cambiar sus preferencias de notificaci\u00f3n (incluidas las comunicaciones de marketing), acceda a \u201chttps:\/\/www.saintandrews.com.br\/minha-conta\u201d;<\/li><li>Para otras solicitudes relativas a los derechos del titular de datos personales, por favor cont\u00e1ctenos a trav\u00e9s de\u00a0<a href=\"https:\/\/saintandrews.com.br\/es\/contato\/\" target=\"_blank\" rel=\"noopener\">de nuestra forma<\/a>;<\/li><\/ul><h4>Mas informaciones<\/h4><p>Esperamos que quede claro y, como se mencion\u00f3 anteriormente, si hay algo que no est\u00e1 seguro de necesitar o no, generalmente es m\u00e1s seguro dejar las cookies habilitadas en caso de que interact\u00fae con una de las funciones que utiliza en nuestro sitio.<\/p><p>El sitio web de Castelo Saint Andrews har\u00e1 todos los esfuerzos posibles para proteger la informaci\u00f3n y los datos recopilados del usuario a trav\u00e9s del sitio web. Sin embargo, considerando que no existe un medio totalmente eficaz y seguro para transmitir y conservar datos electr\u00f3nicos, el sitio web de Castelo Saint Andrews no puede garantizar que terceros no autorizados no logren un acceso indebido, eximi\u00e9ndose de cualquier responsabilidad por da\u00f1os derivados de conductas de terceros. , ataques externos al sitio web tales como: virus, invasi\u00f3n de bases de datos, vicios o defectos t\u00e9cnicos, as\u00ed como defectos operativos derivados del uso del sitio web y por fallas de conexi\u00f3n.<\/p>\t\t\t\t\t\t\t\t<\/div>\n\t\t\t\t\t<\/div>\n\t\t\t\t<\/div>\n\t\t\t\t<\/div>","protected":false},"excerpt":{"rendered":"<p>POL\u00cdTICA DE PRIVACIDADE \u00a0 A sua privacidade \u00e9 importante para n\u00f3s. \u00c9 pol\u00edtica do site Castelo Saint Andrews respeitar a sua privacidade em rela\u00e7\u00e3o a qualquer informa\u00e7\u00e3o sua que possamos coletar no site\u00a0Castelo Saint Andrews,\u00a0e outros sites que possu\u00edmos e operamos. Trabalhamos com base na Lei de Prote\u00e7\u00e3o de Dados (13.709\/2018) que traz garantias de [&hellip;]<\/p>\n","protected":false},"author":2,"featured_media":0,"parent":0,"menu_order":0,"comment_status":"closed","ping_status":"closed","template":"elementor_header_footer","meta":{"_acf_changed":false,"footnotes":""},"class_list":["post-10219","page","type-page","status-publish","hentry"],"acf":[],"yoast_head":"<!-- This site is optimized with the Yoast SEO plugin v27.2 - https:\/\/yoast.com\/product\/yoast-seo-wordpress\/ -->\n<title>Pol\u00edtica de Privacidade - Castelo Saint Andrews<\/title>\n<meta name=\"robots\" content=\"index, follow, max-snippet:-1, max-image-preview:large, max-video-preview:-1\" \/>\n<link rel=\"canonical\" href=\"https:\/\/saintandrews.com.br\/es\/politica-de-privacidad-2\/\" \/>\n<meta property=\"og:locale\" content=\"es_ES\" \/>\n<meta property=\"og:type\" content=\"article\" \/>\n<meta property=\"og:title\" content=\"Pol\u00edtica de Privacidade - Castelo Saint Andrews\" \/>\n<meta property=\"og:description\" content=\"POL\u00cdTICA DE PRIVACIDADE \u00a0 A sua privacidade \u00e9 importante para n\u00f3s. \u00c9 pol\u00edtica do site Castelo Saint Andrews respeitar a sua privacidade em rela\u00e7\u00e3o a qualquer informa\u00e7\u00e3o sua que possamos coletar no site\u00a0Castelo Saint Andrews,\u00a0e outros sites que possu\u00edmos e operamos. Trabalhamos com base na Lei de Prote\u00e7\u00e3o de Dados (13.709\/2018) que traz garantias de [&hellip;]\" \/>\n<meta property=\"og:url\" content=\"https:\/\/saintandrews.com.br\/es\/politica-de-privacidad-2\/\" \/>\n<meta property=\"og:site_name\" content=\"Castelo Saint Andrews\" \/>\n<meta property=\"article:modified_time\" content=\"2024-05-21T02:40:13+00:00\" \/>\n<meta name=\"twitter:card\" content=\"summary_large_image\" \/>\n<meta name=\"twitter:label1\" content=\"Tiempo de lectura\" \/>\n\t<meta name=\"twitter:data1\" content=\"9 minutos\" \/>\n<script type=\"application\/ld+json\" class=\"yoast-schema-graph\">{\"@context\":\"https:\/\/schema.org\",\"@graph\":[{\"@type\":\"WebPage\",\"@id\":\"https:\/\/saintandrews.com.br\/politica-de-privacidade\/\",\"url\":\"https:\/\/saintandrews.com.br\/politica-de-privacidade\/\",\"name\":\"Pol\u00edtica de Privacidade - Castelo Saint Andrews\",\"isPartOf\":{\"@id\":\"https:\/\/saintandrews.com.br\/#website\"},\"datePublished\":\"2024-05-21T02:39:44+00:00\",\"dateModified\":\"2024-05-21T02:40:13+00:00\",\"breadcrumb\":{\"@id\":\"https:\/\/saintandrews.com.br\/politica-de-privacidade\/#breadcrumb\"},\"inLanguage\":\"es\",\"potentialAction\":[{\"@type\":\"ReadAction\",\"target\":[\"https:\/\/saintandrews.com.br\/politica-de-privacidade\/\"]}]},{\"@type\":\"BreadcrumbList\",\"@id\":\"https:\/\/saintandrews.com.br\/politica-de-privacidade\/#breadcrumb\",\"itemListElement\":[{\"@type\":\"ListItem\",\"position\":1,\"name\":\"In\u00edcio\",\"item\":\"https:\/\/saintandrews.com.br\/\"},{\"@type\":\"ListItem\",\"position\":2,\"name\":\"Pol\u00edtica de Privacidade\"}]},{\"@type\":\"WebSite\",\"@id\":\"https:\/\/saintandrews.com.br\/#website\",\"url\":\"https:\/\/saintandrews.com.br\/\",\"name\":\"Castelo Saint Andrews\",\"description\":\"Seu hotel\u00a0em\u00a0Gramado\",\"publisher\":{\"@id\":\"https:\/\/saintandrews.com.br\/#organization\"},\"potentialAction\":[{\"@type\":\"SearchAction\",\"target\":{\"@type\":\"EntryPoint\",\"urlTemplate\":\"https:\/\/saintandrews.com.br\/?s={search_term_string}\"},\"query-input\":{\"@type\":\"PropertyValueSpecification\",\"valueRequired\":true,\"valueName\":\"search_term_string\"}}],\"inLanguage\":\"es\"},{\"@type\":\"Organization\",\"@id\":\"https:\/\/saintandrews.com.br\/#organization\",\"name\":\"Castelo Saint Andrews\",\"url\":\"https:\/\/saintandrews.com.br\/\",\"logo\":{\"@type\":\"ImageObject\",\"inLanguage\":\"es\",\"@id\":\"https:\/\/saintandrews.com.br\/#\/schema\/logo\/image\/\",\"url\":\"https:\/\/saintandrews.com.br\/wp-content\/uploads\/2024\/04\/Logo-SaintAndrews-Cabecalho-01-01.svg\",\"contentUrl\":\"https:\/\/saintandrews.com.br\/wp-content\/uploads\/2024\/04\/Logo-SaintAndrews-Cabecalho-01-01.svg\",\"width\":612.8999999999999772626324556767940521240234375,\"height\":167.5,\"caption\":\"Castelo Saint Andrews\"},\"image\":{\"@id\":\"https:\/\/saintandrews.com.br\/#\/schema\/logo\/image\/\"}}]}<\/script>\n<!-- \/ Yoast SEO plugin. -->","yoast_head_json":{"title":"Pol\u00edtica de privacidad - Castillo de Saint Andrews","robots":{"index":"index","follow":"follow","max-snippet":"max-snippet:-1","max-image-preview":"max-image-preview:large","max-video-preview":"max-video-preview:-1"},"canonical":"https:\/\/saintandrews.com.br\/es\/politica-de-privacidad-2\/","og_locale":"es_ES","og_type":"article","og_title":"Pol\u00edtica de Privacidade - Castelo Saint Andrews","og_description":"POL\u00cdTICA DE PRIVACIDADE \u00a0 A sua privacidade \u00e9 importante para n\u00f3s. \u00c9 pol\u00edtica do site Castelo Saint Andrews respeitar a sua privacidade em rela\u00e7\u00e3o a qualquer informa\u00e7\u00e3o sua que possamos coletar no site\u00a0Castelo Saint Andrews,\u00a0e outros sites que possu\u00edmos e operamos. Trabalhamos com base na Lei de Prote\u00e7\u00e3o de Dados (13.709\/2018) que traz garantias de [&hellip;]","og_url":"https:\/\/saintandrews.com.br\/es\/politica-de-privacidad-2\/","og_site_name":"Castelo Saint Andrews","article_modified_time":"2024-05-21T02:40:13+00:00","twitter_card":"summary_large_image","twitter_misc":{"Tiempo de lectura":"9 minutos"},"schema":{"@context":"https:\/\/schema.org","@graph":[{"@type":"WebPage","@id":"https:\/\/saintandrews.com.br\/politica-de-privacidade\/","url":"https:\/\/saintandrews.com.br\/politica-de-privacidade\/","name":"Pol\u00edtica de privacidad - Castillo de Saint Andrews","isPartOf":{"@id":"https:\/\/saintandrews.com.br\/#website"},"datePublished":"2024-05-21T02:39:44+00:00","dateModified":"2024-05-21T02:40:13+00:00","breadcrumb":{"@id":"https:\/\/saintandrews.com.br\/politica-de-privacidade\/#breadcrumb"},"inLanguage":"es","potentialAction":[{"@type":"ReadAction","target":["https:\/\/saintandrews.com.br\/politica-de-privacidade\/"]}]},{"@type":"BreadcrumbList","@id":"https:\/\/saintandrews.com.br\/politica-de-privacidade\/#breadcrumb","itemListElement":[{"@type":"ListItem","position":1,"name":"In\u00edcio","item":"https:\/\/saintandrews.com.br\/"},{"@type":"ListItem","position":2,"name":"Pol\u00edtica de Privacidade"}]},{"@type":"WebSite","@id":"https:\/\/saintandrews.com.br\/#website","url":"https:\/\/saintandrews.com.br\/","name":"El Castillo De Saint Andrews.","description":"Su hotel en Gramado","publisher":{"@id":"https:\/\/saintandrews.com.br\/#organization"},"potentialAction":[{"@type":"SearchAction","target":{"@type":"EntryPoint","urlTemplate":"https:\/\/saintandrews.com.br\/?s={search_term_string}"},"query-input":{"@type":"PropertyValueSpecification","valueRequired":true,"valueName":"search_term_string"}}],"inLanguage":"es"},{"@type":"Organization","@id":"https:\/\/saintandrews.com.br\/#organization","name":"El Castillo De Saint Andrews.","url":"https:\/\/saintandrews.com.br\/","logo":{"@type":"ImageObject","inLanguage":"es","@id":"https:\/\/saintandrews.com.br\/#\/schema\/logo\/image\/","url":"https:\/\/saintandrews.com.br\/wp-content\/uploads\/2024\/04\/Logo-SaintAndrews-Cabecalho-01-01.svg","contentUrl":"https:\/\/saintandrews.com.br\/wp-content\/uploads\/2024\/04\/Logo-SaintAndrews-Cabecalho-01-01.svg","width":612.8999999999999772626324556767940521240234375,"height":167.5,"caption":"Castelo Saint Andrews"},"image":{"@id":"https:\/\/saintandrews.com.br\/#\/schema\/logo\/image\/"}}]}},"publishpress_future_action":{"enabled":false,"date":"2026-05-01 12:37:06","action":"change-status","newStatus":"draft","terms":[],"taxonomy":"","extraData":[]},"publishpress_future_workflow_manual_trigger":{"enabledWorkflows":[]},"_links":{"self":[{"href":"https:\/\/saintandrews.com.br\/es\/wp-json\/wp\/v2\/pages\/10219","targetHints":{"allow":["GET"]}}],"collection":[{"href":"https:\/\/saintandrews.com.br\/es\/wp-json\/wp\/v2\/pages"}],"about":[{"href":"https:\/\/saintandrews.com.br\/es\/wp-json\/wp\/v2\/types\/page"}],"author":[{"embeddable":true,"href":"https:\/\/saintandrews.com.br\/es\/wp-json\/wp\/v2\/users\/2"}],"replies":[{"embeddable":true,"href":"https:\/\/saintandrews.com.br\/es\/wp-json\/wp\/v2\/comments?post=10219"}],"version-history":[{"count":0,"href":"https:\/\/saintandrews.com.br\/es\/wp-json\/wp\/v2\/pages\/10219\/revisions"}],"wp:attachment":[{"href":"https:\/\/saintandrews.com.br\/es\/wp-json\/wp\/v2\/media?parent=10219"}],"curies":[{"name":"wp","href":"https:\/\/api.w.org\/{rel}","templated":true}]}}