{"id":7124,"date":"2024-03-29T19:09:08","date_gmt":"2024-03-29T22:09:08","guid":{"rendered":"https:\/\/saintandrews.com.br\/?post_type=product&#038;p=7124"},"modified":"2026-04-30T18:56:11","modified_gmt":"2026-04-30T21:56:11","slug":"body-lymphatic-drainage","status":"publish","type":"product","link":"https:\/\/saintandrews.com.br\/en\/produto\/drenagem-linfatica-corporal\/","title":{"rendered":"Body Lymphatic Drainage"},"content":{"rendered":"<p>Gentle and precise massage technique, which acts directly on the lymphatic system, eliminating body fluids and toxins that leave parts of the body with more swelling and retention.<\/p>\n<p>***<\/p>\n<p><span style=\"font-size: 10pt;\"><em><span style=\"color: #993300;\">After purchasing any service from Saint Andrews and confirming payment, one of our dedicated concierges will contact you by phone to inform you of available times on your selected date, ensuring that your booking is made with maximum convenience and exclusivity.<\/span><\/em><\/span><\/p>","protected":false},"excerpt":{"rendered":"<p>Gentle and precise massage technique, which acts directly on the lymphatic system, eliminating body fluids and toxins that leave parts of the body with more swelling and retention.<\/p>\n<p><span style=\"color: #993300;\"><em>* Choose the duration and booking date in the fields below to view the prices.\u00a0<\/em><\/span><\/p>","protected":false},"featured_media":10069,"template":"","meta":{"_acf_changed":false},"product_brand":[],"product_cat":[230],"product_tag":[],"class_list":{"0":"post-7124","1":"product","2":"type-product","3":"status-publish","4":"has-post-thumbnail","6":"product_cat-spa","8":"first","9":"instock","10":"virtual","11":"sold-individually","12":"taxable","13":"purchasable","14":"product-type-booking"},"acf":[],"yoast_head":"<!-- This site is optimized with the Yoast SEO plugin v27.5 - https:\/\/yoast.com\/product\/yoast-seo-wordpress\/ -->\n<title>Drenagem Linf\u00e1tica Corporal - Castelo Saint Andrews<\/title>\n<meta name=\"robots\" content=\"index, follow, max-snippet:-1, max-image-preview:large, max-video-preview:-1\" \/>\n<link rel=\"canonical\" href=\"https:\/\/saintandrews.com.br\/en\/product\/body-lymphatic-drainage\/\" \/>\n<meta property=\"og:locale\" content=\"en_US\" \/>\n<meta property=\"og:type\" content=\"article\" \/>\n<meta property=\"og:title\" content=\"Drenagem Linf\u00e1tica Corporal - Castelo Saint Andrews\" \/>\n<meta property=\"og:description\" content=\"T\u00e9cnica de massagem suave e precisa, que atua diretamente no sistema linf\u00e1tico eliminando l\u00edquidos e toxinas corporais que deixam partes do corpo com mais incha\u00e7o e reten\u00e7\u00e3o.   * Escolha a dura\u00e7\u00e3o e data de reserva nos campos abaixo para visualizar os valores.\u00a0\" \/>\n<meta property=\"og:url\" content=\"https:\/\/saintandrews.com.br\/en\/product\/body-lymphatic-drainage\/\" \/>\n<meta property=\"og:site_name\" content=\"Castelo Saint Andrews\" \/>\n<meta property=\"article:modified_time\" content=\"2026-04-30T21:56:11+00:00\" \/>\n<meta property=\"og:image\" content=\"https:\/\/saintandrews.com.br\/wp-content\/uploads\/2024\/03\/asal-12.png\" \/>\n\t<meta property=\"og:image:width\" content=\"600\" \/>\n\t<meta property=\"og:image:height\" content=\"400\" \/>\n\t<meta property=\"og:image:type\" content=\"image\/png\" \/>\n<meta name=\"twitter:card\" content=\"summary_large_image\" \/>\n<meta name=\"twitter:label1\" content=\"Est. reading time\" \/>\n\t<meta name=\"twitter:data1\" content=\"1 minute\" \/>\n<script type=\"application\/ld+json\" class=\"yoast-schema-graph\">{\"@context\":\"https:\\\/\\\/schema.org\",\"@graph\":[{\"@type\":\"WebPage\",\"@id\":\"https:\\\/\\\/saintandrews.com.br\\\/produto\\\/drenagem-linfatica-corporal\\\/\",\"url\":\"https:\\\/\\\/saintandrews.com.br\\\/produto\\\/drenagem-linfatica-corporal\\\/\",\"name\":\"Drenagem Linf\u00e1tica Corporal - Castelo Saint Andrews\",\"isPartOf\":{\"@id\":\"https:\\\/\\\/saintandrews.com.br\\\/#website\"},\"primaryImageOfPage\":{\"@id\":\"https:\\\/\\\/saintandrews.com.br\\\/produto\\\/drenagem-linfatica-corporal\\\/#primaryimage\"},\"image\":{\"@id\":\"https:\\\/\\\/saintandrews.com.br\\\/produto\\\/drenagem-linfatica-corporal\\\/#primaryimage\"},\"thumbnailUrl\":\"https:\\\/\\\/saintandrews.com.br\\\/wp-content\\\/uploads\\\/2024\\\/03\\\/asal-12.png\",\"datePublished\":\"2024-03-29T22:09:08+00:00\",\"dateModified\":\"2026-04-30T21:56:11+00:00\",\"breadcrumb\":{\"@id\":\"https:\\\/\\\/saintandrews.com.br\\\/produto\\\/drenagem-linfatica-corporal\\\/#breadcrumb\"},\"inLanguage\":\"en-US\",\"potentialAction\":[{\"@type\":\"ReadAction\",\"target\":[\"https:\\\/\\\/saintandrews.com.br\\\/produto\\\/drenagem-linfatica-corporal\\\/\"]}]},{\"@type\":\"ImageObject\",\"inLanguage\":\"en-US\",\"@id\":\"https:\\\/\\\/saintandrews.com.br\\\/produto\\\/drenagem-linfatica-corporal\\\/#primaryimage\",\"url\":\"https:\\\/\\\/saintandrews.com.br\\\/wp-content\\\/uploads\\\/2024\\\/03\\\/asal-12.png\",\"contentUrl\":\"https:\\\/\\\/saintandrews.com.br\\\/wp-content\\\/uploads\\\/2024\\\/03\\\/asal-12.png\",\"width\":600,\"height\":400},{\"@type\":\"BreadcrumbList\",\"@id\":\"https:\\\/\\\/saintandrews.com.br\\\/produto\\\/drenagem-linfatica-corporal\\\/#breadcrumb\",\"itemListElement\":[{\"@type\":\"ListItem\",\"position\":1,\"name\":\"In\u00edcio\",\"item\":\"https:\\\/\\\/saintandrews.com.br\\\/\"},{\"@type\":\"ListItem\",\"position\":2,\"name\":\"Experi\u00eancias\",\"item\":\"https:\\\/\\\/saintandrews.com.br\\\/experiencias\\\/\"},{\"@type\":\"ListItem\",\"position\":3,\"name\":\"Drenagem Linf\u00e1tica Corporal\"}]},{\"@type\":\"WebSite\",\"@id\":\"https:\\\/\\\/saintandrews.com.br\\\/#website\",\"url\":\"https:\\\/\\\/saintandrews.com.br\\\/\",\"name\":\"Castelo Saint Andrews\",\"description\":\"Seu hotel\u00a0em\u00a0Gramado\",\"publisher\":{\"@id\":\"https:\\\/\\\/saintandrews.com.br\\\/#organization\"},\"potentialAction\":[{\"@type\":\"SearchAction\",\"target\":{\"@type\":\"EntryPoint\",\"urlTemplate\":\"https:\\\/\\\/saintandrews.com.br\\\/?s={search_term_string}\"},\"query-input\":{\"@type\":\"PropertyValueSpecification\",\"valueRequired\":true,\"valueName\":\"search_term_string\"}}],\"inLanguage\":\"en-US\"},{\"@type\":\"Organization\",\"@id\":\"https:\\\/\\\/saintandrews.com.br\\\/#organization\",\"name\":\"Castelo Saint Andrews\",\"url\":\"https:\\\/\\\/saintandrews.com.br\\\/\",\"logo\":{\"@type\":\"ImageObject\",\"inLanguage\":\"en-US\",\"@id\":\"https:\\\/\\\/saintandrews.com.br\\\/#\\\/schema\\\/logo\\\/image\\\/\",\"url\":\"https:\\\/\\\/saintandrews.com.br\\\/wp-content\\\/uploads\\\/2024\\\/04\\\/Logo-SaintAndrews-Cabecalho-01-01.svg\",\"contentUrl\":\"https:\\\/\\\/saintandrews.com.br\\\/wp-content\\\/uploads\\\/2024\\\/04\\\/Logo-SaintAndrews-Cabecalho-01-01.svg\",\"width\":612.8999999999999772626324556767940521240234375,\"height\":167.5,\"caption\":\"Castelo Saint Andrews\"},\"image\":{\"@id\":\"https:\\\/\\\/saintandrews.com.br\\\/#\\\/schema\\\/logo\\\/image\\\/\"}}]}<\/script>\n<!-- \/ Yoast SEO plugin. -->","yoast_head_json":{"title":"Body Lymphatic Drainage - Saint Andrews Castle","robots":{"index":"index","follow":"follow","max-snippet":"max-snippet:-1","max-image-preview":"max-image-preview:large","max-video-preview":"max-video-preview:-1"},"canonical":"https:\/\/saintandrews.com.br\/en\/product\/body-lymphatic-drainage\/","og_locale":"en_US","og_type":"article","og_title":"Drenagem Linf\u00e1tica Corporal - Castelo Saint Andrews","og_description":"T\u00e9cnica de massagem suave e precisa, que atua diretamente no sistema linf\u00e1tico eliminando l\u00edquidos e toxinas corporais que deixam partes do corpo com mais incha\u00e7o e reten\u00e7\u00e3o.   * Escolha a dura\u00e7\u00e3o e data de reserva nos campos abaixo para visualizar os valores.\u00a0","og_url":"https:\/\/saintandrews.com.br\/en\/product\/body-lymphatic-drainage\/","og_site_name":"Castelo Saint Andrews","article_modified_time":"2026-04-30T21:56:11+00:00","og_image":[{"width":600,"height":400,"url":"https:\/\/saintandrews.com.br\/wp-content\/uploads\/2024\/03\/asal-12.png","type":"image\/png"}],"twitter_card":"summary_large_image","twitter_misc":{"Est. reading time":"1 minute"},"schema":{"@context":"https:\/\/schema.org","@graph":[{"@type":"WebPage","@id":"https:\/\/saintandrews.com.br\/produto\/drenagem-linfatica-corporal\/","url":"https:\/\/saintandrews.com.br\/produto\/drenagem-linfatica-corporal\/","name":"Body Lymphatic Drainage - Saint Andrews Castle","isPartOf":{"@id":"https:\/\/saintandrews.com.br\/#website"},"primaryImageOfPage":{"@id":"https:\/\/saintandrews.com.br\/produto\/drenagem-linfatica-corporal\/#primaryimage"},"image":{"@id":"https:\/\/saintandrews.com.br\/produto\/drenagem-linfatica-corporal\/#primaryimage"},"thumbnailUrl":"https:\/\/saintandrews.com.br\/wp-content\/uploads\/2024\/03\/asal-12.png","datePublished":"2024-03-29T22:09:08+00:00","dateModified":"2026-04-30T21:56:11+00:00","breadcrumb":{"@id":"https:\/\/saintandrews.com.br\/produto\/drenagem-linfatica-corporal\/#breadcrumb"},"inLanguage":"en-US","potentialAction":[{"@type":"ReadAction","target":["https:\/\/saintandrews.com.br\/produto\/drenagem-linfatica-corporal\/"]}]},{"@type":"ImageObject","inLanguage":"en-US","@id":"https:\/\/saintandrews.com.br\/produto\/drenagem-linfatica-corporal\/#primaryimage","url":"https:\/\/saintandrews.com.br\/wp-content\/uploads\/2024\/03\/asal-12.png","contentUrl":"https:\/\/saintandrews.com.br\/wp-content\/uploads\/2024\/03\/asal-12.png","width":600,"height":400},{"@type":"BreadcrumbList","@id":"https:\/\/saintandrews.com.br\/produto\/drenagem-linfatica-corporal\/#breadcrumb","itemListElement":[{"@type":"ListItem","position":1,"name":"In\u00edcio","item":"https:\/\/saintandrews.com.br\/"},{"@type":"ListItem","position":2,"name":"Experi\u00eancias","item":"https:\/\/saintandrews.com.br\/experiencias\/"},{"@type":"ListItem","position":3,"name":"Drenagem Linf\u00e1tica Corporal"}]},{"@type":"WebSite","@id":"https:\/\/saintandrews.com.br\/#website","url":"https:\/\/saintandrews.com.br\/","name":"The Castle Of Saint Andrews University","description":"Your hotel in Gramado","publisher":{"@id":"https:\/\/saintandrews.com.br\/#organization"},"potentialAction":[{"@type":"SearchAction","target":{"@type":"EntryPoint","urlTemplate":"https:\/\/saintandrews.com.br\/?s={search_term_string}"},"query-input":{"@type":"PropertyValueSpecification","valueRequired":true,"valueName":"search_term_string"}}],"inLanguage":"en-US"},{"@type":"Organization","@id":"https:\/\/saintandrews.com.br\/#organization","name":"The Castle Of Saint Andrews University","url":"https:\/\/saintandrews.com.br\/","logo":{"@type":"ImageObject","inLanguage":"en-US","@id":"https:\/\/saintandrews.com.br\/#\/schema\/logo\/image\/","url":"https:\/\/saintandrews.com.br\/wp-content\/uploads\/2024\/04\/Logo-SaintAndrews-Cabecalho-01-01.svg","contentUrl":"https:\/\/saintandrews.com.br\/wp-content\/uploads\/2024\/04\/Logo-SaintAndrews-Cabecalho-01-01.svg","width":612.8999999999999772626324556767940521240234375,"height":167.5,"caption":"Castelo Saint Andrews"},"image":{"@id":"https:\/\/saintandrews.com.br\/#\/schema\/logo\/image\/"}}]}},"publishpress_future_action":{"enabled":false,"date":"2026-05-20 11:54:56","action":"change-status","newStatus":"draft","terms":[],"taxonomy":"product_brand","extraData":[]},"publishpress_future_workflow_manual_trigger":{"enabledWorkflows":[]},"_links":{"self":[{"href":"https:\/\/saintandrews.com.br\/en\/wp-json\/wp\/v2\/product\/7124","targetHints":{"allow":["GET"]}}],"collection":[{"href":"https:\/\/saintandrews.com.br\/en\/wp-json\/wp\/v2\/product"}],"about":[{"href":"https:\/\/saintandrews.com.br\/en\/wp-json\/wp\/v2\/types\/product"}],"wp:featuredmedia":[{"embeddable":true,"href":"https:\/\/saintandrews.com.br\/en\/wp-json\/wp\/v2\/media\/10069"}],"wp:attachment":[{"href":"https:\/\/saintandrews.com.br\/en\/wp-json\/wp\/v2\/media?parent=7124"}],"wp:term":[{"taxonomy":"product_brand","embeddable":true,"href":"https:\/\/saintandrews.com.br\/en\/wp-json\/wp\/v2\/product_brand?post=7124"},{"taxonomy":"product_cat","embeddable":true,"href":"https:\/\/saintandrews.com.br\/en\/wp-json\/wp\/v2\/product_cat?post=7124"},{"taxonomy":"product_tag","embeddable":true,"href":"https:\/\/saintandrews.com.br\/en\/wp-json\/wp\/v2\/product_tag?post=7124"}],"curies":[{"name":"wp","href":"https:\/\/api.w.org\/{rel}","templated":true}]}}