{"id":24696,"date":"2026-04-03T09:11:26","date_gmt":"2026-04-03T12:11:26","guid":{"rendered":"https:\/\/saintandrews.com.br\/?post_type=product&#038;p=24696"},"modified":"2026-05-04T17:01:13","modified_gmt":"2026-05-04T20:01:13","slug":"may-23-2026-spanish-flavors-dinner","status":"publish","type":"product","link":"https:\/\/saintandrews.com.br\/en\/produto\/23-de-maio-de-2026-jantar-sabores-espanhois\/","title":{"rendered":"May 23, 2026<br>Harmonized Dinner<br>Spanish Flavors"},"content":{"rendered":"<p>Uma celebra\u00e7\u00e3o dos sabores e da alma espanhola, onde intensidade, cor e tradi\u00e7\u00e3o se encontram em perfeita harmonia. Inspirado pela riqueza cultural da Espanha, o menu revela uma jornada marcada por contrastes, aromas envolventes e uma energia vibrante que convida a viver cada momento com paix\u00e3o.<\/p>\n<p>Como uma dan\u00e7a entre o r\u00fastico e o refinado, cada etapa traduz a ess\u00eancia de uma gastronomia aut\u00eantica e expressiva, conduzindo o paladar por uma experi\u00eancia calorosa, sofisticada e memor\u00e1vel.<\/p>\n<p>&nbsp;<\/p>\n<p>MENU<\/p>\n<p><span style=\"font-size: 10pt;\"><strong>Amuse-bouche<\/strong><\/span><br \/>\n<span style=\"font-weight: 400; font-size: 12pt;\">Gaspacho Andaluz e salpic\u00e3o de lagosta em glac\u00ea de laranja<br \/>\n&amp; Pincho de aspargos, jam\u00f3n ib\u00e9rico e queijo Dambo<\/span><\/p>\n<p>&nbsp;<\/p>\n<p><span style=\"font-size: 10pt;\"><strong>Entrada<\/strong><\/span><br \/>\n<span style=\"font-size: 14pt;\"><span style=\"font-size: 12pt;\">Tortilla de bacalao e ensalada con vinagreta de granada<\/span><br \/>\n<strong><span style=\"font-size: 10pt;\">Harmoniza\u00e7\u00e3o: <\/span><\/strong><em><span style=\"font-size: 12pt;\">[FRA] Vinho branco Fichet Bourgogne Aligot\u00e9 2022<\/span><br \/>\n<\/em><br \/>\n<\/span><\/p>\n<p><span style=\"font-size: 10pt;\"><strong>Primeiro prato<\/strong><\/span><br \/>\n<span style=\"font-size: 14pt;\"><span style=\"font-size: 12pt;\">Peque\u00f1a Paella Marinera<\/span><br \/>\n<strong><span style=\"font-size: 10pt;\">Harmoniza\u00e7\u00e3o: <\/span><\/strong><em><span style=\"font-size: 12pt;\">[ITA] Vinho branco Garofoli Verdicchio dei Castelli di Jesi Classico 2020<\/span><br \/>\n<\/em><br \/>\n<\/span><\/p>\n<p><strong><span style=\"font-size: 10pt;\">Segundo prato<\/span><\/strong><br \/>\n<span style=\"font-size: 14pt;\"><span style=\"font-size: 12pt;\">Cordeiro, pur\u00ea de gr\u00e3o-de-bico e ragu de cogumelos<\/span><br \/>\n<strong><span style=\"font-size: 10pt;\">Harmoniza\u00e7\u00e3o: <\/span><\/strong><span style=\"font-size: 12pt;\"><em>[ARG] Vinho tinto Tempus Alba Pleno Gran Reserva 2016<\/em><\/span><\/span><\/p>\n<p><strong><span style=\"font-size: 10pt;\"><br \/>\nSobremesa<\/span><\/strong><br \/>\n<span style=\"font-size: 14pt;\"><span style=\"font-size: 12pt;\">Crema \u201ccatalana\u201d<\/span><br \/>\n<strong><span style=\"font-size: 10pt;\">Harmoniza\u00e7\u00e3o: <\/span><\/strong><span style=\"font-size: 12pt;\"><em>[POR] Vinho fortificado Taylor\u2019s Port Fine Ruby<\/em><\/span><br \/>\n<\/span><\/p>\n<p>&nbsp;<\/p>\n<p>Para finalizar a experi\u00eancia, ser\u00e3o servidos caf\u00e9, ch\u00e1s e mignardises Saint Andrews.<\/p>\n<p>&nbsp;<\/p>\n<p><strong><span style=\"font-size: 10pt;\">Data:<\/span><\/strong> 23 de maio (S\u00e1bado)<br \/>\n<strong><span style=\"font-size: 10pt;\">In\u00edcio:<\/span> <\/strong>19h30 (welcome drink)<\/p>\n<p>&nbsp;<\/p>\n<p><span style=\"font-size: 10pt;\">*O menu e o valor poder\u00e3o sofrer altera\u00e7\u00f5es sem aviso pr\u00e9vio.<br \/>\n*Imagem meramente ilustrativa.<\/span><\/p>\n<p>&nbsp;<\/p>\n<p><strong>Menu harmonizado:<\/strong><br \/>\nServiremos ta\u00e7as de 100 ml de cada r\u00f3tulo por pessoa. Exceto sobremesa, servido em c\u00e1lice de 50 ml.<br \/>\nGarrafas e ta\u00e7as extras podem ser solicitadas (pre\u00e7os e disponibilidade sob consulta).<\/p>\n<p><strong>Menu s\/ harmoniza\u00e7\u00e3o:<br \/>\n<\/strong>As harmoniza\u00e7\u00f5es poder\u00e3o ser escolhidas \u00e0 parte, permitindo que cada convidado personalize sua experi\u00eancia de acordo com suas prefer\u00eancias.<\/p>\n<p>&nbsp;<\/p>\n<p><strong>Pre\u00e7o do jantar por pessoa:<\/strong><\/p>\n","protected":false},"excerpt":{"rendered":"<p>Uma celebra\u00e7\u00e3o dos sabores e da alma espanhola, onde intensidade, cor e tradi\u00e7\u00e3o se encontram em perfeita harmonia. Inspirado pela riqueza cultural da Espanha, o menu revela uma jornada marcada por contrastes, aromas envolventes e uma energia vibrante que convida a viver cada momento com paix\u00e3o. Como uma dan\u00e7a entre o r\u00fastico e o refinado, [&hellip;]<\/p>\n","protected":false},"featured_media":24697,"template":"","meta":{"_acf_changed":false},"product_brand":[],"product_cat":[227,228],"product_tag":[],"class_list":{"0":"post-24696","1":"product","2":"type-product","3":"status-publish","4":"has-post-thumbnail","6":"product_cat-geral","7":"product_cat-festivais","9":"first","10":"instock","11":"taxable","12":"shipping-taxable","13":"purchasable","14":"product-type-variable","15":"has-default-attributes"},"acf":[],"yoast_head":"<!-- This site is optimized with the Yoast SEO plugin v27.5 - https:\/\/yoast.com\/product\/yoast-seo-wordpress\/ -->\n<title>23 de maio de 2026Jantar HarmonizadoSabores Espanh\u00f3is - Castelo Saint Andrews<\/title>\n<meta name=\"description\" content=\"O Castelo Saint Andrews apresenta uma celebra\u00e7\u00e3o dos sabores e da alma espanhola, onde intensidade, cor e tradi\u00e7\u00e3o se encontram em perfeita harmonia. Inspirado pela riqueza cultural da Espanha, o menu revela uma jornada marcada por contrastes, aromas envolventes e uma energia vibrante que convida a viver cada momento com paix\u00e3o. Como uma dan\u00e7a entre o r\u00fastico e o refinado, cada etapa traduz a ess\u00eancia de uma gastronomia aut\u00eantica e expressiva, conduzindo o paladar por uma experi\u00eancia calorosa, sofisticada e memor\u00e1vel.\" \/>\n<meta name=\"robots\" content=\"index, follow, max-snippet:-1, max-image-preview:large, max-video-preview:-1\" \/>\n<link rel=\"canonical\" href=\"https:\/\/saintandrews.com.br\/en\/product\/may-23-2026-spanish-flavors-dinner\/\" \/>\n<meta property=\"og:locale\" content=\"en_US\" \/>\n<meta property=\"og:type\" content=\"article\" \/>\n<meta property=\"og:title\" content=\"23 de maio de 2026Jantar HarmonizadoSabores Espanh\u00f3is - Castelo Saint Andrews\" \/>\n<meta property=\"og:description\" content=\"O Castelo Saint Andrews apresenta uma celebra\u00e7\u00e3o dos sabores e da alma espanhola, onde intensidade, cor e tradi\u00e7\u00e3o se encontram em perfeita harmonia. Inspirado pela riqueza cultural da Espanha, o menu revela uma jornada marcada por contrastes, aromas envolventes e uma energia vibrante que convida a viver cada momento com paix\u00e3o. Como uma dan\u00e7a entre o r\u00fastico e o refinado, cada etapa traduz a ess\u00eancia de uma gastronomia aut\u00eantica e expressiva, conduzindo o paladar por uma experi\u00eancia calorosa, sofisticada e memor\u00e1vel.\" \/>\n<meta property=\"og:url\" content=\"https:\/\/saintandrews.com.br\/en\/product\/may-23-2026-spanish-flavors-dinner\/\" \/>\n<meta property=\"og:site_name\" content=\"Castelo Saint Andrews\" \/>\n<meta property=\"article:modified_time\" content=\"2026-05-04T20:01:13+00:00\" \/>\n<meta property=\"og:image\" content=\"https:\/\/saintandrews.com.br\/wp-content\/uploads\/2026\/04\/sabores-espanhois.webp\" \/>\n\t<meta property=\"og:image:width\" content=\"1000\" \/>\n\t<meta property=\"og:image:height\" content=\"1000\" \/>\n\t<meta property=\"og:image:type\" content=\"image\/webp\" \/>\n<meta name=\"twitter:card\" content=\"summary_large_image\" \/>\n<meta name=\"twitter:label1\" content=\"Est. reading time\" \/>\n\t<meta name=\"twitter:data1\" content=\"2 minutes\" \/>\n<script type=\"application\/ld+json\" class=\"yoast-schema-graph\">{\"@context\":\"https:\\\/\\\/schema.org\",\"@graph\":[{\"@type\":\"WebPage\",\"@id\":\"https:\\\/\\\/saintandrews.com.br\\\/produto\\\/23-de-maio-de-2026-jantar-sabores-espanhois\\\/\",\"url\":\"https:\\\/\\\/saintandrews.com.br\\\/produto\\\/23-de-maio-de-2026-jantar-sabores-espanhois\\\/\",\"name\":\"23 de maio de 2026 Jantar Harmonizado Sabores Espanh\u00f3is - Castelo Saint Andrews\",\"isPartOf\":{\"@id\":\"https:\\\/\\\/saintandrews.com.br\\\/#website\"},\"primaryImageOfPage\":{\"@id\":\"https:\\\/\\\/saintandrews.com.br\\\/produto\\\/23-de-maio-de-2026-jantar-sabores-espanhois\\\/#primaryimage\"},\"image\":{\"@id\":\"https:\\\/\\\/saintandrews.com.br\\\/produto\\\/23-de-maio-de-2026-jantar-sabores-espanhois\\\/#primaryimage\"},\"thumbnailUrl\":\"https:\\\/\\\/saintandrews.com.br\\\/wp-content\\\/uploads\\\/2026\\\/04\\\/sabores-espanhois.webp\",\"datePublished\":\"2026-04-03T12:11:26+00:00\",\"dateModified\":\"2026-05-04T20:01:13+00:00\",\"description\":\"O Castelo Saint Andrews apresenta uma celebra\u00e7\u00e3o dos sabores e da alma espanhola, onde intensidade, cor e tradi\u00e7\u00e3o se encontram em perfeita harmonia. Inspirado pela riqueza cultural da Espanha, o menu revela uma jornada marcada por contrastes, aromas envolventes e uma energia vibrante que convida a viver cada momento com paix\u00e3o. Como uma dan\u00e7a entre o r\u00fastico e o refinado, cada etapa traduz a ess\u00eancia de uma gastronomia aut\u00eantica e expressiva, conduzindo o paladar por uma experi\u00eancia calorosa, sofisticada e memor\u00e1vel.\",\"breadcrumb\":{\"@id\":\"https:\\\/\\\/saintandrews.com.br\\\/produto\\\/23-de-maio-de-2026-jantar-sabores-espanhois\\\/#breadcrumb\"},\"inLanguage\":\"en-US\",\"potentialAction\":[{\"@type\":\"ReadAction\",\"target\":[\"https:\\\/\\\/saintandrews.com.br\\\/produto\\\/23-de-maio-de-2026-jantar-sabores-espanhois\\\/\"]}]},{\"@type\":\"ImageObject\",\"inLanguage\":\"en-US\",\"@id\":\"https:\\\/\\\/saintandrews.com.br\\\/produto\\\/23-de-maio-de-2026-jantar-sabores-espanhois\\\/#primaryimage\",\"url\":\"https:\\\/\\\/saintandrews.com.br\\\/wp-content\\\/uploads\\\/2026\\\/04\\\/sabores-espanhois.webp\",\"contentUrl\":\"https:\\\/\\\/saintandrews.com.br\\\/wp-content\\\/uploads\\\/2026\\\/04\\\/sabores-espanhois.webp\",\"width\":1000,\"height\":1000},{\"@type\":\"BreadcrumbList\",\"@id\":\"https:\\\/\\\/saintandrews.com.br\\\/produto\\\/23-de-maio-de-2026-jantar-sabores-espanhois\\\/#breadcrumb\",\"itemListElement\":[{\"@type\":\"ListItem\",\"position\":1,\"name\":\"In\u00edcio\",\"item\":\"https:\\\/\\\/saintandrews.com.br\\\/\"},{\"@type\":\"ListItem\",\"position\":2,\"name\":\"Experi\u00eancias\",\"item\":\"https:\\\/\\\/saintandrews.com.br\\\/experiencias\\\/\"},{\"@type\":\"ListItem\",\"position\":3,\"name\":\"23 de maio de 2026Jantar HarmonizadoSabores Espanh\u00f3is\"}]},{\"@type\":\"WebSite\",\"@id\":\"https:\\\/\\\/saintandrews.com.br\\\/#website\",\"url\":\"https:\\\/\\\/saintandrews.com.br\\\/\",\"name\":\"Castelo Saint Andrews\",\"description\":\"Seu hotel\u00a0em\u00a0Gramado\",\"publisher\":{\"@id\":\"https:\\\/\\\/saintandrews.com.br\\\/#organization\"},\"potentialAction\":[{\"@type\":\"SearchAction\",\"target\":{\"@type\":\"EntryPoint\",\"urlTemplate\":\"https:\\\/\\\/saintandrews.com.br\\\/?s={search_term_string}\"},\"query-input\":{\"@type\":\"PropertyValueSpecification\",\"valueRequired\":true,\"valueName\":\"search_term_string\"}}],\"inLanguage\":\"en-US\"},{\"@type\":\"Organization\",\"@id\":\"https:\\\/\\\/saintandrews.com.br\\\/#organization\",\"name\":\"Castelo Saint Andrews\",\"url\":\"https:\\\/\\\/saintandrews.com.br\\\/\",\"logo\":{\"@type\":\"ImageObject\",\"inLanguage\":\"en-US\",\"@id\":\"https:\\\/\\\/saintandrews.com.br\\\/#\\\/schema\\\/logo\\\/image\\\/\",\"url\":\"https:\\\/\\\/saintandrews.com.br\\\/wp-content\\\/uploads\\\/2024\\\/04\\\/Logo-SaintAndrews-Cabecalho-01-01.svg\",\"contentUrl\":\"https:\\\/\\\/saintandrews.com.br\\\/wp-content\\\/uploads\\\/2024\\\/04\\\/Logo-SaintAndrews-Cabecalho-01-01.svg\",\"width\":612.8999999999999772626324556767940521240234375,\"height\":167.5,\"caption\":\"Castelo Saint Andrews\"},\"image\":{\"@id\":\"https:\\\/\\\/saintandrews.com.br\\\/#\\\/schema\\\/logo\\\/image\\\/\"}}]}<\/script>\n<!-- \/ Yoast SEO plugin. -->","yoast_head_json":{"title":"May 23, 2026 Harmonized Dinner - Spanish Flavors - Saint Andrews Castle","description":"Saint Andrews Castle presents a celebration of Spanish flavors and soul, where intensity, color, and tradition meet in perfect harmony. Inspired by the rich culture of Spain, the menu reveals a journey marked by contrasts, captivating aromas, and a vibrant energy that invites you to live each moment with passion. Like a dance between rustic and refined, each course translates the essence of authentic and expressive gastronomy, guiding the palate through a warm, sophisticated, and memorable experience.","robots":{"index":"index","follow":"follow","max-snippet":"max-snippet:-1","max-image-preview":"max-image-preview:large","max-video-preview":"max-video-preview:-1"},"canonical":"https:\/\/saintandrews.com.br\/en\/product\/may-23-2026-spanish-flavors-dinner\/","og_locale":"en_US","og_type":"article","og_title":"23 de maio de 2026Jantar HarmonizadoSabores Espanh\u00f3is - Castelo Saint Andrews","og_description":"O Castelo Saint Andrews apresenta uma celebra\u00e7\u00e3o dos sabores e da alma espanhola, onde intensidade, cor e tradi\u00e7\u00e3o se encontram em perfeita harmonia. Inspirado pela riqueza cultural da Espanha, o menu revela uma jornada marcada por contrastes, aromas envolventes e uma energia vibrante que convida a viver cada momento com paix\u00e3o. Como uma dan\u00e7a entre o r\u00fastico e o refinado, cada etapa traduz a ess\u00eancia de uma gastronomia aut\u00eantica e expressiva, conduzindo o paladar por uma experi\u00eancia calorosa, sofisticada e memor\u00e1vel.","og_url":"https:\/\/saintandrews.com.br\/en\/product\/may-23-2026-spanish-flavors-dinner\/","og_site_name":"Castelo Saint Andrews","article_modified_time":"2026-05-04T20:01:13+00:00","og_image":[{"width":1000,"height":1000,"url":"https:\/\/saintandrews.com.br\/wp-content\/uploads\/2026\/04\/sabores-espanhois.webp","type":"image\/webp"}],"twitter_card":"summary_large_image","twitter_misc":{"Est. reading time":"2 minutes"},"schema":{"@context":"https:\/\/schema.org","@graph":[{"@type":"WebPage","@id":"https:\/\/saintandrews.com.br\/produto\/23-de-maio-de-2026-jantar-sabores-espanhois\/","url":"https:\/\/saintandrews.com.br\/produto\/23-de-maio-de-2026-jantar-sabores-espanhois\/","name":"May 23, 2026 Harmonized Dinner - Spanish Flavors - Saint Andrews Castle","isPartOf":{"@id":"https:\/\/saintandrews.com.br\/#website"},"primaryImageOfPage":{"@id":"https:\/\/saintandrews.com.br\/produto\/23-de-maio-de-2026-jantar-sabores-espanhois\/#primaryimage"},"image":{"@id":"https:\/\/saintandrews.com.br\/produto\/23-de-maio-de-2026-jantar-sabores-espanhois\/#primaryimage"},"thumbnailUrl":"https:\/\/saintandrews.com.br\/wp-content\/uploads\/2026\/04\/sabores-espanhois.webp","datePublished":"2026-04-03T12:11:26+00:00","dateModified":"2026-05-04T20:01:13+00:00","description":"Saint Andrews Castle presents a celebration of Spanish flavors and soul, where intensity, color, and tradition meet in perfect harmony. Inspired by the rich culture of Spain, the menu reveals a journey marked by contrasts, captivating aromas, and a vibrant energy that invites you to live each moment with passion. Like a dance between rustic and refined, each course translates the essence of authentic and expressive gastronomy, guiding the palate through a warm, sophisticated, and memorable experience.","breadcrumb":{"@id":"https:\/\/saintandrews.com.br\/produto\/23-de-maio-de-2026-jantar-sabores-espanhois\/#breadcrumb"},"inLanguage":"en-US","potentialAction":[{"@type":"ReadAction","target":["https:\/\/saintandrews.com.br\/produto\/23-de-maio-de-2026-jantar-sabores-espanhois\/"]}]},{"@type":"ImageObject","inLanguage":"en-US","@id":"https:\/\/saintandrews.com.br\/produto\/23-de-maio-de-2026-jantar-sabores-espanhois\/#primaryimage","url":"https:\/\/saintandrews.com.br\/wp-content\/uploads\/2026\/04\/sabores-espanhois.webp","contentUrl":"https:\/\/saintandrews.com.br\/wp-content\/uploads\/2026\/04\/sabores-espanhois.webp","width":1000,"height":1000},{"@type":"BreadcrumbList","@id":"https:\/\/saintandrews.com.br\/produto\/23-de-maio-de-2026-jantar-sabores-espanhois\/#breadcrumb","itemListElement":[{"@type":"ListItem","position":1,"name":"In\u00edcio","item":"https:\/\/saintandrews.com.br\/"},{"@type":"ListItem","position":2,"name":"Experi\u00eancias","item":"https:\/\/saintandrews.com.br\/experiencias\/"},{"@type":"ListItem","position":3,"name":"23 de maio de 2026Jantar HarmonizadoSabores Espanh\u00f3is"}]},{"@type":"WebSite","@id":"https:\/\/saintandrews.com.br\/#website","url":"https:\/\/saintandrews.com.br\/","name":"The Castle Of Saint Andrews University","description":"Your hotel in Gramado","publisher":{"@id":"https:\/\/saintandrews.com.br\/#organization"},"potentialAction":[{"@type":"SearchAction","target":{"@type":"EntryPoint","urlTemplate":"https:\/\/saintandrews.com.br\/?s={search_term_string}"},"query-input":{"@type":"PropertyValueSpecification","valueRequired":true,"valueName":"search_term_string"}}],"inLanguage":"en-US"},{"@type":"Organization","@id":"https:\/\/saintandrews.com.br\/#organization","name":"The Castle Of Saint Andrews University","url":"https:\/\/saintandrews.com.br\/","logo":{"@type":"ImageObject","inLanguage":"en-US","@id":"https:\/\/saintandrews.com.br\/#\/schema\/logo\/image\/","url":"https:\/\/saintandrews.com.br\/wp-content\/uploads\/2024\/04\/Logo-SaintAndrews-Cabecalho-01-01.svg","contentUrl":"https:\/\/saintandrews.com.br\/wp-content\/uploads\/2024\/04\/Logo-SaintAndrews-Cabecalho-01-01.svg","width":612.8999999999999772626324556767940521240234375,"height":167.5,"caption":"Castelo Saint Andrews"},"image":{"@id":"https:\/\/saintandrews.com.br\/#\/schema\/logo\/image\/"}}]}},"publishpress_future_action":{"enabled":true,"date":"2026-05-23 18:00:00","action":"change-status","newStatus":"draft","terms":[0],"taxonomy":"product_brand","extraData":[]},"publishpress_future_workflow_manual_trigger":{"enabledWorkflows":[]},"_links":{"self":[{"href":"https:\/\/saintandrews.com.br\/en\/wp-json\/wp\/v2\/product\/24696","targetHints":{"allow":["GET"]}}],"collection":[{"href":"https:\/\/saintandrews.com.br\/en\/wp-json\/wp\/v2\/product"}],"about":[{"href":"https:\/\/saintandrews.com.br\/en\/wp-json\/wp\/v2\/types\/product"}],"wp:featuredmedia":[{"embeddable":true,"href":"https:\/\/saintandrews.com.br\/en\/wp-json\/wp\/v2\/media\/24697"}],"wp:attachment":[{"href":"https:\/\/saintandrews.com.br\/en\/wp-json\/wp\/v2\/media?parent=24696"}],"wp:term":[{"taxonomy":"product_brand","embeddable":true,"href":"https:\/\/saintandrews.com.br\/en\/wp-json\/wp\/v2\/product_brand?post=24696"},{"taxonomy":"product_cat","embeddable":true,"href":"https:\/\/saintandrews.com.br\/en\/wp-json\/wp\/v2\/product_cat?post=24696"},{"taxonomy":"product_tag","embeddable":true,"href":"https:\/\/saintandrews.com.br\/en\/wp-json\/wp\/v2\/product_tag?post=24696"}],"curies":[{"name":"wp","href":"https:\/\/api.w.org\/{rel}","templated":true}]}}