{"id":15495,"date":"2026-04-03T09:14:40","date_gmt":"2026-04-03T12:14:40","guid":{"rendered":"https:\/\/saintandrews.com.br\/?post_type=product&#038;p=15495"},"modified":"2026-05-04T10:10:33","modified_gmt":"2026-05-04T13:10:33","slug":"june-special-dinner-fondue-moet","status":"publish","type":"product","link":"https:\/\/saintandrews.com.br\/en\/produto\/junho-jantar-especial-fondue-moet\/","title":{"rendered":"June<br>Special Dinner <br> Fondue Suisse w\/ Mo\u00ebt &amp; Chandon"},"content":{"rendered":"<p>Inviting and romantic, fondue is a celebration of flavors and a perfect choice for sharing unforgettable moments as a couple on the cozy, cool nights of the Serra Ga\u00facha region.<\/p>\n<p>At Saint Andrews Castle, we&#039;ve created a unique experience that highlights the region&#039;s rich gastronomic culture, combining elegance with the irresistible charm of fondue.<\/p>\n<p>This special dinner offers an exclusive selection of four fondue variations:<\/p>\n<p>&nbsp;<\/p>\n<p>MENU<\/p>\n<ul>\n<li><strong>Cheese Fondue:<\/strong> Baguette, Olive Bread, Rye Bread, Potatoes, Mushrooms, Broccoli and Tomatoes to be bathed in a creamy blend of imported cheeses.<\/li>\n<li><strong>Fondue by the Sea:<\/strong> Shrimp, scallops, mussels and sole to be prepared on New Year's Eve. Garnished with Dill Dip, Proven\u00e7al Tapenade, Caper Dip and Lemon Emulsion.<\/li>\n<li><strong>Meat Fondue:<\/strong> Red Angus filet mignon fillets to be prepared in Bourguignon and Black Truffle Sauce, Dijon Mustard Pate, Pepper Emulsion and Gorgonzola Dip.<\/li>\n<li><strong>Chocolate Fondue:<\/strong> Belgian chocolate and cognac sauce accompanied by Turkish apricot, seasonal fruits, and sliced almonds.<\/li>\n<\/ul>\n<p>&nbsp;<\/p>\n<p>The experience will be accompanied by a bottle of <strong>Mo\u00ebt &amp; Chandon Champagne<\/strong> For couples. An experience full of flavor, sophistication, and romance in a stunning setting.<\/p>\n<p>&nbsp;<\/p>\n<p>To conclude the experience, coffee, tea, and Saint Andrews mignardises will be served.<\/p>\n<p>&nbsp;<\/p>\n<p><strong>Duration:<\/strong> This service lasts 2 hours.<br \/>\n<strong>When:<\/strong> Every day in June starting at 7:30 PM<\/p>\n<p>&nbsp;<\/p>\n<p><span style=\"font-size: 10pt;\">*The menu and prices are subject to change without notice.<br \/>\n*Image for illustrative purposes only.<\/span><\/p>\n<p>&nbsp;<\/p>\n<p><strong>Price of dinner for two:<br \/>\n<span style=\"font-size: 10pt;\">(+ on-site service fee)<\/span><\/strong><\/p>","protected":false},"excerpt":{"rendered":"<p>Envolvente e rom\u00e2ntico, o fondue \u00e9 uma celebra\u00e7\u00e3o de sabores e uma escolha perfeita para compartilhar momentos inesquec\u00edveis a dois nas acolhedoras noites frias da Serra Ga\u00facha. No Castelo Saint Andrews, criamos uma experi\u00eancia \u00fanica que destaca a rica cultura gastron\u00f4mica da regi\u00e3o, combinando eleg\u00e2ncia e o charme irresist\u00edvel do fondue. Este jantar especial oferece [&hellip;]<\/p>\n","protected":false},"featured_media":24819,"template":"","meta":{"_acf_changed":false},"product_brand":[],"product_cat":[228,294],"product_tag":[320],"class_list":{"0":"post-15495","1":"product","2":"type-product","3":"status-publish","4":"has-post-thumbnail","6":"product_cat-festivais","7":"product_cat-shows","8":"product_tag-layout-gastronomia-especial","10":"first","11":"instock","12":"virtual","13":"sold-individually","14":"taxable","15":"purchasable","16":"product-type-booking"},"acf":[],"yoast_head":"<!-- This site is optimized with the Yoast SEO plugin v27.5 - https:\/\/yoast.com\/product\/yoast-seo-wordpress\/ -->\n<title>JunhoJantar Especial  Fondue Suisse c\/ Mo\u00ebt &amp; Chandon - Castelo Saint Andrews<\/title>\n<meta name=\"robots\" content=\"index, follow, max-snippet:-1, max-image-preview:large, max-video-preview:-1\" \/>\n<link rel=\"canonical\" href=\"https:\/\/saintandrews.com.br\/en\/product\/june-special-dinner-fondue-moet\/\" \/>\n<meta property=\"og:locale\" content=\"en_US\" \/>\n<meta property=\"og:type\" content=\"article\" \/>\n<meta property=\"og:title\" content=\"JunhoJantar Especial  Fondue Suisse c\/ Mo\u00ebt &amp; Chandon - Castelo Saint Andrews\" \/>\n<meta property=\"og:description\" content=\"Envolvente e rom\u00e2ntico, o fondue \u00e9 uma celebra\u00e7\u00e3o de sabores e uma escolha perfeita para compartilhar momentos inesquec\u00edveis a dois nas acolhedoras noites frias da Serra Ga\u00facha. No Castelo Saint Andrews, criamos uma experi\u00eancia \u00fanica que destaca a rica cultura gastron\u00f4mica da regi\u00e3o, combinando eleg\u00e2ncia e o charme irresist\u00edvel do fondue. Este jantar especial oferece [&hellip;]\" \/>\n<meta property=\"og:url\" content=\"https:\/\/saintandrews.com.br\/en\/product\/june-special-dinner-fondue-moet\/\" \/>\n<meta property=\"og:site_name\" content=\"Castelo Saint Andrews\" \/>\n<meta property=\"article:modified_time\" content=\"2026-05-04T13:10:33+00:00\" \/>\n<meta property=\"og:image\" content=\"https:\/\/saintandrews.com.br\/wp-content\/uploads\/2026\/04\/namorados-01.webp\" \/>\n\t<meta property=\"og:image:width\" content=\"1000\" \/>\n\t<meta property=\"og:image:height\" content=\"1000\" \/>\n\t<meta property=\"og:image:type\" content=\"image\/webp\" \/>\n<meta name=\"twitter:card\" content=\"summary_large_image\" \/>\n<meta name=\"twitter:label1\" content=\"Est. reading time\" \/>\n\t<meta name=\"twitter:data1\" content=\"2 minutes\" \/>\n<script type=\"application\/ld+json\" class=\"yoast-schema-graph\">{\"@context\":\"https:\\\/\\\/schema.org\",\"@graph\":[{\"@type\":\"WebPage\",\"@id\":\"https:\\\/\\\/saintandrews.com.br\\\/produto\\\/junho-jantar-especial-fondue-moet\\\/\",\"url\":\"https:\\\/\\\/saintandrews.com.br\\\/produto\\\/junho-jantar-especial-fondue-moet\\\/\",\"name\":\"Junho Jantar Especial Fondue Suisse c\\\/ Mo\u00ebt & Chandon - Castelo Saint Andrews\",\"isPartOf\":{\"@id\":\"https:\\\/\\\/saintandrews.com.br\\\/#website\"},\"primaryImageOfPage\":{\"@id\":\"https:\\\/\\\/saintandrews.com.br\\\/produto\\\/junho-jantar-especial-fondue-moet\\\/#primaryimage\"},\"image\":{\"@id\":\"https:\\\/\\\/saintandrews.com.br\\\/produto\\\/junho-jantar-especial-fondue-moet\\\/#primaryimage\"},\"thumbnailUrl\":\"https:\\\/\\\/saintandrews.com.br\\\/wp-content\\\/uploads\\\/2026\\\/04\\\/namorados-01.webp\",\"datePublished\":\"2026-04-03T12:14:40+00:00\",\"dateModified\":\"2026-05-04T13:10:33+00:00\",\"breadcrumb\":{\"@id\":\"https:\\\/\\\/saintandrews.com.br\\\/produto\\\/junho-jantar-especial-fondue-moet\\\/#breadcrumb\"},\"inLanguage\":\"en-US\",\"potentialAction\":[{\"@type\":\"ReadAction\",\"target\":[\"https:\\\/\\\/saintandrews.com.br\\\/produto\\\/junho-jantar-especial-fondue-moet\\\/\"]}]},{\"@type\":\"ImageObject\",\"inLanguage\":\"en-US\",\"@id\":\"https:\\\/\\\/saintandrews.com.br\\\/produto\\\/junho-jantar-especial-fondue-moet\\\/#primaryimage\",\"url\":\"https:\\\/\\\/saintandrews.com.br\\\/wp-content\\\/uploads\\\/2026\\\/04\\\/namorados-01.webp\",\"contentUrl\":\"https:\\\/\\\/saintandrews.com.br\\\/wp-content\\\/uploads\\\/2026\\\/04\\\/namorados-01.webp\",\"width\":1000,\"height\":1000},{\"@type\":\"BreadcrumbList\",\"@id\":\"https:\\\/\\\/saintandrews.com.br\\\/produto\\\/junho-jantar-especial-fondue-moet\\\/#breadcrumb\",\"itemListElement\":[{\"@type\":\"ListItem\",\"position\":1,\"name\":\"In\u00edcio\",\"item\":\"https:\\\/\\\/saintandrews.com.br\\\/\"},{\"@type\":\"ListItem\",\"position\":2,\"name\":\"Experi\u00eancias\",\"item\":\"https:\\\/\\\/saintandrews.com.br\\\/experiencias\\\/\"},{\"@type\":\"ListItem\",\"position\":3,\"name\":\"JunhoJantar Especial Fondue Suisse c\\\/ Mo\u00ebt &#038; Chandon\"}]},{\"@type\":\"WebSite\",\"@id\":\"https:\\\/\\\/saintandrews.com.br\\\/#website\",\"url\":\"https:\\\/\\\/saintandrews.com.br\\\/\",\"name\":\"Castelo Saint Andrews\",\"description\":\"Seu hotel\u00a0em\u00a0Gramado\",\"publisher\":{\"@id\":\"https:\\\/\\\/saintandrews.com.br\\\/#organization\"},\"potentialAction\":[{\"@type\":\"SearchAction\",\"target\":{\"@type\":\"EntryPoint\",\"urlTemplate\":\"https:\\\/\\\/saintandrews.com.br\\\/?s={search_term_string}\"},\"query-input\":{\"@type\":\"PropertyValueSpecification\",\"valueRequired\":true,\"valueName\":\"search_term_string\"}}],\"inLanguage\":\"en-US\"},{\"@type\":\"Organization\",\"@id\":\"https:\\\/\\\/saintandrews.com.br\\\/#organization\",\"name\":\"Castelo Saint Andrews\",\"url\":\"https:\\\/\\\/saintandrews.com.br\\\/\",\"logo\":{\"@type\":\"ImageObject\",\"inLanguage\":\"en-US\",\"@id\":\"https:\\\/\\\/saintandrews.com.br\\\/#\\\/schema\\\/logo\\\/image\\\/\",\"url\":\"https:\\\/\\\/saintandrews.com.br\\\/wp-content\\\/uploads\\\/2024\\\/04\\\/Logo-SaintAndrews-Cabecalho-01-01.svg\",\"contentUrl\":\"https:\\\/\\\/saintandrews.com.br\\\/wp-content\\\/uploads\\\/2024\\\/04\\\/Logo-SaintAndrews-Cabecalho-01-01.svg\",\"width\":612.8999999999999772626324556767940521240234375,\"height\":167.5,\"caption\":\"Castelo Saint Andrews\"},\"image\":{\"@id\":\"https:\\\/\\\/saintandrews.com.br\\\/#\\\/schema\\\/logo\\\/image\\\/\"}}]}<\/script>\n<!-- \/ Yoast SEO plugin. -->","yoast_head_json":{"title":"June Special Dinner Swiss Fondue with Mo\u00ebt &amp; Chandon - Saint Andrews Castle","robots":{"index":"index","follow":"follow","max-snippet":"max-snippet:-1","max-image-preview":"max-image-preview:large","max-video-preview":"max-video-preview:-1"},"canonical":"https:\/\/saintandrews.com.br\/en\/product\/june-special-dinner-fondue-moet\/","og_locale":"en_US","og_type":"article","og_title":"JunhoJantar Especial  Fondue Suisse c\/ Mo\u00ebt & Chandon - Castelo Saint Andrews","og_description":"Envolvente e rom\u00e2ntico, o fondue \u00e9 uma celebra\u00e7\u00e3o de sabores e uma escolha perfeita para compartilhar momentos inesquec\u00edveis a dois nas acolhedoras noites frias da Serra Ga\u00facha. No Castelo Saint Andrews, criamos uma experi\u00eancia \u00fanica que destaca a rica cultura gastron\u00f4mica da regi\u00e3o, combinando eleg\u00e2ncia e o charme irresist\u00edvel do fondue. Este jantar especial oferece [&hellip;]","og_url":"https:\/\/saintandrews.com.br\/en\/product\/june-special-dinner-fondue-moet\/","og_site_name":"Castelo Saint Andrews","article_modified_time":"2026-05-04T13:10:33+00:00","og_image":[{"width":1000,"height":1000,"url":"https:\/\/saintandrews.com.br\/wp-content\/uploads\/2026\/04\/namorados-01.webp","type":"image\/webp"}],"twitter_card":"summary_large_image","twitter_misc":{"Est. reading time":"2 minutes"},"schema":{"@context":"https:\/\/schema.org","@graph":[{"@type":"WebPage","@id":"https:\/\/saintandrews.com.br\/produto\/junho-jantar-especial-fondue-moet\/","url":"https:\/\/saintandrews.com.br\/produto\/junho-jantar-especial-fondue-moet\/","name":"June Special Dinner Swiss Fondue with Mo\u00ebt &amp; Chandon - Saint Andrews Castle","isPartOf":{"@id":"https:\/\/saintandrews.com.br\/#website"},"primaryImageOfPage":{"@id":"https:\/\/saintandrews.com.br\/produto\/junho-jantar-especial-fondue-moet\/#primaryimage"},"image":{"@id":"https:\/\/saintandrews.com.br\/produto\/junho-jantar-especial-fondue-moet\/#primaryimage"},"thumbnailUrl":"https:\/\/saintandrews.com.br\/wp-content\/uploads\/2026\/04\/namorados-01.webp","datePublished":"2026-04-03T12:14:40+00:00","dateModified":"2026-05-04T13:10:33+00:00","breadcrumb":{"@id":"https:\/\/saintandrews.com.br\/produto\/junho-jantar-especial-fondue-moet\/#breadcrumb"},"inLanguage":"en-US","potentialAction":[{"@type":"ReadAction","target":["https:\/\/saintandrews.com.br\/produto\/junho-jantar-especial-fondue-moet\/"]}]},{"@type":"ImageObject","inLanguage":"en-US","@id":"https:\/\/saintandrews.com.br\/produto\/junho-jantar-especial-fondue-moet\/#primaryimage","url":"https:\/\/saintandrews.com.br\/wp-content\/uploads\/2026\/04\/namorados-01.webp","contentUrl":"https:\/\/saintandrews.com.br\/wp-content\/uploads\/2026\/04\/namorados-01.webp","width":1000,"height":1000},{"@type":"BreadcrumbList","@id":"https:\/\/saintandrews.com.br\/produto\/junho-jantar-especial-fondue-moet\/#breadcrumb","itemListElement":[{"@type":"ListItem","position":1,"name":"In\u00edcio","item":"https:\/\/saintandrews.com.br\/"},{"@type":"ListItem","position":2,"name":"Experi\u00eancias","item":"https:\/\/saintandrews.com.br\/experiencias\/"},{"@type":"ListItem","position":3,"name":"JunhoJantar Especial Fondue Suisse c\/ Mo\u00ebt &#038; Chandon"}]},{"@type":"WebSite","@id":"https:\/\/saintandrews.com.br\/#website","url":"https:\/\/saintandrews.com.br\/","name":"The Castle Of Saint Andrews University","description":"Your hotel in Gramado","publisher":{"@id":"https:\/\/saintandrews.com.br\/#organization"},"potentialAction":[{"@type":"SearchAction","target":{"@type":"EntryPoint","urlTemplate":"https:\/\/saintandrews.com.br\/?s={search_term_string}"},"query-input":{"@type":"PropertyValueSpecification","valueRequired":true,"valueName":"search_term_string"}}],"inLanguage":"en-US"},{"@type":"Organization","@id":"https:\/\/saintandrews.com.br\/#organization","name":"The Castle Of Saint Andrews University","url":"https:\/\/saintandrews.com.br\/","logo":{"@type":"ImageObject","inLanguage":"en-US","@id":"https:\/\/saintandrews.com.br\/#\/schema\/logo\/image\/","url":"https:\/\/saintandrews.com.br\/wp-content\/uploads\/2024\/04\/Logo-SaintAndrews-Cabecalho-01-01.svg","contentUrl":"https:\/\/saintandrews.com.br\/wp-content\/uploads\/2024\/04\/Logo-SaintAndrews-Cabecalho-01-01.svg","width":612.8999999999999772626324556767940521240234375,"height":167.5,"caption":"Castelo Saint Andrews"},"image":{"@id":"https:\/\/saintandrews.com.br\/#\/schema\/logo\/image\/"}}]}},"publishpress_future_action":{"enabled":true,"date":"2026-06-30 18:00:00","action":"change-status","newStatus":"draft","terms":[0],"taxonomy":"product_brand","extraData":[]},"publishpress_future_workflow_manual_trigger":{"enabledWorkflows":[]},"_links":{"self":[{"href":"https:\/\/saintandrews.com.br\/en\/wp-json\/wp\/v2\/product\/15495","targetHints":{"allow":["GET"]}}],"collection":[{"href":"https:\/\/saintandrews.com.br\/en\/wp-json\/wp\/v2\/product"}],"about":[{"href":"https:\/\/saintandrews.com.br\/en\/wp-json\/wp\/v2\/types\/product"}],"wp:featuredmedia":[{"embeddable":true,"href":"https:\/\/saintandrews.com.br\/en\/wp-json\/wp\/v2\/media\/24819"}],"wp:attachment":[{"href":"https:\/\/saintandrews.com.br\/en\/wp-json\/wp\/v2\/media?parent=15495"}],"wp:term":[{"taxonomy":"product_brand","embeddable":true,"href":"https:\/\/saintandrews.com.br\/en\/wp-json\/wp\/v2\/product_brand?post=15495"},{"taxonomy":"product_cat","embeddable":true,"href":"https:\/\/saintandrews.com.br\/en\/wp-json\/wp\/v2\/product_cat?post=15495"},{"taxonomy":"product_tag","embeddable":true,"href":"https:\/\/saintandrews.com.br\/en\/wp-json\/wp\/v2\/product_tag?post=15495"}],"curies":[{"name":"wp","href":"https:\/\/api.w.org\/{rel}","templated":true}]}}