{"id":9727,"date":"2024-05-02T22:41:15","date_gmt":"2024-05-03T01:41:15","guid":{"rendered":"https:\/\/saintandrews.com.br\/?page_id=9727"},"modified":"2025-07-28T15:39:00","modified_gmt":"2025-07-28T18:39:00","slug":"in-person-events","status":"publish","type":"page","link":"https:\/\/saintandrews.com.br\/en\/eventos-presenciais\/","title":{"rendered":"Events"},"content":{"rendered":"\t\t<div data-elementor-type=\"wp-page\" data-elementor-id=\"9727\" class=\"elementor elementor-9727\" data-elementor-post-type=\"page\">\n\t\t\t\t\t\t<section class=\"elementor-section elementor-top-section elementor-element elementor-element-efbbcc2 elementor-section-full_width elementor-section-height-default elementor-section-height-default\" data-id=\"efbbcc2\" data-element_type=\"section\" data-e-type=\"section\" data-settings=\"{&quot;background_background&quot;:&quot;classic&quot;,&quot;background_motion_fx_motion_fx_scrolling&quot;:&quot;yes&quot;,&quot;background_motion_fx_translateY_effect&quot;:&quot;yes&quot;,&quot;background_motion_fx_translateY_direction&quot;:&quot;negative&quot;,&quot;background_motion_fx_translateY_speed&quot;:{&quot;unit&quot;:&quot;px&quot;,&quot;size&quot;:5.5,&quot;sizes&quot;:[]},&quot;background_motion_fx_translateY_affectedRange&quot;:{&quot;unit&quot;:&quot;%&quot;,&quot;size&quot;:&quot;&quot;,&quot;sizes&quot;:{&quot;start&quot;:11,&quot;end&quot;:76}},&quot;jet_parallax_layout_list&quot;:[],&quot;background_motion_fx_devices&quot;:[&quot;widescreen&quot;,&quot;desktop&quot;,&quot;laptop&quot;,&quot;tablet&quot;,&quot;mobile&quot;]}\">\n\t\t\t\t\t\t\t<div class=\"elementor-background-overlay\"><\/div>\n\t\t\t\t\t\t\t<div class=\"elementor-container elementor-column-gap-no\">\n\t\t\t\t\t<div class=\"elementor-column elementor-col-100 elementor-top-column elementor-element elementor-element-79a8ddb\" data-id=\"79a8ddb\" data-element_type=\"column\" data-e-type=\"column\">\n\t\t\t<div class=\"elementor-widget-wrap\">\n\t\t\t\t\t\t\t<\/div>\n\t\t<\/div>\n\t\t\t\t\t<\/div>\n\t\t<\/section>\n\t\t\t\t<section class=\"elementor-section elementor-top-section elementor-element elementor-element-8701a9c elementor-section-boxed elementor-section-height-default elementor-section-height-default\" data-id=\"8701a9c\" data-element_type=\"section\" data-e-type=\"section\" data-settings=\"{&quot;background_background&quot;:&quot;classic&quot;,&quot;animation&quot;:&quot;none&quot;,&quot;jet_parallax_layout_list&quot;:[]}\">\n\t\t\t\t\t\t<div class=\"elementor-container elementor-column-gap-default\">\n\t\t\t\t\t<div class=\"elementor-column elementor-col-100 elementor-top-column elementor-element elementor-element-84e29a3\" data-id=\"84e29a3\" data-element_type=\"column\" data-e-type=\"column\">\n\t\t\t<div class=\"elementor-widget-wrap elementor-element-populated\">\n\t\t\t\t\t\t<div class=\"elementor-element elementor-element-8c20531 elementor-invisible elementor-widget elementor-widget-heading\" data-id=\"8c20531\" data-element_type=\"widget\" data-e-type=\"widget\" data-settings=\"{&quot;_animation&quot;:&quot;fadeInUp&quot;}\" data-widget_type=\"heading.default\">\n\t\t\t\t\t<h2 class=\"elementor-heading-title elementor-size-default\">EVENTOS<\/h2>\t\t\t\t<\/div>\n\t\t\t\t\t<\/div>\n\t\t<\/div>\n\t\t\t\t\t<\/div>\n\t\t<\/section>\n\t\t\t\t<section class=\"elementor-section elementor-top-section elementor-element elementor-element-a461c5b animated-slow elementor-section-boxed elementor-section-height-default elementor-section-height-default elementor-invisible\" data-id=\"a461c5b\" data-element_type=\"section\" data-e-type=\"section\" data-settings=\"{&quot;background_background&quot;:&quot;classic&quot;,&quot;animation&quot;:&quot;fadeIn&quot;,&quot;jet_parallax_layout_list&quot;:[]}\">\n\t\t\t\t\t\t<div class=\"elementor-container elementor-column-gap-default\">\n\t\t\t\t\t<div class=\"elementor-column elementor-col-50 elementor-top-column elementor-element elementor-element-ba943dd\" data-id=\"ba943dd\" data-element_type=\"column\" data-e-type=\"column\">\n\t\t\t<div class=\"elementor-widget-wrap elementor-element-populated\">\n\t\t\t\t\t\t<div class=\"elementor-element elementor-element-0241c43 elementor-invisible elementor-widget elementor-widget-heading\" data-id=\"0241c43\" data-element_type=\"widget\" data-e-type=\"widget\" data-settings=\"{&quot;_animation&quot;:&quot;fadeInUp&quot;}\" data-widget_type=\"heading.default\">\n\t\t\t\t\t<h2 class=\"elementor-heading-title elementor-size-default\">CASAMENTO<\/h2>\t\t\t\t<\/div>\n\t\t\t\t<div class=\"elementor-element elementor-element-a6a35a3 elementor-widget elementor-widget-text-editor\" data-id=\"a6a35a3\" data-element_type=\"widget\" data-e-type=\"widget\" data-widget_type=\"text-editor.default\">\n\t\t\t\t\t\t\t\t\t<p class=\"cvGsUA direction-ltr align-justify para-style-body\"><span class=\"OYPEnA text-decoration-none text-strikethrough-none\">o Castelo Saint Andrews \u00e9 a escolha certa para realizar o seu casamento dos sonhos! Com todo o glamour e sofistica\u00e7\u00e3o que a ocasi\u00e3o merece, vamos tornar seu grande dia ainda mais especial e inesquec\u00edvel.<\/span><\/p><p class=\"cvGsUA direction-ltr align-justify para-style-body\">\u00a0<\/p><p class=\"cvGsUA direction-ltr align-justify para-style-body\"><span class=\"OYPEnA text-decoration-none text-strikethrough-none\">Dispomos ambientes muito especiais para compor sua decora\u00e7\u00e3o, cuidamos do seu casamento de forma personalizada e exclusiva. Tudo feito com muito carinho e aten\u00e7\u00e3o para que fique registrado na mem\u00f3ria os detalhes, os cheiros e sabores e tudo mais que o momento ir\u00e1 proporcionar.<\/span><\/p><p class=\"cvGsUA direction-ltr align-justify para-style-body\">\u00a0<\/p><p class=\"cvGsUA direction-ltr align-justify para-style-body\"><span class=\"OYPEnA text-decoration-none text-strikethrough-none\">Al\u00e9m disso, o Castelo Saint Andrews oferece uma infraestrutura completa. Desde a hospedagem dos noivos e convidados em su\u00edtes luxuosas at\u00e9 a gastronomia de alta qualidade, tudo \u00e9 pensado para que voc\u00eas vivam uma experi\u00eancia \u00fanica e inesquec\u00edvel.<\/span><\/p><p class=\"cvGsUA direction-ltr align-justify para-style-body\">\u00a0<\/p><p class=\"cvGsUA direction-ltr align-justify para-style-body\"><span class=\"OYPEnA text-decoration-none text-strikethrough-none\">Os jardins exuberantes do Castelo tamb\u00e9m s\u00e3o um cen\u00e1rio perfeito para as fotos do \u00e1lbum de casamento, com paisagens deslumbrantes que ir\u00e3o eternizar esse momento t\u00e3o especial.<\/span><\/p>\t\t\t\t\t\t\t\t<\/div>\n\t\t\t\t\t<\/div>\n\t\t<\/div>\n\t\t\t\t<div class=\"elementor-column elementor-col-50 elementor-top-column elementor-element elementor-element-d93bbcf\" data-id=\"d93bbcf\" data-element_type=\"column\" data-e-type=\"column\" data-settings=\"{&quot;background_background&quot;:&quot;classic&quot;}\">\n\t\t\t<div class=\"elementor-widget-wrap elementor-element-populated\">\n\t\t\t\t\t\t<div class=\"elementor-element elementor-element-0bbd6ee elementor-widget elementor-widget-spacer\" data-id=\"0bbd6ee\" data-element_type=\"widget\" data-e-type=\"widget\" data-widget_type=\"spacer.default\">\n\t\t\t\t\t\t\t<div class=\"elementor-spacer\">\n\t\t\t<div class=\"elementor-spacer-inner\"><\/div>\n\t\t<\/div>\n\t\t\t\t\t\t<\/div>\n\t\t\t\t<div class=\"elementor-element elementor-element-65afc56 elementor-widget elementor-widget-image\" data-id=\"65afc56\" data-element_type=\"widget\" data-e-type=\"widget\" data-widget_type=\"image.default\">\n\t\t\t\t\t\t\t\t\t\t\t\t\t\t\t<img fetchpriority=\"high\" decoding=\"async\" width=\"731\" height=\"1024\" src=\"https:\/\/saintandrews.com.br\/wp-content\/uploads\/2024\/08\/casamento-saint-andrews_11zon-731x1024.webp\" class=\"attachment-large size-large wp-image-11909\" alt=\"eventos exclusivos em Gramado\" srcset=\"https:\/\/saintandrews.com.br\/wp-content\/uploads\/2024\/08\/casamento-saint-andrews_11zon-731x1024.webp 731w, https:\/\/saintandrews.com.br\/wp-content\/uploads\/2024\/08\/casamento-saint-andrews_11zon-214x300.webp 214w, https:\/\/saintandrews.com.br\/wp-content\/uploads\/2024\/08\/casamento-saint-andrews_11zon-768x1075.webp 768w, https:\/\/saintandrews.com.br\/wp-content\/uploads\/2024\/08\/casamento-saint-andrews_11zon-9x12.webp 9w, https:\/\/saintandrews.com.br\/wp-content\/uploads\/2024\/08\/casamento-saint-andrews_11zon-600x840.webp 600w, https:\/\/saintandrews.com.br\/wp-content\/uploads\/2024\/08\/casamento-saint-andrews_11zon.webp 1000w\" sizes=\"(max-width: 731px) 100vw, 731px\" \/>\t\t\t\t\t\t\t\t\t\t\t\t\t\t\t<\/div>\n\t\t\t\t\t<\/div>\n\t\t<\/div>\n\t\t\t\t\t<\/div>\n\t\t<\/section>\n\t\t\t\t<section class=\"elementor-section elementor-top-section elementor-element elementor-element-2182fe0 animated-slow elementor-section-boxed elementor-section-height-default elementor-section-height-default elementor-invisible\" data-id=\"2182fe0\" data-element_type=\"section\" data-e-type=\"section\" data-settings=\"{&quot;background_background&quot;:&quot;classic&quot;,&quot;animation&quot;:&quot;fadeIn&quot;,&quot;jet_parallax_layout_list&quot;:[]}\">\n\t\t\t\t\t\t<div class=\"elementor-container elementor-column-gap-default\">\n\t\t\t\t\t<div class=\"elementor-column elementor-col-50 elementor-top-column elementor-element elementor-element-4fc0145\" data-id=\"4fc0145\" data-element_type=\"column\" data-e-type=\"column\" data-settings=\"{&quot;background_background&quot;:&quot;classic&quot;}\">\n\t\t\t<div class=\"elementor-widget-wrap elementor-element-populated\">\n\t\t\t\t\t\t<div class=\"elementor-element elementor-element-ce66f54 elementor-widget elementor-widget-image\" data-id=\"ce66f54\" data-element_type=\"widget\" data-e-type=\"widget\" data-widget_type=\"image.default\">\n\t\t\t\t\t\t\t\t\t\t\t\t\t\t\t<img decoding=\"async\" width=\"731\" height=\"1024\" src=\"https:\/\/saintandrews.com.br\/wp-content\/uploads\/2024\/08\/corporativo-social-saint-andrews_11zon-731x1024.webp\" class=\"attachment-large size-large wp-image-11911\" alt=\"\" srcset=\"https:\/\/saintandrews.com.br\/wp-content\/uploads\/2024\/08\/corporativo-social-saint-andrews_11zon-731x1024.webp 731w, https:\/\/saintandrews.com.br\/wp-content\/uploads\/2024\/08\/corporativo-social-saint-andrews_11zon-214x300.webp 214w, https:\/\/saintandrews.com.br\/wp-content\/uploads\/2024\/08\/corporativo-social-saint-andrews_11zon-768x1075.webp 768w, https:\/\/saintandrews.com.br\/wp-content\/uploads\/2024\/08\/corporativo-social-saint-andrews_11zon-9x12.webp 9w, https:\/\/saintandrews.com.br\/wp-content\/uploads\/2024\/08\/corporativo-social-saint-andrews_11zon-600x840.webp 600w, https:\/\/saintandrews.com.br\/wp-content\/uploads\/2024\/08\/corporativo-social-saint-andrews_11zon.webp 1000w\" sizes=\"(max-width: 731px) 100vw, 731px\" \/>\t\t\t\t\t\t\t\t\t\t\t\t\t\t\t<\/div>\n\t\t\t\t<div class=\"elementor-element elementor-element-d8cebab elementor-widget elementor-widget-spacer\" data-id=\"d8cebab\" data-element_type=\"widget\" data-e-type=\"widget\" data-widget_type=\"spacer.default\">\n\t\t\t\t\t\t\t<div class=\"elementor-spacer\">\n\t\t\t<div class=\"elementor-spacer-inner\"><\/div>\n\t\t<\/div>\n\t\t\t\t\t\t<\/div>\n\t\t\t\t\t<\/div>\n\t\t<\/div>\n\t\t\t\t<div class=\"elementor-column elementor-col-50 elementor-top-column elementor-element elementor-element-5064048\" data-id=\"5064048\" data-element_type=\"column\" data-e-type=\"column\">\n\t\t\t<div class=\"elementor-widget-wrap elementor-element-populated\">\n\t\t\t\t\t\t<div class=\"elementor-element elementor-element-e2893e3 elementor-invisible elementor-widget elementor-widget-heading\" data-id=\"e2893e3\" data-element_type=\"widget\" data-e-type=\"widget\" data-settings=\"{&quot;_animation&quot;:&quot;fadeInUp&quot;}\" data-widget_type=\"heading.default\">\n\t\t\t\t\t<h2 class=\"elementor-heading-title elementor-size-default\">CORPORATIVO E SOCIAL<\/h2>\t\t\t\t<\/div>\n\t\t\t\t<div class=\"elementor-element elementor-element-904a6b9 elementor-widget elementor-widget-text-editor\" data-id=\"904a6b9\" data-element_type=\"widget\" data-e-type=\"widget\" data-widget_type=\"text-editor.default\">\n\t\t\t\t\t\t\t\t\t<p class=\"cvGsUA direction-ltr align-justify para-style-body\"><span class=\"OYPEnA text-decoration-none text-strikethrough-none\">Nossa equipe altamente treinada est\u00e1 sempre pronta para atender \u00e0s suas necessidades, desde a escolha do card\u00e1pio at\u00e9 a decora\u00e7\u00e3o do ambiente. Al\u00e9m disso, contamos com uma infraestrutura completa para garantir que tudo ocorra conforme o planejado, seja para um evento corporativo ou social.<\/span><\/p><p class=\"cvGsUA direction-ltr align-justify para-style-body\">\u00a0<\/p><p class=\"cvGsUA direction-ltr align-justify para-style-body\"><span class=\"OYPEnA text-decoration-none text-strikethrough-none\">Temos o objetivo de proporcionar uma experi\u00eancia \u00fanica e inesquec\u00edvel para voc\u00ea e seus convidados, com qualidade e excel\u00eancia em todos os servi\u00e7os prestados. Trabalhamos com muito profissionalismo e comprometimento para superar suas expectativas e transformar seu evento em um momento especial.<\/span><\/p><p class=\"cvGsUA direction-ltr align-justify para-style-body\">\u00a0<\/p><p class=\"cvGsUA direction-ltr align-justify para-style-body\"><span class=\"OYPEnA text-decoration-none text-strikethrough-none\">Venha conhecer nossos espa\u00e7os e servi\u00e7os e surpreenda-se com o que podemos oferecer para tornar seu evento um sucesso absoluto. Estamos sempre \u00e0 disposi\u00e7\u00e3o para ajud\u00e1-lo e fazer parte desse momento t\u00e3o especial em sua vida.<\/span><\/p>\t\t\t\t\t\t\t\t<\/div>\n\t\t\t\t\t<\/div>\n\t\t<\/div>\n\t\t\t\t\t<\/div>\n\t\t<\/section>\n\t\t\t\t<section class=\"elementor-section elementor-top-section elementor-element elementor-element-44d6081 animated-slow elementor-section-boxed elementor-section-height-default elementor-section-height-default elementor-invisible\" data-id=\"44d6081\" data-element_type=\"section\" data-e-type=\"section\" data-settings=\"{&quot;background_background&quot;:&quot;video&quot;,&quot;animation&quot;:&quot;fadeIn&quot;,&quot;background_video_link&quot;:&quot;https:\\\/\\\/www.youtube.com\\\/watch?v=aydgYnRQ1sg&amp;t=17s&quot;,&quot;jet_parallax_layout_list&quot;:[]}\">\n\t\t\t\t\t\t\t\t<div class=\"elementor-background-video-container elementor-hidden-mobile\">\n\t\t\t\t\t\t\t\t\t\t\t\t\t<div class=\"elementor-background-video-embed\" role=\"presentation\"><\/div>\n\t\t\t\t\t\t\t\t\t\t\t\t<\/div>\n\t\t\t\t\t\t\t\t\t<div class=\"elementor-background-overlay\"><\/div>\n\t\t\t\t\t\t\t<div class=\"elementor-container elementor-column-gap-default\">\n\t\t\t\t\t<div class=\"elementor-column elementor-col-100 elementor-top-column elementor-element elementor-element-84272c3\" data-id=\"84272c3\" data-element_type=\"column\" data-e-type=\"column\">\n\t\t\t<div class=\"elementor-widget-wrap elementor-element-populated\">\n\t\t\t\t\t\t<div class=\"elementor-element elementor-element-f528d06 elementor-widget elementor-widget-text-editor\" data-id=\"f528d06\" data-element_type=\"widget\" data-e-type=\"widget\" data-widget_type=\"text-editor.default\">\n\t\t\t\t\t\t\t\t\t<p>Entre em contato e vamos planejar seu evento acima de suas expectativas!<\/p>\t\t\t\t\t\t\t\t<\/div>\n\t\t\t\t<div class=\"elementor-element elementor-element-963bd1c elementor-button-info elementor-align-center elementor-widget elementor-widget-button\" data-id=\"963bd1c\" data-element_type=\"widget\" data-e-type=\"widget\" data-widget_type=\"button.default\">\n\t\t\t\t\t\t\t\t\t\t<a class=\"elementor-button elementor-button-link elementor-size-md elementor-animation-grow\" href=\"https:\/\/wa.me\/5554999574220\" target=\"_blank\">\n\t\t\t\t\t\t<span class=\"elementor-button-content-wrapper\">\n\t\t\t\t\t\t\t\t\t<span class=\"elementor-button-text\">Clique aqui e entre em contato<\/span>\n\t\t\t\t\t<\/span>\n\t\t\t\t\t<\/a>\n\t\t\t\t\t\t\t\t<\/div>\n\t\t\t\t\t<\/div>\n\t\t<\/div>\n\t\t\t\t\t<\/div>\n\t\t<\/section>\n\t\t\t\t<\/div>\n\t\t","protected":false},"excerpt":{"rendered":"<p>EVENTOS CASAMENTO o Castelo Saint Andrews \u00e9 a escolha certa para realizar o seu casamento dos sonhos! Com todo o glamour e sofistica\u00e7\u00e3o que a ocasi\u00e3o merece, vamos tornar seu grande dia ainda mais especial e inesquec\u00edvel. Dispomos ambientes muito especiais para compor sua decora\u00e7\u00e3o, cuidamos do seu casamento de forma personalizada e exclusiva. Tudo [&hellip;]<\/p>\n","protected":false},"author":2,"featured_media":11909,"parent":0,"menu_order":0,"comment_status":"closed","ping_status":"closed","template":"elementor_header_footer","meta":{"_acf_changed":false,"footnotes":""},"class_list":["post-9727","page","type-page","status-publish","has-post-thumbnail","hentry"],"acf":[],"yoast_head":"<!-- This site is optimized with the Yoast SEO plugin v27.2 - https:\/\/yoast.com\/product\/yoast-seo-wordpress\/ -->\n<title>Eventos - Castelo Saint Andrews<\/title>\n<meta name=\"robots\" content=\"index, follow, max-snippet:-1, max-image-preview:large, max-video-preview:-1\" \/>\n<link rel=\"canonical\" href=\"https:\/\/saintandrews.com.br\/en\/in-person-events\/\" \/>\n<meta property=\"og:locale\" content=\"en_US\" \/>\n<meta property=\"og:type\" content=\"article\" \/>\n<meta property=\"og:title\" content=\"Eventos - Castelo Saint Andrews\" \/>\n<meta property=\"og:description\" content=\"EVENTOS CASAMENTO o Castelo Saint Andrews \u00e9 a escolha certa para realizar o seu casamento dos sonhos! Com todo o glamour e sofistica\u00e7\u00e3o que a ocasi\u00e3o merece, vamos tornar seu grande dia ainda mais especial e inesquec\u00edvel. Dispomos ambientes muito especiais para compor sua decora\u00e7\u00e3o, cuidamos do seu casamento de forma personalizada e exclusiva. Tudo [&hellip;]\" \/>\n<meta property=\"og:url\" content=\"https:\/\/saintandrews.com.br\/en\/in-person-events\/\" \/>\n<meta property=\"og:site_name\" content=\"Castelo Saint Andrews\" \/>\n<meta property=\"article:modified_time\" content=\"2025-07-28T18:39:00+00:00\" \/>\n<meta property=\"og:image\" content=\"https:\/\/saintandrews.com.br\/wp-content\/uploads\/2024\/08\/casamento-saint-andrews_11zon.webp\" \/>\n\t<meta property=\"og:image:width\" content=\"1000\" \/>\n\t<meta property=\"og:image:height\" content=\"1400\" \/>\n\t<meta property=\"og:image:type\" content=\"image\/webp\" \/>\n<meta name=\"twitter:card\" content=\"summary_large_image\" \/>\n<meta name=\"twitter:label1\" content=\"Est. reading time\" \/>\n\t<meta name=\"twitter:data1\" content=\"3 minutes\" \/>\n<script type=\"application\/ld+json\" class=\"yoast-schema-graph\">{\"@context\":\"https:\/\/schema.org\",\"@graph\":[{\"@type\":\"WebPage\",\"@id\":\"https:\/\/saintandrews.com.br\/eventos-presenciais\/\",\"url\":\"https:\/\/saintandrews.com.br\/eventos-presenciais\/\",\"name\":\"Eventos - Castelo Saint Andrews\",\"isPartOf\":{\"@id\":\"https:\/\/saintandrews.com.br\/#website\"},\"primaryImageOfPage\":{\"@id\":\"https:\/\/saintandrews.com.br\/eventos-presenciais\/#primaryimage\"},\"image\":{\"@id\":\"https:\/\/saintandrews.com.br\/eventos-presenciais\/#primaryimage\"},\"thumbnailUrl\":\"https:\/\/saintandrews.com.br\/wp-content\/uploads\/2024\/08\/casamento-saint-andrews_11zon.webp\",\"datePublished\":\"2024-05-03T01:41:15+00:00\",\"dateModified\":\"2025-07-28T18:39:00+00:00\",\"breadcrumb\":{\"@id\":\"https:\/\/saintandrews.com.br\/eventos-presenciais\/#breadcrumb\"},\"inLanguage\":\"en-US\",\"potentialAction\":[{\"@type\":\"ReadAction\",\"target\":[\"https:\/\/saintandrews.com.br\/eventos-presenciais\/\"]}]},{\"@type\":\"ImageObject\",\"inLanguage\":\"en-US\",\"@id\":\"https:\/\/saintandrews.com.br\/eventos-presenciais\/#primaryimage\",\"url\":\"https:\/\/saintandrews.com.br\/wp-content\/uploads\/2024\/08\/casamento-saint-andrews_11zon.webp\",\"contentUrl\":\"https:\/\/saintandrews.com.br\/wp-content\/uploads\/2024\/08\/casamento-saint-andrews_11zon.webp\",\"width\":1000,\"height\":1400,\"caption\":\"eventos exclusivos em Gramado\"},{\"@type\":\"BreadcrumbList\",\"@id\":\"https:\/\/saintandrews.com.br\/eventos-presenciais\/#breadcrumb\",\"itemListElement\":[{\"@type\":\"ListItem\",\"position\":1,\"name\":\"In\u00edcio\",\"item\":\"https:\/\/saintandrews.com.br\/\"},{\"@type\":\"ListItem\",\"position\":2,\"name\":\"Eventos\"}]},{\"@type\":\"WebSite\",\"@id\":\"https:\/\/saintandrews.com.br\/#website\",\"url\":\"https:\/\/saintandrews.com.br\/\",\"name\":\"Castelo Saint Andrews\",\"description\":\"Seu hotel\u00a0em\u00a0Gramado\",\"publisher\":{\"@id\":\"https:\/\/saintandrews.com.br\/#organization\"},\"potentialAction\":[{\"@type\":\"SearchAction\",\"target\":{\"@type\":\"EntryPoint\",\"urlTemplate\":\"https:\/\/saintandrews.com.br\/?s={search_term_string}\"},\"query-input\":{\"@type\":\"PropertyValueSpecification\",\"valueRequired\":true,\"valueName\":\"search_term_string\"}}],\"inLanguage\":\"en-US\"},{\"@type\":\"Organization\",\"@id\":\"https:\/\/saintandrews.com.br\/#organization\",\"name\":\"Castelo Saint Andrews\",\"url\":\"https:\/\/saintandrews.com.br\/\",\"logo\":{\"@type\":\"ImageObject\",\"inLanguage\":\"en-US\",\"@id\":\"https:\/\/saintandrews.com.br\/#\/schema\/logo\/image\/\",\"url\":\"https:\/\/saintandrews.com.br\/wp-content\/uploads\/2024\/04\/Logo-SaintAndrews-Cabecalho-01-01.svg\",\"contentUrl\":\"https:\/\/saintandrews.com.br\/wp-content\/uploads\/2024\/04\/Logo-SaintAndrews-Cabecalho-01-01.svg\",\"width\":612.8999999999999772626324556767940521240234375,\"height\":167.5,\"caption\":\"Castelo Saint Andrews\"},\"image\":{\"@id\":\"https:\/\/saintandrews.com.br\/#\/schema\/logo\/image\/\"}}]}<\/script>\n<!-- \/ Yoast SEO plugin. -->","yoast_head_json":{"title":"Events - Saint Andrews Castle","robots":{"index":"index","follow":"follow","max-snippet":"max-snippet:-1","max-image-preview":"max-image-preview:large","max-video-preview":"max-video-preview:-1"},"canonical":"https:\/\/saintandrews.com.br\/en\/in-person-events\/","og_locale":"en_US","og_type":"article","og_title":"Eventos - Castelo Saint Andrews","og_description":"EVENTOS CASAMENTO o Castelo Saint Andrews \u00e9 a escolha certa para realizar o seu casamento dos sonhos! Com todo o glamour e sofistica\u00e7\u00e3o que a ocasi\u00e3o merece, vamos tornar seu grande dia ainda mais especial e inesquec\u00edvel. Dispomos ambientes muito especiais para compor sua decora\u00e7\u00e3o, cuidamos do seu casamento de forma personalizada e exclusiva. Tudo [&hellip;]","og_url":"https:\/\/saintandrews.com.br\/en\/in-person-events\/","og_site_name":"Castelo Saint Andrews","article_modified_time":"2025-07-28T18:39:00+00:00","og_image":[{"width":1000,"height":1400,"url":"https:\/\/saintandrews.com.br\/wp-content\/uploads\/2024\/08\/casamento-saint-andrews_11zon.webp","type":"image\/webp"}],"twitter_card":"summary_large_image","twitter_misc":{"Est. reading time":"3 minutes"},"schema":{"@context":"https:\/\/schema.org","@graph":[{"@type":"WebPage","@id":"https:\/\/saintandrews.com.br\/eventos-presenciais\/","url":"https:\/\/saintandrews.com.br\/eventos-presenciais\/","name":"Events - Saint Andrews Castle","isPartOf":{"@id":"https:\/\/saintandrews.com.br\/#website"},"primaryImageOfPage":{"@id":"https:\/\/saintandrews.com.br\/eventos-presenciais\/#primaryimage"},"image":{"@id":"https:\/\/saintandrews.com.br\/eventos-presenciais\/#primaryimage"},"thumbnailUrl":"https:\/\/saintandrews.com.br\/wp-content\/uploads\/2024\/08\/casamento-saint-andrews_11zon.webp","datePublished":"2024-05-03T01:41:15+00:00","dateModified":"2025-07-28T18:39:00+00:00","breadcrumb":{"@id":"https:\/\/saintandrews.com.br\/eventos-presenciais\/#breadcrumb"},"inLanguage":"en-US","potentialAction":[{"@type":"ReadAction","target":["https:\/\/saintandrews.com.br\/eventos-presenciais\/"]}]},{"@type":"ImageObject","inLanguage":"en-US","@id":"https:\/\/saintandrews.com.br\/eventos-presenciais\/#primaryimage","url":"https:\/\/saintandrews.com.br\/wp-content\/uploads\/2024\/08\/casamento-saint-andrews_11zon.webp","contentUrl":"https:\/\/saintandrews.com.br\/wp-content\/uploads\/2024\/08\/casamento-saint-andrews_11zon.webp","width":1000,"height":1400,"caption":"eventos exclusivos em Gramado"},{"@type":"BreadcrumbList","@id":"https:\/\/saintandrews.com.br\/eventos-presenciais\/#breadcrumb","itemListElement":[{"@type":"ListItem","position":1,"name":"In\u00edcio","item":"https:\/\/saintandrews.com.br\/"},{"@type":"ListItem","position":2,"name":"Eventos"}]},{"@type":"WebSite","@id":"https:\/\/saintandrews.com.br\/#website","url":"https:\/\/saintandrews.com.br\/","name":"The Castle Of Saint Andrews University","description":"Your hotel in Gramado","publisher":{"@id":"https:\/\/saintandrews.com.br\/#organization"},"potentialAction":[{"@type":"SearchAction","target":{"@type":"EntryPoint","urlTemplate":"https:\/\/saintandrews.com.br\/?s={search_term_string}"},"query-input":{"@type":"PropertyValueSpecification","valueRequired":true,"valueName":"search_term_string"}}],"inLanguage":"en-US"},{"@type":"Organization","@id":"https:\/\/saintandrews.com.br\/#organization","name":"The Castle Of Saint Andrews University","url":"https:\/\/saintandrews.com.br\/","logo":{"@type":"ImageObject","inLanguage":"en-US","@id":"https:\/\/saintandrews.com.br\/#\/schema\/logo\/image\/","url":"https:\/\/saintandrews.com.br\/wp-content\/uploads\/2024\/04\/Logo-SaintAndrews-Cabecalho-01-01.svg","contentUrl":"https:\/\/saintandrews.com.br\/wp-content\/uploads\/2024\/04\/Logo-SaintAndrews-Cabecalho-01-01.svg","width":612.8999999999999772626324556767940521240234375,"height":167.5,"caption":"Castelo Saint Andrews"},"image":{"@id":"https:\/\/saintandrews.com.br\/#\/schema\/logo\/image\/"}}]}},"publishpress_future_action":{"enabled":false,"date":"2026-04-28 10:29:48","action":"change-status","newStatus":"draft","terms":[],"taxonomy":"","extraData":[]},"publishpress_future_workflow_manual_trigger":{"enabledWorkflows":[]},"_links":{"self":[{"href":"https:\/\/saintandrews.com.br\/en\/wp-json\/wp\/v2\/pages\/9727","targetHints":{"allow":["GET"]}}],"collection":[{"href":"https:\/\/saintandrews.com.br\/en\/wp-json\/wp\/v2\/pages"}],"about":[{"href":"https:\/\/saintandrews.com.br\/en\/wp-json\/wp\/v2\/types\/page"}],"author":[{"embeddable":true,"href":"https:\/\/saintandrews.com.br\/en\/wp-json\/wp\/v2\/users\/2"}],"replies":[{"embeddable":true,"href":"https:\/\/saintandrews.com.br\/en\/wp-json\/wp\/v2\/comments?post=9727"}],"version-history":[{"count":0,"href":"https:\/\/saintandrews.com.br\/en\/wp-json\/wp\/v2\/pages\/9727\/revisions"}],"wp:featuredmedia":[{"embeddable":true,"href":"https:\/\/saintandrews.com.br\/en\/wp-json\/wp\/v2\/media\/11909"}],"wp:attachment":[{"href":"https:\/\/saintandrews.com.br\/en\/wp-json\/wp\/v2\/media?parent=9727"}],"curies":[{"name":"wp","href":"https:\/\/api.w.org\/{rel}","templated":true}]}}