{"id":10491,"date":"2024-06-04T18:56:48","date_gmt":"2024-06-04T21:56:48","guid":{"rendered":"https:\/\/saintandrews.com.br\/?page_id=10491"},"modified":"2026-01-07T17:39:45","modified_gmt":"2026-01-07T20:39:45","slug":"valentines-day-2","status":"publish","type":"page","link":"https:\/\/saintandrews.com.br\/en\/dias-dos-namoradores\/","title":{"rendered":"Valentine&#039;s Day"},"content":{"rendered":"\t\t<div data-elementor-type=\"wp-page\" data-elementor-id=\"10491\" class=\"elementor elementor-10491\" data-elementor-post-type=\"page\">\n\t\t\t\t\t\t<section class=\"elementor-section elementor-top-section elementor-element elementor-element-4876dcc elementor-section-full_width elementor-section-height-default elementor-section-height-default\" data-id=\"4876dcc\" data-element_type=\"section\" data-e-type=\"section\" data-settings=\"{&quot;background_background&quot;:&quot;classic&quot;,&quot;background_motion_fx_motion_fx_scrolling&quot;:&quot;yes&quot;,&quot;background_motion_fx_translateY_effect&quot;:&quot;yes&quot;,&quot;background_motion_fx_translateY_direction&quot;:&quot;negative&quot;,&quot;background_motion_fx_translateY_speed&quot;:{&quot;unit&quot;:&quot;px&quot;,&quot;size&quot;:5.5,&quot;sizes&quot;:[]},&quot;background_motion_fx_translateY_affectedRange&quot;:{&quot;unit&quot;:&quot;%&quot;,&quot;size&quot;:&quot;&quot;,&quot;sizes&quot;:{&quot;start&quot;:11,&quot;end&quot;:76}},&quot;jet_parallax_layout_list&quot;:[],&quot;background_motion_fx_devices&quot;:[&quot;desktop&quot;,&quot;tablet&quot;,&quot;mobile&quot;]}\">\n\t\t\t\t\t\t<div class=\"elementor-container elementor-column-gap-no\">\n\t\t\t\t\t<div class=\"elementor-column elementor-col-100 elementor-top-column elementor-element elementor-element-4d6915c\" data-id=\"4d6915c\" data-element_type=\"column\" data-e-type=\"column\">\n\t\t\t<div class=\"elementor-widget-wrap\">\n\t\t\t\t\t\t\t<\/div>\n\t\t<\/div>\n\t\t\t\t\t<\/div>\n\t\t<\/section>\n\t\t\t\t<section class=\"elementor-section elementor-top-section elementor-element elementor-element-9aa67f5 elementor-section-boxed elementor-section-height-default elementor-section-height-default\" data-id=\"9aa67f5\" data-element_type=\"section\" data-e-type=\"section\" data-settings=\"{&quot;background_background&quot;:&quot;classic&quot;,&quot;animation&quot;:&quot;none&quot;,&quot;jet_parallax_layout_list&quot;:[]}\">\n\t\t\t\t\t\t<div class=\"elementor-container elementor-column-gap-default\">\n\t\t\t\t\t<div class=\"elementor-column elementor-col-100 elementor-top-column elementor-element elementor-element-ef6c5ba\" data-id=\"ef6c5ba\" data-element_type=\"column\" data-e-type=\"column\">\n\t\t\t<div class=\"elementor-widget-wrap elementor-element-populated\">\n\t\t\t\t\t\t<div class=\"elementor-element elementor-element-370c6a8 elementor-invisible elementor-widget elementor-widget-heading\" data-id=\"370c6a8\" data-element_type=\"widget\" data-e-type=\"widget\" data-settings=\"{&quot;_animation&quot;:&quot;fadeInUp&quot;}\" data-widget_type=\"heading.default\">\n\t\t\t\t\t<h2 class=\"elementor-heading-title elementor-size-default\">Dia dos Namorados<\/h2>\t\t\t\t<\/div>\n\t\t\t\t<div class=\"elementor-element elementor-element-6d3f3b6 elementor-invisible elementor-widget elementor-widget-heading\" data-id=\"6d3f3b6\" data-element_type=\"widget\" data-e-type=\"widget\" data-settings=\"{&quot;_animation&quot;:&quot;fadeInUp&quot;}\" data-widget_type=\"heading.default\">\n\t\t\t\t\t<h2 class=\"elementor-heading-title elementor-size-default\">SOLID\u00c1RIO<\/h2>\t\t\t\t<\/div>\n\t\t\t\t\t<\/div>\n\t\t<\/div>\n\t\t\t\t\t<\/div>\n\t\t<\/section>\n\t\t\t\t<section class=\"elementor-section elementor-top-section elementor-element elementor-element-7e6f9cb elementor-section-boxed elementor-section-height-default elementor-section-height-default elementor-invisible\" data-id=\"7e6f9cb\" data-element_type=\"section\" data-e-type=\"section\" data-settings=\"{&quot;background_background&quot;:&quot;gradient&quot;,&quot;animation&quot;:&quot;fadeIn&quot;,&quot;jet_parallax_layout_list&quot;:[]}\">\n\t\t\t\t\t\t<div class=\"elementor-container elementor-column-gap-default\">\n\t\t\t\t\t<div class=\"elementor-column elementor-col-25 elementor-top-column elementor-element elementor-element-1ea5185\" data-id=\"1ea5185\" data-element_type=\"column\" data-e-type=\"column\">\n\t\t\t<div class=\"elementor-widget-wrap\">\n\t\t\t\t\t\t\t<\/div>\n\t\t<\/div>\n\t\t\t\t<div class=\"elementor-column elementor-col-50 elementor-top-column elementor-element elementor-element-5362dc6\" data-id=\"5362dc6\" data-element_type=\"column\" data-e-type=\"column\">\n\t\t\t<div class=\"elementor-widget-wrap elementor-element-populated\">\n\t\t\t\t\t\t<div class=\"elementor-element elementor-element-520d0c3 elementor-widget elementor-widget-text-editor\" data-id=\"520d0c3\" data-element_type=\"widget\" data-e-type=\"widget\" data-widget_type=\"text-editor.default\">\n\t\t\t\t\t\t\t\t\t<p>Celebre o amor com um jantar harmonizado no Castelo Saint Andrews.<\/p><p>A hospedagem \u00e9 o nosso presente para voc\u00ea. E sua doa\u00e7\u00e3o ser\u00e1 o amparo para muitas fam\u00edlias.<\/p>\t\t\t\t\t\t\t\t<\/div>\n\t\t\t\t<div class=\"elementor-element elementor-element-c73bc98 elementor-widget elementor-widget-text-editor\" data-id=\"c73bc98\" data-element_type=\"widget\" data-e-type=\"widget\" data-widget_type=\"text-editor.default\">\n\t\t\t\t\t\t\t\t\t<p>Os cora\u00e7\u00f5es batem mais forte no Castelo Saint Andrews. E, neste ano, durante o m\u00eas dos namorados, o clima de romance ganha uma dimens\u00e3o tamb\u00e9m humanit\u00e1ria.<\/p><p>\u00a0<\/p><p>De 8 a 15 de junho, o casal que participar da experi\u00eancia Mo\u00ebt&amp;Chandon ganha uma noite de hospedagem com caf\u00e9 da manh\u00e3. A taxa de servi\u00e7o, que pode ser de 10%, 15% ou 20%, ser\u00e1 integralmente convertida na compra de enxovais para fam\u00edlias desabrigadas com as recentes chuvas no Rio Grande do Sul.<\/p>\t\t\t\t\t\t\t\t<\/div>\n\t\t\t\t<div class=\"elementor-element elementor-element-a9e0477 elementor-widget elementor-widget-text-editor\" data-id=\"a9e0477\" data-element_type=\"widget\" data-e-type=\"widget\" data-widget_type=\"text-editor.default\">\n\t\t\t\t\t\t\t\t\t<div><div><strong>Valentine\u2019s Day<\/strong><\/div><\/div><div><p>O Dia dos Namorados fica mais rom\u00e2ntico e completo, quando acompanhado por um excelente vinho. No Castelo Saint Andrews preparamos uma experi\u00eancia especial para os casais apaixonados. Al\u00e9m do formid\u00e1vel menu preparado com carinho por nosso Chef, a harmoniza\u00e7\u00e3o ser\u00e1 com r\u00f3tulos do mais c\u00e9lebre e requintado dos champagnes \u2013 Mo\u00ebt&amp;Chandon.<\/p><p><strong>Confira o menu especial:<\/strong><\/p><p>P\u00e3o macio com pasta de alho defumado e manteiga de trufas negras.<\/p><p>***<\/p><p>Amuse Bouche do chef com Welcome Drink<\/p><p>***<\/p><p>Haddock Defumado e Bouquet de Folhas da Horta, em molho de salsa<\/p><p>Vinho: Mo\u00ebt &amp; Chandon Brut Imperial<\/p><p>***<\/p><p>Salm\u00e3o, Arroz Selvagem, redu\u00e7\u00e3o de Laranja e Aspargos<\/p><p>Vinho: Mo\u00ebt &amp; Chandon Brut Imperial<\/p><p>***<\/p><p>Camar\u00f5es grelhados com baroa e molho iemanj\u00e1<\/p><p>Vinho: Mo\u00ebt &amp; Chandon Rose Imperial<\/p><p>***<\/p><p>Magret de pato com frutas silvestres, pur\u00ea de batata roxa e redu\u00e7\u00e3o de vinho tinto<\/p><p>Vinho: Mo\u00ebt &amp; Chandon Rose Imperial<\/p><p>***<\/p><p>Mini cake de caf\u00e9 e chocolate com quenelle de vanilla<\/p><p>Vinho: Mo\u00ebt &amp; Chandon Nectar Imperial Demi-Sec<\/p><p><strong>Valor por casal: A partir de R$ 1.700<\/strong><\/p><\/div>\t\t\t\t\t\t\t\t<\/div>\n\t\t\t\t<div class=\"elementor-element elementor-element-26f87e2 elementor-button-info elementor-align-center elementor-mobile-align-center elementor-widget elementor-widget-button\" data-id=\"26f87e2\" data-element_type=\"widget\" data-e-type=\"widget\" data-widget_type=\"button.default\">\n\t\t\t\t\t\t\t\t\t\t<a class=\"elementor-button elementor-button-link elementor-size-md elementor-animation-grow\" href=\"https:\/\/wa.me\/5554999574220\" target=\"_blank\">\n\t\t\t\t\t\t<span class=\"elementor-button-content-wrapper\">\n\t\t\t\t\t\t\t\t\t<span class=\"elementor-button-text\">Fa\u00e7a sua reserva!<\/span>\n\t\t\t\t\t<\/span>\n\t\t\t\t\t<\/a>\n\t\t\t\t\t\t\t\t<\/div>\n\t\t\t\t\t<\/div>\n\t\t<\/div>\n\t\t\t\t<div class=\"elementor-column elementor-col-25 elementor-top-column elementor-element elementor-element-6f13a5c\" data-id=\"6f13a5c\" data-element_type=\"column\" data-e-type=\"column\">\n\t\t\t<div class=\"elementor-widget-wrap\">\n\t\t\t\t\t\t\t<\/div>\n\t\t<\/div>\n\t\t\t\t\t<\/div>\n\t\t<\/section>\n\t\t\t\t<section class=\"elementor-section elementor-top-section elementor-element elementor-element-0e88ecb elementor-section-boxed elementor-section-height-default elementor-section-height-default\" data-id=\"0e88ecb\" data-element_type=\"section\" data-e-type=\"section\" data-settings=\"{&quot;background_background&quot;:&quot;classic&quot;,&quot;animation&quot;:&quot;none&quot;,&quot;jet_parallax_layout_list&quot;:[]}\">\n\t\t\t\t\t\t<div class=\"elementor-container elementor-column-gap-default\">\n\t\t\t\t\t<div class=\"elementor-column elementor-col-25 elementor-top-column elementor-element elementor-element-afe2bb3\" data-id=\"afe2bb3\" data-element_type=\"column\" data-e-type=\"column\">\n\t\t\t<div class=\"elementor-widget-wrap\">\n\t\t\t\t\t\t\t<\/div>\n\t\t<\/div>\n\t\t\t\t<div class=\"elementor-column elementor-col-50 elementor-top-column elementor-element elementor-element-64d6b98\" data-id=\"64d6b98\" data-element_type=\"column\" data-e-type=\"column\">\n\t\t\t<div class=\"elementor-widget-wrap elementor-element-populated\">\n\t\t\t\t\t\t<div class=\"elementor-element elementor-element-c36aae1 elementor-widget__width-inherit elementor-widget elementor-widget-image\" data-id=\"c36aae1\" data-element_type=\"widget\" data-e-type=\"widget\" data-widget_type=\"image.default\">\n\t\t\t\t\t\t\t\t\t\t\t\t\t\t\t<img fetchpriority=\"high\" decoding=\"async\" width=\"768\" height=\"133\" src=\"https:\/\/saintandrews.com.br\/wp-content\/uploads\/2024\/04\/divisor-768x133.png\" class=\"attachment-medium_large size-medium_large wp-image-9473\" alt=\"\" srcset=\"https:\/\/saintandrews.com.br\/wp-content\/uploads\/2024\/04\/divisor-768x133.png 768w, https:\/\/saintandrews.com.br\/wp-content\/uploads\/2024\/04\/divisor-300x52.png 300w, https:\/\/saintandrews.com.br\/wp-content\/uploads\/2024\/04\/divisor-1024x177.png 1024w, https:\/\/saintandrews.com.br\/wp-content\/uploads\/2024\/04\/divisor.png 1070w\" sizes=\"(max-width: 768px) 100vw, 768px\" \/>\t\t\t\t\t\t\t\t\t\t\t\t\t\t\t<\/div>\n\t\t\t\t\t<\/div>\n\t\t<\/div>\n\t\t\t\t<div class=\"elementor-column elementor-col-25 elementor-top-column elementor-element elementor-element-07c17b4\" data-id=\"07c17b4\" data-element_type=\"column\" data-e-type=\"column\">\n\t\t\t<div class=\"elementor-widget-wrap elementor-element-populated\">\n\t\t\t\t\t\t<div class=\"elementor-element elementor-element-73a02f6 elementor-widget elementor-widget-spacer\" data-id=\"73a02f6\" data-element_type=\"widget\" data-e-type=\"widget\" data-widget_type=\"spacer.default\">\n\t\t\t\t\t\t\t<div class=\"elementor-spacer\">\n\t\t\t<div class=\"elementor-spacer-inner\"><\/div>\n\t\t<\/div>\n\t\t\t\t\t\t<\/div>\n\t\t\t\t\t<\/div>\n\t\t<\/div>\n\t\t\t\t\t<\/div>\n\t\t<\/section>\n\t\t\t\t<\/div>\n\t\t","protected":false},"excerpt":{"rendered":"<p>Dia dos Namorados SOLID\u00c1RIO Celebre o amor com um jantar harmonizado no Castelo Saint Andrews. A hospedagem \u00e9 o nosso presente para voc\u00ea. E sua doa\u00e7\u00e3o ser\u00e1 o amparo para muitas fam\u00edlias. Os cora\u00e7\u00f5es batem mais forte no Castelo Saint Andrews. E, neste ano, durante o m\u00eas dos namorados, o clima de romance ganha uma [&hellip;]<\/p>\n","protected":false},"author":2,"featured_media":0,"parent":0,"menu_order":0,"comment_status":"closed","ping_status":"closed","template":"elementor_header_footer","meta":{"_acf_changed":false,"footnotes":""},"class_list":["post-10491","page","type-page","status-publish","hentry"],"acf":[],"yoast_head":"<!-- This site is optimized with the Yoast SEO plugin v27.2 - https:\/\/yoast.com\/product\/yoast-seo-wordpress\/ -->\n<title>Dias dos Namoradores - Castelo Saint Andrews<\/title>\n<meta name=\"robots\" content=\"index, follow, max-snippet:-1, max-image-preview:large, max-video-preview:-1\" \/>\n<link rel=\"canonical\" href=\"https:\/\/saintandrews.com.br\/en\/valentines-day-2\/\" \/>\n<meta property=\"og:locale\" content=\"en_US\" \/>\n<meta property=\"og:type\" content=\"article\" \/>\n<meta property=\"og:title\" content=\"Dias dos Namoradores - Castelo Saint Andrews\" \/>\n<meta property=\"og:description\" content=\"Dia dos Namorados SOLID\u00c1RIO Celebre o amor com um jantar harmonizado no Castelo Saint Andrews. A hospedagem \u00e9 o nosso presente para voc\u00ea. E sua doa\u00e7\u00e3o ser\u00e1 o amparo para muitas fam\u00edlias. Os cora\u00e7\u00f5es batem mais forte no Castelo Saint Andrews. E, neste ano, durante o m\u00eas dos namorados, o clima de romance ganha uma [&hellip;]\" \/>\n<meta property=\"og:url\" content=\"https:\/\/saintandrews.com.br\/en\/valentines-day-2\/\" \/>\n<meta property=\"og:site_name\" content=\"Castelo Saint Andrews\" \/>\n<meta property=\"article:modified_time\" content=\"2026-01-07T20:39:45+00:00\" \/>\n<meta property=\"og:image\" content=\"https:\/\/saintandrews.com.br\/wp-content\/uploads\/2024\/04\/divisor.png\" \/>\n\t<meta property=\"og:image:width\" content=\"1070\" \/>\n\t<meta property=\"og:image:height\" content=\"185\" \/>\n\t<meta property=\"og:image:type\" content=\"image\/png\" \/>\n<meta name=\"twitter:card\" content=\"summary_large_image\" \/>\n<meta name=\"twitter:label1\" content=\"Est. reading time\" \/>\n\t<meta name=\"twitter:data1\" content=\"2 minutes\" \/>\n<script type=\"application\/ld+json\" class=\"yoast-schema-graph\">{\"@context\":\"https:\/\/schema.org\",\"@graph\":[{\"@type\":\"WebPage\",\"@id\":\"https:\/\/saintandrews.com.br\/dias-dos-namoradores\/\",\"url\":\"https:\/\/saintandrews.com.br\/dias-dos-namoradores\/\",\"name\":\"Dias dos Namoradores - Castelo Saint Andrews\",\"isPartOf\":{\"@id\":\"https:\/\/saintandrews.com.br\/#website\"},\"primaryImageOfPage\":{\"@id\":\"https:\/\/saintandrews.com.br\/dias-dos-namoradores\/#primaryimage\"},\"image\":{\"@id\":\"https:\/\/saintandrews.com.br\/dias-dos-namoradores\/#primaryimage\"},\"thumbnailUrl\":\"https:\/\/saintandrews.com.br\/wp-content\/uploads\/2024\/04\/divisor-768x133.png\",\"datePublished\":\"2024-06-04T21:56:48+00:00\",\"dateModified\":\"2026-01-07T20:39:45+00:00\",\"breadcrumb\":{\"@id\":\"https:\/\/saintandrews.com.br\/dias-dos-namoradores\/#breadcrumb\"},\"inLanguage\":\"en-US\",\"potentialAction\":[{\"@type\":\"ReadAction\",\"target\":[\"https:\/\/saintandrews.com.br\/dias-dos-namoradores\/\"]}]},{\"@type\":\"ImageObject\",\"inLanguage\":\"en-US\",\"@id\":\"https:\/\/saintandrews.com.br\/dias-dos-namoradores\/#primaryimage\",\"url\":\"https:\/\/saintandrews.com.br\/wp-content\/uploads\/2024\/04\/divisor-768x133.png\",\"contentUrl\":\"https:\/\/saintandrews.com.br\/wp-content\/uploads\/2024\/04\/divisor-768x133.png\"},{\"@type\":\"BreadcrumbList\",\"@id\":\"https:\/\/saintandrews.com.br\/dias-dos-namoradores\/#breadcrumb\",\"itemListElement\":[{\"@type\":\"ListItem\",\"position\":1,\"name\":\"In\u00edcio\",\"item\":\"https:\/\/saintandrews.com.br\/\"},{\"@type\":\"ListItem\",\"position\":2,\"name\":\"Dias dos Namoradores\"}]},{\"@type\":\"WebSite\",\"@id\":\"https:\/\/saintandrews.com.br\/#website\",\"url\":\"https:\/\/saintandrews.com.br\/\",\"name\":\"Castelo Saint Andrews\",\"description\":\"Seu hotel\u00a0em\u00a0Gramado\",\"publisher\":{\"@id\":\"https:\/\/saintandrews.com.br\/#organization\"},\"potentialAction\":[{\"@type\":\"SearchAction\",\"target\":{\"@type\":\"EntryPoint\",\"urlTemplate\":\"https:\/\/saintandrews.com.br\/?s={search_term_string}\"},\"query-input\":{\"@type\":\"PropertyValueSpecification\",\"valueRequired\":true,\"valueName\":\"search_term_string\"}}],\"inLanguage\":\"en-US\"},{\"@type\":\"Organization\",\"@id\":\"https:\/\/saintandrews.com.br\/#organization\",\"name\":\"Castelo Saint Andrews\",\"url\":\"https:\/\/saintandrews.com.br\/\",\"logo\":{\"@type\":\"ImageObject\",\"inLanguage\":\"en-US\",\"@id\":\"https:\/\/saintandrews.com.br\/#\/schema\/logo\/image\/\",\"url\":\"https:\/\/saintandrews.com.br\/wp-content\/uploads\/2024\/04\/Logo-SaintAndrews-Cabecalho-01-01.svg\",\"contentUrl\":\"https:\/\/saintandrews.com.br\/wp-content\/uploads\/2024\/04\/Logo-SaintAndrews-Cabecalho-01-01.svg\",\"width\":612.8999999999999772626324556767940521240234375,\"height\":167.5,\"caption\":\"Castelo Saint Andrews\"},\"image\":{\"@id\":\"https:\/\/saintandrews.com.br\/#\/schema\/logo\/image\/\"}}]}<\/script>\n<!-- \/ Yoast SEO plugin. -->","yoast_head_json":{"title":"Valentine&#039;s Day - Saint Andrews Castle","robots":{"index":"index","follow":"follow","max-snippet":"max-snippet:-1","max-image-preview":"max-image-preview:large","max-video-preview":"max-video-preview:-1"},"canonical":"https:\/\/saintandrews.com.br\/en\/valentines-day-2\/","og_locale":"en_US","og_type":"article","og_title":"Dias dos Namoradores - Castelo Saint Andrews","og_description":"Dia dos Namorados SOLID\u00c1RIO Celebre o amor com um jantar harmonizado no Castelo Saint Andrews. A hospedagem \u00e9 o nosso presente para voc\u00ea. E sua doa\u00e7\u00e3o ser\u00e1 o amparo para muitas fam\u00edlias. Os cora\u00e7\u00f5es batem mais forte no Castelo Saint Andrews. E, neste ano, durante o m\u00eas dos namorados, o clima de romance ganha uma [&hellip;]","og_url":"https:\/\/saintandrews.com.br\/en\/valentines-day-2\/","og_site_name":"Castelo Saint Andrews","article_modified_time":"2026-01-07T20:39:45+00:00","og_image":[{"width":1070,"height":185,"url":"https:\/\/saintandrews.com.br\/wp-content\/uploads\/2024\/04\/divisor.png","type":"image\/png"}],"twitter_card":"summary_large_image","twitter_misc":{"Est. reading time":"2 minutes"},"schema":{"@context":"https:\/\/schema.org","@graph":[{"@type":"WebPage","@id":"https:\/\/saintandrews.com.br\/dias-dos-namoradores\/","url":"https:\/\/saintandrews.com.br\/dias-dos-namoradores\/","name":"Valentine&#039;s Day - Saint Andrews Castle","isPartOf":{"@id":"https:\/\/saintandrews.com.br\/#website"},"primaryImageOfPage":{"@id":"https:\/\/saintandrews.com.br\/dias-dos-namoradores\/#primaryimage"},"image":{"@id":"https:\/\/saintandrews.com.br\/dias-dos-namoradores\/#primaryimage"},"thumbnailUrl":"https:\/\/saintandrews.com.br\/wp-content\/uploads\/2024\/04\/divisor-768x133.png","datePublished":"2024-06-04T21:56:48+00:00","dateModified":"2026-01-07T20:39:45+00:00","breadcrumb":{"@id":"https:\/\/saintandrews.com.br\/dias-dos-namoradores\/#breadcrumb"},"inLanguage":"en-US","potentialAction":[{"@type":"ReadAction","target":["https:\/\/saintandrews.com.br\/dias-dos-namoradores\/"]}]},{"@type":"ImageObject","inLanguage":"en-US","@id":"https:\/\/saintandrews.com.br\/dias-dos-namoradores\/#primaryimage","url":"https:\/\/saintandrews.com.br\/wp-content\/uploads\/2024\/04\/divisor-768x133.png","contentUrl":"https:\/\/saintandrews.com.br\/wp-content\/uploads\/2024\/04\/divisor-768x133.png"},{"@type":"BreadcrumbList","@id":"https:\/\/saintandrews.com.br\/dias-dos-namoradores\/#breadcrumb","itemListElement":[{"@type":"ListItem","position":1,"name":"In\u00edcio","item":"https:\/\/saintandrews.com.br\/"},{"@type":"ListItem","position":2,"name":"Dias dos Namoradores"}]},{"@type":"WebSite","@id":"https:\/\/saintandrews.com.br\/#website","url":"https:\/\/saintandrews.com.br\/","name":"The Castle Of Saint Andrews University","description":"Your hotel in Gramado","publisher":{"@id":"https:\/\/saintandrews.com.br\/#organization"},"potentialAction":[{"@type":"SearchAction","target":{"@type":"EntryPoint","urlTemplate":"https:\/\/saintandrews.com.br\/?s={search_term_string}"},"query-input":{"@type":"PropertyValueSpecification","valueRequired":true,"valueName":"search_term_string"}}],"inLanguage":"en-US"},{"@type":"Organization","@id":"https:\/\/saintandrews.com.br\/#organization","name":"The Castle Of Saint Andrews University","url":"https:\/\/saintandrews.com.br\/","logo":{"@type":"ImageObject","inLanguage":"en-US","@id":"https:\/\/saintandrews.com.br\/#\/schema\/logo\/image\/","url":"https:\/\/saintandrews.com.br\/wp-content\/uploads\/2024\/04\/Logo-SaintAndrews-Cabecalho-01-01.svg","contentUrl":"https:\/\/saintandrews.com.br\/wp-content\/uploads\/2024\/04\/Logo-SaintAndrews-Cabecalho-01-01.svg","width":612.8999999999999772626324556767940521240234375,"height":167.5,"caption":"Castelo Saint Andrews"},"image":{"@id":"https:\/\/saintandrews.com.br\/#\/schema\/logo\/image\/"}}]}},"publishpress_future_action":{"enabled":false,"date":"2026-05-08 08:24:51","action":"change-status","newStatus":"draft","terms":[],"taxonomy":"","extraData":[]},"publishpress_future_workflow_manual_trigger":{"enabledWorkflows":[]},"_links":{"self":[{"href":"https:\/\/saintandrews.com.br\/en\/wp-json\/wp\/v2\/pages\/10491","targetHints":{"allow":["GET"]}}],"collection":[{"href":"https:\/\/saintandrews.com.br\/en\/wp-json\/wp\/v2\/pages"}],"about":[{"href":"https:\/\/saintandrews.com.br\/en\/wp-json\/wp\/v2\/types\/page"}],"author":[{"embeddable":true,"href":"https:\/\/saintandrews.com.br\/en\/wp-json\/wp\/v2\/users\/2"}],"replies":[{"embeddable":true,"href":"https:\/\/saintandrews.com.br\/en\/wp-json\/wp\/v2\/comments?post=10491"}],"version-history":[{"count":1,"href":"https:\/\/saintandrews.com.br\/en\/wp-json\/wp\/v2\/pages\/10491\/revisions"}],"predecessor-version":[{"id":21077,"href":"https:\/\/saintandrews.com.br\/en\/wp-json\/wp\/v2\/pages\/10491\/revisions\/21077"}],"wp:attachment":[{"href":"https:\/\/saintandrews.com.br\/en\/wp-json\/wp\/v2\/media?parent=10491"}],"curies":[{"name":"wp","href":"https:\/\/api.w.org\/{rel}","templated":true}]}}